{"id":1563,"date":"2023-12-19T10:07:39","date_gmt":"2023-12-19T10:07:39","guid":{"rendered":"https:\/\/apmprint.com\/?post_type=product&#038;p=1563"},"modified":"2023-12-19T10:09:58","modified_gmt":"2023-12-19T10:09:58","slug":"d1400-flat-round-oval-ir-dryer","status":"publish","type":"product","link":"https:\/\/apmprint.com\/tr\/urun\/d1400-flat-round-oval-ir-dryer\/","title":{"rendered":"D1400 D\u00fcz\/Yuvarlak\/Oval IR kurutucu"},"content":{"rendered":"<p><strong>Uygulama:<\/strong><\/p>\n<p>\u0130nce veya k\u00fc\u00e7\u00fck \u00fcr\u00fcnlerin b\u00fcy\u00fck miktarlarda daha uzun s\u00fcre kurutulmas\u0131 i\u00e7in uygundur<\/p>\n<p>&nbsp;<\/p>\n<p><strong>Teknik veriler:<\/strong><\/p>\n<table>\n<tbody>\n<tr>\n<td width=\"283\">S\u0131cakl\u0131k<\/td>\n<td width=\"284\">Oda s\u0131cakl\u0131\u011f\u0131 ~ 200 \u2103<\/td>\n<\/tr>\n<tr>\n<td width=\"283\">Fan motoru g\u00fcc\u00fc<\/td>\n<td width=\"284\">0,75KW\/380V<\/td>\n<\/tr>\n<tr>\n<td width=\"283\">Is\u0131tma t\u00fcp\u00fc g\u00fcc\u00fc<\/td>\n<td width=\"284\">9KW<\/td>\n<\/tr>\n<tr>\n<td width=\"283\">Makine g\u00fcc\u00fc<\/td>\n<td width=\"284\">9.75KW<\/td>\n<\/tr>\n<tr>\n<td width=\"283\">G\u00fc\u00e7 kayna\u011f\u0131<\/td>\n<td width=\"284\">380V\/50HZ<\/td>\n<\/tr>\n<tr>\n<td width=\"283\">\u0130\u00e7 boyut<\/td>\n<td width=\"284\">900*750*1400<\/td>\n<\/tr>\n<\/tbody>\n<\/table>","protected":false},"excerpt":{"rendered":"<p><strong>A\u00e7\u0131klama:<\/strong><\/p>\n<ol>\n<li>S\u0131cakl\u0131k: Otomatik alarm ile oda s\u0131cakl\u0131\u011f\u0131ndan 200 \u2103'ye ayarlanabilir<\/li>\n<li>S\u0131cakl\u0131k tolerans\u0131: +\/- 5 \u2103<\/li>\n<li>Paslanmaz \u00e7elik \u0131s\u0131t\u0131c\u0131 veya iste\u011fe ba\u011fl\u0131 cam lambalar<\/li>\n<li>Otomatik s\u0131cakl\u0131k ayar zamanlay\u0131c\u0131s\u0131<\/li>\n<li>\u00c7ok ama\u00e7l\u0131 kurutma i\u00e7in 15 kat paslanmaz \u00e7elik palet kuruldu<\/li>\n<\/ol>","protected":false},"featured_media":1564,"template":"","meta":{"_acf_changed":false,"_seopress_robots_primary_cat":"none","_seopress_titles_title":"","_seopress_titles_desc":"","_seopress_robots_index":""},"product_brand":[],"product_cat":[45],"product_tag":[71],"class_list":{"0":"post-1563","1":"product","2":"type-product","3":"status-publish","4":"has-post-thumbnail","6":"product_cat-drying-oven","7":"product_tag-accessories","9":"first","10":"instock","11":"shipping-taxable","12":"product-type-simple"},"acf":[],"_links":{"self":[{"href":"https:\/\/apmprint.com\/tr\/wp-json\/wp\/v2\/product\/1563","targetHints":{"allow":["GET"]}}],"collection":[{"href":"https:\/\/apmprint.com\/tr\/wp-json\/wp\/v2\/product"}],"about":[{"href":"https:\/\/apmprint.com\/tr\/wp-json\/wp\/v2\/types\/product"}],"wp:featuredmedia":[{"embeddable":true,"href":"https:\/\/apmprint.com\/tr\/wp-json\/wp\/v2\/media\/1564"}],"wp:attachment":[{"href":"https:\/\/apmprint.com\/tr\/wp-json\/wp\/v2\/media?parent=1563"}],"wp:term":[{"taxonomy":"product_brand","embeddable":true,"href":"https:\/\/apmprint.com\/tr\/wp-json\/wp\/v2\/product_brand?post=1563"},{"taxonomy":"product_cat","embeddable":true,"href":"https:\/\/apmprint.com\/tr\/wp-json\/wp\/v2\/product_cat?post=1563"},{"taxonomy":"product_tag","embeddable":true,"href":"https:\/\/apmprint.com\/tr\/wp-json\/wp\/v2\/product_tag?post=1563"}],"curies":[{"name":"wp","href":"https:\/\/api.w.org\/{rel}","templated":true}]}}