{"id":1565,"date":"2023-12-19T10:10:19","date_gmt":"2023-12-19T10:10:19","guid":{"rendered":"https:\/\/apmprint.com\/?post_type=product&#038;p=1565"},"modified":"2023-12-19T10:30:14","modified_gmt":"2023-12-19T10:30:14","slug":"d8010-d1012-dryer","status":"publish","type":"product","link":"https:\/\/apmprint.com\/tr\/urun\/d8010-d1012-dryer\/","title":{"rendered":"D8010\/D1012 Kurutucu"},"content":{"rendered":"<p><strong>Uygulama:<\/strong><\/p>\n<p>\u0130nce veya k\u00fc\u00e7\u00fck \u00fcr\u00fcnlerin b\u00fcy\u00fck miktarlarda daha uzun s\u00fcre kurutulmas\u0131 i\u00e7in uygundur<\/p>\n<p>&nbsp;<\/p>\n<p><strong>Teknik veriler:<\/strong><\/p>\n<table>\n<tbody>\n<tr>\n<td width=\"36.4200%\">Tech-data<\/td>\n<td width=\"38.0800%\">D8010<\/td>\n<td width=\"25.5000%\">D1012<\/td>\n<\/tr>\n<tr>\n<td width=\"36.4200%\">\u0130\u00e7 boyut (geni\u015flik*y\u00fckseklik)<\/td>\n<td width=\"38.0800%\">1000\u00d7800mm<\/td>\n<td width=\"25.5000%\">1000*1200mm<\/td>\n<\/tr>\n<tr>\n<td width=\"36.4200%\">G\u00fc\u00e7 (KW)<\/td>\n<td width=\"38.0800%\">3KW<\/td>\n<td width=\"25.5000%\">3KW<\/td>\n<\/tr>\n<tr>\n<td width=\"36.4200%\">S\u0131cakl\u0131k aral\u0131\u011f\u0131<\/td>\n<td width=\"38.0800%\">Oda s\u0131cakl\u0131\u011f\u0131 -70 \u2103<\/td>\n<td width=\"25.5000%\">Oda s\u0131cakl\u0131\u011f\u0131 -70 \u2103<\/td>\n<\/tr>\n<tr>\n<td width=\"36.4200%\">G\u00fc\u00e7 kayna\u011f\u0131<\/td>\n<td width=\"38.0800%\">220\/380V 50\/60HZ<\/td>\n<td width=\"25.5000%\">220\/380V 50\/60HZ<\/td>\n<\/tr>\n<\/tbody>\n<\/table>","protected":false},"excerpt":{"rendered":"<p><strong>A\u00e7\u0131klama:<\/strong><\/p>\n<ol>\n<li>\u00c7ekmece yap\u0131s\u0131, her katman ba\u011f\u0131ms\u0131z olarak \u00e7al\u0131\u015ft\u0131r\u0131labilir;<br \/>\nA\u011f, e\u015fit \u0131s\u0131 ile yatay y\u00f6nde kurutulmu\u015ftur.<br \/>\n2. S\u0131cakl\u0131k kontrol\u00f6r\u00fc ve sabit s\u0131cakl\u0131k cihaz\u0131 tak\u0131l\u0131, m\u00fc\u015fteri farkl\u0131 \u00f6rg\u00fc yap\u0131m a\u015famas\u0131na g\u00f6re uygun s\u0131cakl\u0131\u011f\u0131 se\u00e7ebilir.<br \/>\n3. Tozu \u00f6nlemek i\u00e7in hava egzoz fan\u0131 tak\u0131lm\u0131\u015ft\u0131r. A\u011f kirlenmeyecektir<\/li>\n<\/ol>\n<p>em\u00fclsiyon kuru olmad\u0131\u011f\u0131nda.<\/p>","protected":false},"featured_media":1579,"template":"","meta":{"_acf_changed":false,"_seopress_robots_primary_cat":"none","_seopress_titles_title":"","_seopress_titles_desc":"","_seopress_robots_index":""},"product_brand":[],"product_cat":[45],"product_tag":[71],"class_list":{"0":"post-1565","1":"product","2":"type-product","3":"status-publish","4":"has-post-thumbnail","6":"product_cat-drying-oven","7":"product_tag-accessories","9":"first","10":"instock","11":"shipping-taxable","12":"product-type-simple"},"acf":[],"_links":{"self":[{"href":"https:\/\/apmprint.com\/tr\/wp-json\/wp\/v2\/product\/1565","targetHints":{"allow":["GET"]}}],"collection":[{"href":"https:\/\/apmprint.com\/tr\/wp-json\/wp\/v2\/product"}],"about":[{"href":"https:\/\/apmprint.com\/tr\/wp-json\/wp\/v2\/types\/product"}],"wp:featuredmedia":[{"embeddable":true,"href":"https:\/\/apmprint.com\/tr\/wp-json\/wp\/v2\/media\/1579"}],"wp:attachment":[{"href":"https:\/\/apmprint.com\/tr\/wp-json\/wp\/v2\/media?parent=1565"}],"wp:term":[{"taxonomy":"product_brand","embeddable":true,"href":"https:\/\/apmprint.com\/tr\/wp-json\/wp\/v2\/product_brand?post=1565"},{"taxonomy":"product_cat","embeddable":true,"href":"https:\/\/apmprint.com\/tr\/wp-json\/wp\/v2\/product_cat?post=1565"},{"taxonomy":"product_tag","embeddable":true,"href":"https:\/\/apmprint.com\/tr\/wp-json\/wp\/v2\/product_tag?post=1565"}],"curies":[{"name":"wp","href":"https:\/\/api.w.org\/{rel}","templated":true}]}}