{"id":1567,"date":"2023-12-19T10:13:03","date_gmt":"2023-12-19T10:13:03","guid":{"rendered":"https:\/\/apmprint.com\/?post_type=product&#038;p=1567"},"modified":"2023-12-19T10:17:36","modified_gmt":"2023-12-19T10:17:36","slug":"dryer-d1500-d2000-d2500","status":"publish","type":"product","link":"https:\/\/apmprint.com\/tr\/urun\/dryer-d1500-d2000-d2500\/","title":{"rendered":"Kurutucu D1500\/ D2000\/D2500"},"content":{"rendered":"<p><strong>Uygulama:<\/strong><\/p>\n<p>Plastik \u015fi\u015fe veya cam \u015fi\u015felerin kurutulmas\u0131<\/p>\n<p>&nbsp;<\/p>\n<p><strong>Teknik veriler:<\/strong><\/p>\n<table>\n<tbody>\n<tr>\n<td width=\"24.1800%\">Tech-data<\/td>\n<td width=\"25.2800%\">D1500<\/td>\n<td width=\"26.6600%\">D2000<\/td>\n<td width=\"23.8800%\">D2500<\/td>\n<\/tr>\n<tr>\n<td width=\"24.1800%\">Fiyat<\/td>\n<td width=\"25.2800%\">USD4500<\/td>\n<td width=\"26.6600%\">USD5500<\/td>\n<td width=\"23.8800%\">USD6500<\/td>\n<\/tr>\n<tr>\n<td width=\"24.1800%\">Kurutma uzunlu\u011fu<\/td>\n<td width=\"25.2800%\">1.5m<\/td>\n<td width=\"26.6600%\">2m<\/td>\n<td width=\"23.8800%\">2.5m<\/td>\n<\/tr>\n<tr>\n<td width=\"24.1800%\">Bant geni\u015fli\u011fi<\/td>\n<td width=\"25.2800%\">0.4m<\/td>\n<td width=\"26.6600%\">0.4m<\/td>\n<td width=\"23.8800%\">0.4m<\/td>\n<\/tr>\n<tr>\n<td width=\"24.1800%\">Kurutma y\u00fcksekli\u011fi<\/td>\n<td width=\"25.2800%\">10-20cm<\/td>\n<td width=\"26.6600%\">10~20cm<\/td>\n<td width=\"23.8800%\">10~20cm<\/td>\n<\/tr>\n<tr>\n<td width=\"24.1800%\">Giri\u015f uzunlu\u011fu<\/td>\n<td width=\"25.2800%\">0.5m<\/td>\n<td width=\"26.6600%\">0.5m<\/td>\n<td width=\"23.8800%\">0.5m<\/td>\n<\/tr>\n<tr>\n<td width=\"24.1800%\">\u00c7\u0131k\u0131\u015f uzunlu\u011fu<\/td>\n<td width=\"25.2800%\">0.5m<\/td>\n<td width=\"26.6600%\">0.5m<\/td>\n<td width=\"23.8800%\">0.5m<\/td>\n<\/tr>\n<tr>\n<td width=\"24.1800%\">Makine boyutu<\/td>\n<td width=\"25.2800%\">2.5*0.6*1.4m<\/td>\n<td width=\"26.6600%\">3*0.6*1.5m<\/td>\n<td width=\"23.8800%\">3.5*0.6*1.5m<\/td>\n<\/tr>\n<tr>\n<td width=\"24.1800%\">S\u0131cakl\u0131k<\/td>\n<td width=\"25.2800%\">0~180\u00b0C ayarlanabilir<\/td>\n<td width=\"26.6600%\">0~200\u00b0C ayarlanabilir<\/td>\n<td width=\"23.8800%\">0~200\u00b0C ayarlanabilir<\/td>\n<\/tr>\n<tr>\n<td width=\"24.1800%\">H\u0131z<\/td>\n<td width=\"25.2800%\">0.1-1m\/dak ayarlanabilir<\/td>\n<td width=\"26.6600%\">0.1-1m\/dak ayarlanabilir<\/td>\n<td width=\"23.8800%\">0.1-1m\/dak ayarlanabilir<\/td>\n<\/tr>\n<tr>\n<td width=\"24.1800%\">G\u00fc\u00e7<\/td>\n<td width=\"25.2800%\">12 KW, 380V<\/td>\n<td width=\"26.6600%\">16KW, 380V<\/td>\n<td width=\"23.8800%\">18KW, 380V<\/td>\n<\/tr>\n<\/tbody>\n<\/table>","protected":false},"excerpt":{"rendered":"<p><strong>A\u00e7\u0131klama:<\/strong><\/p>\n<ol>\n<li>Y\u00fcksek verimli IR lambal\u0131 \u0131s\u0131tma sistemi.<\/li>\n<li>T\u00fcnel i\u00e7inde hava d\u00f6ng\u00fcs\u00fc.<\/li>\n<li>Giri\u015fin \u00e7al\u0131\u015fma y\u00fcksekli\u011fi ayarlanabilir<\/li>\n<li>Etraftaki havay\u0131 so\u011futmak i\u00e7in hava tahliye sistemi<\/li>\n<\/ol>","protected":false},"featured_media":1569,"template":"","meta":{"_acf_changed":false,"_seopress_robots_primary_cat":"none","_seopress_titles_title":"","_seopress_titles_desc":"","_seopress_robots_index":""},"product_brand":[],"product_cat":[45],"product_tag":[71],"class_list":{"0":"post-1567","1":"product","2":"type-product","3":"status-publish","4":"has-post-thumbnail","6":"product_cat-drying-oven","7":"product_tag-accessories","9":"first","10":"instock","11":"shipping-taxable","12":"product-type-simple"},"acf":[],"_links":{"self":[{"href":"https:\/\/apmprint.com\/tr\/wp-json\/wp\/v2\/product\/1567","targetHints":{"allow":["GET"]}}],"collection":[{"href":"https:\/\/apmprint.com\/tr\/wp-json\/wp\/v2\/product"}],"about":[{"href":"https:\/\/apmprint.com\/tr\/wp-json\/wp\/v2\/types\/product"}],"wp:featuredmedia":[{"embeddable":true,"href":"https:\/\/apmprint.com\/tr\/wp-json\/wp\/v2\/media\/1569"}],"wp:attachment":[{"href":"https:\/\/apmprint.com\/tr\/wp-json\/wp\/v2\/media?parent=1567"}],"wp:term":[{"taxonomy":"product_brand","embeddable":true,"href":"https:\/\/apmprint.com\/tr\/wp-json\/wp\/v2\/product_brand?post=1567"},{"taxonomy":"product_cat","embeddable":true,"href":"https:\/\/apmprint.com\/tr\/wp-json\/wp\/v2\/product_cat?post=1567"},{"taxonomy":"product_tag","embeddable":true,"href":"https:\/\/apmprint.com\/tr\/wp-json\/wp\/v2\/product_tag?post=1567"}],"curies":[{"name":"wp","href":"https:\/\/api.w.org\/{rel}","templated":true}]}}