{"id":1570,"date":"2023-12-19T10:19:18","date_gmt":"2023-12-19T10:19:18","guid":{"rendered":"https:\/\/apmprint.com\/?post_type=product&#038;p=1570"},"modified":"2023-12-19T10:29:06","modified_gmt":"2023-12-19T10:29:06","slug":"ir-dryer-ds1000-dryer","status":"publish","type":"product","link":"https:\/\/apmprint.com\/tr\/urun\/ir-dryer-ds1000-dryer\/","title":{"rendered":"IR Kurutucu DS1000 kurutucu"},"content":{"rendered":"<p><strong>Uygulama:<\/strong><\/p>\n<p>End\u00fcstriyel m\u00fc\u015fteriler i\u00e7in daha y\u00fcksek gereksinimli kurutma i\u00e7in uygundur<\/p>\n<p>&nbsp;<\/p>\n<p><strong>Teknik veriler:<\/strong><\/p>\n<table>\n<tbody>\n<tr>\n<td width=\"48.9000%\">Tech-data<\/td>\n<td width=\"51.1000%\">DS1000 IR Kurutucu<\/td>\n<\/tr>\n<tr>\n<td width=\"48.9000%\">Kurutma uzunlu\u011fu<\/td>\n<td width=\"51.1000%\">1.5m<\/td>\n<\/tr>\n<tr>\n<td width=\"48.9000%\">Bant geni\u015fli\u011fi<\/td>\n<td width=\"51.1000%\">1m<\/td>\n<\/tr>\n<tr>\n<td width=\"48.9000%\">Kurutma y\u00fcksekli\u011fi<\/td>\n<td width=\"51.1000%\">10-30cm<\/td>\n<\/tr>\n<tr>\n<td width=\"48.9000%\">S\u0131cakl\u0131k<\/td>\n<td width=\"51.1000%\">0~230\u00b0C ayarlanabilir<\/td>\n<\/tr>\n<tr>\n<td width=\"48.9000%\">H\u0131z<\/td>\n<td width=\"51.1000%\">10~100cm\/dk ayarlanabilir<\/td>\n<\/tr>\n<tr>\n<td width=\"48.9000%\">G\u00fc\u00e7<\/td>\n<td width=\"51.1000%\">8 KW, 380V<\/td>\n<\/tr>\n<\/tbody>\n<\/table>","protected":false},"excerpt":{"rendered":"<p><strong>A\u00e7\u0131klama:<\/strong><\/p>\n<ol>\n<li>Y\u00fcksek verimli cam IR lambalar\u0131 \u0131s\u0131tma sistemi.<\/li>\n<li>T\u00fcnel i\u00e7inde hava d\u00f6ng\u00fcs\u00fc.<\/li>\n<li>Paslanmaz \u00e7elik g\u00f6vde ve yan takviyeli kay\u0131\u015f.<\/li>\n<li>Giri\u015fin \u00e7al\u0131\u015fma y\u00fcksekli\u011fi ayarlanabilir<\/li>\n<li>Etraftaki havay\u0131 so\u011futmak i\u00e7in hava tahliye sistemi<\/li>\n<\/ol>","protected":false},"featured_media":1578,"template":"","meta":{"_acf_changed":false,"_seopress_robots_primary_cat":"none","_seopress_titles_title":"","_seopress_titles_desc":"","_seopress_robots_index":""},"product_brand":[],"product_cat":[45],"product_tag":[71],"class_list":{"0":"post-1570","1":"product","2":"type-product","3":"status-publish","4":"has-post-thumbnail","6":"product_cat-drying-oven","7":"product_tag-accessories","9":"first","10":"instock","11":"shipping-taxable","12":"product-type-simple"},"acf":[],"_links":{"self":[{"href":"https:\/\/apmprint.com\/tr\/wp-json\/wp\/v2\/product\/1570","targetHints":{"allow":["GET"]}}],"collection":[{"href":"https:\/\/apmprint.com\/tr\/wp-json\/wp\/v2\/product"}],"about":[{"href":"https:\/\/apmprint.com\/tr\/wp-json\/wp\/v2\/types\/product"}],"wp:featuredmedia":[{"embeddable":true,"href":"https:\/\/apmprint.com\/tr\/wp-json\/wp\/v2\/media\/1578"}],"wp:attachment":[{"href":"https:\/\/apmprint.com\/tr\/wp-json\/wp\/v2\/media?parent=1570"}],"wp:term":[{"taxonomy":"product_brand","embeddable":true,"href":"https:\/\/apmprint.com\/tr\/wp-json\/wp\/v2\/product_brand?post=1570"},{"taxonomy":"product_cat","embeddable":true,"href":"https:\/\/apmprint.com\/tr\/wp-json\/wp\/v2\/product_cat?post=1570"},{"taxonomy":"product_tag","embeddable":true,"href":"https:\/\/apmprint.com\/tr\/wp-json\/wp\/v2\/product_tag?post=1570"}],"curies":[{"name":"wp","href":"https:\/\/api.w.org\/{rel}","templated":true}]}}