{"id":1572,"date":"2023-12-19T10:23:30","date_gmt":"2023-12-19T10:23:30","guid":{"rendered":"https:\/\/apmprint.com\/?post_type=product&#038;p=1572"},"modified":"2023-12-19T10:28:07","modified_gmt":"2023-12-19T10:28:07","slug":"e345d-exposing-unit","status":"publish","type":"product","link":"https:\/\/apmprint.com\/tr\/urun\/e345d-exposing-unit\/","title":{"rendered":"E345D Pozlama \u00dcnitesi"},"content":{"rendered":"<p><strong>A\u00e7\u0131klama:<\/strong><\/p>\n<ol>\n<li>G\u00fc\u00e7l\u00fc vakum ile kurulur. Vakum bas\u0131nc\u0131 g\u00f6r\u00fclebilir.<\/li>\n<li>An\u0131nda vakum. Vakum 2 saniye i\u00e7inde tamamlan\u0131r<\/li>\n<li>Almanya'dan y\u00fcksek kaliteli Philips lamba veya lamba, e\u015fit ve hassas<\/li>\n<\/ol>\n<p>sonucu a\u00e7\u0131\u011fa \u00e7\u0131karma<\/p>\n<ol start=\"4\">\n<li>Kolay zamanlay\u0131c\u0131 ayar\u0131 ve kolay kullan\u0131m<\/li>\n<li>M\u00fc\u015fteri ihtiyac\u0131na g\u00f6re \u00f6zel boyut mevcuttur<\/li>\n<li>Fotopolimer plaka, \u00e7elik plaka yap\u0131m\u0131nda kullan\u0131l\u0131r.<\/li>\n<\/ol>\n<p>&nbsp;<\/p>\n<p><strong>Teknik veriler:<\/strong><\/p>\n<table>\n<tbody>\n<tr>\n<td width=\"48.9000%\">Parametre<\/td>\n<td width=\"51.1000%\">E345D<\/td>\n<\/tr>\n<tr>\n<td width=\"48.9000%\">Maks. Pozlama Alan\u0131<\/td>\n<td width=\"51.1000%\">400mm*250mm<\/td>\n<\/tr>\n<tr>\n<td width=\"48.9000%\">G\u00fc\u00e7 kayna\u011f\u0131<\/td>\n<td width=\"51.1000%\">220V\/110V<\/td>\n<\/tr>\n<tr>\n<td width=\"48.9000%\">Lamba g\u00fcc\u00fc<\/td>\n<td width=\"51.1000%\">36W*6 adet<\/td>\n<\/tr>\n<tr>\n<td width=\"48.9000%\">Pozlama s\u00fcresi<\/td>\n<td width=\"51.1000%\">10-50 saniye<\/td>\n<\/tr>\n<tr>\n<td width=\"48.9000%\">Ambalaj Boyutu<\/td>\n<td width=\"51.1000%\">540*390*420mm (l*w*h).<\/td>\n<\/tr>\n<\/tbody>\n<\/table>\n<p>&nbsp;<\/p>","protected":false},"excerpt":{"rendered":"<p>Description: Installed with powerful vacuum. Vacuum pressure visible. Instant vacuum. Vacuum finished in 2 seconds High quality Philips lamp or lamp from Germany, equal and precise exposing result Easy timer setting and easy operation Special size available according to customer requirement Used\u00a0for\u00a0making\u00a0photopolymer\u00a0plate,\u00a0steel\u00a0plate. &nbsp; Tech-data: Parameter E345D Max.\u00a0Exposing\u00a0Area 400mm*250mm Power\u00a0supply 220V\/110V Lamp\u00a0power 36W*6pcs Exposing\u00a0time 10-50\u00a0seconds Packing\u00a0Size [&hellip;]<\/p>","protected":false},"featured_media":1576,"template":"","meta":{"_acf_changed":false,"_seopress_robots_primary_cat":"none","_seopress_titles_title":"","_seopress_titles_desc":"","_seopress_robots_index":""},"product_brand":[],"product_cat":[46],"product_tag":[71],"class_list":{"0":"post-1572","1":"product","2":"type-product","3":"status-publish","4":"has-post-thumbnail","6":"product_cat-exposing-machine","7":"product_tag-accessories","9":"first","10":"instock","11":"shipping-taxable","12":"product-type-simple"},"acf":[],"_links":{"self":[{"href":"https:\/\/apmprint.com\/tr\/wp-json\/wp\/v2\/product\/1572","targetHints":{"allow":["GET"]}}],"collection":[{"href":"https:\/\/apmprint.com\/tr\/wp-json\/wp\/v2\/product"}],"about":[{"href":"https:\/\/apmprint.com\/tr\/wp-json\/wp\/v2\/types\/product"}],"wp:featuredmedia":[{"embeddable":true,"href":"https:\/\/apmprint.com\/tr\/wp-json\/wp\/v2\/media\/1576"}],"wp:attachment":[{"href":"https:\/\/apmprint.com\/tr\/wp-json\/wp\/v2\/media?parent=1572"}],"wp:term":[{"taxonomy":"product_brand","embeddable":true,"href":"https:\/\/apmprint.com\/tr\/wp-json\/wp\/v2\/product_brand?post=1572"},{"taxonomy":"product_cat","embeddable":true,"href":"https:\/\/apmprint.com\/tr\/wp-json\/wp\/v2\/product_cat?post=1572"},{"taxonomy":"product_tag","embeddable":true,"href":"https:\/\/apmprint.com\/tr\/wp-json\/wp\/v2\/product_tag?post=1572"}],"curies":[{"name":"wp","href":"https:\/\/api.w.org\/{rel}","templated":true}]}}