{"id":1592,"date":"2023-12-20T02:25:05","date_gmt":"2023-12-20T02:25:05","guid":{"rendered":"https:\/\/apmprint.com\/?post_type=product&#038;p=1592"},"modified":"2023-12-20T03:17:37","modified_gmt":"2023-12-20T03:17:37","slug":"t1215-t1618-mesh-stretching-machine","status":"publish","type":"product","link":"https:\/\/apmprint.com\/tr\/urun\/t1215-t1618-mesh-stretching-machine\/","title":{"rendered":"T1215\/T1618 \u00d6rg\u00fc germe makinesi"},"content":{"rendered":"<p><strong>Teknik veriler:<\/strong><\/p>\n<table>\n<tbody>\n<tr>\n<td width=\"44.7800%\">Tech-data<\/td>\n<td width=\"27.6000%\">T1215<\/td>\n<td width=\"27.6000%\">T1618<\/td>\n<\/tr>\n<tr>\n<td width=\"44.7800%\">Maks. a\u011f sedye boyutu<\/td>\n<td width=\"27.6000%\">1200*1500mm<\/td>\n<td width=\"27.6000%\">1600*1800mm<\/td>\n<\/tr>\n<tr>\n<td width=\"44.7800%\">Min. a\u011f sedye boyutu<\/td>\n<td width=\"27.6000%\">500*500mm<\/td>\n<td width=\"27.6000%\">600*700mm<\/td>\n<\/tr>\n<tr>\n<td width=\"44.7800%\">En y\u00fcksek gerilim<\/td>\n<td width=\"27.6000%\">25N<\/td>\n<td width=\"27.6000%\">25N<\/td>\n<\/tr>\n<\/tbody>\n<\/table>\n<p>&nbsp;<\/p>","protected":false},"excerpt":{"rendered":"<p><strong>A\u00e7\u0131klama:<\/strong><\/p>\n<ol>\n<li>Sedye kelep\u00e7esi ve \u00e7er\u00e7evesi \u00f6zel al\u00fcminyum ala\u015f\u0131mdan yap\u0131lm\u0131\u015ft\u0131r.<\/li>\n<\/ol>\n<p>makinenin stabil olmas\u0131n\u0131 sa\u011flar.<br \/>\n2. Kendinden kilitli sedye kelep\u00e7esi yap\u0131s\u0131, a\u011f kaymayacak ve gev\u015femeyecektir<\/p>\n<p>y\u00fcksek gerilimli.<br \/>\n3. Sa\u011flam sedye \u00e7er\u00e7evesi, a\u011f paralel hareket ettirildi\u011finde<\/p>\n<p>bozulma.<br \/>\n4. Kafes \u00e7er\u00e7eve pn\u00f6matik silindir ile kald\u0131r\u0131l\u0131r, kolay kullan\u0131m.<\/p>","protected":false},"featured_media":1593,"template":"","meta":{"_acf_changed":false,"_seopress_robots_primary_cat":"none","_seopress_titles_title":"","_seopress_titles_desc":"","_seopress_robots_index":""},"product_brand":[],"product_cat":[47],"product_tag":[71],"class_list":{"0":"post-1592","1":"product","2":"type-product","3":"status-publish","4":"has-post-thumbnail","6":"product_cat-mesh-streching-machine","7":"product_tag-accessories","9":"first","10":"instock","11":"shipping-taxable","12":"product-type-simple"},"acf":[],"_links":{"self":[{"href":"https:\/\/apmprint.com\/tr\/wp-json\/wp\/v2\/product\/1592","targetHints":{"allow":["GET"]}}],"collection":[{"href":"https:\/\/apmprint.com\/tr\/wp-json\/wp\/v2\/product"}],"about":[{"href":"https:\/\/apmprint.com\/tr\/wp-json\/wp\/v2\/types\/product"}],"wp:featuredmedia":[{"embeddable":true,"href":"https:\/\/apmprint.com\/tr\/wp-json\/wp\/v2\/media\/1593"}],"wp:attachment":[{"href":"https:\/\/apmprint.com\/tr\/wp-json\/wp\/v2\/media?parent=1592"}],"wp:term":[{"taxonomy":"product_brand","embeddable":true,"href":"https:\/\/apmprint.com\/tr\/wp-json\/wp\/v2\/product_brand?post=1592"},{"taxonomy":"product_cat","embeddable":true,"href":"https:\/\/apmprint.com\/tr\/wp-json\/wp\/v2\/product_cat?post=1592"},{"taxonomy":"product_tag","embeddable":true,"href":"https:\/\/apmprint.com\/tr\/wp-json\/wp\/v2\/product_tag?post=1592"}],"curies":[{"name":"wp","href":"https:\/\/api.w.org\/{rel}","templated":true}]}}