{"id":1617,"date":"2023-12-20T06:10:57","date_gmt":"2023-12-20T06:10:57","guid":{"rendered":"https:\/\/apmprint.com\/?post_type=product&#038;p=1617"},"modified":"2023-12-20T06:17:29","modified_gmt":"2023-12-20T06:17:29","slug":"e8010-e1013-exposing-unit-%e5%a4%8d%e5%88%b6","status":"publish","type":"product","link":"https:\/\/apmprint.com\/tr\/urun\/e8010-e1013-exposing-unit-%e5%a4%8d%e5%88%b6\/","title":{"rendered":"WED6045S Polimer plaka i\u00e7in 3'\u00fc 1 arada pozlama \u00fcnitesi"},"content":{"rendered":"<p><strong>A\u00e7\u0131klama:<\/strong><\/p>\n<ol>\n<li>Pozlama, y\u0131kama, kurutma hepsi 1 \u00fcnitede<\/li>\n<li>\u00d6zel yumu\u015fak f\u0131r\u00e7a ile otomatik y\u0131kama<\/li>\n<li>Otomatik kurutma<\/li>\n<li>Kolay ayar, kolay kullan\u0131m<\/li>\n<li>Y\u0131kama kimyasal\u0131 veya su geri d\u00f6n\u00fc\u015f\u00fcm sistemi ile kurulur<\/li>\n<li>Sabit spektrumlu ve dengeli bask\u0131-a\u015fa\u011f\u0131 efektli ithal Philips \u0131\u015f\u0131k kayna\u011f\u0131.<\/li>\n<li>Japonya Mitsubishi film<\/li>\n<li>Orta sertlikte \u00f6zenle se\u00e7ilmi\u015f f\u0131r\u00e7a.<\/li>\n<li>220 V g\u00fc\u00e7 kayna\u011f\u0131, daha az g\u00fc\u00e7 t\u00fcketimi, \u00e7ekici ve pratik tasar\u0131m, tamamen paslanmaz \u00e7elik yap\u0131, dayan\u0131kl\u0131 ve paslanmaz.<\/li>\n<li>Metal tabanl\u0131 fotopolimer plaka yap\u0131m\u0131 i\u00e7in kullan\u0131labilir. (Manyetik)<\/li>\n<\/ol>\n<p>&nbsp;<\/p>\n<p>Maruz kalma<strong> paslanmaz g\u00f6vde \u00fcnitesi - su ve alkolle y\u0131kamaya uygun polimer<\/strong><\/p>\n<table>\n<tbody>\n<tr>\n<td width=\"17.0600%\"><strong>\u00a0\u00a0\u00d6\u011fe<\/strong><\/td>\n<td width=\"26.0400%\"><strong>Pozlama alan\u0131 (mm)<\/strong><strong><b>\u00a0<\/b><\/strong><\/td>\n<td width=\"27.4000%\"><strong>\u00d6l\u00e7\u00fcm (mm) <\/strong><\/td>\n<td width=\"13.4600%\"><strong>Lambalar<\/strong><\/td>\n<td width=\"16.0400%\"><strong>Toplam \u00e7\u0131kt\u0131<\/strong><\/td>\n<\/tr>\n<tr>\n<td width=\"17.0600%\">WED6045S<\/td>\n<td width=\"26.0400%\">\u00a0\u00a0\u00a0600\u00d7450<\/td>\n<td width=\"27.4000%\">810\u00d7730\u00d7990<\/td>\n<td width=\"13.4600%\">9x40w<\/td>\n<td width=\"16.0400%\">3.2kw<\/td>\n<\/tr>\n<\/tbody>\n<\/table>\n<p>&nbsp;<\/p>\n<p>&nbsp;<\/p>\n<p><img loading=\"lazy\" decoding=\"async\" class=\"size-full wp-image-1619\" src=\"http:\/\/apmprint.com\/wp-content\/uploads\/2023\/12\/x.jpg\" alt=\"e8010\/e1013 exposing unit (\u590d\u5236)\" width=\"800\" height=\"183\" srcset=\"https:\/\/apmprint.com\/wp-content\/uploads\/2023\/12\/x.jpg 800w, https:\/\/apmprint.com\/wp-content\/uploads\/2023\/12\/x-300x69.jpg 300w, https:\/\/apmprint.com\/wp-content\/uploads\/2023\/12\/x-768x176.jpg 768w, https:\/\/apmprint.com\/wp-content\/uploads\/2023\/12\/x-18x4.jpg 18w, https:\/\/apmprint.com\/wp-content\/uploads\/2023\/12\/x-600x137.jpg 600w\" sizes=\"auto, (max-width: 800px) 100vw, 800px\" \/><\/p>","protected":false},"excerpt":{"rendered":"<p>Description: Exposing, washing, drying all in 1 unit Auto washing with special soft brush Auto drying Easy setting, easy operation Installed with washing chemical or water recycle system Imported Philips light source with stable spectrum and balanced printing-down effect. Japan Mitsubishi film Carefully selected brush with moderate hardness. 220 V power supply, less power consumption, [&hellip;]<\/p>","protected":false},"featured_media":1618,"template":"","meta":{"_acf_changed":false,"_seopress_robots_primary_cat":"none","_seopress_titles_title":"","_seopress_titles_desc":"","_seopress_robots_index":""},"product_brand":[],"product_cat":[46],"product_tag":[71],"class_list":{"0":"post-1617","1":"product","2":"type-product","3":"status-publish","4":"has-post-thumbnail","6":"product_cat-exposing-machine","7":"product_tag-accessories","9":"first","10":"instock","11":"shipping-taxable","12":"product-type-simple"},"acf":[],"_links":{"self":[{"href":"https:\/\/apmprint.com\/tr\/wp-json\/wp\/v2\/product\/1617","targetHints":{"allow":["GET"]}}],"collection":[{"href":"https:\/\/apmprint.com\/tr\/wp-json\/wp\/v2\/product"}],"about":[{"href":"https:\/\/apmprint.com\/tr\/wp-json\/wp\/v2\/types\/product"}],"wp:featuredmedia":[{"embeddable":true,"href":"https:\/\/apmprint.com\/tr\/wp-json\/wp\/v2\/media\/1618"}],"wp:attachment":[{"href":"https:\/\/apmprint.com\/tr\/wp-json\/wp\/v2\/media?parent=1617"}],"wp:term":[{"taxonomy":"product_brand","embeddable":true,"href":"https:\/\/apmprint.com\/tr\/wp-json\/wp\/v2\/product_brand?post=1617"},{"taxonomy":"product_cat","embeddable":true,"href":"https:\/\/apmprint.com\/tr\/wp-json\/wp\/v2\/product_cat?post=1617"},{"taxonomy":"product_tag","embeddable":true,"href":"https:\/\/apmprint.com\/tr\/wp-json\/wp\/v2\/product_tag?post=1617"}],"curies":[{"name":"wp","href":"https:\/\/api.w.org\/{rel}","templated":true}]}}