{"id":1621,"date":"2023-12-20T06:23:27","date_gmt":"2023-12-20T06:23:27","guid":{"rendered":"https:\/\/apmprint.com\/?post_type=product&#038;p=1621"},"modified":"2023-12-20T06:42:03","modified_gmt":"2023-12-20T06:42:03","slug":"apm-cnc102hr-all-servo-driven-hot-stamping-machine","status":"publish","type":"product","link":"https:\/\/apmprint.com\/tr\/urun\/apm-cnc102hr-all-servo-driven-hot-stamping-machine\/","title":{"rendered":"APM-CNC102HR Tamam\u0131 Servo Tahrikli S\u0131cak Bask\u0131 Makinesi"},"content":{"rendered":"<p><strong>Uygulama :<\/strong><\/p>\n<p>T\u00fcm cam \u015fi\u015fe, bardak, kupa \u015fekilleri. Her t\u00fcrl\u00fc kap \u015feklini 1 bask\u0131da damgalayabilir.<\/p>\n<p>&nbsp;<\/p>\n<p><strong>\u0130ste\u011fe ba\u011fl\u0131: <\/strong><\/p>\n<p>Kamera g\u00f6r\u00fc\u015f sistemi, kay\u0131t noktas\u0131 olmayan silindirik \u00fcr\u00fcnler i\u00e7in. \u00c7ok renkli bask\u0131 tekrar\u0131.<\/p>\n<p><strong>\u00a0<\/strong><\/p>\n<p><strong>Tech-data<\/strong><\/p>\n<table>\n<tbody>\n<tr>\n<td width=\"246\">Maks. h\u0131z<\/td>\n<td width=\"318\">20-30 adet\/dk<\/td>\n<\/tr>\n<tr>\n<td width=\"246\">G\u00fc\u00e7<\/td>\n<td width=\"318\">380V, 3P 50\/60Hz<\/td>\n<\/tr>\n<tr>\n<td width=\"246\">Hava beslemesi<\/td>\n<td width=\"318\">6-8Bar<\/td>\n<\/tr>\n<tr>\n<td width=\"246\"><strong>\u00a0<\/strong><\/td>\n<td width=\"318\"><strong>Yuvarlak Konteyner<\/strong><\/td>\n<\/tr>\n<tr>\n<td width=\"246\">Bask\u0131 \u00c7ap\u0131.<\/td>\n<td width=\"318\">20-90mm<\/td>\n<\/tr>\n<tr>\n<td width=\"246\">Bask\u0131 Uzunlu\u011fu<\/td>\n<td width=\"318\">30-180mm<\/td>\n<\/tr>\n<tr>\n<td width=\"246\">&nbsp;<\/td>\n<td width=\"318\"><strong>Kare\/D\u00fczensiz konteyner<\/strong><\/td>\n<\/tr>\n<tr>\n<td width=\"246\">Bask\u0131 Geni\u015fli\u011fi<\/td>\n<td width=\"318\">20-100mm<\/td>\n<\/tr>\n<tr>\n<td width=\"246\">Bask\u0131 Uzunlu\u011fu<\/td>\n<td width=\"318\">30-180mm<\/td>\n<\/tr>\n<\/tbody>\n<\/table>\n<p>&nbsp;<\/p>\n<p><strong>\u00d6rnekler:<\/strong><\/p>\n<p><img loading=\"lazy\" decoding=\"async\" class=\"size-full wp-image-1626\" src=\"http:\/\/apmprint.com\/wp-content\/uploads\/2023\/12\/s.jpg\" alt=\"apm cnc102hr all servo driven hot stamping machine\" width=\"800\" height=\"192\" srcset=\"https:\/\/apmprint.com\/wp-content\/uploads\/2023\/12\/s.jpg 800w, https:\/\/apmprint.com\/wp-content\/uploads\/2023\/12\/s-300x72.jpg 300w, https:\/\/apmprint.com\/wp-content\/uploads\/2023\/12\/s-768x184.jpg 768w, https:\/\/apmprint.com\/wp-content\/uploads\/2023\/12\/s-18x4.jpg 18w, https:\/\/apmprint.com\/wp-content\/uploads\/2023\/12\/s-600x144.jpg 600w\" sizes=\"auto, (max-width: 800px) 100vw, 800px\" \/><\/p>","protected":false},"excerpt":{"rendered":"<p><strong>Genel A\u00e7\u0131klama\uff1a<\/strong><\/p>\n<ol>\n<li>Otomatik y\u00fckleme band\u0131<\/li>\n<li>Mekanik kay\u0131t<\/li>\n<li>Servo motor tahrikli: \u00f6n kay\u0131t, \u00fcr\u00fcn d\u00f6nd\u00fcrme, \u00fcr\u00fcn sola\/sa\u011fa hareket, \u00fcr\u00fcn yukar\u0131\/a\u015fa\u011f\u0131 hareket, folyo sarma<\/li>\n<li>Tek i\u015flemde \u00e7ok tarafl\u0131 bask\u0131.<\/li>\n<li>Bir \u00fcr\u00fcnden di\u011ferine s\u00fcper h\u0131zl\u0131 ve kolay ge\u00e7i\u015f.<\/li>\n<li>T\u00fcm parametreler sadece dokunmatik ekranda otomatik olarak ayarlan\u0131r.<\/li>\n<li>Servo robot ile otomatik bo\u015faltma. Ayakta \u015fi\u015fe bo\u015faltma.<\/li>\n<li>CE ile g\u00fcvenlik operasyonu.<\/li>\n<li>Bask\u0131y\u0131 \u00e7ok renkli olacak \u015fekilde tekrarlay\u0131n.<\/li>\n<\/ol>","protected":false},"featured_media":1622,"template":"","meta":{"_acf_changed":false,"_seopress_robots_primary_cat":"none","_seopress_titles_title":"","_seopress_titles_desc":"","_seopress_robots_index":""},"product_brand":[],"product_cat":[64],"product_tag":[75,74,69],"class_list":{"0":"post-1621","1":"product","2":"type-product","3":"status-publish","4":"has-post-thumbnail","6":"product_cat-auto-hot-stamping-machine","7":"product_tag-automatic","8":"product_tag-hot-stamping","9":"product_tag-servo","11":"first","12":"instock","13":"shipping-taxable","14":"product-type-simple"},"acf":[],"_links":{"self":[{"href":"https:\/\/apmprint.com\/tr\/wp-json\/wp\/v2\/product\/1621","targetHints":{"allow":["GET"]}}],"collection":[{"href":"https:\/\/apmprint.com\/tr\/wp-json\/wp\/v2\/product"}],"about":[{"href":"https:\/\/apmprint.com\/tr\/wp-json\/wp\/v2\/types\/product"}],"wp:featuredmedia":[{"embeddable":true,"href":"https:\/\/apmprint.com\/tr\/wp-json\/wp\/v2\/media\/1622"}],"wp:attachment":[{"href":"https:\/\/apmprint.com\/tr\/wp-json\/wp\/v2\/media?parent=1621"}],"wp:term":[{"taxonomy":"product_brand","embeddable":true,"href":"https:\/\/apmprint.com\/tr\/wp-json\/wp\/v2\/product_brand?post=1621"},{"taxonomy":"product_cat","embeddable":true,"href":"https:\/\/apmprint.com\/tr\/wp-json\/wp\/v2\/product_cat?post=1621"},{"taxonomy":"product_tag","embeddable":true,"href":"https:\/\/apmprint.com\/tr\/wp-json\/wp\/v2\/product_tag?post=1621"}],"curies":[{"name":"wp","href":"https:\/\/api.w.org\/{rel}","templated":true}]}}