{"id":1630,"date":"2023-12-20T06:49:03","date_gmt":"2023-12-20T06:49:03","guid":{"rendered":"https:\/\/apmprint.com\/?post_type=product&#038;p=1630"},"modified":"2023-12-20T06:56:07","modified_gmt":"2023-12-20T06:56:07","slug":"h1ct-automatic-hot-stamping-machine-for-cap-top-and-side-stamping","status":"publish","type":"product","link":"https:\/\/apmprint.com\/tr\/urun\/h1ct-automatic-hot-stamping-machine-for-cap-top-and-side-stamping\/","title":{"rendered":"H1CT Kapak \u00fcst ve yan damgalama i\u00e7in otomatik s\u0131cak damgalama makinesi"},"content":{"rendered":"<p><strong>Uygulama :<\/strong><\/p>\n<p>Makine, silindirik kapaklara \u00fcstten ve yandan damgalama yapmak i\u00e7in \u00f6zel olarak tasarlanm\u0131\u015ft\u0131r.<\/p>\n<p>&nbsp;<\/p>\n<p><strong><b>Tech-data<\/b><\/strong><\/p>\n<table>\n<tbody>\n<tr>\n<td>Maksimum H\u0131z<\/td>\n<td>20 ~ 30 adet \/ dak<\/td>\n<\/tr>\n<tr>\n<td>\u00dcr\u00fcn \u00c7ap\u0131.<\/td>\n<td>15-30mm<\/td>\n<\/tr>\n<tr>\n<td>Uzunluk<\/td>\n<td>20-40 mm<\/td>\n<\/tr>\n<tr>\n<td>Hava bas\u0131nc\u0131<\/td>\n<td>6-8bar<\/td>\n<\/tr>\n<tr>\n<td>G\u00fc\u00e7 kayna\u011f\u0131<\/td>\n<td>380V, 3P. 50\/60Hz<\/td>\n<\/tr>\n<\/tbody>\n<\/table>\n<p>&nbsp;<\/p>\n<p><strong>\u00d6rnekler:<\/strong><\/p>\n<figure id=\"attachment_1635\" aria-describedby=\"caption-attachment-1635\" style=\"width: 800px\" class=\"wp-caption alignnone\"><img loading=\"lazy\" decoding=\"async\" class=\"size-full wp-image-1635\" src=\"http:\/\/apmprint.com\/wp-content\/uploads\/2023\/12\/s-1.jpg\" alt=\"h1ct automatic hot stamping machine for cap top and side stamping\" width=\"800\" height=\"800\" srcset=\"https:\/\/apmprint.com\/wp-content\/uploads\/2023\/12\/s-1.jpg 800w, https:\/\/apmprint.com\/wp-content\/uploads\/2023\/12\/s-1-300x300.jpg 300w, https:\/\/apmprint.com\/wp-content\/uploads\/2023\/12\/s-1-150x150.jpg 150w, https:\/\/apmprint.com\/wp-content\/uploads\/2023\/12\/s-1-768x768.jpg 768w, https:\/\/apmprint.com\/wp-content\/uploads\/2023\/12\/s-1-12x12.jpg 12w, https:\/\/apmprint.com\/wp-content\/uploads\/2023\/12\/s-1-600x600.jpg 600w, https:\/\/apmprint.com\/wp-content\/uploads\/2023\/12\/s-1-100x100.jpg 100w\" sizes=\"auto, (max-width: 800px) 100vw, 800px\" \/><figcaption id=\"caption-attachment-1635\" class=\"wp-caption-text\">h1ct kapak \u00fcst ve yan damgalama i\u00e7in otomatik s\u0131cak damgalama makinesi<\/figcaption><\/figure>","protected":false},"excerpt":{"rendered":"<p><strong>Genel A\u00e7\u0131klama\uff1a<\/strong><\/p>\n<ol>\n<li>Otomatik y\u00fckleme band\u0131<\/li>\n<li>iki damgalama istasyonu, biri yan damgalama i\u00e7in, di\u011feri \u00fcst damgalama i\u00e7in<\/li>\n<li>PLC kontrol ve dokunmatik ekran<\/li>\n<li>Otomatik bo\u015faltma<\/li>\n<\/ol>","protected":false},"featured_media":1631,"template":"","meta":{"_acf_changed":false,"_seopress_robots_primary_cat":"none","_seopress_titles_title":"","_seopress_titles_desc":"","_seopress_robots_index":""},"product_brand":[],"product_cat":[64],"product_tag":[75,74],"class_list":{"0":"post-1630","1":"product","2":"type-product","3":"status-publish","4":"has-post-thumbnail","6":"product_cat-auto-hot-stamping-machine","7":"product_tag-automatic","8":"product_tag-hot-stamping","10":"first","11":"instock","12":"shipping-taxable","13":"product-type-simple"},"acf":[],"_links":{"self":[{"href":"https:\/\/apmprint.com\/tr\/wp-json\/wp\/v2\/product\/1630","targetHints":{"allow":["GET"]}}],"collection":[{"href":"https:\/\/apmprint.com\/tr\/wp-json\/wp\/v2\/product"}],"about":[{"href":"https:\/\/apmprint.com\/tr\/wp-json\/wp\/v2\/types\/product"}],"wp:featuredmedia":[{"embeddable":true,"href":"https:\/\/apmprint.com\/tr\/wp-json\/wp\/v2\/media\/1631"}],"wp:attachment":[{"href":"https:\/\/apmprint.com\/tr\/wp-json\/wp\/v2\/media?parent=1630"}],"wp:term":[{"taxonomy":"product_brand","embeddable":true,"href":"https:\/\/apmprint.com\/tr\/wp-json\/wp\/v2\/product_brand?post=1630"},{"taxonomy":"product_cat","embeddable":true,"href":"https:\/\/apmprint.com\/tr\/wp-json\/wp\/v2\/product_cat?post=1630"},{"taxonomy":"product_tag","embeddable":true,"href":"https:\/\/apmprint.com\/tr\/wp-json\/wp\/v2\/product_tag?post=1630"}],"curies":[{"name":"wp","href":"https:\/\/api.w.org\/{rel}","templated":true}]}}