{"id":1636,"date":"2023-12-20T06:56:54","date_gmt":"2023-12-20T06:56:54","guid":{"rendered":"https:\/\/apmprint.com\/?post_type=product&#038;p=1636"},"modified":"2023-12-20T07:48:51","modified_gmt":"2023-12-20T07:48:51","slug":"h1ctr-auto-hot-stamping-machine-for-full-cap-printing","status":"publish","type":"product","link":"https:\/\/apmprint.com\/tr\/urun\/h1ctr-auto-hot-stamping-machine-for-full-cap-printing\/","title":{"rendered":"H1CTR Tam kapak bask\u0131s\u0131 i\u00e7in otomatik s\u0131cak damgalama makinesi"},"content":{"rendered":"<p><strong>Uygulama:<\/strong><\/p>\n<p>H1CTR kapak yan, \u00fcst ve a\u00e7\u0131l\u0131 bask\u0131 i\u00e7in tasarlanm\u0131\u015ft\u0131r.<\/p>\n<p>&nbsp;<\/p>\n<p><strong>Teknik veriler:<\/strong><\/p>\n<table>\n<tbody>\n<tr>\n<td width=\"35.2800%\">Model<\/td>\n<td width=\"64.7200%\"><\/td>\n<\/tr>\n<tr>\n<td width=\"35.2800%\">Damgalama \u00e7ap\u0131<\/td>\n<td width=\"64.7200%\">20~80mm<\/td>\n<\/tr>\n<tr>\n<td width=\"35.2800%\">Damgalama y\u00fcksekli\u011fi<\/td>\n<td width=\"64.7200%\">10~50mm<\/td>\n<\/tr>\n<tr>\n<td width=\"35.2800%\">Maks. makale Y\u00fcksekli\u011fi<\/td>\n<td width=\"64.7200%\">50mm<\/td>\n<\/tr>\n<tr>\n<td width=\"35.2800%\">S\u0131cakl\u0131k<\/td>\n<td width=\"64.7200%\">Oda S\u0131cakl\u0131\u011f\u0131 ~ 280 \u2103<\/td>\n<\/tr>\n<tr>\n<td width=\"35.2800%\">Damgalama Bas\u0131nc\u0131<\/td>\n<td width=\"64.7200%\">\u2264500kgf<\/td>\n<\/tr>\n<tr>\n<td width=\"35.2800%\">Maks. Damgalama H\u0131z\u0131<\/td>\n<td width=\"64.7200%\">20 adet\/dk<\/td>\n<\/tr>\n<tr>\n<td width=\"35.2800%\">Hava Bas\u0131nc\u0131<\/td>\n<td width=\"64.7200%\">6~7bar<\/td>\n<\/tr>\n<tr>\n<td width=\"35.2800%\">G\u00fc\u00e7 Kayna\u011f\u0131<\/td>\n<td width=\"64.7200%\">380V 60Hz\/50Hz<\/td>\n<\/tr>\n<tr>\n<td width=\"35.2800%\">Is\u0131tma G\u00fcc\u00fc<\/td>\n<td width=\"64.7200%\">9kw<\/td>\n<\/tr>\n<tr>\n<td width=\"35.2800%\">A\u011f\u0131rl\u0131k<\/td>\n<td width=\"64.7200%\">700kg<\/td>\n<\/tr>\n<\/tbody>\n<\/table>\n<p>&nbsp;<\/p>\n<p><strong>\u00d6rnekler:<\/strong><\/p>\n<p><img loading=\"lazy\" decoding=\"async\" class=\"size-full wp-image-1637\" src=\"http:\/\/apmprint.com\/wp-content\/uploads\/2023\/12\/s1.jpg\" alt=\"h1ctr auto hot stamping machine for full cap printing\" width=\"800\" height=\"800\" srcset=\"https:\/\/apmprint.com\/wp-content\/uploads\/2023\/12\/s1.jpg 800w, https:\/\/apmprint.com\/wp-content\/uploads\/2023\/12\/s1-300x300.jpg 300w, https:\/\/apmprint.com\/wp-content\/uploads\/2023\/12\/s1-150x150.jpg 150w, https:\/\/apmprint.com\/wp-content\/uploads\/2023\/12\/s1-768x768.jpg 768w, https:\/\/apmprint.com\/wp-content\/uploads\/2023\/12\/s1-12x12.jpg 12w, https:\/\/apmprint.com\/wp-content\/uploads\/2023\/12\/s1-600x600.jpg 600w, https:\/\/apmprint.com\/wp-content\/uploads\/2023\/12\/s1-100x100.jpg 100w\" sizes=\"auto, (max-width: 800px) 100vw, 800px\" \/><\/p>\n<p><img loading=\"lazy\" decoding=\"async\" class=\"size-full wp-image-1638\" src=\"http:\/\/apmprint.com\/wp-content\/uploads\/2023\/12\/s2-1.jpg\" alt=\"h1ctr auto hot stamping machine for full cap printing\" width=\"800\" height=\"800\" srcset=\"https:\/\/apmprint.com\/wp-content\/uploads\/2023\/12\/s2-1.jpg 800w, https:\/\/apmprint.com\/wp-content\/uploads\/2023\/12\/s2-1-300x300.jpg 300w, https:\/\/apmprint.com\/wp-content\/uploads\/2023\/12\/s2-1-150x150.jpg 150w, https:\/\/apmprint.com\/wp-content\/uploads\/2023\/12\/s2-1-768x768.jpg 768w, https:\/\/apmprint.com\/wp-content\/uploads\/2023\/12\/s2-1-12x12.jpg 12w, https:\/\/apmprint.com\/wp-content\/uploads\/2023\/12\/s2-1-600x600.jpg 600w, https:\/\/apmprint.com\/wp-content\/uploads\/2023\/12\/s2-1-100x100.jpg 100w\" sizes=\"auto, (max-width: 800px) 100vw, 800px\" \/><\/p>","protected":false},"excerpt":{"rendered":"<p><strong>A\u00e7\u0131klama<\/strong><strong>:<\/strong><\/p>\n<ol>\n<li>Otomatik y\u00fckleme band\u0131 \u00c7izilmekten korkmuyorsan\u0131z otomatik besleyici iste\u011fe ba\u011fl\u0131d\u0131r.<\/li>\n<li>Damgalamadan \u00f6nce anti-statik toz temizleme, iste\u011fe ba\u011fl\u0131 di\u011fer \u00f6n i\u015flemler<\/li>\n<li>\u00dcr\u00fcn yok, damga yok<\/li>\n<li>Servo tahrikli folyo sarma ve fikst\u00fcr d\u00f6nd\u00fcrme, di\u011ferleri pn\u00f6matik<\/li>\n<li>G\u00fcvenli \u00fcretim i\u00e7in CE talebine sahip iyi in\u015fa edilmi\u015f makine evi.<\/li>\n<li>Dokunmatik ekranl\u0131 g\u00fcvenilir PLC kontrol\u00fc.<\/li>\n<\/ol>","protected":false},"featured_media":1657,"template":"","meta":{"_acf_changed":false,"_seopress_robots_primary_cat":"none","_seopress_titles_title":"","_seopress_titles_desc":"","_seopress_robots_index":""},"product_brand":[],"product_cat":[64],"product_tag":[75,74],"class_list":{"0":"post-1636","1":"product","2":"type-product","3":"status-publish","4":"has-post-thumbnail","6":"product_cat-auto-hot-stamping-machine","7":"product_tag-automatic","8":"product_tag-hot-stamping","10":"first","11":"instock","12":"shipping-taxable","13":"product-type-simple"},"acf":[],"_links":{"self":[{"href":"https:\/\/apmprint.com\/tr\/wp-json\/wp\/v2\/product\/1636","targetHints":{"allow":["GET"]}}],"collection":[{"href":"https:\/\/apmprint.com\/tr\/wp-json\/wp\/v2\/product"}],"about":[{"href":"https:\/\/apmprint.com\/tr\/wp-json\/wp\/v2\/types\/product"}],"wp:featuredmedia":[{"embeddable":true,"href":"https:\/\/apmprint.com\/tr\/wp-json\/wp\/v2\/media\/1657"}],"wp:attachment":[{"href":"https:\/\/apmprint.com\/tr\/wp-json\/wp\/v2\/media?parent=1636"}],"wp:term":[{"taxonomy":"product_brand","embeddable":true,"href":"https:\/\/apmprint.com\/tr\/wp-json\/wp\/v2\/product_brand?post=1636"},{"taxonomy":"product_cat","embeddable":true,"href":"https:\/\/apmprint.com\/tr\/wp-json\/wp\/v2\/product_cat?post=1636"},{"taxonomy":"product_tag","embeddable":true,"href":"https:\/\/apmprint.com\/tr\/wp-json\/wp\/v2\/product_tag?post=1636"}],"curies":[{"name":"wp","href":"https:\/\/api.w.org\/{rel}","templated":true}]}}