{"id":1650,"date":"2023-12-20T07:27:46","date_gmt":"2023-12-20T07:27:46","guid":{"rendered":"https:\/\/apmprint.com\/?post_type=product&#038;p=1650"},"modified":"2023-12-27T06:21:58","modified_gmt":"2023-12-27T06:21:58","slug":"amp-h104a-fully-automatic-hot-stamping-machine-for-irregular-caps","status":"publish","type":"product","link":"https:\/\/apmprint.com\/tr\/urun\/amp-h104a-fully-automatic-hot-stamping-machine-for-irregular-caps\/","title":{"rendered":"AMP-H104A D\u00fczensiz Kapaklar i\u00e7in Tam Otomatik S\u0131cak Damgalama Makinesi"},"content":{"rendered":"<p><strong>Uygulama :<\/strong><\/p>\n<p>Makine, farkl\u0131 t\u00fcrdeki malzemelerin \u00fczerine damgalama yapmak i\u00e7in \u00f6zel olarak tasarlanm\u0131\u015ft\u0131r.<\/p>\n<p>plastik\/metal kapaklar, kozmetik kapaklar ve di\u011fer d\u00fczensiz kapaklar.<\/p>\n<p>&nbsp;<\/p>\n<p><strong><b>Tech-data<\/b><\/strong><\/p>\n<table>\n<tbody>\n<tr>\n<td width=\"284\">Maksimum H\u0131z<\/td>\n<td width=\"284\">1000~3000 adet\/saat<\/td>\n<\/tr>\n<tr>\n<td width=\"284\">\u00dcr\u00fcn \u00c7ap\u0131.<\/td>\n<td width=\"284\">15-50mm<\/td>\n<\/tr>\n<tr>\n<td width=\"284\">Uzunluk<\/td>\n<td width=\"284\">20-80mm<\/td>\n<\/tr>\n<tr>\n<td width=\"284\">Hava bas\u0131nc\u0131<\/td>\n<td width=\"284\">6-8bar<\/td>\n<\/tr>\n<tr>\n<td width=\"284\">G\u00fc\u00e7 kayna\u011f\u0131<\/td>\n<td width=\"284\">380V, 3P. 50\/60Hz<\/td>\n<\/tr>\n<\/tbody>\n<\/table>\n<p>&nbsp;<\/p>\n<p>&nbsp;<\/p>\n<p><strong>\u00d6rnekler:<\/strong><\/p>\n<p><img loading=\"lazy\" decoding=\"async\" class=\"size-full wp-image-1652\" src=\"http:\/\/apmprint.com\/wp-content\/uploads\/2023\/12\/s1-1.jpg\" alt=\"amp h104a fully automatic hot stamping machine for irregular caps\" width=\"800\" height=\"800\" srcset=\"https:\/\/apmprint.com\/wp-content\/uploads\/2023\/12\/s1-1.jpg 800w, https:\/\/apmprint.com\/wp-content\/uploads\/2023\/12\/s1-1-300x300.jpg 300w, https:\/\/apmprint.com\/wp-content\/uploads\/2023\/12\/s1-1-150x150.jpg 150w, https:\/\/apmprint.com\/wp-content\/uploads\/2023\/12\/s1-1-768x768.jpg 768w, https:\/\/apmprint.com\/wp-content\/uploads\/2023\/12\/s1-1-12x12.jpg 12w, https:\/\/apmprint.com\/wp-content\/uploads\/2023\/12\/s1-1-600x600.jpg 600w, https:\/\/apmprint.com\/wp-content\/uploads\/2023\/12\/s1-1-100x100.jpg 100w\" sizes=\"auto, (max-width: 800px) 100vw, 800px\" \/><\/p>\n<p><img loading=\"lazy\" decoding=\"async\" class=\"size-full wp-image-1653\" src=\"http:\/\/apmprint.com\/wp-content\/uploads\/2023\/12\/s2-2.jpg\" alt=\"amp h104a fully automatic hot stamping machine for irregular caps\" width=\"800\" height=\"800\" srcset=\"https:\/\/apmprint.com\/wp-content\/uploads\/2023\/12\/s2-2.jpg 800w, https:\/\/apmprint.com\/wp-content\/uploads\/2023\/12\/s2-2-300x300.jpg 300w, https:\/\/apmprint.com\/wp-content\/uploads\/2023\/12\/s2-2-150x150.jpg 150w, https:\/\/apmprint.com\/wp-content\/uploads\/2023\/12\/s2-2-768x768.jpg 768w, https:\/\/apmprint.com\/wp-content\/uploads\/2023\/12\/s2-2-12x12.jpg 12w, https:\/\/apmprint.com\/wp-content\/uploads\/2023\/12\/s2-2-600x600.jpg 600w, https:\/\/apmprint.com\/wp-content\/uploads\/2023\/12\/s2-2-100x100.jpg 100w\" sizes=\"auto, (max-width: 800px) 100vw, 800px\" \/><\/p>","protected":false},"excerpt":{"rendered":"<p><strong>Genel A\u00e7\u0131klama\uff1a<\/strong><\/p>\n<ol>\n<li>Tek istasyonlu damgalama makinesi<\/li>\n<li>Resimde g\u00f6sterildi\u011fi gibi otomatik y\u00fckleme sistemi<\/li>\n<li>PLC kontrol ve dokunmatik ekran<\/li>\n<\/ol>","protected":false},"featured_media":1651,"template":"","meta":{"_acf_changed":false,"_seopress_robots_primary_cat":"none","_seopress_titles_title":"","_seopress_titles_desc":"","_seopress_robots_index":""},"product_brand":[],"product_cat":[64],"product_tag":[75,24,74],"class_list":{"0":"post-1650","1":"product","2":"type-product","3":"status-publish","4":"has-post-thumbnail","6":"product_cat-auto-hot-stamping-machine","7":"product_tag-automatic","8":"product_tag-caps-and-closures","9":"product_tag-hot-stamping","11":"first","12":"instock","13":"shipping-taxable","14":"product-type-simple"},"acf":[],"_links":{"self":[{"href":"https:\/\/apmprint.com\/tr\/wp-json\/wp\/v2\/product\/1650","targetHints":{"allow":["GET"]}}],"collection":[{"href":"https:\/\/apmprint.com\/tr\/wp-json\/wp\/v2\/product"}],"about":[{"href":"https:\/\/apmprint.com\/tr\/wp-json\/wp\/v2\/types\/product"}],"wp:featuredmedia":[{"embeddable":true,"href":"https:\/\/apmprint.com\/tr\/wp-json\/wp\/v2\/media\/1651"}],"wp:attachment":[{"href":"https:\/\/apmprint.com\/tr\/wp-json\/wp\/v2\/media?parent=1650"}],"wp:term":[{"taxonomy":"product_brand","embeddable":true,"href":"https:\/\/apmprint.com\/tr\/wp-json\/wp\/v2\/product_brand?post=1650"},{"taxonomy":"product_cat","embeddable":true,"href":"https:\/\/apmprint.com\/tr\/wp-json\/wp\/v2\/product_cat?post=1650"},{"taxonomy":"product_tag","embeddable":true,"href":"https:\/\/apmprint.com\/tr\/wp-json\/wp\/v2\/product_tag?post=1650"}],"curies":[{"name":"wp","href":"https:\/\/api.w.org\/{rel}","templated":true}]}}