{"id":1658,"date":"2023-12-20T08:03:42","date_gmt":"2023-12-20T08:03:42","guid":{"rendered":"https:\/\/apmprint.com\/?post_type=product&#038;p=1658"},"modified":"2023-12-20T08:15:15","modified_gmt":"2023-12-20T08:15:15","slug":"h200b-auto-hot-stamping-machine-for-cosmetic-bottles","status":"publish","type":"product","link":"https:\/\/apmprint.com\/tr\/urun\/h200b-auto-hot-stamping-machine-for-cosmetic-bottles\/","title":{"rendered":"H200B Kozmetik \u015fi\u015feler i\u00e7in otomatik s\u0131cak damgalama makinesi"},"content":{"rendered":"<p><strong>Uygulama:<\/strong><\/p>\n<p>H200B, kozmetik \u015fi\u015felerinin y\u00fcksek \u00fcretim h\u0131zlar\u0131nda s\u0131cak damgalanmas\u0131 i\u00e7in tasarlanm\u0131\u015ft\u0131r. G\u00fcvenilirlik ve h\u0131z, H200B'yi off-line veya in-line 7\/24 \u00fcretim i\u00e7in ideal hale getirir.<\/p>\n<p>&nbsp;<\/p>\n<p><strong>Teknik veriler:<\/strong><\/p>\n<table>\n<tbody>\n<tr>\n<td width=\"35.2800%\">Model<\/td>\n<td width=\"64.7200%\">H200B<\/td>\n<\/tr>\n<tr>\n<td width=\"35.2800%\">Maksimum damgalama alan\u0131<\/td>\n<td width=\"64.7200%\">120\u00d780mm<\/td>\n<\/tr>\n<tr>\n<td width=\"35.2800%\">Damgalama Kafas\u0131 Stroku<\/td>\n<td width=\"64.7200%\">50mm<\/td>\n<\/tr>\n<tr>\n<td width=\"35.2800%\">Maks. makale Y\u00fcksekli\u011fi<\/td>\n<td width=\"64.7200%\">75 mm<\/td>\n<\/tr>\n<tr>\n<td width=\"35.2800%\">S\u0131cakl\u0131k<\/td>\n<td width=\"64.7200%\">Oda S\u0131cakl\u0131\u011f\u0131 ~ 280 \u2103<\/td>\n<\/tr>\n<tr>\n<td width=\"35.2800%\">Damgalama Bas\u0131nc\u0131<\/td>\n<td width=\"64.7200%\">\u2264500kgf<\/td>\n<\/tr>\n<tr>\n<td width=\"35.2800%\">Maks. Damgalama H\u0131z\u0131<\/td>\n<td width=\"64.7200%\">30-55 adet\/dak<\/td>\n<\/tr>\n<tr>\n<td width=\"35.2800%\">Hava Bas\u0131nc\u0131<\/td>\n<td width=\"64.7200%\">4~7bar<\/td>\n<\/tr>\n<tr>\n<td width=\"35.2800%\">Hava T\u00fcketimi<\/td>\n<td width=\"64.7200%\">\u226480L\/dk<\/td>\n<\/tr>\n<tr>\n<td width=\"35.2800%\">G\u00fc\u00e7 Kayna\u011f\u0131<\/td>\n<td width=\"64.7200%\">220V 60Hz\/50Hz<\/td>\n<\/tr>\n<tr>\n<td width=\"35.2800%\">Is\u0131tma G\u00fcc\u00fc<\/td>\n<td width=\"64.7200%\">1000W<\/td>\n<\/tr>\n<tr>\n<td width=\"35.2800%\">A\u011f\u0131rl\u0131k<\/td>\n<td width=\"64.7200%\">500kg<\/td>\n<\/tr>\n<\/tbody>\n<\/table>\n<p>&nbsp;<\/p>\n<p><strong>\u00d6rnekler:<\/strong><\/p>\n<figure id=\"attachment_1660\" aria-describedby=\"caption-attachment-1660\" style=\"width: 800px\" class=\"wp-caption alignnone\"><img loading=\"lazy\" decoding=\"async\" class=\"size-full wp-image-1660\" src=\"http:\/\/apmprint.com\/wp-content\/uploads\/2023\/12\/s-2.jpg\" alt=\"h200b auto hot stamping machine for cosmetic bottles\" width=\"800\" height=\"800\" srcset=\"https:\/\/apmprint.com\/wp-content\/uploads\/2023\/12\/s-2.jpg 800w, https:\/\/apmprint.com\/wp-content\/uploads\/2023\/12\/s-2-300x300.jpg 300w, https:\/\/apmprint.com\/wp-content\/uploads\/2023\/12\/s-2-150x150.jpg 150w, https:\/\/apmprint.com\/wp-content\/uploads\/2023\/12\/s-2-768x768.jpg 768w, https:\/\/apmprint.com\/wp-content\/uploads\/2023\/12\/s-2-12x12.jpg 12w, https:\/\/apmprint.com\/wp-content\/uploads\/2023\/12\/s-2-600x600.jpg 600w, https:\/\/apmprint.com\/wp-content\/uploads\/2023\/12\/s-2-100x100.jpg 100w\" sizes=\"auto, (max-width: 800px) 100vw, 800px\" \/><figcaption id=\"caption-attachment-1660\" class=\"wp-caption-text\">h200b kozmetik \u015fi\u015feler i\u00e7in otomatik s\u0131cak damgalama makinesi<\/figcaption><\/figure>","protected":false},"excerpt":{"rendered":"<p><strong>A\u00e7\u0131klama<\/strong><strong>:<\/strong><\/p>\n<ol>\n<li>Konvey\u00f6rl\u00fc otomatik y\u00fckleme sistemi Opsiyonel otomatik besleyici.<\/li>\n<li>Damgalama \u00f6ncesi anti-statik toz temizleme<\/li>\n<li>Y\u00fcksek hassasiyetli indeksleyici<\/li>\n<li>Otomatik \u00f6n kay\u0131t iste\u011fe ba\u011fl\u0131<\/li>\n<li>Bireysel jigler i\u00e7in ayarlanabilir damgalama derinli\u011fine sahip servo tahrikli damgalama kafas\u0131 (iste\u011fe ba\u011fl\u0131).<\/li>\n<li>G\u00fcvenli \u00fcretim i\u00e7in CE talebine sahip iyi in\u015fa edilmi\u015f makine evi.<\/li>\n<li>Dokunmatik ekranl\u0131 g\u00fcvenilir PLC kontrol\u00fc.<\/li>\n<\/ol>","protected":false},"featured_media":1661,"template":"","meta":{"_acf_changed":false,"_seopress_robots_primary_cat":"none","_seopress_titles_title":"","_seopress_titles_desc":"","_seopress_robots_index":""},"product_brand":[],"product_cat":[64],"product_tag":[75,74],"class_list":{"0":"post-1658","1":"product","2":"type-product","3":"status-publish","4":"has-post-thumbnail","6":"product_cat-auto-hot-stamping-machine","7":"product_tag-automatic","8":"product_tag-hot-stamping","10":"first","11":"instock","12":"shipping-taxable","13":"product-type-simple"},"acf":[],"_links":{"self":[{"href":"https:\/\/apmprint.com\/tr\/wp-json\/wp\/v2\/product\/1658","targetHints":{"allow":["GET"]}}],"collection":[{"href":"https:\/\/apmprint.com\/tr\/wp-json\/wp\/v2\/product"}],"about":[{"href":"https:\/\/apmprint.com\/tr\/wp-json\/wp\/v2\/types\/product"}],"wp:featuredmedia":[{"embeddable":true,"href":"https:\/\/apmprint.com\/tr\/wp-json\/wp\/v2\/media\/1661"}],"wp:attachment":[{"href":"https:\/\/apmprint.com\/tr\/wp-json\/wp\/v2\/media?parent=1658"}],"wp:term":[{"taxonomy":"product_brand","embeddable":true,"href":"https:\/\/apmprint.com\/tr\/wp-json\/wp\/v2\/product_brand?post=1658"},{"taxonomy":"product_cat","embeddable":true,"href":"https:\/\/apmprint.com\/tr\/wp-json\/wp\/v2\/product_cat?post=1658"},{"taxonomy":"product_tag","embeddable":true,"href":"https:\/\/apmprint.com\/tr\/wp-json\/wp\/v2\/product_tag?post=1658"}],"curies":[{"name":"wp","href":"https:\/\/api.w.org\/{rel}","templated":true}]}}