{"id":1662,"date":"2023-12-20T08:16:59","date_gmt":"2023-12-20T08:16:59","guid":{"rendered":"https:\/\/apmprint.com\/?post_type=product&#038;p=1662"},"modified":"2023-12-27T06:21:14","modified_gmt":"2023-12-27T06:21:14","slug":"h200c-automatic-hot-stamping-machine","status":"publish","type":"product","link":"https:\/\/apmprint.com\/tr\/urun\/h200c-automatic-hot-stamping-machine\/","title":{"rendered":"H200C Otomatik s\u0131cak damgalama makinesi"},"content":{"rendered":"<p><strong>Uygulama :<\/strong><\/p>\n<p>Makine, silindirik kapaklara damgalama yapmak i\u00e7in \u00f6zel olarak tasarlanm\u0131\u015ft\u0131r.<\/p>\n<p>&nbsp;<\/p>\n<p><strong>Tech-data<\/strong><\/p>\n<table>\n<tbody>\n<tr>\n<td width=\"55.0000%\">Tech-data<\/td>\n<td width=\"44.9800%\">H108B<\/td>\n<\/tr>\n<tr>\n<td width=\"55.0000%\">Maks. \u0131s\u0131tma transfer boyutu<\/td>\n<td width=\"44.9800%\">26*108cm<\/td>\n<\/tr>\n<tr>\n<td width=\"55.0000%\">Maks. bask\u0131 h\u0131z\u0131<\/td>\n<td width=\"44.9800%\">8 adet\/dakika<\/td>\n<\/tr>\n<tr>\n<td width=\"55.0000%\">G\u00fc\u00e7<\/td>\n<td width=\"44.9800%\">380V, 50\/60HZ, 4KW<\/td>\n<\/tr>\n<tr>\n<td width=\"55.0000%\">Maks. \u00e7al\u0131\u015fma hava bas\u0131nc\u0131<\/td>\n<td width=\"44.9800%\">0,4-0,6Mpa<\/td>\n<\/tr>\n<tr>\n<td width=\"55.0000%\">Is\u0131tma transfer s\u0131cakl\u0131\u011f\u0131<\/td>\n<td width=\"44.9800%\">0~300\u2103<\/td>\n<\/tr>\n<tr>\n<td width=\"55.0000%\">Yukar\u0131\/a\u015fa\u011f\u0131 ba\u011flant\u0131 tolerans\u0131<\/td>\n<td width=\"44.9800%\">\u22642mm<\/td>\n<\/tr>\n<tr>\n<td width=\"55.0000%\">360 derece \u00f6rt\u00fc\u015fme hassasiyeti<\/td>\n<td width=\"44.9800%\">\u22642mm<\/td>\n<\/tr>\n<tr>\n<td width=\"55.0000%\">Boyut<\/td>\n<td width=\"44.9800%\">135*100*210cm (l*w*h)<\/td>\n<\/tr>\n<tr>\n<td width=\"55.0000%\">Net A\u011f\u0131rl\u0131k<\/td>\n<td width=\"44.9800%\">600kg<\/td>\n<\/tr>\n<\/tbody>\n<\/table>\n<p>&nbsp;<\/p>\n<p><strong>\u00d6rnekler:<\/strong><\/p>\n<figure id=\"attachment_1666\" aria-describedby=\"caption-attachment-1666\" style=\"width: 800px\" class=\"wp-caption alignnone\"><img loading=\"lazy\" decoding=\"async\" class=\"size-full wp-image-1666\" src=\"http:\/\/apmprint.com\/wp-content\/uploads\/2023\/12\/s1-3.jpg\" alt=\"h200c automatic hot stamping machine\" width=\"800\" height=\"800\" srcset=\"https:\/\/apmprint.com\/wp-content\/uploads\/2023\/12\/s1-3.jpg 800w, https:\/\/apmprint.com\/wp-content\/uploads\/2023\/12\/s1-3-300x300.jpg 300w, https:\/\/apmprint.com\/wp-content\/uploads\/2023\/12\/s1-3-150x150.jpg 150w, https:\/\/apmprint.com\/wp-content\/uploads\/2023\/12\/s1-3-768x768.jpg 768w, https:\/\/apmprint.com\/wp-content\/uploads\/2023\/12\/s1-3-12x12.jpg 12w, https:\/\/apmprint.com\/wp-content\/uploads\/2023\/12\/s1-3-600x600.jpg 600w, https:\/\/apmprint.com\/wp-content\/uploads\/2023\/12\/s1-3-100x100.jpg 100w\" sizes=\"auto, (max-width: 800px) 100vw, 800px\" \/><figcaption id=\"caption-attachment-1666\" class=\"wp-caption-text\">h200c otomati\u0307k sicak damgalama maki\u0307nesi\u0307<\/figcaption><\/figure>","protected":false},"excerpt":{"rendered":"<p><strong>Genel A\u00e7\u0131klama\uff1a<\/strong><\/p>\n<ol>\n<li>Tek istasyonlu damgalama makinesi<\/li>\n<li>Kli\u015fe ile damgalama, silindirle de\u011fil<\/li>\n<li>Resimde g\u00f6sterildi\u011fi gibi otomatik y\u00fckleme sistemi<\/li>\n<li>PLC kontrol ve dokunmatik ekran<\/li>\n<li>\u00d6n bask\u0131 k\u0131sm\u0131n\u0131 kapatmak i\u00e7in bir kapak yapacak<\/li>\n<\/ol>","protected":false},"featured_media":1663,"template":"","meta":{"_acf_changed":false,"_seopress_robots_primary_cat":"none","_seopress_titles_title":"","_seopress_titles_desc":"","_seopress_robots_index":""},"product_brand":[],"product_cat":[64],"product_tag":[75,24,74],"class_list":{"0":"post-1662","1":"product","2":"type-product","3":"status-publish","4":"has-post-thumbnail","6":"product_cat-auto-hot-stamping-machine","7":"product_tag-automatic","8":"product_tag-caps-and-closures","9":"product_tag-hot-stamping","11":"first","12":"instock","13":"shipping-taxable","14":"product-type-simple"},"acf":[],"_links":{"self":[{"href":"https:\/\/apmprint.com\/tr\/wp-json\/wp\/v2\/product\/1662","targetHints":{"allow":["GET"]}}],"collection":[{"href":"https:\/\/apmprint.com\/tr\/wp-json\/wp\/v2\/product"}],"about":[{"href":"https:\/\/apmprint.com\/tr\/wp-json\/wp\/v2\/types\/product"}],"wp:featuredmedia":[{"embeddable":true,"href":"https:\/\/apmprint.com\/tr\/wp-json\/wp\/v2\/media\/1663"}],"wp:attachment":[{"href":"https:\/\/apmprint.com\/tr\/wp-json\/wp\/v2\/media?parent=1662"}],"wp:term":[{"taxonomy":"product_brand","embeddable":true,"href":"https:\/\/apmprint.com\/tr\/wp-json\/wp\/v2\/product_brand?post=1662"},{"taxonomy":"product_cat","embeddable":true,"href":"https:\/\/apmprint.com\/tr\/wp-json\/wp\/v2\/product_cat?post=1662"},{"taxonomy":"product_tag","embeddable":true,"href":"https:\/\/apmprint.com\/tr\/wp-json\/wp\/v2\/product_tag?post=1662"}],"curies":[{"name":"wp","href":"https:\/\/api.w.org\/{rel}","templated":true}]}}