{"id":1691,"date":"2023-12-20T09:14:19","date_gmt":"2023-12-20T09:14:19","guid":{"rendered":"https:\/\/apmprint.com\/?post_type=product&#038;p=1691"},"modified":"2023-12-20T09:17:14","modified_gmt":"2023-12-20T09:17:14","slug":"cap42-automatic-pad-printer-for-caps","status":"publish","type":"product","link":"https:\/\/apmprint.com\/tr\/urun\/cap42-automatic-pad-printer-for-caps\/","title":{"rendered":"CAP42 Kapaklar i\u00e7in otomatik tampon yaz\u0131c\u0131"},"content":{"rendered":"<p><strong>Uygulama:<\/strong><\/p>\n<p>\u0130\u00e7ecek kapaklar\u0131, \u015farap kapaklar\u0131, ila\u00e7 kapaklar\u0131, ya\u011f kapaklar\u0131<\/p>\n<p>&nbsp;<\/p>\n<p><strong>A\u00e7\u0131klama:<\/strong><\/p>\n<ul>\n<li>Hazne ve \u00f6zel y\u00fckleme sistemi ile otomatik y\u00fckleme<\/li>\n<li>Elektrikli ate\u015fleme ile otomatik alev i\u015fleme<\/li>\n<li>1-4 renk bask\u0131<\/li>\n<li>Bask\u0131dan sonra kapaklar\u0131 kurutmak i\u00e7in otomatik \u0131s\u0131tma sistemi<\/li>\n<li>Motor tahrikli konvey\u00f6r, Japonya'da \u00fcretilen konvey\u00f6r zinciri<\/li>\n<li>Otomatik bo\u015faltma<\/li>\n<li>Daha iyi bask\u0131 sonucu i\u00e7in otomatik ped temizleme<\/li>\n<li>CE standartlar\u0131nda g\u00fcvenlik tasar\u0131m\u0131na sahip iyi in\u015fa edilmi\u015f makine dairesi<\/li>\n<li>Panasonic PLC ve dokunmatik ekran<\/li>\n<\/ul>\n<p>&nbsp;<\/p>\n<p><strong>BASKI \u00dcRETIM SIRASI<\/strong><\/p>\n<p>- Otomatik y\u00fckleyiciye otomatik y\u00fckleme<\/p>\n<p>- Otomatik kapak basma<\/p>\n<p>- Alev tedavisi<\/p>\n<p>- Otomatik bask\u0131<\/p>\n<p>- Otomatik IR kurutma<\/p>\n<p>- Otomatik bo\u015faltma band\u0131<\/p>\n<p>&nbsp;<\/p>\n<p><strong>Teknik veriler:<\/strong><\/p>\n<table>\n<tbody>\n<tr>\n<td width=\"92\">&nbsp;<\/td>\n<td width=\"105\">Plaka boyutu<\/td>\n<td width=\"75\">Renkler<\/td>\n<td width=\"249\">Maksimum H\u0131z (adet\/saat)<\/td>\n<\/tr>\n<tr>\n<td rowspan=\"2\" width=\"92\">CAP42<\/td>\n<td rowspan=\"2\" width=\"105\">100x150mm<\/td>\n<td width=\"75\">1 renk<\/td>\n<td width=\"249\">28 mm kapaklar i\u00e7in 15000 adet\/saat<\/td>\n<\/tr>\n<tr>\n<td width=\"75\">2 renk<\/td>\n<td width=\"249\">28 mm kapaklar i\u00e7in 6000-10000 adet\/saat<\/td>\n<\/tr>\n<\/tbody>\n<\/table>\n<p>&nbsp;<\/p>\n<p><strong>\u00d6rnekler:<\/strong><\/p>\n<p><img loading=\"lazy\" decoding=\"async\" class=\"size-full wp-image-1687\" src=\"http:\/\/apmprint.com\/wp-content\/uploads\/2023\/12\/s-4.jpg\" alt=\"cap11 automatic cap printing system\" width=\"800\" height=\"800\" srcset=\"https:\/\/apmprint.com\/wp-content\/uploads\/2023\/12\/s-4.jpg 800w, https:\/\/apmprint.com\/wp-content\/uploads\/2023\/12\/s-4-300x300.jpg 300w, https:\/\/apmprint.com\/wp-content\/uploads\/2023\/12\/s-4-150x150.jpg 150w, https:\/\/apmprint.com\/wp-content\/uploads\/2023\/12\/s-4-768x768.jpg 768w, https:\/\/apmprint.com\/wp-content\/uploads\/2023\/12\/s-4-12x12.jpg 12w, https:\/\/apmprint.com\/wp-content\/uploads\/2023\/12\/s-4-600x600.jpg 600w, https:\/\/apmprint.com\/wp-content\/uploads\/2023\/12\/s-4-100x100.jpg 100w\" sizes=\"auto, (max-width: 800px) 100vw, 800px\" \/><\/p>","protected":false},"excerpt":{"rendered":"<p><strong>Caps Master<\/strong>\u00a0<strong>CAP42<\/strong>\u00a0kapak bask\u0131s\u0131 i\u00e7in tam otomatik bir tampon bask\u0131 sistemidir. Otomatik y\u00fckleme, kapak kilitleme, alev i\u015fleme, bask\u0131, kurutma ve bo\u015faltma ile 1 sistemde birle\u015ftirilmi\u015ftir. Kolay kurulum, h\u0131zl\u0131 ve dayan\u0131kl\u0131 \u00e7al\u0131\u015fma <strong>Caps Master<\/strong>\u00a0<strong>CAP42<\/strong>\u00a0kapak bask\u0131s\u0131 i\u00e7in istikrarl\u0131 ve ekonomik bir \u00e7\u00f6z\u00fcm.<\/p>","protected":false},"featured_media":1692,"template":"","meta":{"_acf_changed":false,"_seopress_robots_primary_cat":"none","_seopress_titles_title":"","_seopress_titles_desc":"","_seopress_robots_index":""},"product_brand":[],"product_cat":[35],"product_tag":[75,76],"class_list":{"0":"post-1691","1":"product","2":"type-product","3":"status-publish","4":"has-post-thumbnail","6":"product_cat-auto-pad-printer","7":"product_tag-automatic","8":"product_tag-pad-printer","10":"first","11":"instock","12":"shipping-taxable","13":"product-type-simple"},"acf":[],"_links":{"self":[{"href":"https:\/\/apmprint.com\/tr\/wp-json\/wp\/v2\/product\/1691","targetHints":{"allow":["GET"]}}],"collection":[{"href":"https:\/\/apmprint.com\/tr\/wp-json\/wp\/v2\/product"}],"about":[{"href":"https:\/\/apmprint.com\/tr\/wp-json\/wp\/v2\/types\/product"}],"wp:featuredmedia":[{"embeddable":true,"href":"https:\/\/apmprint.com\/tr\/wp-json\/wp\/v2\/media\/1692"}],"wp:attachment":[{"href":"https:\/\/apmprint.com\/tr\/wp-json\/wp\/v2\/media?parent=1691"}],"wp:term":[{"taxonomy":"product_brand","embeddable":true,"href":"https:\/\/apmprint.com\/tr\/wp-json\/wp\/v2\/product_brand?post=1691"},{"taxonomy":"product_cat","embeddable":true,"href":"https:\/\/apmprint.com\/tr\/wp-json\/wp\/v2\/product_cat?post=1691"},{"taxonomy":"product_tag","embeddable":true,"href":"https:\/\/apmprint.com\/tr\/wp-json\/wp\/v2\/product_tag?post=1691"}],"curies":[{"name":"wp","href":"https:\/\/api.w.org\/{rel}","templated":true}]}}