{"id":1701,"date":"2023-12-20T09:28:44","date_gmt":"2023-12-20T09:28:44","guid":{"rendered":"https:\/\/apmprint.com\/?post_type=product&#038;p=1701"},"modified":"2023-12-20T09:31:31","modified_gmt":"2023-12-20T09:31:31","slug":"cap88-1-4-colors-automatic-caps-print-master","status":"publish","type":"product","link":"https:\/\/apmprint.com\/tr\/urun\/cap88-1-4-colors-automatic-caps-print-master\/","title":{"rendered":"CAP88 1-4 renk otomatik kapak bask\u0131 ustas\u0131"},"content":{"rendered":"<p><strong>Uygulama:<\/strong><\/p>\n<p>\u0130\u00e7ecek kapaklar\u0131, \u015farap kapaklar\u0131, ila\u00e7 kapaklar\u0131, ya\u011f kapaklar\u0131<strong>ps<\/strong><\/p>\n<p><strong>\u00a0<\/strong><\/p>\n<p><strong>A\u00e7\u0131klama:<\/strong><\/p>\n<p>Hazne ve mekanik y\u00fckleme sistemi ile otomatik y\u00fckleme<\/p>\n<p>Elektrikli ate\u015fleme ve hava tahliye sistemi ile otomatik alev i\u015fleme<\/p>\n<p>1-4 renk bask\u0131, servo tahrikli kafa<\/p>\n<p>Daha iyi bask\u0131 kalitesi i\u00e7in otomatik ped temizleme<\/p>\n<p>Bask\u0131dan sonra kapaklar\u0131 kurutmak i\u00e7in otomatik \u0131s\u0131tma sistemi<\/p>\n<p>Servo tahrikli konvey\u00f6r, en iyi hassasiyetle Japonya'da \u00fcretilen konvey\u00f6r zinciri<\/p>\n<p>Otomatik bo\u015faltma<\/p>\n<p>\u0130yi in\u015fa edilmi\u015f makine kapatma<\/p>\n<p>CE standard\u0131 ile g\u00fcvenli \u00e7al\u0131\u015fma<\/p>\n<p>PLC kontrol, dokunmatik ekran<\/p>\n<p>&nbsp;<\/p>\n<p><strong>Tech-data<\/strong><\/p>\n<table>\n<tbody>\n<tr>\n<td rowspan=\"4\" width=\"18.6600%\">CAP88<\/td>\n<td width=\"22.0200%\">Plaka boyutu<\/td>\n<td width=\"23.2000%\">1~4 Renk<\/td>\n<td width=\"36.1000%\">Maksimum H\u0131z (adet\/saat)<\/td>\n<\/tr>\n<tr>\n<td rowspan=\"3\" width=\"22.0200%\">200x200mm<\/td>\n<td width=\"23.2000%\">1 renk<\/td>\n<td width=\"36.1000%\">28 mm kapaklar i\u00e7in 45000 adet\/saat<\/td>\n<\/tr>\n<tr>\n<td width=\"23.2000%\">2 renk<\/td>\n<td width=\"36.1000%\">28 mm kapaklar i\u00e7in 30000 adet\/saat<\/td>\n<\/tr>\n<tr>\n<td width=\"23.2000%\">3 veya 4 renk<\/td>\n<td width=\"36.1000%\">28 mm kapaklar i\u00e7in 10000-20000 adet\/saat<\/td>\n<\/tr>\n<\/tbody>\n<\/table>\n<p>&nbsp;<\/p>\n<p><strong>\u00d6rnekler:<\/strong><\/p>\n<p><img loading=\"lazy\" decoding=\"async\" class=\"size-full wp-image-1696\" src=\"http:\/\/apmprint.com\/wp-content\/uploads\/2023\/12\/s-6.jpg\" alt=\"cap42 automatic pad printer for caps (\u590d\u5236)\" width=\"800\" height=\"800\" srcset=\"https:\/\/apmprint.com\/wp-content\/uploads\/2023\/12\/s-6.jpg 800w, https:\/\/apmprint.com\/wp-content\/uploads\/2023\/12\/s-6-300x300.jpg 300w, https:\/\/apmprint.com\/wp-content\/uploads\/2023\/12\/s-6-150x150.jpg 150w, https:\/\/apmprint.com\/wp-content\/uploads\/2023\/12\/s-6-768x768.jpg 768w, https:\/\/apmprint.com\/wp-content\/uploads\/2023\/12\/s-6-12x12.jpg 12w, https:\/\/apmprint.com\/wp-content\/uploads\/2023\/12\/s-6-600x600.jpg 600w, https:\/\/apmprint.com\/wp-content\/uploads\/2023\/12\/s-6-100x100.jpg 100w\" sizes=\"auto, (max-width: 800px) 100vw, 800px\" \/><\/p>","protected":false},"excerpt":{"rendered":"<p><strong>CAP88 Caps Master <\/strong>kapak bask\u0131s\u0131 i\u00e7in tam otomatik bir tampon bask\u0131 sistemidir. Otomatik y\u00fckleme, kapak kilitleme, alev i\u015fleme, bask\u0131, kurutma ve bo\u015faltma ile 1 sistemde birle\u015ftirilmi\u015ftir. Kolay kurulum, h\u0131zl\u0131 ve dayan\u0131kl\u0131 \u00e7al\u0131\u015fma Caps Master'\u0131 kapak bask\u0131s\u0131 i\u00e7in istikrarl\u0131 ve ekonomik bir \u00e7\u00f6z\u00fcm haline getirir.<\/p>","protected":false},"featured_media":1702,"template":"","meta":{"_acf_changed":false,"_seopress_robots_primary_cat":"none","_seopress_titles_title":"","_seopress_titles_desc":"","_seopress_robots_index":""},"product_brand":[],"product_cat":[35],"product_tag":[75,76],"class_list":{"0":"post-1701","1":"product","2":"type-product","3":"status-publish","4":"has-post-thumbnail","6":"product_cat-auto-pad-printer","7":"product_tag-automatic","8":"product_tag-pad-printer","10":"first","11":"instock","12":"shipping-taxable","13":"product-type-simple"},"acf":[],"_links":{"self":[{"href":"https:\/\/apmprint.com\/tr\/wp-json\/wp\/v2\/product\/1701","targetHints":{"allow":["GET"]}}],"collection":[{"href":"https:\/\/apmprint.com\/tr\/wp-json\/wp\/v2\/product"}],"about":[{"href":"https:\/\/apmprint.com\/tr\/wp-json\/wp\/v2\/types\/product"}],"wp:featuredmedia":[{"embeddable":true,"href":"https:\/\/apmprint.com\/tr\/wp-json\/wp\/v2\/media\/1702"}],"wp:attachment":[{"href":"https:\/\/apmprint.com\/tr\/wp-json\/wp\/v2\/media?parent=1701"}],"wp:term":[{"taxonomy":"product_brand","embeddable":true,"href":"https:\/\/apmprint.com\/tr\/wp-json\/wp\/v2\/product_brand?post=1701"},{"taxonomy":"product_cat","embeddable":true,"href":"https:\/\/apmprint.com\/tr\/wp-json\/wp\/v2\/product_cat?post=1701"},{"taxonomy":"product_tag","embeddable":true,"href":"https:\/\/apmprint.com\/tr\/wp-json\/wp\/v2\/product_tag?post=1701"}],"curies":[{"name":"wp","href":"https:\/\/api.w.org\/{rel}","templated":true}]}}