{"id":1704,"date":"2023-12-20T09:39:54","date_gmt":"2023-12-20T09:39:54","guid":{"rendered":"https:\/\/apmprint.com\/?post_type=product&#038;p=1704"},"modified":"2024-01-03T01:33:06","modified_gmt":"2024-01-03T01:33:06","slug":"apm-s1h1a-one-color-screen-printing-and-1-color-hot-stamping-machine-for-flat-products","status":"publish","type":"product","link":"https:\/\/apmprint.com\/tr\/urun\/apm-s1h1a-one-color-screen-printing-and-1-color-hot-stamping-machine-for-flat-products\/","title":{"rendered":"APM-S1H1A yass\u0131 \u00fcr\u00fcnler i\u00e7in tek renk serigrafi ve 1 renk s\u0131cak bask\u0131 makinesi"},"content":{"rendered":"<p><strong>Uygulama:<\/strong><\/p>\n<p>Bu <strong>S<\/strong><strong>1<\/strong><strong>H1<\/strong><strong>A<\/strong>\u00a0serigrafi bask\u0131 ve s\u0131cak damgalama i\u00e7in tasarlanm\u0131\u015ft\u0131r. <strong>kozmeti\u0307k kapaklar <\/strong>y\u00fcksek \u00fcretim h\u0131zlar\u0131nda. \u015eunlar i\u00e7in uygundur <strong>plastik<\/strong>\u00a0<strong>kapak<\/strong><strong>s <\/strong>ile bask\u0131 <strong>UV m\u00fcrekkep<\/strong>. G\u00fcvenilirlik ve h\u0131z <strong>S<\/strong><strong>1<\/strong><strong>H1<\/strong><strong>A <\/strong>off-line veya in-line 7\/24 \u00fcretim i\u00e7in idealdir.<\/p>\n<p>&nbsp;<\/p>\n<p><strong>Teknik veriler:<\/strong><\/p>\n<p>Maksimum bask\u0131 \u00e7ap\u0131: 60mm<\/p>\n<p>(ekstra \u00fccret kar\u015f\u0131l\u0131\u011f\u0131nda daha b\u00fcy\u00fck \u00e7apl\u0131 makine mevcuttur)<\/p>\n<p>Maksimum bask\u0131 h\u0131z\u0131: 2400-3600 adet\/saat<\/p>\n<p>&nbsp;<\/p>\n<p><strong>\u00d6rnekler:<\/strong><\/p>\n<p><img loading=\"lazy\" decoding=\"async\" class=\"size-full wp-image-1706\" src=\"http:\/\/apmprint.com\/wp-content\/uploads\/2023\/12\/s-7.jpg\" alt=\"apm s1h1a one color screen printing and 1 color hot stamping machine for flat products\" width=\"800\" height=\"601\" srcset=\"https:\/\/apmprint.com\/wp-content\/uploads\/2023\/12\/s-7.jpg 800w, https:\/\/apmprint.com\/wp-content\/uploads\/2023\/12\/s-7-300x225.jpg 300w, https:\/\/apmprint.com\/wp-content\/uploads\/2023\/12\/s-7-768x577.jpg 768w, https:\/\/apmprint.com\/wp-content\/uploads\/2023\/12\/s-7-16x12.jpg 16w, https:\/\/apmprint.com\/wp-content\/uploads\/2023\/12\/s-7-600x451.jpg 600w\" sizes=\"auto, (max-width: 800px) 100vw, 800px\" \/><\/p>\n<p>&nbsp;<\/p>","protected":false},"excerpt":{"rendered":"<p><strong>A\u00e7\u0131klama:<\/strong><\/p>\n<ol>\n<li>Kay\u0131\u015f ile otomatik y\u00fckleme<\/li>\n<li>Otomatik alev i\u015flemi<\/li>\n<li>1 i\u015flemde 3 renkli bask\u0131<\/li>\n<li>Y\u00fcksek verimli UV sistemi (3kw), panjurlu UV sistemi<\/li>\n<li>Par\u00e7a yok, yazd\u0131rma i\u015flevi yok<\/li>\n<li>Y\u00fcksek hassasiyetli indeksleyici<\/li>\n<li>Bant ile otomatik bo\u015faltma<\/li>\n<li>CE standartlar\u0131nda g\u00fcvenlik tasar\u0131m\u0131na sahip iyi in\u015fa edilmi\u015f makine dairesi<\/li>\n<li>Dokunmatik ekranl\u0131 PLC kontrol\u00fc<\/li>\n<\/ol>","protected":false},"featured_media":1705,"template":"","meta":{"_acf_changed":false,"_seopress_robots_primary_cat":"none","_seopress_titles_title":"","_seopress_titles_desc":"","_seopress_robots_index":""},"product_brand":[],"product_cat":[34,32],"product_tag":[75,79,78],"class_list":{"0":"post-1704","1":"product","2":"type-product","3":"status-publish","4":"has-post-thumbnail","6":"product_cat-auto-flat-printing-machine","7":"product_cat-auto-screen-print-hot-stamp","8":"product_tag-automatic","9":"product_tag-hot-stamping-machine","10":"product_tag-screen-printer","12":"first","13":"instock","14":"shipping-taxable","15":"product-type-simple"},"acf":[],"_links":{"self":[{"href":"https:\/\/apmprint.com\/tr\/wp-json\/wp\/v2\/product\/1704","targetHints":{"allow":["GET"]}}],"collection":[{"href":"https:\/\/apmprint.com\/tr\/wp-json\/wp\/v2\/product"}],"about":[{"href":"https:\/\/apmprint.com\/tr\/wp-json\/wp\/v2\/types\/product"}],"wp:featuredmedia":[{"embeddable":true,"href":"https:\/\/apmprint.com\/tr\/wp-json\/wp\/v2\/media\/1705"}],"wp:attachment":[{"href":"https:\/\/apmprint.com\/tr\/wp-json\/wp\/v2\/media?parent=1704"}],"wp:term":[{"taxonomy":"product_brand","embeddable":true,"href":"https:\/\/apmprint.com\/tr\/wp-json\/wp\/v2\/product_brand?post=1704"},{"taxonomy":"product_cat","embeddable":true,"href":"https:\/\/apmprint.com\/tr\/wp-json\/wp\/v2\/product_cat?post=1704"},{"taxonomy":"product_tag","embeddable":true,"href":"https:\/\/apmprint.com\/tr\/wp-json\/wp\/v2\/product_tag?post=1704"}],"curies":[{"name":"wp","href":"https:\/\/api.w.org\/{rel}","templated":true}]}}