{"id":1713,"date":"2023-12-20T10:00:26","date_gmt":"2023-12-20T10:00:26","guid":{"rendered":"https:\/\/apmprint.com\/?post_type=product&#038;p=1713"},"modified":"2023-12-20T10:15:56","modified_gmt":"2023-12-20T10:15:56","slug":"ss106sh-automatic-servo-screen-printing-and-hot-stamping-machine","status":"publish","type":"product","link":"https:\/\/apmprint.com\/tr\/urun\/ss106sh-automatic-servo-screen-printing-and-hot-stamping-machine\/","title":{"rendered":"SS106SH Otomatik servo serigrafi ve s\u0131cak bask\u0131 makinesi"},"content":{"rendered":"<p><strong>Uygulama:<\/strong><\/p>\n<p>\u015farap kapaklar\u0131<\/p>\n<p>&nbsp;<\/p>\n<p><strong>A\u00e7\u0131klama:<\/strong><\/p>\n<ol>\n<li>Tam otomatik y\u00fckleme sistemi.<\/li>\n<li>Otomatik alev i\u015flemi<\/li>\n<li>Toz temizli\u011fi<\/li>\n<li>En iyi hassasiyete sahip t\u00fcm servo tahrikli ekran yaz\u0131c\u0131 \/ s\u0131cak damgalama:<\/li>\n<\/ol>\n<p>*Servo motorlar taraf\u0131ndan tahrik edilen \u00f6rg\u00fc \u00e7er\u00e7eveler<\/p>\n<p>*D\u00f6nd\u00fcrme i\u00e7in servo motorlarla donat\u0131lm\u0131\u015f t\u00fcm aparatlar (di\u015flilere gerek yok, kolay ve h\u0131zl\u0131 \u00fcr\u00fcn de\u011fi\u015fimi)<\/p>\n<ol start=\"6\">\n<li>kapak \u00fcst\u00fc damgalama ile 1 i\u015flemde \u00e7ok renkli bask\u0131<\/li>\n<li>Kamera g\u00f6r\u00fc\u015f sistemi (CCD) <strong>iste\u011fe ba\u011fl\u0131<\/strong>: Kay\u0131t noktas\u0131 olmayan silindirik \u00fcr\u00fcnler i\u00e7in, bask\u0131y\u0131 \u00e7ift renk olacak \u015fekilde tekrarlay\u0131n.<\/li>\n<li>Bir \u00fcr\u00fcnden di\u011ferine h\u0131zl\u0131 ve kolay ge\u00e7i\u015f. T\u00fcm parametreler sadece dokunmatik ekranda otomatik olarak ayarlan\u0131r.<\/li>\n<li>Her renkli bask\u0131dan sonra otomatik UV kurutma veya LED kurutma.<\/li>\n<li>Otomatik bo\u015faltma.<\/li>\n<li>CE standart g\u00fcvenlik tasar\u0131m\u0131na sahip iyi in\u015fa edilmi\u015f makine evi.<\/li>\n<\/ol>\n<p>&nbsp;<\/p>\n<p><strong>A\u00e7\u0131klamalar:<\/strong><\/p>\n<p>Dil: \u00c7ince, \u0130ngilizce ve iste\u011fe ba\u011fl\u0131 yerel dil.<\/p>\n<p>Al\u0131c\u0131, panellerin yerel dile \u00e7evrilmesine yard\u0131mc\u0131 olacakt\u0131r<\/p>\n<p>&nbsp;<\/p>\n<p><strong>Tech-data<\/strong><\/p>\n<table>\n<tbody>\n<tr>\n<td width=\"207\">Parametre\/\u00d6\u011fe<\/td>\n<td width=\"321\">SS106<\/td>\n<\/tr>\n<tr>\n<td width=\"207\">g\u00fc\u00e7<\/td>\n<td width=\"321\">380V, 3P 50\/60Hz<\/td>\n<\/tr>\n<tr>\n<td width=\"207\">Hava t\u00fcketimi<\/td>\n<td width=\"321\">6-8bar<\/td>\n<\/tr>\n<tr>\n<td width=\"207\">Maksimum Bask\u0131 H\u0131z\u0131<\/td>\n<td width=\"321\">40-60 adet\/dk (damga\/lacker h\u0131z\u0131 ile daha yava\u015ft\u0131r, sadece serigrafi daha y\u00fcksek h\u0131zdad\u0131r).<\/td>\n<\/tr>\n<tr>\n<td width=\"207\">Maks. bask\u0131 \u00c7ap\u0131.<\/td>\n<td width=\"321\">40mm<\/td>\n<\/tr>\n<tr>\n<td width=\"207\">Maks. bask\u0131 durumu<\/td>\n<td width=\"321\">120 mm<\/td>\n<\/tr>\n<tr>\n<td width=\"207\">Maks. \u00fcr\u00fcn y\u00fcksekli\u011fi<\/td>\n<td width=\"321\">70 mm<\/td>\n<\/tr>\n<\/tbody>\n<\/table>\n<p><strong>\u00a0\u00a0<\/strong><\/p>\n<p><strong><b>ANA PAR\u00c7A MARKASI<\/b><\/strong><\/p>\n<table>\n<tbody>\n<tr>\n<td><strong><b>KONTROL SI\u0307STEMLERI\u0307<\/b><\/strong><\/td>\n<td>YASKAMA PLC<\/td>\n<td>JAPONYA<\/td>\n<\/tr>\n<tr>\n<td><strong><b>DOKUNMAT\u0130K EKRAN <\/b><\/strong><\/td>\n<td>WEINVIEW<\/td>\n<td>TAYVAN<\/td>\n<\/tr>\n<tr>\n<td><strong><b>SERVO S\u0130STEMLER\u0130<\/b><\/strong><\/td>\n<td>YASKAMA<\/td>\n<td>JAPONYA<\/td>\n<\/tr>\n<tr>\n<td><strong><b>\u0130NDEKS<\/b><\/strong><\/td>\n<td>\u0130NDEKS<\/td>\n<td>JAPONYA<\/td>\n<\/tr>\n<tr>\n<td><strong><b>ELEKTRI\u0307K PAR\u00c7ALARI<\/b><\/strong><\/td>\n<td>OMRON\/SCHNEIDER<\/td>\n<td>JAPONYA\/FRANSA<\/td>\n<\/tr>\n<tr>\n<td><strong><b>PN\u00d6MATI\u0307K PAR\u00c7ALAR<\/b><\/strong><\/td>\n<td>SMC\/AIRTAC<\/td>\n<td>JAPONYA\/Tayvan<\/td>\n<\/tr>\n<\/tbody>\n<\/table>\n<p><strong><b>\u00a0<\/b><\/strong><\/p>\n<p><strong>\u00d6rnekler:<\/strong><\/p>\n<p><img loading=\"lazy\" decoding=\"async\" class=\"size-full wp-image-1715\" src=\"http:\/\/apmprint.com\/wp-content\/uploads\/2023\/12\/s-9.jpg\" alt=\"ss106sh automatic servo screen printing and hot stamping machine\" width=\"800\" height=\"551\" srcset=\"https:\/\/apmprint.com\/wp-content\/uploads\/2023\/12\/s-9.jpg 800w, https:\/\/apmprint.com\/wp-content\/uploads\/2023\/12\/s-9-300x207.jpg 300w, https:\/\/apmprint.com\/wp-content\/uploads\/2023\/12\/s-9-768x529.jpg 768w, https:\/\/apmprint.com\/wp-content\/uploads\/2023\/12\/s-9-18x12.jpg 18w, https:\/\/apmprint.com\/wp-content\/uploads\/2023\/12\/s-9-600x413.jpg 600w\" sizes=\"auto, (max-width: 800px) 100vw, 800px\" \/><\/p>\n<p>&nbsp;<\/p>","protected":false},"excerpt":{"rendered":"<p><strong>Uygulama:<\/strong><\/p>\n<p>\u015farap kapaklar\u0131<\/p>","protected":false},"featured_media":1716,"template":"","meta":{"_acf_changed":false,"_seopress_robots_primary_cat":"none","_seopress_titles_title":"","_seopress_titles_desc":"","_seopress_robots_index":""},"product_brand":[],"product_cat":[32],"product_tag":[75,79,78],"class_list":{"0":"post-1713","1":"product","2":"type-product","3":"status-publish","4":"has-post-thumbnail","6":"product_cat-auto-screen-print-hot-stamp","7":"product_tag-automatic","8":"product_tag-hot-stamping-machine","9":"product_tag-screen-printer","11":"first","12":"instock","13":"shipping-taxable","14":"product-type-simple"},"acf":[],"_links":{"self":[{"href":"https:\/\/apmprint.com\/tr\/wp-json\/wp\/v2\/product\/1713","targetHints":{"allow":["GET"]}}],"collection":[{"href":"https:\/\/apmprint.com\/tr\/wp-json\/wp\/v2\/product"}],"about":[{"href":"https:\/\/apmprint.com\/tr\/wp-json\/wp\/v2\/types\/product"}],"wp:featuredmedia":[{"embeddable":true,"href":"https:\/\/apmprint.com\/tr\/wp-json\/wp\/v2\/media\/1716"}],"wp:attachment":[{"href":"https:\/\/apmprint.com\/tr\/wp-json\/wp\/v2\/media?parent=1713"}],"wp:term":[{"taxonomy":"product_brand","embeddable":true,"href":"https:\/\/apmprint.com\/tr\/wp-json\/wp\/v2\/product_brand?post=1713"},{"taxonomy":"product_cat","embeddable":true,"href":"https:\/\/apmprint.com\/tr\/wp-json\/wp\/v2\/product_cat?post=1713"},{"taxonomy":"product_tag","embeddable":true,"href":"https:\/\/apmprint.com\/tr\/wp-json\/wp\/v2\/product_tag?post=1713"}],"curies":[{"name":"wp","href":"https:\/\/api.w.org\/{rel}","templated":true}]}}