{"id":1737,"date":"2023-12-21T02:44:21","date_gmt":"2023-12-21T02:44:21","guid":{"rendered":"https:\/\/apmprint.com\/?post_type=product&#038;p=1737"},"modified":"2023-12-21T02:53:07","modified_gmt":"2023-12-21T02:53:07","slug":"h104-hot-stamping-machine-for-cap-lines","status":"publish","type":"product","link":"https:\/\/apmprint.com\/tr\/urun\/h104-hot-stamping-machine-for-cap-lines\/","title":{"rendered":"Kapak hatlar\u0131 i\u00e7in H104 S\u0131cak Bask\u0131 Makinesi"},"content":{"rendered":"<p><strong>Uygulama:<\/strong><\/p>\n<p>Her t\u00fcrl\u00fc d\u00fczenli veya d\u00fczensiz \u015fekilli plastik kapaklar, yuvarlak ve oval, d\u00fcz, konik, \u00e7ok y\u00fczl\u00fc<\/p>\n<p>vb.<strong><b>\u00a0<\/b><\/strong><\/p>\n<p>&nbsp;<\/p>\n<p><strong>Teknik veriler:<\/strong><\/p>\n<table>\n<tbody>\n<tr>\n<td width=\"48.9000%\">Tech-data<\/td>\n<td width=\"51.1000%\">H104<\/td>\n<\/tr>\n<tr>\n<td width=\"48.9000%\">Maks. \u00c7ap<\/td>\n<td width=\"51.1000%\">80 mm<\/td>\n<\/tr>\n<tr>\n<td width=\"48.9000%\">Makara Geni\u015fli\u011fi<\/td>\n<td width=\"51.1000%\">55 mm<\/td>\n<\/tr>\n<tr>\n<td width=\"48.9000%\">Bask\u0131 geni\u015fli\u011fi<\/td>\n<td width=\"51.1000%\">0-20mm<\/td>\n<\/tr>\n<tr>\n<td width=\"48.9000%\">Bask\u0131 h\u0131z\u0131<\/td>\n<td width=\"51.1000%\">1200-2500 adet\/saat<\/td>\n<\/tr>\n<tr>\n<td width=\"48.9000%\">G\u00fc\u00e7<\/td>\n<td width=\"51.1000%\">220\/110V 640W<\/td>\n<\/tr>\n<tr>\n<td width=\"48.9000%\">Hava t\u00fcketimi<\/td>\n<td width=\"51.1000%\">5-7bar<\/td>\n<\/tr>\n<tr>\n<td width=\"48.9000%\">boyut<\/td>\n<td width=\"51.1000%\">600x500x1150mm (l*w*h)<\/td>\n<\/tr>\n<tr>\n<td width=\"48.9000%\">Net A\u011f\u0131rl\u0131k<\/td>\n<td width=\"51.1000%\">120kgs<\/td>\n<\/tr>\n<\/tbody>\n<\/table>\n<p><strong>\u00d6rnekler:<\/strong><\/p>\n<p><img loading=\"lazy\" decoding=\"async\" class=\"size-full wp-image-1738\" src=\"http:\/\/apmprint.com\/wp-content\/uploads\/2023\/12\/s-12.jpg\" alt=\"h104 hot stamping machine for cap lines\" width=\"800\" height=\"283\" srcset=\"https:\/\/apmprint.com\/wp-content\/uploads\/2023\/12\/s-12.jpg 800w, https:\/\/apmprint.com\/wp-content\/uploads\/2023\/12\/s-12-300x106.jpg 300w, https:\/\/apmprint.com\/wp-content\/uploads\/2023\/12\/s-12-768x272.jpg 768w, https:\/\/apmprint.com\/wp-content\/uploads\/2023\/12\/s-12-18x6.jpg 18w, https:\/\/apmprint.com\/wp-content\/uploads\/2023\/12\/s-12-600x212.jpg 600w\" sizes=\"auto, (max-width: 800px) 100vw, 800px\" \/><\/p>\n<p>&nbsp;<\/p>","protected":false},"excerpt":{"rendered":"<p><strong>A\u00e7\u0131klama:<\/strong><\/p>\n<ol>\n<li>Profesyonel tasar\u0131m, basit yap\u0131, kolay ayarlama, kolay kullan\u0131m.<\/li>\n<li>Esnek bask\u0131 kafas\u0131 ve tutma ekseni nesnelerin \u015fekline g\u00f6re hareket ettirilebilir, bu da makinenin yuvarlak, d\u00fcz, oval ve \u00e7ok y\u00fczl\u00fc par\u00e7alar gibi \u00e7e\u015fitli \u015fekillerde par\u00e7alar basmas\u0131na olanak tan\u0131r.<\/li>\n<li>G\u00fczel bask\u0131 kalitesi: iyi orant\u0131l\u0131, y\u00fcksek parlakl\u0131k, ba\u011flant\u0131 izi yok ve d\u00fc\u015f\u00fck fire oran\u0131.<\/li>\n<li>K\u00fc\u00e7\u00fck boyutlu, g\u00fczel \u015fekilli, hafif ve sa\u011flam.<\/li>\n<li>Silindir ileri geri ayarlanabilir ve yatay y\u00f6nden k\u00fc\u00e7\u00fck bir a\u00e7\u0131ya sahip olabilir.<\/li>\n<\/ol>","protected":false},"featured_media":1739,"template":"","meta":{"_acf_changed":false,"_seopress_robots_primary_cat":"none","_seopress_titles_title":"","_seopress_titles_desc":"","_seopress_robots_index":""},"product_brand":[],"product_cat":[39],"product_tag":[83,79,84,70],"class_list":{"0":"post-1737","1":"product","2":"type-product","3":"status-publish","4":"has-post-thumbnail","6":"product_cat-semi-auto-hot-stamping-machine","7":"product_tag-cap","8":"product_tag-hot-stamping-machine","9":"product_tag-jar","10":"product_tag-semi-auto","12":"first","13":"instock","14":"shipping-taxable","15":"product-type-simple"},"acf":[],"_links":{"self":[{"href":"https:\/\/apmprint.com\/tr\/wp-json\/wp\/v2\/product\/1737","targetHints":{"allow":["GET"]}}],"collection":[{"href":"https:\/\/apmprint.com\/tr\/wp-json\/wp\/v2\/product"}],"about":[{"href":"https:\/\/apmprint.com\/tr\/wp-json\/wp\/v2\/types\/product"}],"wp:featuredmedia":[{"embeddable":true,"href":"https:\/\/apmprint.com\/tr\/wp-json\/wp\/v2\/media\/1739"}],"wp:attachment":[{"href":"https:\/\/apmprint.com\/tr\/wp-json\/wp\/v2\/media?parent=1737"}],"wp:term":[{"taxonomy":"product_brand","embeddable":true,"href":"https:\/\/apmprint.com\/tr\/wp-json\/wp\/v2\/product_brand?post=1737"},{"taxonomy":"product_cat","embeddable":true,"href":"https:\/\/apmprint.com\/tr\/wp-json\/wp\/v2\/product_cat?post=1737"},{"taxonomy":"product_tag","embeddable":true,"href":"https:\/\/apmprint.com\/tr\/wp-json\/wp\/v2\/product_tag?post=1737"}],"curies":[{"name":"wp","href":"https:\/\/api.w.org\/{rel}","templated":true}]}}