{"id":1740,"date":"2023-12-21T02:55:34","date_gmt":"2023-12-21T02:55:34","guid":{"rendered":"https:\/\/apmprint.com\/?post_type=product&#038;p=1740"},"modified":"2023-12-21T03:33:52","modified_gmt":"2023-12-21T03:33:52","slug":"h200-250-400-2t-hot-stamping-machine-with-2t-pressure","status":"publish","type":"product","link":"https:\/\/apmprint.com\/tr\/urun\/h200-250-400-2t-hot-stamping-machine-with-2t-pressure\/","title":{"rendered":"H200\/250-2T 2T bas\u0131n\u00e7l\u0131 S\u0131cak Bask\u0131 Makinesi"},"content":{"rendered":"<p><strong>Teknik veriler:<\/strong><\/p>\n<table>\n<tbody>\n<tr>\n<td width=\"181\">Model<\/td>\n<td width=\"98\">H200\/H200S<\/td>\n<td width=\"72\">H200FR<\/td>\n<td width=\"98\">H250\/H250S<\/td>\n<td width=\"72\">H250FR<\/td>\n<\/tr>\n<tr>\n<td width=\"181\">Maksimum damgalama alan\u0131<\/td>\n<td colspan=\"2\" width=\"170\">150&#215;200<\/td>\n<td colspan=\"2\" width=\"170\">200&#215;250<\/td>\n<\/tr>\n<tr>\n<td width=\"181\">\u00c7al\u0131\u015fma Masas\u0131 Boyutu<\/td>\n<td width=\"98\">200&#215;250<\/td>\n<td width=\"72\">200&#215;200<\/td>\n<td width=\"98\">250&#215;300<\/td>\n<td width=\"72\">200&#215;250<\/td>\n<\/tr>\n<tr>\n<td width=\"181\">Damgalama Kafas\u0131 Stroku<\/td>\n<td colspan=\"4\" width=\"341\">50<\/td>\n<\/tr>\n<tr>\n<td width=\"181\">Maks. makale Y\u00fcksekli\u011fi<\/td>\n<td colspan=\"4\" width=\"341\">235<\/td>\n<\/tr>\n<tr>\n<td width=\"181\">S\u0131cakl\u0131k<\/td>\n<td colspan=\"4\" width=\"341\">Oda S\u0131cakl\u0131\u011f\u0131 ~ 280 \u2103<\/td>\n<\/tr>\n<tr>\n<td width=\"181\">Damgalama Bas\u0131nc\u0131<\/td>\n<td colspan=\"4\" width=\"341\">\u2264500kgf<\/td>\n<\/tr>\n<tr>\n<td width=\"181\">Maks. Damgalama H\u0131z\u0131<\/td>\n<td width=\"98\">1300<\/td>\n<td width=\"72\">1000<\/td>\n<td width=\"98\">1300<\/td>\n<td width=\"72\">1000<\/td>\n<\/tr>\n<tr>\n<td width=\"181\">Hava Bas\u0131nc\u0131<\/td>\n<td colspan=\"4\" width=\"341\">5-7 bar<\/td>\n<\/tr>\n<tr>\n<td width=\"181\">G\u00fc\u00e7 Kayna\u011f\u0131<\/td>\n<td colspan=\"4\" width=\"341\">220V 60Hz\/50Hz<\/td>\n<\/tr>\n<\/tbody>\n<\/table>\n<p><strong>\u00a0<\/strong><\/p>\n<p>Damgalama bas\u0131nc\u0131:<\/p>\n<p>H200\/250: 500kgs<\/p>\n<p>H200\/250\/400-2T: 2000kgs<\/p>\n<p>&nbsp;<\/p>\n<p><strong>\u00d6rnekler:<\/strong><\/p>\n<p><img loading=\"lazy\" decoding=\"async\" class=\"size-full wp-image-1738\" src=\"http:\/\/apmprint.com\/wp-content\/uploads\/2023\/12\/s-12.jpg\" alt=\"h104 hot stamping machine for cap lines\" width=\"800\" height=\"283\" srcset=\"https:\/\/apmprint.com\/wp-content\/uploads\/2023\/12\/s-12.jpg 800w, https:\/\/apmprint.com\/wp-content\/uploads\/2023\/12\/s-12-300x106.jpg 300w, https:\/\/apmprint.com\/wp-content\/uploads\/2023\/12\/s-12-768x272.jpg 768w, https:\/\/apmprint.com\/wp-content\/uploads\/2023\/12\/s-12-18x6.jpg 18w, https:\/\/apmprint.com\/wp-content\/uploads\/2023\/12\/s-12-600x212.jpg 600w\" sizes=\"auto, (max-width: 800px) 100vw, 800px\" \/><\/p>\n<p>&nbsp;<\/p>","protected":false},"excerpt":{"rendered":"<p>A\u00e7\u0131klama\uff1a<br \/>\n1. Krank tasar\u0131m\u0131, g\u00fc\u00e7l\u00fc bas\u0131n\u00e7 ve d\u00fc\u015f\u00fck hava t\u00fcketimi.<br \/>\n2. Damgalama bas\u0131nc\u0131, s\u0131cakl\u0131\u011f\u0131 ve h\u0131z\u0131 ayarlanabilir.<br \/>\n3. \u00c7al\u0131\u015fma masas\u0131, g\u00fcvenli \u00e7al\u0131\u015fma i\u00e7in manuel olarak i\u00e7eri ve d\u0131\u015far\u0131 itilebilir.<br \/>\n4. \u00c7al\u0131\u015fma masas\u0131 sola\/sa\u011fa, \u00f6ne\/arkaya ve a\u00e7\u0131ya ayarlanabilir.<br \/>\n5. Ayarlanabilir fonksiyon ile otomatik folyo besleme ve sarma.<br \/>\n6. Damgalama kafas\u0131n\u0131n y\u00fcksekli\u011fi ayarlanabilir.<br \/>\n7. Yuvarlak \u00fcr\u00fcn damgalama i\u00e7in di\u015fli ve rafl\u0131 \u00e7al\u0131\u015fma masas\u0131 meki\u011fi.<br \/>\n8. Elektrik, kozmetik, m\u00fccevher paketi, oyuncak y\u00fczey dekorasyonu i\u00e7in yayg\u0131n olarak kullan\u0131lmaktad\u0131r.<\/p>","protected":false},"featured_media":1741,"template":"","meta":{"_acf_changed":false,"_seopress_robots_primary_cat":"none","_seopress_titles_title":"","_seopress_titles_desc":"","_seopress_robots_index":""},"product_brand":[],"product_cat":[39],"product_tag":[83,79,84,70],"class_list":{"0":"post-1740","1":"product","2":"type-product","3":"status-publish","4":"has-post-thumbnail","6":"product_cat-semi-auto-hot-stamping-machine","7":"product_tag-cap","8":"product_tag-hot-stamping-machine","9":"product_tag-jar","10":"product_tag-semi-auto","12":"first","13":"instock","14":"shipping-taxable","15":"product-type-simple"},"acf":[],"_links":{"self":[{"href":"https:\/\/apmprint.com\/tr\/wp-json\/wp\/v2\/product\/1740","targetHints":{"allow":["GET"]}}],"collection":[{"href":"https:\/\/apmprint.com\/tr\/wp-json\/wp\/v2\/product"}],"about":[{"href":"https:\/\/apmprint.com\/tr\/wp-json\/wp\/v2\/types\/product"}],"wp:featuredmedia":[{"embeddable":true,"href":"https:\/\/apmprint.com\/tr\/wp-json\/wp\/v2\/media\/1741"}],"wp:attachment":[{"href":"https:\/\/apmprint.com\/tr\/wp-json\/wp\/v2\/media?parent=1740"}],"wp:term":[{"taxonomy":"product_brand","embeddable":true,"href":"https:\/\/apmprint.com\/tr\/wp-json\/wp\/v2\/product_brand?post=1740"},{"taxonomy":"product_cat","embeddable":true,"href":"https:\/\/apmprint.com\/tr\/wp-json\/wp\/v2\/product_cat?post=1740"},{"taxonomy":"product_tag","embeddable":true,"href":"https:\/\/apmprint.com\/tr\/wp-json\/wp\/v2\/product_tag?post=1740"}],"curies":[{"name":"wp","href":"https:\/\/api.w.org\/{rel}","templated":true}]}}