{"id":1744,"date":"2023-12-21T03:20:52","date_gmt":"2023-12-21T03:20:52","guid":{"rendered":"https:\/\/apmprint.com\/?post_type=product&#038;p=1744"},"modified":"2023-12-21T03:27:18","modified_gmt":"2023-12-21T03:27:18","slug":"h200fr-flat-round-hot-stamping-machine","status":"publish","type":"product","link":"https:\/\/apmprint.com\/tr\/urun\/h200fr-flat-round-hot-stamping-machine\/","title":{"rendered":"H200FR D\u00fcz\/Yuvarlak S\u0131cak Bask\u0131 Makinesi"},"content":{"rendered":"<p><strong>Teknik veriler:<\/strong><\/p>\n<table>\n<tbody>\n<tr>\n<td width=\"211\">Model<\/td>\n<td width=\"242\">H200FR<\/td>\n<\/tr>\n<tr>\n<td width=\"211\">Maksimum damgalama alan\u0131<\/td>\n<td width=\"242\">100x200mm<\/td>\n<\/tr>\n<tr>\n<td width=\"211\">Maks. \u00c7ap<\/td>\n<td width=\"242\">50mm<\/td>\n<\/tr>\n<tr>\n<td width=\"211\">\u00c7al\u0131\u015fma Masas\u0131 Boyutu<\/td>\n<td width=\"242\">180x200mm<\/td>\n<\/tr>\n<tr>\n<td width=\"211\">Damgalama Kafas\u0131 Stroku<\/td>\n<td width=\"242\">75 mm<\/td>\n<\/tr>\n<tr>\n<td width=\"211\">Maks. makale Y\u00fcksekli\u011fi<\/td>\n<td width=\"242\">100 mm<\/td>\n<\/tr>\n<tr>\n<td width=\"211\">S\u0131cakl\u0131k<\/td>\n<td width=\"242\">Oda S\u0131cakl\u0131\u011f\u0131 ~ 280 \u2103<\/td>\n<\/tr>\n<tr>\n<td width=\"211\">Maks. bask\u0131 h\u0131z\u0131<\/td>\n<td width=\"242\">1000 adet\/saat<\/td>\n<\/tr>\n<tr>\n<td width=\"211\">Hava Bas\u0131nc\u0131<\/td>\n<td width=\"242\">5-7 bar<\/td>\n<\/tr>\n<tr>\n<td width=\"211\">Makine a\u011f\u0131rl\u0131\u011f\u0131<\/td>\n<td width=\"242\">260kgs<\/td>\n<\/tr>\n<tr>\n<td width=\"211\">Br\u00fct a\u011f\u0131rl\u0131k<\/td>\n<td width=\"242\">300kgs<\/td>\n<\/tr>\n<tr>\n<td width=\"211\">Makine boyutu<\/td>\n<td width=\"242\">105x72x160cm<\/td>\n<\/tr>\n<tr>\n<td width=\"211\">Ambalaj boyutu<\/td>\n<td width=\"242\">110x90x190cm<\/td>\n<\/tr>\n<tr>\n<td width=\"211\">G\u00fc\u00e7 Kayna\u011f\u0131<\/td>\n<td width=\"242\">220V 60Hz\/50Hz 2.5KW<\/td>\n<\/tr>\n<\/tbody>\n<\/table>\n<p>&nbsp;<\/p>\n<p><strong>\u00d6rnekler:<\/strong><\/p>\n<p><img loading=\"lazy\" decoding=\"async\" class=\"size-full wp-image-1745\" src=\"http:\/\/apmprint.com\/wp-content\/uploads\/2023\/12\/s-13.jpg\" alt=\"h200fr flat\/round\u00a0hot stamping machine\" width=\"800\" height=\"525\" srcset=\"https:\/\/apmprint.com\/wp-content\/uploads\/2023\/12\/s-13.jpg 800w, https:\/\/apmprint.com\/wp-content\/uploads\/2023\/12\/s-13-300x197.jpg 300w, https:\/\/apmprint.com\/wp-content\/uploads\/2023\/12\/s-13-768x504.jpg 768w, https:\/\/apmprint.com\/wp-content\/uploads\/2023\/12\/s-13-18x12.jpg 18w, https:\/\/apmprint.com\/wp-content\/uploads\/2023\/12\/s-13-600x394.jpg 600w\" sizes=\"auto, (max-width: 800px) 100vw, 800px\" \/><\/p>\n<p>&nbsp;<\/p>","protected":false},"excerpt":{"rendered":"<p>A\u00e7\u0131klama:<br \/>\n1. Damgalama bas\u0131nc\u0131, s\u0131cakl\u0131\u011f\u0131 ve h\u0131z\u0131 ayarlanabilir.<br \/>\n2. Ya\u011f silindiri kontrol \u00e7al\u0131\u015fma masas\u0131 sol-sa\u011f.<br \/>\n3. XYR ayarl\u0131 \u00e7al\u0131\u015fma masas\u0131.<br \/>\n4. Otomatik folyo besleme ve sarma.<br \/>\n5. Damgalama kafas\u0131n\u0131n y\u00fcksekli\u011fi ayarlanabilir.<br \/>\n6. Basma gecikme s\u00fcresi, sarma gecikme s\u00fcresi ayarlanabilir<\/p>","protected":false},"featured_media":1746,"template":"","meta":{"_acf_changed":false,"_seopress_robots_primary_cat":"none","_seopress_titles_title":"","_seopress_titles_desc":"","_seopress_robots_index":""},"product_brand":[],"product_cat":[39],"product_tag":[83,79,84,70],"class_list":{"0":"post-1744","1":"product","2":"type-product","3":"status-publish","4":"has-post-thumbnail","6":"product_cat-semi-auto-hot-stamping-machine","7":"product_tag-cap","8":"product_tag-hot-stamping-machine","9":"product_tag-jar","10":"product_tag-semi-auto","12":"first","13":"instock","14":"shipping-taxable","15":"product-type-simple"},"acf":[],"_links":{"self":[{"href":"https:\/\/apmprint.com\/tr\/wp-json\/wp\/v2\/product\/1744","targetHints":{"allow":["GET"]}}],"collection":[{"href":"https:\/\/apmprint.com\/tr\/wp-json\/wp\/v2\/product"}],"about":[{"href":"https:\/\/apmprint.com\/tr\/wp-json\/wp\/v2\/types\/product"}],"wp:featuredmedia":[{"embeddable":true,"href":"https:\/\/apmprint.com\/tr\/wp-json\/wp\/v2\/media\/1746"}],"wp:attachment":[{"href":"https:\/\/apmprint.com\/tr\/wp-json\/wp\/v2\/media?parent=1744"}],"wp:term":[{"taxonomy":"product_brand","embeddable":true,"href":"https:\/\/apmprint.com\/tr\/wp-json\/wp\/v2\/product_brand?post=1744"},{"taxonomy":"product_cat","embeddable":true,"href":"https:\/\/apmprint.com\/tr\/wp-json\/wp\/v2\/product_cat?post=1744"},{"taxonomy":"product_tag","embeddable":true,"href":"https:\/\/apmprint.com\/tr\/wp-json\/wp\/v2\/product_tag?post=1744"}],"curies":[{"name":"wp","href":"https:\/\/api.w.org\/{rel}","templated":true}]}}