{"id":1754,"date":"2023-12-21T03:40:28","date_gmt":"2023-12-21T03:40:28","guid":{"rendered":"https:\/\/apmprint.com\/?post_type=product&#038;p=1754"},"modified":"2023-12-21T03:47:41","modified_gmt":"2023-12-21T03:47:41","slug":"160-90s2-2-color-ink-cup-pad-printer-with-shuttle","status":"publish","type":"product","link":"https:\/\/apmprint.com\/tr\/urun\/160-90s2-2-color-ink-cup-pad-printer-with-shuttle\/","title":{"rendered":"160-90S2 Mekikli 2 renkli m\u00fcrekkepli tampon yaz\u0131c\u0131"},"content":{"rendered":"<p><strong>Se\u00e7enekler:<\/strong><\/p>\n<ol>\n<li>M\u00fcrekkep tepsisini a\u00e7\u0131n<\/li>\n<li>Otomatik ped temizleme<\/li>\n<li>S\u0131cak hava kurutucu<\/li>\n<li>Motor tahrikli indeksleme tablas\u0131<\/li>\n<li>Otomatik alev i\u015flemi<\/li>\n<li>Ba\u011f\u0131ms\u0131z pedler yukar\u0131\/a\u015fa\u011f\u0131<\/li>\n<\/ol>\n<p>&nbsp;<\/p>\n<p><strong>Teknik veriler:<\/strong><\/p>\n<table>\n<tbody>\n<tr>\n<td width=\"47.7800%\">M\u00fcrekkep kab\u0131 \u00e7ap\u0131<\/td>\n<td width=\"52.2200%\">90mm<\/td>\n<\/tr>\n<tr>\n<td width=\"47.7800%\">Kal\u0131n\/ince\/plaka boyutu<\/td>\n<td width=\"52.2200%\">100*200mm<\/td>\n<\/tr>\n<tr>\n<td width=\"47.7800%\">Maks. bask\u0131 boyutu (\u00c7ap)<\/td>\n<td width=\"52.2200%\">88 mm<\/td>\n<\/tr>\n<tr>\n<td width=\"47.7800%\">Ped \u00f6n-arka vuru\u015fu<\/td>\n<td width=\"52.2200%\">160 mm<\/td>\n<\/tr>\n<tr>\n<td width=\"47.7800%\">Ped yukar\u0131-a\u015fa\u011f\u0131 stroku<\/td>\n<td width=\"52.2200%\">80 mm<\/td>\n<\/tr>\n<tr>\n<td width=\"47.7800%\">Servo mekik stroku (Mitsubishi 400W)<\/td>\n<td width=\"52.2200%\">125 mm<\/td>\n<\/tr>\n<tr>\n<td width=\"47.7800%\">Maks. bask\u0131 h\u0131z\u0131<\/td>\n<td width=\"52.2200%\">1200 adet\/saat<\/td>\n<\/tr>\n<tr>\n<td width=\"47.7800%\">G\u00fc\u00e7<\/td>\n<td width=\"52.2200%\">110V\/220V 60\/50Hz 450W 6bar<\/td>\n<\/tr>\n<tr>\n<td width=\"47.7800%\">Net a\u011f\u0131rl\u0131k<\/td>\n<td width=\"52.2200%\">110kgs<\/td>\n<\/tr>\n<tr>\n<td width=\"47.7800%\">\u00d6l\u00e7\u00fcm<\/td>\n<td width=\"52.2200%\">800x520x1430mm\uff08L*W*H\uff09<\/td>\n<\/tr>\n<tr>\n<td width=\"47.7800%\">Br\u00fct a\u011f\u0131rl\u0131k<\/td>\n<td width=\"52.2200%\">140kgs<\/td>\n<\/tr>\n<\/tbody>\n<\/table>\n<p>&nbsp;<\/p>\n<p><strong>\u00d6rnekler:<\/strong><\/p>\n<p><img loading=\"lazy\" decoding=\"async\" class=\"size-full wp-image-1689\" src=\"http:\/\/apmprint.com\/wp-content\/uploads\/2023\/12\/s-5.jpg\" alt=\"cap11 automatic cap printing system (\u590d\u5236)\" width=\"800\" height=\"800\" srcset=\"https:\/\/apmprint.com\/wp-content\/uploads\/2023\/12\/s-5.jpg 800w, https:\/\/apmprint.com\/wp-content\/uploads\/2023\/12\/s-5-300x300.jpg 300w, https:\/\/apmprint.com\/wp-content\/uploads\/2023\/12\/s-5-150x150.jpg 150w, https:\/\/apmprint.com\/wp-content\/uploads\/2023\/12\/s-5-768x768.jpg 768w, https:\/\/apmprint.com\/wp-content\/uploads\/2023\/12\/s-5-12x12.jpg 12w, https:\/\/apmprint.com\/wp-content\/uploads\/2023\/12\/s-5-600x600.jpg 600w, https:\/\/apmprint.com\/wp-content\/uploads\/2023\/12\/s-5-100x100.jpg 100w\" sizes=\"auto, (max-width: 800px) 100vw, 800px\" \/><\/p>\n<p>&nbsp;<\/p>","protected":false},"excerpt":{"rendered":"<p><strong>A\u00e7\u0131klama:<\/strong><\/p>\n<ol>\n<li><strong>PLC kontrol, dokunmatik ekran<\/strong><\/li>\n<li>H\u0131zl\u0131 ayarlanan XYR taban\u0131, do\u011fru renk kayd\u0131<\/li>\n<li>Kolay temizlenen m\u00fcrekkep kab\u0131, h\u0131zl\u0131 plaka de\u011fi\u015fimi<\/li>\n<li><strong>Servo tahrikli mekik tablas\u0131<\/strong><\/li>\n<li>SMC veya Festo pn\u00f6matik<\/li>\n<li><strong>CE g\u00fcvenlik operasyonu<\/strong><\/li>\n<\/ol>","protected":false},"featured_media":1755,"template":"","meta":{"_acf_changed":false,"_seopress_robots_primary_cat":"none","_seopress_titles_title":"","_seopress_titles_desc":"","_seopress_robots_index":""},"product_brand":[],"product_cat":[40],"product_tag":[83,76,70],"class_list":{"0":"post-1754","1":"product","2":"type-product","3":"status-publish","4":"has-post-thumbnail","6":"product_cat-semi-auto-pad-printer","7":"product_tag-cap","8":"product_tag-pad-printer","9":"product_tag-semi-auto","11":"first","12":"instock","13":"shipping-taxable","14":"product-type-simple"},"acf":[],"_links":{"self":[{"href":"https:\/\/apmprint.com\/tr\/wp-json\/wp\/v2\/product\/1754","targetHints":{"allow":["GET"]}}],"collection":[{"href":"https:\/\/apmprint.com\/tr\/wp-json\/wp\/v2\/product"}],"about":[{"href":"https:\/\/apmprint.com\/tr\/wp-json\/wp\/v2\/types\/product"}],"wp:featuredmedia":[{"embeddable":true,"href":"https:\/\/apmprint.com\/tr\/wp-json\/wp\/v2\/media\/1755"}],"wp:attachment":[{"href":"https:\/\/apmprint.com\/tr\/wp-json\/wp\/v2\/media?parent=1754"}],"wp:term":[{"taxonomy":"product_brand","embeddable":true,"href":"https:\/\/apmprint.com\/tr\/wp-json\/wp\/v2\/product_brand?post=1754"},{"taxonomy":"product_cat","embeddable":true,"href":"https:\/\/apmprint.com\/tr\/wp-json\/wp\/v2\/product_cat?post=1754"},{"taxonomy":"product_tag","embeddable":true,"href":"https:\/\/apmprint.com\/tr\/wp-json\/wp\/v2\/product_tag?post=1754"}],"curies":[{"name":"wp","href":"https:\/\/api.w.org\/{rel}","templated":true}]}}