{"id":1756,"date":"2023-12-21T03:48:40","date_gmt":"2023-12-21T03:48:40","guid":{"rendered":"https:\/\/apmprint.com\/?post_type=product&#038;p=1756"},"modified":"2023-12-21T03:51:01","modified_gmt":"2023-12-21T03:51:01","slug":"200-140s2r-two-color-pad-printer-with-shuttle","status":"publish","type":"product","link":"https:\/\/apmprint.com\/tr\/urun\/200-140s2r-two-color-pad-printer-with-shuttle\/","title":{"rendered":"200-140S2R Mekikli iki renkli tampon yaz\u0131c\u0131"},"content":{"rendered":"<p><strong>Teknik veriler:<\/strong><\/p>\n<p>Bask\u0131 Rengi: 2 renk (proses olabilir)<\/p>\n<p>\u00c7al\u0131\u015fma istasyonu: 1 Adet<\/p>\n<p>Silindir kapa\u011f\u0131 yukar\u0131 ve a\u015fa\u011f\u0131 mesafesi: 75mm<\/p>\n<p>Silindir strok mesafesi: 225mm<\/p>\n<p>M\u00fcrekkep haznesi strok mesafesi: 200 mm, ba\u011f\u0131ms\u0131z kontrol<\/p>\n<p>Maksimum ped bas\u0131nc\u0131 1.178 N<\/p>\n<p>Standart Plaka boyutu: 150 \u00d7 400mm (6 '\u00d7 16')<\/p>\n<p>M\u00fcrekkep Haznesi \u00c7ap\u0131: 140mm<\/p>\n<p>\u00c7al\u0131\u015fma Masas\u0131 boyutu: 400 \u00d7 165mm<\/p>\n<p>Maksimum h\u0131z: 1500 Adet \/ Saat<\/p>\n<p>G\u00fc\u00e7: 110V\/220V 50Hz<\/p>\n<p>G\u00fc\u00e7: 35W<\/p>\n<p>Bas\u0131n\u00e7: 6 Bar<\/p>\n<p>Hava T\u00fcketimi: 200 Litre \/ Dak<\/p>\n<p>A\u011f\u0131rl\u0131k: 280Kg<\/p>\n<p>Yedek par\u00e7alar<\/p>\n<p>1.2 adet \u00e7elik levha<\/p>\n<p>2.2 adet silikon kau\u00e7uk ped<\/p>\n<p>&nbsp;<\/p>\n<p><strong>\u00d6rnekler:<\/strong><\/p>\n<p><img loading=\"lazy\" decoding=\"async\" class=\"size-full wp-image-1689\" src=\"http:\/\/apmprint.com\/wp-content\/uploads\/2023\/12\/s-5.jpg\" alt=\"cap11 automatic cap printing system (\u590d\u5236)\" width=\"800\" height=\"800\" srcset=\"https:\/\/apmprint.com\/wp-content\/uploads\/2023\/12\/s-5.jpg 800w, https:\/\/apmprint.com\/wp-content\/uploads\/2023\/12\/s-5-300x300.jpg 300w, https:\/\/apmprint.com\/wp-content\/uploads\/2023\/12\/s-5-150x150.jpg 150w, https:\/\/apmprint.com\/wp-content\/uploads\/2023\/12\/s-5-768x768.jpg 768w, https:\/\/apmprint.com\/wp-content\/uploads\/2023\/12\/s-5-12x12.jpg 12w, https:\/\/apmprint.com\/wp-content\/uploads\/2023\/12\/s-5-600x600.jpg 600w, https:\/\/apmprint.com\/wp-content\/uploads\/2023\/12\/s-5-100x100.jpg 100w\" sizes=\"auto, (max-width: 800px) 100vw, 800px\" \/><\/p>\n<p>&nbsp;<\/p>","protected":false},"excerpt":{"rendered":"<p><strong>A\u00e7\u0131klama:<\/strong><\/p>\n<ol>\n<li>LCD ile kolay kullan\u0131m paneli<\/li>\n<li>H\u0131zl\u0131 ayarlanan XYR taban\u0131, do\u011fru renk kayd\u0131<\/li>\n<li>Kolay temizlenen m\u00fcrekkep kab\u0131, h\u0131zl\u0131 plaka de\u011fi\u015fimi<\/li>\n<li>XYZR ayarlanabilir \u00e7al\u0131\u015fma masas\u0131<\/li>\n<li>Do\u011fru renk kayd\u0131<\/li>\n<li>SMC veya Festo pn\u00f6matik<\/li>\n<li>CE g\u00fcvenlik operasyonu<\/li>\n<\/ol>","protected":false},"featured_media":1757,"template":"","meta":{"_acf_changed":false,"_seopress_robots_primary_cat":"none","_seopress_titles_title":"","_seopress_titles_desc":"","_seopress_robots_index":""},"product_brand":[],"product_cat":[40],"product_tag":[83,76,70],"class_list":{"0":"post-1756","1":"product","2":"type-product","3":"status-publish","4":"has-post-thumbnail","6":"product_cat-semi-auto-pad-printer","7":"product_tag-cap","8":"product_tag-pad-printer","9":"product_tag-semi-auto","11":"first","12":"instock","13":"shipping-taxable","14":"product-type-simple"},"acf":[],"_links":{"self":[{"href":"https:\/\/apmprint.com\/tr\/wp-json\/wp\/v2\/product\/1756","targetHints":{"allow":["GET"]}}],"collection":[{"href":"https:\/\/apmprint.com\/tr\/wp-json\/wp\/v2\/product"}],"about":[{"href":"https:\/\/apmprint.com\/tr\/wp-json\/wp\/v2\/types\/product"}],"wp:featuredmedia":[{"embeddable":true,"href":"https:\/\/apmprint.com\/tr\/wp-json\/wp\/v2\/media\/1757"}],"wp:attachment":[{"href":"https:\/\/apmprint.com\/tr\/wp-json\/wp\/v2\/media?parent=1756"}],"wp:term":[{"taxonomy":"product_brand","embeddable":true,"href":"https:\/\/apmprint.com\/tr\/wp-json\/wp\/v2\/product_brand?post=1756"},{"taxonomy":"product_cat","embeddable":true,"href":"https:\/\/apmprint.com\/tr\/wp-json\/wp\/v2\/product_cat?post=1756"},{"taxonomy":"product_tag","embeddable":true,"href":"https:\/\/apmprint.com\/tr\/wp-json\/wp\/v2\/product_tag?post=1756"}],"curies":[{"name":"wp","href":"https:\/\/api.w.org\/{rel}","templated":true}]}}