{"id":1763,"date":"2023-12-21T06:23:11","date_gmt":"2023-12-21T06:23:11","guid":{"rendered":"https:\/\/apmprint.com\/?post_type=product&#038;p=1763"},"modified":"2024-01-03T01:25:17","modified_gmt":"2024-01-03T01:25:17","slug":"apm-cnc101-single-color-servo-driven-screen-printer-for-cylindrical-products","status":"publish","type":"product","link":"https:\/\/apmprint.com\/tr\/urun\/apm-cnc101-single-color-servo-driven-screen-printer-for-cylindrical-products\/","title":{"rendered":"APM-CNC101 Silindirik \u00fcr\u00fcnler i\u00e7in Tek Renkli Servo Tahrikli Ekranl\u0131 Yaz\u0131c\u0131"},"content":{"rendered":"<p><strong>Uygulama:<\/strong><\/p>\n<p>Solvent m\u00fcrekkep veya termoplastik m\u00fcrekkep bask\u0131l\u0131 silindirik \u015fi\u015feler veya kavanozlar.<\/p>\n<p>&nbsp;<\/p>\n<p><strong>Tech-data<\/strong><\/p>\n<table>\n<tbody>\n<tr>\n<td width=\"246\">h\u0131z<\/td>\n<td width=\"246\">1200-2400 adet\/H<\/td>\n<\/tr>\n<tr>\n<td width=\"246\">g\u00fc\u00e7<\/td>\n<td width=\"246\">380V, 3P 50\/60Hz<\/td>\n<\/tr>\n<tr>\n<td width=\"246\">Hava beslemesi<\/td>\n<td width=\"246\">6-8Bar<\/td>\n<\/tr>\n<tr>\n<td width=\"246\">Bask\u0131 \u00c7ap\u0131.<\/td>\n<td width=\"246\">10-60mm<\/td>\n<\/tr>\n<tr>\n<td width=\"246\">Bask\u0131 Uzunlu\u011fu<\/td>\n<td width=\"246\">50-130mm<\/td>\n<\/tr>\n<\/tbody>\n<\/table>\n<p>&nbsp;<\/p>\n<p><strong>\u00d6rnekler:<\/strong><\/p>\n<p><img loading=\"lazy\" decoding=\"async\" class=\"size-full wp-image-1764\" src=\"http:\/\/apmprint.com\/wp-content\/uploads\/2023\/12\/s-14.jpg\" alt=\"apm cnc101 single color servo driven screen printer for cylindrical products\" width=\"800\" height=\"616\" srcset=\"https:\/\/apmprint.com\/wp-content\/uploads\/2023\/12\/s-14.jpg 800w, https:\/\/apmprint.com\/wp-content\/uploads\/2023\/12\/s-14-300x231.jpg 300w, https:\/\/apmprint.com\/wp-content\/uploads\/2023\/12\/s-14-768x591.jpg 768w, https:\/\/apmprint.com\/wp-content\/uploads\/2023\/12\/s-14-16x12.jpg 16w, https:\/\/apmprint.com\/wp-content\/uploads\/2023\/12\/s-14-600x462.jpg 600w\" sizes=\"auto, (max-width: 800px) 100vw, 800px\" \/><\/p>\n<p>&nbsp;<\/p>","protected":false},"excerpt":{"rendered":"<p>Genel A\u00e7\u0131klama\uff1a<br \/>\n1. \u00c7ok eksenli servo robot ile otomatik y\u00fckleme sistemi. Bant \u00fczerinde duran \u015fi\u015fe.<br \/>\n2. Robot transfer sistemi.<br \/>\n3. Servo tahrikli otomatik bask\u0131 sistemi<br \/>\n4. Solvent m\u00fcrekkep veya termoplastik m\u00fcrekkep bask\u0131s\u0131 ile (solvent m\u00fcrekkep bask\u0131s\u0131 kullan\u0131l\u0131yorsa kelep\u00e7e bo\u015flu\u011fu b\u0131rak\u0131lmas\u0131 gerekir)<br \/>\n5. Bir \u00fcr\u00fcnden di\u011ferine s\u00fcper h\u0131zl\u0131 ve kolay ge\u00e7i\u015f.<br \/>\n6. T\u00fcm parametreler sadece dokunmatik ekranda otomatik olarak ayarlan\u0131r. \u00dcr\u00fcn de\u011fi\u015fimi renk ba\u015f\u0131na sadece 15 dakikad\u0131r.<br \/>\n7. Servo robot ile otomatik bo\u015faltma. \u015ei\u015fe ayakta bo\u015faltma.<br \/>\n8. CE ile g\u00fcvenlik operasyonu.<br \/>\n9. Bo\u015faltma band\u0131 \u00fczerinde IR kurutma \u015fi\u015fesi y\u00fczeyi ile.<\/p>","protected":false},"featured_media":1770,"template":"","meta":{"_acf_changed":false,"_seopress_robots_primary_cat":"none","_seopress_titles_title":"","_seopress_titles_desc":"","_seopress_robots_index":""},"product_brand":[],"product_cat":[29,31],"product_tag":[75,85,78,69],"class_list":{"0":"post-1763","1":"product","2":"type-product","3":"status-publish","4":"has-post-thumbnail","6":"product_cat-all-servo-printing-machine-cnc","7":"product_cat-auto-screen-printer","8":"product_tag-automatic","9":"product_tag-cnc","10":"product_tag-screen-printer","11":"product_tag-servo","13":"first","14":"instock","15":"shipping-taxable","16":"product-type-simple"},"acf":[],"_links":{"self":[{"href":"https:\/\/apmprint.com\/tr\/wp-json\/wp\/v2\/product\/1763","targetHints":{"allow":["GET"]}}],"collection":[{"href":"https:\/\/apmprint.com\/tr\/wp-json\/wp\/v2\/product"}],"about":[{"href":"https:\/\/apmprint.com\/tr\/wp-json\/wp\/v2\/types\/product"}],"wp:featuredmedia":[{"embeddable":true,"href":"https:\/\/apmprint.com\/tr\/wp-json\/wp\/v2\/media\/1770"}],"wp:attachment":[{"href":"https:\/\/apmprint.com\/tr\/wp-json\/wp\/v2\/media?parent=1763"}],"wp:term":[{"taxonomy":"product_brand","embeddable":true,"href":"https:\/\/apmprint.com\/tr\/wp-json\/wp\/v2\/product_brand?post=1763"},{"taxonomy":"product_cat","embeddable":true,"href":"https:\/\/apmprint.com\/tr\/wp-json\/wp\/v2\/product_cat?post=1763"},{"taxonomy":"product_tag","embeddable":true,"href":"https:\/\/apmprint.com\/tr\/wp-json\/wp\/v2\/product_tag?post=1763"}],"curies":[{"name":"wp","href":"https:\/\/api.w.org\/{rel}","templated":true}]}}