{"id":1768,"date":"2023-12-21T06:39:29","date_gmt":"2023-12-21T06:39:29","guid":{"rendered":"https:\/\/apmprint.com\/?post_type=product&#038;p=1768"},"modified":"2024-01-03T01:30:44","modified_gmt":"2024-01-03T01:30:44","slug":"apm-cnc102-fuv-single-color-servo-driven-screen-printer","status":"publish","type":"product","link":"https:\/\/apmprint.com\/tr\/urun\/apm-cnc102-fuv-single-color-servo-driven-screen-printer\/","title":{"rendered":"APM-CNC102-FUV Tek Renkli Servo Tahrikli Ekranl\u0131 Yaz\u0131c\u0131"},"content":{"rendered":"<p>Genel Tan\u0131m:<br \/>\n1. Otomatik y\u00fckleme band\u0131. (Ek \u00fccret kar\u015f\u0131l\u0131\u011f\u0131nda iste\u011fe ba\u011fl\u0131 \u00f6zel y\u00fckleme sistemi)<br \/>\n2. Daha iyi bask\u0131 kalitesi elde etmek i\u00e7in bask\u0131dan \u00f6nce otomatik alev i\u015flemi.<br \/>\n3. Servo tahrikli transfer sistemi.<br \/>\n4. T\u00fcm\u00fc servo tahrikli otomatik bask\u0131 sistemi: bask\u0131 kafas\u0131, a\u011f \u00e7er\u00e7evesi, d\u00f6n\u00fc\u015f, konteyner yukar\u0131 \/ a\u015fa\u011f\u0131 servo motorlar taraf\u0131ndan tahrik edilir.<br \/>\n5. Tek i\u015flemde \u00e7ok tarafl\u0131 bask\u0131.<br \/>\n6. Elektrikli UV kurutucu veya LED kurutma.<br \/>\n7. Bir \u00fcr\u00fcnden di\u011ferine s\u00fcper h\u0131zl\u0131 ve kolay ge\u00e7i\u015f.<br \/>\n8. T\u00fcm parametreler sadece dokunmatik ekranda otomatik olarak ayarlan\u0131r.<br \/>\n9. Otomatik bo\u015faltma band\u0131<br \/>\n10. CE ile g\u00fcvenlik operasyonu.<br \/>\n11. Bask\u0131y\u0131 \u00e7ok renkli olacak \u015fekilde tekrarlay\u0131n.<br \/>\n12. Kamera g\u00f6r\u00fc\u015f sistemi (CCD) opsiyonel: kay\u0131t noktas\u0131 olmayan silindirik \u00fcr\u00fcnler i\u00e7in. \u00c7ok renkli olmak \u00fczere bask\u0131y\u0131 tekrarlay\u0131n.<\/p>\n<p>&nbsp;<\/p>\n<p><strong>Tech-data<\/strong><\/p>\n<table>\n<tbody>\n<tr>\n<td width=\"246\">H\u0131z<\/td>\n<td width=\"256\">15-40 adet\/dk (farkl\u0131 \u00fcr\u00fcnlere g\u00f6re de\u011fi\u015fir)<\/td>\n<\/tr>\n<tr>\n<td width=\"246\">G\u00fc\u00e7<\/td>\n<td width=\"256\">380V, 3P 50\/60Hz<\/td>\n<\/tr>\n<tr>\n<td width=\"246\">Hava beslemesi<\/td>\n<td width=\"256\">6-8Bar<\/td>\n<\/tr>\n<tr>\n<td width=\"246\"><\/td>\n<td width=\"256\"><strong>Yuvarlak Konteyner<\/strong><\/td>\n<\/tr>\n<tr>\n<td width=\"246\">Bask\u0131 \u00c7ap\u0131.<\/td>\n<td width=\"256\">20-100mm<\/td>\n<\/tr>\n<tr>\n<td width=\"246\">Bask\u0131 Uzunlu\u011fu<\/td>\n<td width=\"256\">30-180mm<\/td>\n<\/tr>\n<tr>\n<td width=\"246\"><\/td>\n<td width=\"256\"><strong>Kare\/D\u00fczensiz konteyner<\/strong><\/td>\n<\/tr>\n<tr>\n<td width=\"246\">Bask\u0131 Geni\u015fli\u011fi<\/td>\n<td width=\"256\">20-100mm<\/td>\n<\/tr>\n<tr>\n<td width=\"246\">Bask\u0131 Uzunlu\u011fu<\/td>\n<td width=\"256\">30-180mm<\/td>\n<\/tr>\n<\/tbody>\n<\/table>\n<p>&nbsp;<\/p>\n<p>&nbsp;<\/p>\n<p><strong><b>ANA PAR\u00c7A MARKASI<\/b><\/strong><\/p>\n<table>\n<tbody>\n<tr>\n<td width=\"143\">KONTROL SI\u0307STEMLERI\u0307<\/td>\n<td width=\"207\">YASKAMA PLC<\/td>\n<td width=\"264\">JAPONYA<\/td>\n<\/tr>\n<tr>\n<td width=\"143\">DOKUNMAT\u0130K EKRAN<\/td>\n<td width=\"207\">WEINVIEW<\/td>\n<td width=\"264\">TAYVAN (DI\u011eER MARKA ISTE\u011eE BA\u011eLI)<\/td>\n<\/tr>\n<tr>\n<td width=\"143\">SERVO S\u0130STEMLER\u0130<\/td>\n<td width=\"207\">YASKAMA<\/td>\n<td width=\"264\">JAPONYA<\/td>\n<\/tr>\n<tr>\n<td width=\"143\">CCD KAYDI<\/td>\n<td width=\"207\">HONGKONG\/ KEYENCE<\/td>\n<td width=\"264\">HONGKONG\/JAPONYA (ISTE\u011eE BA\u011eLI)<\/td>\n<\/tr>\n<tr>\n<td width=\"143\">ELEKTRI\u0307K PAR\u00c7ALARI<\/td>\n<td width=\"207\">OMRON\/SCHNEIDER\/SICK<\/td>\n<td width=\"264\">JAPONYA\/FRANSA\/ALMANYA<\/td>\n<\/tr>\n<tr>\n<td width=\"143\">PN\u00d6MATI\u0307K PAR\u00c7ALAR<\/td>\n<td width=\"207\">SMC\/AIRTAC<\/td>\n<td width=\"264\">JAPONYA\/Tayvan<\/td>\n<\/tr>\n<\/tbody>\n<\/table>\n<p>&nbsp;<\/p>\n<p>BASKI \u00dcRETIM SIRASI<br \/>\n-Bant \u00fczerine elle y\u00fckleme (otomatik besleyici iste\u011fe ba\u011fl\u0131)<br \/>\n-alev tedavisi<br \/>\n-Kay\u0131t<br \/>\n-Otomatik bask\u0131<br \/>\n-Otomatik UV\/LED k\u00fcrleme<br \/>\n-Paketleme i\u00e7in bant \u00fczerine bo\u015faltma<br \/>\nFIYAT TEKLIFI:<br \/>\n1- YAZICI :APM-CNC102-FUV 52.000 USD<br \/>\ni\u00e7erir:<br \/>\nAlevle i\u015fleme, UV k\u00fcrleme<br \/>\n1 tak\u0131m armat\u00fcr<br \/>\n1 komple tak\u0131m seti<br \/>\n1 adet elek a\u011f\u0131<br \/>\n0,5 metre silecek<br \/>\n\u0130ste\u011fe ba\u011fl\u0131:<br \/>\nCCD kayd\u0131: USD10000<br \/>\nEkstra demirba\u015flar<br \/>\nTeslimat: Depozito ve numuneler al\u0131nd\u0131ktan sonra yakla\u015f\u0131k 60 i\u015f g\u00fcn\u00fc.<br \/>\nGaranti: Bir y\u0131l. APM t\u00fcm garanti par\u00e7alar\u0131n\u0131 ilk sevkiyatla birlikte tedarik edecektir.<br \/>\nKurulum ve e\u011fitim:<br \/>\nAl\u0131c\u0131 taraf\u0131ndan talep edilmesi halinde APM, 7 g\u00fcn s\u00fcreyle makine montaj\u0131, kurulumu ve e\u011fitimi i\u00e7in m\u00fchendisleri al\u0131c\u0131n\u0131n fabrikas\u0131na g\u00f6nderecektir. U\u00e7u\u015f, vize ba\u015fvurusu, otel, yemek ve i\u015f\u00e7ilik \u00fccretleri dahil olmak \u00fczere t\u00fcm seyahat masraflar\u0131 al\u0131c\u0131 taraf\u0131ndan \u00f6denecektir. \u0130\u015f\u00e7ilik \u00fccretleri: G\u00fcnl\u00fck 160 USD.<br \/>\n\u00d6DEME KO\u015eULLARI: 50% depozito; Sevkiyat \u00f6ncesi 50% T \/ T<br \/>\n\u00c7OK ZOR \u015eARTLAR: FOB Shenzhen<\/p>\n<p><strong>\u00d6rnekler:<\/strong><\/p>\n<p><img loading=\"lazy\" decoding=\"async\" class=\"size-full wp-image-1773\" src=\"http:\/\/apmprint.com\/wp-content\/uploads\/2023\/12\/s-15.jpg\" alt=\"apm cnc102 fuv single color servo driven screen printer\" width=\"800\" height=\"800\" srcset=\"https:\/\/apmprint.com\/wp-content\/uploads\/2023\/12\/s-15.jpg 800w, https:\/\/apmprint.com\/wp-content\/uploads\/2023\/12\/s-15-300x300.jpg 300w, https:\/\/apmprint.com\/wp-content\/uploads\/2023\/12\/s-15-150x150.jpg 150w, https:\/\/apmprint.com\/wp-content\/uploads\/2023\/12\/s-15-768x768.jpg 768w, https:\/\/apmprint.com\/wp-content\/uploads\/2023\/12\/s-15-12x12.jpg 12w, https:\/\/apmprint.com\/wp-content\/uploads\/2023\/12\/s-15-600x600.jpg 600w, https:\/\/apmprint.com\/wp-content\/uploads\/2023\/12\/s-15-100x100.jpg 100w\" sizes=\"auto, (max-width: 800px) 100vw, 800px\" \/><\/p>\n<p>&nbsp;<\/p>","protected":false},"excerpt":{"rendered":"<p><strong><b>Uygulama:<\/b><\/strong><\/p>\n<p>T\u00fcm \u015fekillerde cam\/plastik \u015fi\u015feler, bardaklar, kupalar.<\/p>\n<p>Her \u015fekildeki konteyneri 1 bask\u0131da \u00e7epe\u00e7evre basabilir.<\/p>","protected":false},"featured_media":1769,"template":"","meta":{"_acf_changed":false,"_seopress_robots_primary_cat":"none","_seopress_titles_title":"","_seopress_titles_desc":"","_seopress_robots_index":""},"product_brand":[],"product_cat":[29,31,33],"product_tag":[75,85,55,56,84,57,78,69,58],"class_list":{"0":"post-1768","1":"product","2":"type-product","3":"status-publish","4":"has-post-thumbnail","6":"product_cat-all-servo-printing-machine-cnc","7":"product_cat-auto-screen-printer","8":"product_cat-glass-bottle-printer","9":"product_tag-automatic","10":"product_tag-cnc","11":"product_tag-cups","12":"product_tag-glass-bottles","13":"product_tag-jar","14":"product_tag-plastic-bottles","15":"product_tag-screen-printer","16":"product_tag-servo","17":"product_tag-tubes","19":"first","20":"instock","21":"shipping-taxable","22":"product-type-simple"},"acf":[],"_links":{"self":[{"href":"https:\/\/apmprint.com\/tr\/wp-json\/wp\/v2\/product\/1768","targetHints":{"allow":["GET"]}}],"collection":[{"href":"https:\/\/apmprint.com\/tr\/wp-json\/wp\/v2\/product"}],"about":[{"href":"https:\/\/apmprint.com\/tr\/wp-json\/wp\/v2\/types\/product"}],"wp:featuredmedia":[{"embeddable":true,"href":"https:\/\/apmprint.com\/tr\/wp-json\/wp\/v2\/media\/1769"}],"wp:attachment":[{"href":"https:\/\/apmprint.com\/tr\/wp-json\/wp\/v2\/media?parent=1768"}],"wp:term":[{"taxonomy":"product_brand","embeddable":true,"href":"https:\/\/apmprint.com\/tr\/wp-json\/wp\/v2\/product_brand?post=1768"},{"taxonomy":"product_cat","embeddable":true,"href":"https:\/\/apmprint.com\/tr\/wp-json\/wp\/v2\/product_cat?post=1768"},{"taxonomy":"product_tag","embeddable":true,"href":"https:\/\/apmprint.com\/tr\/wp-json\/wp\/v2\/product_tag?post=1768"}],"curies":[{"name":"wp","href":"https:\/\/api.w.org\/{rel}","templated":true}]}}