{"id":1774,"date":"2023-12-21T06:54:57","date_gmt":"2023-12-21T06:54:57","guid":{"rendered":"https:\/\/apmprint.com\/?post_type=product&#038;p=1774"},"modified":"2024-01-03T01:30:57","modified_gmt":"2024-01-03T01:30:57","slug":"apm-cnc102tp-single-color-servo-driven-screen-printer-with-thermoplastic-ink-printing","status":"publish","type":"product","link":"https:\/\/apmprint.com\/tr\/urun\/apm-cnc102tp-single-color-servo-driven-screen-printer-with-thermoplastic-ink-printing\/","title":{"rendered":"APM-CNC102TP Termoplastik M\u00fcrekkep Bask\u0131l\u0131 Tek Renkli Servo Tahrikli Serigrafi Yaz\u0131c\u0131"},"content":{"rendered":"<p><strong>Uygulama :<\/strong><\/p>\n<p>T\u00fcm cam \u015fi\u015fe, bardak, kupa \u015fekilleri. Her \u015fekildeki kab\u0131 1 bask\u0131da her tarafa basabilir.<\/p>\n<p>&nbsp;<\/p>\n<p>\u0130ste\u011fe ba\u011fl\u0131:<br \/>\nAlev \u00f6n ar\u0131tma sistemi<br \/>\nLED UV veya elektrikli UV sistemi opsiyoneldir.<br \/>\n\u00c7ok renkli \u00fcretim hatt\u0131 olmak \u00fczere 10 adede kadar ek mod\u00fcl.<br \/>\nKamera g\u00f6r\u00fc\u015f sistemi, kay\u0131t noktas\u0131 olmayan silindirik \u00fcr\u00fcnler i\u00e7in. \u00c7ok renkli bask\u0131 tekrar\u0131.<br \/>\nSerigrafi bask\u0131 kafas\u0131n\u0131 s\u0131cak damgalama makinesi olarak de\u011fi\u015ftirebiliriz.<\/p>\n<p>&nbsp;<\/p>\n<p><strong>Tech-data<\/strong><\/p>\n<table>\n<tbody>\n<tr>\n<td width=\"246\">H\u0131z<\/td>\n<td width=\"246\">1200-2400 adet\/H<\/td>\n<\/tr>\n<tr>\n<td width=\"246\">G\u00fc\u00e7<\/td>\n<td width=\"246\">380V, 3P 50\/60Hz<\/td>\n<\/tr>\n<tr>\n<td width=\"246\">Hava beslemesi<\/td>\n<td width=\"246\">6-8Bar<\/td>\n<\/tr>\n<tr>\n<td width=\"246\"><\/td>\n<td width=\"246\"><strong>Yuvarlak Konteyner<\/strong><\/td>\n<\/tr>\n<tr>\n<td width=\"246\">Bask\u0131 \u00c7ap\u0131.<\/td>\n<td width=\"246\">20-100mm<\/td>\n<\/tr>\n<tr>\n<td width=\"246\">Bask\u0131 Uzunlu\u011fu<\/td>\n<td width=\"246\">30-180mm<\/td>\n<\/tr>\n<tr>\n<td width=\"246\"><\/td>\n<td width=\"246\"><strong>Kare\/D\u00fczensiz konteyner<\/strong><\/td>\n<\/tr>\n<tr>\n<td width=\"246\">Bask\u0131 Geni\u015fli\u011fi<\/td>\n<td width=\"246\">20-100mm<\/td>\n<\/tr>\n<tr>\n<td width=\"246\">Bask\u0131 Uzunlu\u011fu<\/td>\n<td width=\"246\">30-180mm<\/td>\n<\/tr>\n<\/tbody>\n<\/table>\n<p>&nbsp;<\/p>\n<p><strong>\u00d6rnekler:<\/strong><\/p>\n<p><img loading=\"lazy\" decoding=\"async\" class=\"size-full wp-image-1776\" src=\"http:\/\/apmprint.com\/wp-content\/uploads\/2023\/12\/s-16.jpg\" alt=\"apm cnc102tp single color servo driven screen printer with thermoplastic ink printing\" width=\"800\" height=\"800\" srcset=\"https:\/\/apmprint.com\/wp-content\/uploads\/2023\/12\/s-16.jpg 800w, https:\/\/apmprint.com\/wp-content\/uploads\/2023\/12\/s-16-300x300.jpg 300w, https:\/\/apmprint.com\/wp-content\/uploads\/2023\/12\/s-16-150x150.jpg 150w, https:\/\/apmprint.com\/wp-content\/uploads\/2023\/12\/s-16-768x768.jpg 768w, https:\/\/apmprint.com\/wp-content\/uploads\/2023\/12\/s-16-12x12.jpg 12w, https:\/\/apmprint.com\/wp-content\/uploads\/2023\/12\/s-16-600x600.jpg 600w, https:\/\/apmprint.com\/wp-content\/uploads\/2023\/12\/s-16-100x100.jpg 100w\" sizes=\"auto, (max-width: 800px) 100vw, 800px\" \/><\/p>\n<p>&nbsp;<\/p>","protected":false},"excerpt":{"rendered":"<p>Genel A\u00e7\u0131klama\uff1a<br \/>\n1. \u00c7ok eksenli servo robot ile otomatik y\u00fckleme sistemi. Bant \u00fczerinde duran \u015fi\u015fe.<br \/>\n2. Servo tahrikli transfer sistemi.<br \/>\n3. T\u00fcm servo tahrikli otomatik bask\u0131 sistemi: bask\u0131 kafas\u0131, a\u011f \u00e7er\u00e7evesi, d\u00f6n\u00fc\u015f, konteyner yukar\u0131 \/ a\u015fa\u011f\u0131 servo motorlar taraf\u0131ndan tahrik edilir.<br \/>\n4. Tek i\u015flemde \u00e7ok tarafl\u0131 bask\u0131.<br \/>\n5. Bir \u00fcr\u00fcnden di\u011ferine s\u00fcper h\u0131zl\u0131 ve kolay ge\u00e7i\u015f.<br \/>\n6. T\u00fcm parametreler sadece dokunmatik ekranda otomatik olarak ayarlan\u0131r. \u00dcr\u00fcn de\u011fi\u015fimi renk ba\u015f\u0131na sadece 15 dakikad\u0131r.<br \/>\n7. Servo robot ile otomatik bo\u015faltma. \u015ei\u015fe ayakta bo\u015faltma.<br \/>\n8. CE ile g\u00fcvenlik operasyonu.<br \/>\n9. Bask\u0131y\u0131 \u00e7ok renkli olacak \u015fekilde tekrarlay\u0131n.<\/p>","protected":false},"featured_media":1775,"template":"","meta":{"_acf_changed":false,"_seopress_robots_primary_cat":"none","_seopress_titles_title":"","_seopress_titles_desc":"","_seopress_robots_index":""},"product_brand":[],"product_cat":[29,31,33],"product_tag":[75,85,78,69],"class_list":{"0":"post-1774","1":"product","2":"type-product","3":"status-publish","4":"has-post-thumbnail","6":"product_cat-all-servo-printing-machine-cnc","7":"product_cat-auto-screen-printer","8":"product_cat-glass-bottle-printer","9":"product_tag-automatic","10":"product_tag-cnc","11":"product_tag-screen-printer","12":"product_tag-servo","14":"first","15":"instock","16":"shipping-taxable","17":"product-type-simple"},"acf":[],"_links":{"self":[{"href":"https:\/\/apmprint.com\/tr\/wp-json\/wp\/v2\/product\/1774","targetHints":{"allow":["GET"]}}],"collection":[{"href":"https:\/\/apmprint.com\/tr\/wp-json\/wp\/v2\/product"}],"about":[{"href":"https:\/\/apmprint.com\/tr\/wp-json\/wp\/v2\/types\/product"}],"wp:featuredmedia":[{"embeddable":true,"href":"https:\/\/apmprint.com\/tr\/wp-json\/wp\/v2\/media\/1775"}],"wp:attachment":[{"href":"https:\/\/apmprint.com\/tr\/wp-json\/wp\/v2\/media?parent=1774"}],"wp:term":[{"taxonomy":"product_brand","embeddable":true,"href":"https:\/\/apmprint.com\/tr\/wp-json\/wp\/v2\/product_brand?post=1774"},{"taxonomy":"product_cat","embeddable":true,"href":"https:\/\/apmprint.com\/tr\/wp-json\/wp\/v2\/product_cat?post=1774"},{"taxonomy":"product_tag","embeddable":true,"href":"https:\/\/apmprint.com\/tr\/wp-json\/wp\/v2\/product_tag?post=1774"}],"curies":[{"name":"wp","href":"https:\/\/api.w.org\/{rel}","templated":true}]}}