{"id":1779,"date":"2023-12-21T07:23:43","date_gmt":"2023-12-21T07:23:43","guid":{"rendered":"https:\/\/apmprint.com\/?post_type=product&#038;p=1779"},"modified":"2024-01-03T01:24:16","modified_gmt":"2024-01-03T01:24:16","slug":"cnc106-3-6-color-automatic-servo-screen-printer","status":"publish","type":"product","link":"https:\/\/apmprint.com\/tr\/urun\/cnc106-3-6-color-automatic-servo-screen-printer\/","title":{"rendered":"2-8 renkli cam \u015fi\u015fe servo serigrafi bask\u0131 makinesi CNC106"},"content":{"rendered":"<p>CNC106 otomatik \u00e7ok renkli cam plastik metal \u015fi\u015fe logosu Serigrafi bask\u0131 ve s\u0131cak folyo damgalama atl\u0131kar\u0131nca makinesi \u015firketleri, \u00e7e\u015fitli t\u00fcketici ihtiya\u00e7lar\u0131na ula\u015fmak i\u00e7in \u00e7e\u015fitli \u00fcr\u00fcnler bulmak i\u00e7in \u00e7ok zaman harc\u0131yor. Teknolojilerin iyi entegre kullan\u0131m\u0131, y\u00fcksek verimli \u00fcretim s\u00fcrecine katk\u0131da bulunur ve \u00fcr\u00fcn\u00fcn Serigrafi Yaz\u0131c\u0131lar\u0131 alanlar\u0131nda vazge\u00e7ilmez oldu\u011fu kan\u0131tlanm\u0131\u015ft\u0131r. CNC106 otomatik \u00e7ok renkli cam plastik metal \u015fi\u015fe logosu Serigrafi bask\u0131 ve s\u0131cak folyo damgalama atl\u0131kar\u0131nca makinesi, en iyi ve en yeni \u00fcr\u00fcnlerimizden biri olarak, yayg\u0131n olarak fark edilmeyi ve d\u00fcnyan\u0131n d\u00f6rt bir yan\u0131ndaki m\u00fc\u015fterilere sergilenmeyi hak etti.<\/p>\n<div class=\"rich-text-table\">\n<table>\n<tbody>\n<tr>\n<td>Plaka Tipi:<\/td>\n<td>Ekran Yaz\u0131c\u0131s\u0131<\/td>\n<td>Uygulanabilir End\u00fcstriler:<\/td>\n<td>\u00dcretim Tesisi, Matbaalar, Yiyecek ve \u0130\u00e7ecek D\u00fckkanlar\u0131<\/td>\n<\/tr>\n<tr>\n<td>Durum:<\/td>\n<td>Yeni<\/td>\n<td>Men\u015fe Yeri:<\/td>\n<td>Guangdong, \u00c7in<\/td>\n<\/tr>\n<tr>\n<td>Marka ad\u0131:<\/td>\n<td>apm bask\u0131<\/td>\n<td>Kullan\u0131m:<\/td>\n<td>\u015fi\u015fe yaz\u0131c\u0131, cam \u015fi\u015fe yaz\u0131c\u0131<\/td>\n<\/tr>\n<tr>\n<td>Otomatik S\u0131n\u0131f:<\/td>\n<td>Otomatik<\/td>\n<td>Renk ve Sayfa:<\/td>\n<td>\u00c7ok renkli<\/td>\n<\/tr>\n<tr>\n<td>Voltaj:<\/td>\n<td>380V, 50\/60Hz<\/td>\n<td>Boyutlar (L*W*H):<\/td>\n<td>2.2*2.2*2m<\/td>\n<\/tr>\n<tr>\n<td>A\u011f\u0131rl\u0131k:<\/td>\n<td>3500 KG<\/td>\n<td>Sertifika:<\/td>\n<td>CE Sertifikas\u0131<\/td>\n<\/tr>\n<tr>\n<td>Garanti:<\/td>\n<td>1 Y\u0131l<\/td>\n<td>Sat\u0131\u015f Sonras\u0131 Hizmet Sa\u011flan\u0131r:<\/td>\n<td>\u00c7evrimi\u00e7i destek, G\u00f6r\u00fcnt\u00fcl\u00fc teknik destek, Yurtd\u0131\u015f\u0131ndaki makinelere servis verebilecek m\u00fchendisler<\/td>\n<\/tr>\n<tr>\n<td>Anahtar Sat\u0131\u015f Noktalar\u0131:<\/td>\n<td>Otomatik<\/td>\n<td>Makine Test Raporu:<\/td>\n<td>Sa\u011fland\u0131<\/td>\n<\/tr>\n<tr>\n<td>Video \u00e7\u0131k\u0131\u015f denetimi:<\/td>\n<td>Sa\u011fland\u0131<\/td>\n<td>Temel bile\u015fenlerin garantisi:<\/td>\n<td>1 Y\u0131l<\/td>\n<\/tr>\n<tr>\n<td>Temel Bile\u015fenler:<\/td>\n<td>Rulman, Motor, PLC, Motor, \u015eanz\u0131man<\/td>\n<td>Uygulama:<\/td>\n<td>cam \u015fi\u015fe\u00a0<a class=\"keyword_link font-color\" title=\"s\u0131cak damgalama makinesi\" href=\"https:\/\/www.apmprinter.com\/\" target=\"_blank\" rel=\"noopener\">s\u0131cak damgalama makinesi<\/a><\/td>\n<\/tr>\n<tr>\n<td>Bask\u0131 rengi:<\/td>\n<td>\u00c7ok Renkli Opsiyonel<\/td>\n<td>Tip:<\/td>\n<td>s\u0131cak damgalama makinesi<\/td>\n<\/tr>\n<tr>\n<td>Anahtar kelimeler:<\/td>\n<td>cam \u00fczeri\u0307ne folyo damgalama<\/td>\n<td>Uygulama alan\u0131:<\/td>\n<td>printingg<\/td>\n<\/tr>\n<tr>\n<td>\u00dcr\u00fcn ad\u0131:<\/td>\n<td>CNC106 otomatik bask\u0131 makinesi<\/td>\n<td>Bask\u0131 boyutu:<\/td>\n<td>\u00e7e\u015fitli boyutlar<\/td>\n<\/tr>\n<tr>\n<td>E\u015fya:<\/td>\n<td>Otomatik Serigrafi Bask\u0131 Presi<\/td>\n<td>Makine tipi:<\/td>\n<td>B\u00fcy\u00fck Otomatik Ekranl\u0131 Yaz\u0131c\u0131<\/td>\n<\/tr>\n<tr>\n<td>Garanti Sonras\u0131 Servis:<\/td>\n<td>G\u00f6r\u00fcnt\u00fcl\u00fc teknik destek, \u00c7evrimi\u00e7i destek, Yedek par\u00e7alar, Saha bak\u0131m ve onar\u0131m hizmeti<\/td>\n<td>Yerel Hizmet Yeri:<\/td>\n<td>Kanada, T\u00fcrkiye, Amerika Birle\u015fik Devletleri, \u0130spanya<\/td>\n<\/tr>\n<tr>\n<td>Showroom Yeri:<\/td>\n<td>Kanada, T\u00fcrkiye, Amerika Birle\u015fik Devletleri, \u0130spanya<\/td>\n<td>Pazarlama T\u00fcr\u00fc:<\/td>\n<td>S\u0131cak \u00dcr\u00fcn 2019<\/td>\n<\/tr>\n<\/tbody>\n<\/table>\n<\/div>\n<p>&nbsp;<\/p>\n<p><strong>Uygulama:<\/strong><\/p>\n<p>Yuvarlak, oval, kare \u015fi\u015feler<\/p>\n<p>&nbsp;<\/p>\n<p>A\u00e7\u0131klama:<br \/>\n1. Otomatik y\u00fckleme band\u0131, ekstra \u00fccret kar\u015f\u0131l\u0131\u011f\u0131nda iste\u011fe ba\u011fl\u0131 tam otomatik y\u00fckleyici.<br \/>\n2. Toz temizli\u011fi<br \/>\n3. Otomatik alev i\u015flemi<br \/>\n4. 12 istasyon<br \/>\n5. Yumu\u015fak \u015fi\u015feler i\u00e7in her bask\u0131 istasyonunda \u015fi\u015firme<br \/>\n6. En iyi hassasiyete sahip t\u00fcm servo tahrikli ekran yaz\u0131c\u0131s\u0131<br \/>\n*Servo motor taraf\u0131ndan tahrik edilen bask\u0131 kafalar\u0131<br \/>\n*Servo motorlar taraf\u0131ndan tahrik edilen \u00f6rg\u00fc \u00e7er\u00e7eveler<br \/>\n*D\u00f6nd\u00fcrme i\u00e7in servo motorlarla donat\u0131lm\u0131\u015f t\u00fcm aparatlar (di\u015flilere gerek yok, kolay ve h\u0131zl\u0131 \u00fcr\u00fcn de\u011fi\u015fimi)<br \/>\n7. Tek i\u015flemde \u00e7ok renkli bask\u0131<br \/>\n8. Kamera g\u00f6r\u00fc\u015f sistemi (CCD) iste\u011fe ba\u011fl\u0131: kay\u0131t noktas\u0131 olmayan silindirik \u00fcr\u00fcnler i\u00e7in, bask\u0131y\u0131 \u00e7ift renk olacak \u015fekilde tekrarlay\u0131n.<br \/>\n9. Bir \u00fcr\u00fcnden di\u011ferine h\u0131zl\u0131 ve kolay ge\u00e7i\u015f. T\u00fcm parametreler sadece dokunmatik ekranda otomatik olarak ayarlan\u0131r.<br \/>\n10. Her renkli bask\u0131dan sonra otomatik UV kurutma.<br \/>\n11. Otomatik bo\u015faltma.<br \/>\n12. CE standart g\u00fcvenlik tasar\u0131m\u0131na sahip iyi in\u015fa edilmi\u015f makine dairesi.<br \/>\n13. \u0130ste\u011fe ba\u011fl\u0131 s\u0131cak damgalama<\/p>\n<p>&nbsp;<\/p>\n<p><strong>A\u00e7\u0131klamalar:<\/strong><\/p>\n<p>Dil: \u00c7ince, \u0130ngilizce ve iste\u011fe ba\u011fl\u0131 yerel dil.<\/p>\n<p>Al\u0131c\u0131, panellerin yerel dile \u00e7evrilmesine yard\u0131mc\u0131 olacakt\u0131r<\/p>\n<p>&nbsp;<\/p>\n<p><strong>Tech-data<\/strong><\/p>\n<table>\n<tbody>\n<tr>\n<td width=\"207\">Parametre\/\u00d6\u011fe<\/td>\n<td width=\"321\">CNC106<\/td>\n<\/tr>\n<tr>\n<td width=\"207\">g\u00fc\u00e7<\/td>\n<td width=\"321\">380V, 3P 50\/60Hz<\/td>\n<\/tr>\n<tr>\n<td width=\"207\">Hava t\u00fcketimi<\/td>\n<td width=\"321\">6-8bar<\/td>\n<\/tr>\n<tr>\n<td width=\"207\">Maksimum Bask\u0131 H\u0131z\u0131<\/td>\n<td width=\"321\">30 ~ 60 adet \/ dak<\/td>\n<\/tr>\n<tr>\n<td width=\"207\">Maks. bask\u0131 \u00c7ap\u0131.<\/td>\n<td width=\"321\">60mm<\/td>\n<\/tr>\n<tr>\n<td width=\"207\">Maks. bask\u0131 durumu<\/td>\n<td width=\"321\">180 mm<\/td>\n<\/tr>\n<tr>\n<td width=\"207\">\u00dcr\u00fcn y\u00fcksekli\u011fi<\/td>\n<td width=\"321\">25-250mm<\/td>\n<\/tr>\n<tr>\n<td width=\"207\">Maks. bask\u0131 y\u00fcksekli\u011fi<\/td>\n<td width=\"321\">200mm<\/td>\n<\/tr>\n<\/tbody>\n<\/table>\n<p><strong>\u00a0\u00a0<\/strong><\/p>\n<p><strong><b>ANA PAR\u00c7A MARKASI<\/b><\/strong><\/p>\n<table>\n<tbody>\n<tr>\n<td width=\"152\"><strong><b>KONTROL SI\u0307STEMLERI\u0307<\/b><\/strong><\/td>\n<td width=\"145\">YASKAWA PLC<\/td>\n<td width=\"125\">JAPONYA<\/td>\n<\/tr>\n<tr>\n<td width=\"152\"><strong><b>DOKUNMAT\u0130K EKRAN <\/b><\/strong><\/td>\n<td width=\"145\">WEINVIEW<\/td>\n<td width=\"125\">TAYVAN<\/td>\n<\/tr>\n<tr>\n<td width=\"152\"><strong><b>SERVO S\u0130STEMLER\u0130<\/b><\/strong><\/td>\n<td width=\"145\">YASKAWA<\/td>\n<td width=\"125\">JAPONYA<\/td>\n<\/tr>\n<tr>\n<td width=\"152\"><strong><b>\u0130NDEKS<\/b><\/strong><\/td>\n<td width=\"145\">DEX<\/td>\n<td width=\"125\">TAYVAN<\/td>\n<\/tr>\n<tr>\n<td width=\"152\"><strong><b>ELEKTRI\u0307K PAR\u00c7ALARI<\/b><\/strong><\/td>\n<td width=\"145\">OMRON\/SCHNEIDER<\/td>\n<td width=\"125\">JAPONYA\/FRANSA<\/td>\n<\/tr>\n<tr>\n<td width=\"152\"><strong><b>PN\u00d6MATI\u0307K PAR\u00c7ALAR<\/b><\/strong><\/td>\n<td width=\"145\">SMC\/AIRTAC<\/td>\n<td width=\"125\">JAPONYA\/Tayvan<\/td>\n<\/tr>\n<\/tbody>\n<\/table>\n<p>&nbsp;<\/p>\n<p><strong>\u00d6rnekler:<\/strong><\/p>\n<p><img loading=\"lazy\" decoding=\"async\" class=\"size-full wp-image-1780\" src=\"http:\/\/apmprint.com\/wp-content\/uploads\/2023\/12\/s-17.jpg\" alt=\"cnc106 3 6 color automatic servo screen printer\" width=\"800\" height=\"800\" srcset=\"https:\/\/apmprint.com\/wp-content\/uploads\/2023\/12\/s-17.jpg 800w, https:\/\/apmprint.com\/wp-content\/uploads\/2023\/12\/s-17-300x300.jpg 300w, https:\/\/apmprint.com\/wp-content\/uploads\/2023\/12\/s-17-150x150.jpg 150w, https:\/\/apmprint.com\/wp-content\/uploads\/2023\/12\/s-17-768x768.jpg 768w, https:\/\/apmprint.com\/wp-content\/uploads\/2023\/12\/s-17-12x12.jpg 12w, https:\/\/apmprint.com\/wp-content\/uploads\/2023\/12\/s-17-600x600.jpg 600w, https:\/\/apmprint.com\/wp-content\/uploads\/2023\/12\/s-17-100x100.jpg 100w\" sizes=\"auto, (max-width: 800px) 100vw, 800px\" \/><\/p>\n<p>&nbsp;<\/p>\n<p><img loading=\"lazy\" decoding=\"async\" class=\"size-full wp-image-1808\" src=\"http:\/\/apmprint.com\/wp-content\/uploads\/2023\/12\/s-23.jpg\" alt=\"1~8 color universal auto screen printer s102\" width=\"800\" height=\"631\" srcset=\"https:\/\/apmprint.com\/wp-content\/uploads\/2023\/12\/s-23.jpg 800w, https:\/\/apmprint.com\/wp-content\/uploads\/2023\/12\/s-23-300x237.jpg 300w, https:\/\/apmprint.com\/wp-content\/uploads\/2023\/12\/s-23-768x606.jpg 768w, https:\/\/apmprint.com\/wp-content\/uploads\/2023\/12\/s-23-15x12.jpg 15w, https:\/\/apmprint.com\/wp-content\/uploads\/2023\/12\/s-23-600x473.jpg 600w\" sizes=\"auto, (max-width: 800px) 100vw, 800px\" \/><\/p>\n<p><img loading=\"lazy\" decoding=\"async\" class=\"size-full wp-image-1967\" src=\"http:\/\/apmprint.com\/wp-content\/uploads\/2023\/12\/\u4ecb\u7ecd1.jpg\" alt=\"ss106 2 color automatic printing machine\" width=\"750\" height=\"1500\" srcset=\"https:\/\/apmprint.com\/wp-content\/uploads\/2023\/12\/\u4ecb\u7ecd1.jpg 750w, https:\/\/apmprint.com\/wp-content\/uploads\/2023\/12\/\u4ecb\u7ecd1-150x300.jpg 150w, https:\/\/apmprint.com\/wp-content\/uploads\/2023\/12\/\u4ecb\u7ecd1-512x1024.jpg 512w, https:\/\/apmprint.com\/wp-content\/uploads\/2023\/12\/\u4ecb\u7ecd1-6x12.jpg 6w, https:\/\/apmprint.com\/wp-content\/uploads\/2023\/12\/\u4ecb\u7ecd1-600x1200.jpg 600w\" sizes=\"auto, (max-width: 750px) 100vw, 750px\" \/><\/p>\n<p><img loading=\"lazy\" decoding=\"async\" class=\"size-full wp-image-1968\" src=\"http:\/\/apmprint.com\/wp-content\/uploads\/2023\/12\/\u4ecb\u7ecd2.jpg\" alt=\"ss106 2 color automatic printing machine\" width=\"750\" height=\"1020\" srcset=\"https:\/\/apmprint.com\/wp-content\/uploads\/2023\/12\/\u4ecb\u7ecd2.jpg 750w, https:\/\/apmprint.com\/wp-content\/uploads\/2023\/12\/\u4ecb\u7ecd2-221x300.jpg 221w, https:\/\/apmprint.com\/wp-content\/uploads\/2023\/12\/\u4ecb\u7ecd2-9x12.jpg 9w, https:\/\/apmprint.com\/wp-content\/uploads\/2023\/12\/\u4ecb\u7ecd2-600x816.jpg 600w\" sizes=\"auto, (max-width: 750px) 100vw, 750px\" \/><\/p>\n<p><img loading=\"lazy\" decoding=\"async\" class=\"size-full wp-image-1969\" src=\"http:\/\/apmprint.com\/wp-content\/uploads\/2023\/12\/\u4ecb\u7ecd3.jpg\" alt=\"ss106 2 color automatic printing machine\" width=\"750\" height=\"1072\" srcset=\"https:\/\/apmprint.com\/wp-content\/uploads\/2023\/12\/\u4ecb\u7ecd3.jpg 750w, https:\/\/apmprint.com\/wp-content\/uploads\/2023\/12\/\u4ecb\u7ecd3-210x300.jpg 210w, https:\/\/apmprint.com\/wp-content\/uploads\/2023\/12\/\u4ecb\u7ecd3-716x1024.jpg 716w, https:\/\/apmprint.com\/wp-content\/uploads\/2023\/12\/\u4ecb\u7ecd3-8x12.jpg 8w, https:\/\/apmprint.com\/wp-content\/uploads\/2023\/12\/\u4ecb\u7ecd3-600x858.jpg 600w\" sizes=\"auto, (max-width: 750px) 100vw, 750px\" \/><\/p>\n<p>&nbsp;<\/p>","protected":false},"excerpt":{"rendered":"<p>Tam otomatik serigrafi yaz\u0131c\u0131lar\u0131 (\u00f6zellikle CNC bask\u0131 makineleri) Otomatik s\u0131cak damgalama makinesi \u00fcretiminde \u00e7e\u015fitli sofistike teknolojiler kullan\u0131lmaktad\u0131r \u00dcr\u00fcn performans\u0131n\u0131n iyile\u015ftirilmesiyle birlikte uygulama aral\u0131klar\u0131 da geni\u015fletilmi\u015ftir. \u015eimdiye kadar, Ekran Yaz\u0131c\u0131lar\u0131 alanlar\u0131nda kullan\u0131ld\u0131\u011f\u0131 kan\u0131tlanm\u0131\u015ft\u0131r.<\/p>\n<p><strong><b>Model Numaras\u0131<\/b><\/strong>: CNC106<\/p>\n<p><strong><b>Br\u00fct G\u00fc\u00e7<\/b><\/strong>: 380V 3Faz 50\/60Hz<\/p>\n<p><strong><b>nakliye<\/b><\/strong>: Ekspres Deniz ta\u015f\u0131mac\u0131l\u0131\u011f\u0131 \/ Kara ta\u015f\u0131mac\u0131l\u0131\u011f\u0131 \/ Hava ta\u015f\u0131mac\u0131l\u0131\u011f\u0131<\/p>\n<p><strong><b>\u00d6zelle\u015ftirme<\/b><\/strong>: \u00d6zelle\u015ftirilmi\u015f logo (Min. Sipari\u015f: 5 set), \u00d6zelle\u015ftirilmi\u015f ambalaj (Min. Sipari\u015f: 5 set), Grafik \u00f6zelle\u015ftirme (Min. Sipari\u015f: 5 set)<\/p>","protected":false},"featured_media":1970,"template":"","meta":{"_acf_changed":false,"_seopress_robots_primary_cat":"none","_seopress_titles_title":"","_seopress_titles_desc":"","_seopress_robots_index":""},"product_brand":[],"product_cat":[29,31],"product_tag":[75,85,55,56,84,57,78,69,58],"class_list":{"0":"post-1779","1":"product","2":"type-product","3":"status-publish","4":"has-post-thumbnail","6":"product_cat-all-servo-printing-machine-cnc","7":"product_cat-auto-screen-printer","8":"product_tag-automatic","9":"product_tag-cnc","10":"product_tag-cups","11":"product_tag-glass-bottles","12":"product_tag-jar","13":"product_tag-plastic-bottles","14":"product_tag-screen-printer","15":"product_tag-servo","16":"product_tag-tubes","18":"first","19":"instock","20":"shipping-taxable","21":"product-type-simple"},"acf":[],"_links":{"self":[{"href":"https:\/\/apmprint.com\/tr\/wp-json\/wp\/v2\/product\/1779","targetHints":{"allow":["GET"]}}],"collection":[{"href":"https:\/\/apmprint.com\/tr\/wp-json\/wp\/v2\/product"}],"about":[{"href":"https:\/\/apmprint.com\/tr\/wp-json\/wp\/v2\/types\/product"}],"wp:featuredmedia":[{"embeddable":true,"href":"https:\/\/apmprint.com\/tr\/wp-json\/wp\/v2\/media\/1970"}],"wp:attachment":[{"href":"https:\/\/apmprint.com\/tr\/wp-json\/wp\/v2\/media?parent=1779"}],"wp:term":[{"taxonomy":"product_brand","embeddable":true,"href":"https:\/\/apmprint.com\/tr\/wp-json\/wp\/v2\/product_brand?post=1779"},{"taxonomy":"product_cat","embeddable":true,"href":"https:\/\/apmprint.com\/tr\/wp-json\/wp\/v2\/product_cat?post=1779"},{"taxonomy":"product_tag","embeddable":true,"href":"https:\/\/apmprint.com\/tr\/wp-json\/wp\/v2\/product_tag?post=1779"}],"curies":[{"name":"wp","href":"https:\/\/api.w.org\/{rel}","templated":true}]}}