{"id":1785,"date":"2023-12-21T07:32:28","date_gmt":"2023-12-21T07:32:28","guid":{"rendered":"https:\/\/apmprint.com\/?post_type=product&#038;p=1785"},"modified":"2024-01-03T01:31:10","modified_gmt":"2024-01-03T01:31:10","slug":"cnc323-8-38-color-automatic-servo-screen-printer-for-bottles","status":"publish","type":"product","link":"https:\/\/apmprint.com\/tr\/urun\/cnc323-8-38-color-automatic-servo-screen-printer-for-bottles\/","title":{"rendered":"CNC323-8 \u015ei\u015feler i\u00e7in 3~8 renkli otomatik servo ekran yaz\u0131c\u0131"},"content":{"rendered":"<p><strong>Uygulama:<\/strong><\/p>\n<p>Farkl\u0131 \u015fekillerde \u015fi\u015feler<\/p>\n<p>&nbsp;<\/p>\n<p><strong>A\u00e7\u0131klama:<\/strong><\/p>\n<ol>\n<li>\u00c7ok eksenli servo robot ile otomatik y\u00fckleme sistemi.<\/li>\n<li>En iyi hassasiyete sahip indeksleme tablas\u0131 sistemi.<\/li>\n<li>En iyi hassasiyete sahip t\u00fcm servo tahrikli ekran yaz\u0131c\u0131<\/li>\n<\/ol>\n<p>*Servo motor taraf\u0131ndan tahrik edilen indeksleyici<\/p>\n<p>*Servo motorlar taraf\u0131ndan tahrik edilen \u00f6rg\u00fc \u00e7er\u00e7eveler<\/p>\n<p>*D\u00f6nd\u00fcrme i\u00e7in servo motorlarla donat\u0131lm\u0131\u015f t\u00fcm aparatlar (di\u015flilere gerek yok, kolay ve h\u0131zl\u0131 \u00fcr\u00fcn de\u011fi\u015fimi)<\/p>\n<ol start=\"4\">\n<li>1 i\u015flemde 3 renkli bask\u0131<\/li>\n<li>Bir \u00fcr\u00fcnden di\u011ferine h\u0131zl\u0131 ve kolay ge\u00e7i\u015f. T\u00fcm parametreler sadece dokunmatik ekranda otomatik olarak ayarlan\u0131r.<\/li>\n<li>Her renkli bask\u0131dan sonra otomatik UV kurutma.<\/li>\n<li>Servo robot ile otomatik bo\u015faltma.<\/li>\n<li>CE standart g\u00fcvenlik tasar\u0131m\u0131na sahip iyi in\u015fa edilmi\u015f makine evi.<\/li>\n<\/ol>\n<p>&nbsp;<\/p>\n<p><strong><b>Se\u00e7enekler<\/b><\/strong><strong><b>\uff1a<\/b><\/strong><\/p>\n<ol>\n<li>2. renk s\u0131cak damgalama kafas\u0131 ile de\u011fi\u015ftirilebilir, \u00e7ok renkli serigrafi ve s\u0131cak damgalama yap\u0131labilir.<\/li>\n<li>Kamera g\u00f6r\u00fc\u015f sistemi, kay\u0131t noktas\u0131 olmayan silindirik \u00fcr\u00fcnler i\u00e7in, kal\u0131plama hatt\u0131ndan ka\u00e7mak i\u00e7in.<\/li>\n<li>Basitle\u015ftirilmi\u015f model: CNC323-8 sadece silindirik \u015fi\u015feler i\u00e7in. Servo motor tahriksiz bask\u0131 kafas\u0131, \u00fcr\u00fcn yukar\u0131\/a\u015fa\u011f\u0131 kaymas\u0131 yok.<\/li>\n<\/ol>\n<p>&nbsp;<\/p>\n<p><strong>Tech-data<\/strong><\/p>\n<table>\n<tbody>\n<tr>\n<td width=\"246\">Parametre\/\u00d6\u011fe<\/td>\n<td width=\"246\">CNC323~8<\/td>\n<\/tr>\n<tr>\n<td width=\"246\">g\u00fc\u00e7<\/td>\n<td width=\"246\">380V, 3P 50\/60Hz<\/td>\n<\/tr>\n<tr>\n<td width=\"246\">Hava t\u00fcketimi<\/td>\n<td width=\"246\">6-7bar<\/td>\n<\/tr>\n<tr>\n<td width=\"246\">Maksimum Bask\u0131 H\u0131z\u0131<\/td>\n<td width=\"246\">1000-3000 adet\/H<\/td>\n<\/tr>\n<tr>\n<td width=\"246\">Bask\u0131 \u00c7ap\u0131.<\/td>\n<td width=\"246\">15-100mm<\/td>\n<\/tr>\n<tr>\n<td width=\"246\">Bask\u0131 Uzunlu\u011fu<\/td>\n<td width=\"246\">25-300mm<\/td>\n<\/tr>\n<\/tbody>\n<\/table>\n<p>&nbsp;<\/p>\n<p><strong>\u00d6rnekler:<\/strong><\/p>\n<p><img loading=\"lazy\" decoding=\"async\" class=\"size-full wp-image-1786\" src=\"http:\/\/apmprint.com\/wp-content\/uploads\/2023\/12\/s-18.jpg\" alt=\"cnc323 8 3~8 color automatic servo screen printer for bottles\" width=\"800\" height=\"277\" srcset=\"https:\/\/apmprint.com\/wp-content\/uploads\/2023\/12\/s-18.jpg 800w, https:\/\/apmprint.com\/wp-content\/uploads\/2023\/12\/s-18-300x104.jpg 300w, https:\/\/apmprint.com\/wp-content\/uploads\/2023\/12\/s-18-768x266.jpg 768w, https:\/\/apmprint.com\/wp-content\/uploads\/2023\/12\/s-18-18x6.jpg 18w, https:\/\/apmprint.com\/wp-content\/uploads\/2023\/12\/s-18-600x208.jpg 600w\" sizes=\"auto, (max-width: 800px) 100vw, 800px\" \/><\/p>\n<p>&nbsp;<\/p>","protected":false},"excerpt":{"rendered":"<p>Application: Different shapes of bottles &nbsp; Description: Automatic loading system with multi axis servo robot. Indexing table system with best accuracy. All servo driven screen printer with best accuracy *indexer driven by servo motor *mesh frames driven by servo motors *all jigs installed with servo motors for rotation (no need gears, easy and fast products [&hellip;]<\/p>","protected":false},"featured_media":1787,"template":"","meta":{"_acf_changed":false,"_seopress_robots_primary_cat":"none","_seopress_titles_title":"","_seopress_titles_desc":"","_seopress_robots_index":""},"product_brand":[],"product_cat":[29,32,31,33],"product_tag":[75,85,78,69],"class_list":{"0":"post-1785","1":"product","2":"type-product","3":"status-publish","4":"has-post-thumbnail","6":"product_cat-all-servo-printing-machine-cnc","7":"product_cat-auto-screen-print-hot-stamp","8":"product_cat-auto-screen-printer","9":"product_cat-glass-bottle-printer","10":"product_tag-automatic","11":"product_tag-cnc","12":"product_tag-screen-printer","13":"product_tag-servo","15":"first","16":"instock","17":"shipping-taxable","18":"product-type-simple"},"acf":[],"_links":{"self":[{"href":"https:\/\/apmprint.com\/tr\/wp-json\/wp\/v2\/product\/1785","targetHints":{"allow":["GET"]}}],"collection":[{"href":"https:\/\/apmprint.com\/tr\/wp-json\/wp\/v2\/product"}],"about":[{"href":"https:\/\/apmprint.com\/tr\/wp-json\/wp\/v2\/types\/product"}],"wp:featuredmedia":[{"embeddable":true,"href":"https:\/\/apmprint.com\/tr\/wp-json\/wp\/v2\/media\/1787"}],"wp:attachment":[{"href":"https:\/\/apmprint.com\/tr\/wp-json\/wp\/v2\/media?parent=1785"}],"wp:term":[{"taxonomy":"product_brand","embeddable":true,"href":"https:\/\/apmprint.com\/tr\/wp-json\/wp\/v2\/product_brand?post=1785"},{"taxonomy":"product_cat","embeddable":true,"href":"https:\/\/apmprint.com\/tr\/wp-json\/wp\/v2\/product_cat?post=1785"},{"taxonomy":"product_tag","embeddable":true,"href":"https:\/\/apmprint.com\/tr\/wp-json\/wp\/v2\/product_tag?post=1785"}],"curies":[{"name":"wp","href":"https:\/\/api.w.org\/{rel}","templated":true}]}}