{"id":1790,"date":"2023-12-21T07:38:56","date_gmt":"2023-12-21T07:38:56","guid":{"rendered":"https:\/\/apmprint.com\/?post_type=product&#038;p=1790"},"modified":"2023-12-21T07:46:12","modified_gmt":"2023-12-21T07:46:12","slug":"klk-06-01-automatic-1-color-ruler-printer","status":"publish","type":"product","link":"https:\/\/apmprint.com\/tr\/urun\/klk-06-01-automatic-1-color-ruler-printer\/","title":{"rendered":"KLK-06-01 Otomatik 1 renkli cetvel yaz\u0131c\u0131"},"content":{"rendered":"<p><strong>Uygulama: <\/strong><\/p>\n<p>D\u00fcz cetveller, dik \u00fc\u00e7gen cetvelleri, d\u00fczg\u00fcn \u00fc\u00e7gen cetvelleri, a\u00e7\u0131\u00f6l\u00e7erler vb.<\/p>\n<p><strong>Farkl\u0131 cetveller ayn\u0131 anda yazd\u0131r\u0131labilir veya ayn\u0131 anda birden fazla yazd\u0131r\u0131labilir. <\/strong><\/p>\n<p>(Farkl\u0131 y\u00fckleme sistemi, bo\u015faltma sistemi ve demirba\u015flar ile farkl\u0131 \u00e7\u00f6z\u00fcm)<\/p>\n<p>&nbsp;<\/p>\n<p><strong>Teknik veriler\uff1a<\/strong><\/p>\n<p>Bask\u0131 renkleri: 1<\/p>\n<p>Maksimum bask\u0131 boyutu: 200x300mm<\/p>\n<p>Maksimum \u00e7er\u00e7eve boyutu: 250x500mm<\/p>\n<p>\u0130ndeksleyici istasyonu: 6 istasyon<\/p>\n<p>Maksimum bask\u0131 h\u0131z\u0131: 4800 adet\/saat<\/p>\n<p>Hava bas\u0131nc\u0131: 6 bar<\/p>\n<p>G\u00fc\u00e7 kayna\u011f\u0131: 3 fazl\u0131, 380V, 50Hz<\/p>\n<p>G\u00fc\u00e7: 4.5KW<\/p>\n<p>Dimension(LxWxH): 1750x1750x1800mm<\/p>\n<p>A\u011f\u0131rl\u0131k: 500kg<\/p>\n<p>&nbsp;<\/p>\n<p><strong>\u00d6rnekler:<\/strong><\/p>\n<p><img loading=\"lazy\" decoding=\"async\" class=\"size-full wp-image-1791\" src=\"http:\/\/apmprint.com\/wp-content\/uploads\/2023\/12\/s-19.jpg\" alt=\"klk 06 01 automatic 1 color ruler printer\" width=\"800\" height=\"800\" srcset=\"https:\/\/apmprint.com\/wp-content\/uploads\/2023\/12\/s-19.jpg 800w, https:\/\/apmprint.com\/wp-content\/uploads\/2023\/12\/s-19-300x300.jpg 300w, https:\/\/apmprint.com\/wp-content\/uploads\/2023\/12\/s-19-150x150.jpg 150w, https:\/\/apmprint.com\/wp-content\/uploads\/2023\/12\/s-19-768x768.jpg 768w, https:\/\/apmprint.com\/wp-content\/uploads\/2023\/12\/s-19-12x12.jpg 12w, https:\/\/apmprint.com\/wp-content\/uploads\/2023\/12\/s-19-600x600.jpg 600w, https:\/\/apmprint.com\/wp-content\/uploads\/2023\/12\/s-19-100x100.jpg 100w\" sizes=\"auto, (max-width: 800px) 100vw, 800px\" \/><\/p>\n<p>&nbsp;<\/p>","protected":false},"excerpt":{"rendered":"<p>A\u00e7\u0131klama:<br \/>\n1. Otomatik y\u00fckleme raf\u0131 4 \u00e7e\u015fit cetvel i\u00e7in, di\u011fer raflar iste\u011fe ba\u011fl\u0131<br \/>\n2. 6 istasyonlu indeksleyici<br \/>\n3. Vakumlu fikst\u00fcr<br \/>\n4. PLC kontrol, Dokunmatik ekran<br \/>\n5. T\u00fcm servo motor tahrikli: kafes \u00e7er\u00e7eve yukar\u0131\/a\u015fa\u011f\u0131, bask\u0131, indeksleyici, kay\u0131t<br \/>\n6. Renk kay\u0131t tolerans\u0131: +0,05 mm<br \/>\n7. Ayn\u0131 anda \u00e7oklu bask\u0131lar<br \/>\n8. Her renkli bask\u0131dan sonra LED kurutma<br \/>\n9. Robotlu otomatik bo\u015faltma band\u0131<br \/>\n10. CE ile kuyu g\u00fcvenli\u011fi korumas\u0131.<\/p>","protected":false},"featured_media":1792,"template":"","meta":{"_acf_changed":false,"_seopress_robots_primary_cat":"none","_seopress_titles_title":"","_seopress_titles_desc":"","_seopress_robots_index":""},"product_brand":[],"product_cat":[31],"product_tag":[75,78,69],"class_list":{"0":"post-1790","1":"product","2":"type-product","3":"status-publish","4":"has-post-thumbnail","6":"product_cat-auto-screen-printer","7":"product_tag-automatic","8":"product_tag-screen-printer","9":"product_tag-servo","11":"first","12":"instock","13":"shipping-taxable","14":"product-type-simple"},"acf":[],"_links":{"self":[{"href":"https:\/\/apmprint.com\/tr\/wp-json\/wp\/v2\/product\/1790","targetHints":{"allow":["GET"]}}],"collection":[{"href":"https:\/\/apmprint.com\/tr\/wp-json\/wp\/v2\/product"}],"about":[{"href":"https:\/\/apmprint.com\/tr\/wp-json\/wp\/v2\/types\/product"}],"wp:featuredmedia":[{"embeddable":true,"href":"https:\/\/apmprint.com\/tr\/wp-json\/wp\/v2\/media\/1792"}],"wp:attachment":[{"href":"https:\/\/apmprint.com\/tr\/wp-json\/wp\/v2\/media?parent=1790"}],"wp:term":[{"taxonomy":"product_brand","embeddable":true,"href":"https:\/\/apmprint.com\/tr\/wp-json\/wp\/v2\/product_brand?post=1790"},{"taxonomy":"product_cat","embeddable":true,"href":"https:\/\/apmprint.com\/tr\/wp-json\/wp\/v2\/product_cat?post=1790"},{"taxonomy":"product_tag","embeddable":true,"href":"https:\/\/apmprint.com\/tr\/wp-json\/wp\/v2\/product_tag?post=1790"}],"curies":[{"name":"wp","href":"https:\/\/api.w.org\/{rel}","templated":true}]}}