{"id":1799,"date":"2023-12-21T07:54:55","date_gmt":"2023-12-21T07:54:55","guid":{"rendered":"https:\/\/apmprint.com\/?post_type=product&#038;p=1799"},"modified":"2023-12-21T08:00:20","modified_gmt":"2023-12-21T08:00:20","slug":"pen22-auto-pen-printer-with-flame","status":"publish","type":"product","link":"https:\/\/apmprint.com\/tr\/urun\/pen22-auto-pen-printer-with-flame\/","title":{"rendered":"PEN22 Alevli otomatik kalem yaz\u0131c\u0131"},"content":{"rendered":"<p><strong>\u00d6ZEL FONKSIYON:<\/strong><\/p>\n<p>1. Bir Makine iki bask\u0131 hatt\u0131na sahiptir. Durdurma, serigrafi plakas\u0131n\u0131 temizleme, m\u00fcrekkep ekleme vb. i\u00e7in kolay kullan\u0131m.<br \/>\nMakine bask\u0131y\u0131 durdurdu\u011funda kalem yanmayacak veya \u015fekli bozulmayacakt\u0131r.<br \/>\n2. Konik \u00fcr\u00fcnler basabilir ve maksimum koniklik 3\u00b0'dir.<br \/>\n3. Bask\u0131 taban plakas\u0131, hassas desen basabilen vakum fonksiyon cihaz\u0131na (iste\u011fe ba\u011fl\u0131) sahiptir.<br \/>\n4. Bask\u0131dan \u00f6nce otomatik alev i\u015flemi<br \/>\n5. Ayn\u0131 anda iki \u00e7e\u015fit kalem basabilir.<br \/>\n6. Bask\u0131dan sonra otomatik UV kurutma.<br \/>\n7. Uygulama: Makine, t\u00fckenmez kalem, suda silinebilir kalem, kur\u015fun kalem, ke\u00e7eli kalem, ka\u015f kalemi, ruj, t\u0131bbi test t\u00fcp\u00fc vb. bask\u0131lar\u0131nda yayg\u0131n olarak kullan\u0131lmaktad\u0131r.<\/p>\n<p>&nbsp;<\/p>\n<p><strong>\u00d6rnekler:<\/strong><\/p>\n<p><img loading=\"lazy\" decoding=\"async\" class=\"size-full wp-image-1801\" src=\"http:\/\/apmprint.com\/wp-content\/uploads\/2023\/12\/s-21.jpg\" alt=\"pen11 automatic single color screen printer for pens (\u590d\u5236)\" width=\"800\" height=\"800\" srcset=\"https:\/\/apmprint.com\/wp-content\/uploads\/2023\/12\/s-21.jpg 800w, https:\/\/apmprint.com\/wp-content\/uploads\/2023\/12\/s-21-300x300.jpg 300w, https:\/\/apmprint.com\/wp-content\/uploads\/2023\/12\/s-21-150x150.jpg 150w, https:\/\/apmprint.com\/wp-content\/uploads\/2023\/12\/s-21-768x768.jpg 768w, https:\/\/apmprint.com\/wp-content\/uploads\/2023\/12\/s-21-12x12.jpg 12w, https:\/\/apmprint.com\/wp-content\/uploads\/2023\/12\/s-21-600x600.jpg 600w, https:\/\/apmprint.com\/wp-content\/uploads\/2023\/12\/s-21-100x100.jpg 100w\" sizes=\"auto, (max-width: 800px) 100vw, 800px\" \/><\/p>\n<p>&nbsp;<\/p>","protected":false},"excerpt":{"rendered":"<p>TECH-DATA<br \/>\n1. Bask\u0131 nesnelerinin \u00e7ap\u0131: \u03c63\uff5e\u03c620mm<br \/>\n2. Bask\u0131 nesnelerinin uzunlu\u011fu: 60 \uff5e 160mm<br \/>\n3. Bask\u0131 yolunun geni\u015fli\u011fi: 20\uff5e80mm<br \/>\n4. Renk: tek renk<br \/>\n5. Bask\u0131 H\u0131z\u0131: 6000 ~ 8000 adet \/ saat<br \/>\n6. G\u00fc\u00e7: 220V 50\/60Hz 6KW<br \/>\n7. A\u011f\u0131rl\u0131k: 600kg<br \/>\n8. Makine Boyutu: 3200 \u00d7 1120 \u00d7 1520mm<\/p>","protected":false},"featured_media":1800,"template":"","meta":{"_acf_changed":false,"_seopress_robots_primary_cat":"none","_seopress_titles_title":"","_seopress_titles_desc":"","_seopress_robots_index":""},"product_brand":[],"product_cat":[31],"product_tag":[75,78],"class_list":{"0":"post-1799","1":"product","2":"type-product","3":"status-publish","4":"has-post-thumbnail","6":"product_cat-auto-screen-printer","7":"product_tag-automatic","8":"product_tag-screen-printer","10":"first","11":"instock","12":"shipping-taxable","13":"product-type-simple"},"acf":[],"_links":{"self":[{"href":"https:\/\/apmprint.com\/tr\/wp-json\/wp\/v2\/product\/1799","targetHints":{"allow":["GET"]}}],"collection":[{"href":"https:\/\/apmprint.com\/tr\/wp-json\/wp\/v2\/product"}],"about":[{"href":"https:\/\/apmprint.com\/tr\/wp-json\/wp\/v2\/types\/product"}],"wp:featuredmedia":[{"embeddable":true,"href":"https:\/\/apmprint.com\/tr\/wp-json\/wp\/v2\/media\/1800"}],"wp:attachment":[{"href":"https:\/\/apmprint.com\/tr\/wp-json\/wp\/v2\/media?parent=1799"}],"wp:term":[{"taxonomy":"product_brand","embeddable":true,"href":"https:\/\/apmprint.com\/tr\/wp-json\/wp\/v2\/product_brand?post=1799"},{"taxonomy":"product_cat","embeddable":true,"href":"https:\/\/apmprint.com\/tr\/wp-json\/wp\/v2\/product_cat?post=1799"},{"taxonomy":"product_tag","embeddable":true,"href":"https:\/\/apmprint.com\/tr\/wp-json\/wp\/v2\/product_tag?post=1799"}],"curies":[{"name":"wp","href":"https:\/\/api.w.org\/{rel}","templated":true}]}}