{"id":1802,"date":"2023-12-21T08:01:54","date_gmt":"2023-12-21T08:01:54","guid":{"rendered":"https:\/\/apmprint.com\/?post_type=product&#038;p=1802"},"modified":"2023-12-21T08:06:12","modified_gmt":"2023-12-21T08:06:12","slug":"s1c-single-color-automatic-cylindrical-screen-printer-for-caps","status":"publish","type":"product","link":"https:\/\/apmprint.com\/tr\/urun\/s1c-single-color-automatic-cylindrical-screen-printer-for-caps\/","title":{"rendered":"S1C Kapaklar i\u00e7in tek renkli otomatik silindirik ekran yaz\u0131c\u0131"},"content":{"rendered":"<p><strong><b>Uygulama<\/b><\/strong><strong><b>\uff1a<\/b><\/strong><br \/>\nkapak \u00fcst\u00fc veya yan bask\u0131<\/p>\n<p>&nbsp;<\/p>\n<p><strong>Genel Tan\u0131m:<\/strong><\/p>\n<ol>\n<li>Otomatik y\u00fckleme band\u0131 (iste\u011fe ba\u011fl\u0131 tam otomatik y\u00fckleme sistemi)<\/li>\n<li>Otomatik alev i\u015flemi veya otomatik toz \u00f6nleyici temizleme<\/li>\n<li>Daha uzun \u00f6m\u00fcrl\u00fc ve enerji tasarruflu LED UV k\u00fcrleme sistemi, iste\u011fe ba\u011fl\u0131 elektrikli UV sistemi.<\/li>\n<li>Otomatik bo\u015faltma<\/li>\n<li>PLC kontrol ve dokunmatik ekran.<\/li>\n<li>CE ile iyi in\u015fa edilmi\u015f makine evi<\/li>\n<li>\u0130ste\u011fe ba\u011fl\u0131 kesilmi\u015f ipliklerle otomatik \u00f6n kay\u0131t<\/li>\n<\/ol>\n<p>&nbsp;<\/p>\n<p><strong>Tech-data<\/strong><\/p>\n<table>\n<tbody>\n<tr>\n<td width=\"248\">&nbsp;<\/td>\n<td width=\"202\"><strong>S1<\/strong><strong>C<\/strong><\/td>\n<\/tr>\n<tr>\n<td width=\"248\">H\u0131z<\/td>\n<td width=\"202\">50-70 adet\/dak<\/td>\n<\/tr>\n<tr>\n<td width=\"248\">\u00dcr\u00fcn boyutu<\/td>\n<td width=\"202\">\u00d810-50 mm, H: 35-150 mm<\/td>\n<\/tr>\n<tr>\n<td width=\"248\">Bask\u0131 alan\u0131<\/td>\n<td width=\"202\">\u00d810-50 mm, H: 35-150 mm<\/td>\n<\/tr>\n<tr>\n<td width=\"248\">Hava bas\u0131nc\u0131<\/td>\n<td width=\"202\">6-7bar<\/td>\n<\/tr>\n<tr>\n<td width=\"248\">Gaz bas\u0131nc\u0131<\/td>\n<td width=\"202\">1.5bar<\/td>\n<\/tr>\n<\/tbody>\n<\/table>\n<p><strong><b>\u00a0<\/b><\/strong><\/p>\n<p>&nbsp;<\/p>\n<p><strong>\u00d6rnekler:<\/strong><\/p>\n<p><img loading=\"lazy\" decoding=\"async\" class=\"size-full wp-image-1803\" src=\"http:\/\/apmprint.com\/wp-content\/uploads\/2023\/12\/s-22.jpg\" alt=\"s1c single color automatic cylindrical screen printer for caps\" width=\"800\" height=\"275\" srcset=\"https:\/\/apmprint.com\/wp-content\/uploads\/2023\/12\/s-22.jpg 800w, https:\/\/apmprint.com\/wp-content\/uploads\/2023\/12\/s-22-300x103.jpg 300w, https:\/\/apmprint.com\/wp-content\/uploads\/2023\/12\/s-22-768x264.jpg 768w, https:\/\/apmprint.com\/wp-content\/uploads\/2023\/12\/s-22-18x6.jpg 18w, https:\/\/apmprint.com\/wp-content\/uploads\/2023\/12\/s-22-600x206.jpg 600w\" sizes=\"auto, (max-width: 800px) 100vw, 800px\" \/><\/p>\n<p>&nbsp;<\/p>","protected":false},"excerpt":{"rendered":"<p>Application\uff1a cap top or side printing &nbsp; General Description: Auto loading belt(fully auto loading system optional) Auto flame treatment or auto anti dust cleaning LED UV curing system with longer life time and energy saving, electric UV system optional. Auto unloading PLC control &amp; touch screen display. Well built machine house with CE Auto pre-registration [&hellip;]<\/p>","protected":false},"featured_media":1804,"template":"","meta":{"_acf_changed":false,"_seopress_robots_primary_cat":"none","_seopress_titles_title":"","_seopress_titles_desc":"","_seopress_robots_index":""},"product_brand":[],"product_cat":[31],"product_tag":[75,78],"class_list":{"0":"post-1802","1":"product","2":"type-product","3":"status-publish","4":"has-post-thumbnail","6":"product_cat-auto-screen-printer","7":"product_tag-automatic","8":"product_tag-screen-printer","10":"first","11":"instock","12":"shipping-taxable","13":"product-type-simple"},"acf":[],"_links":{"self":[{"href":"https:\/\/apmprint.com\/tr\/wp-json\/wp\/v2\/product\/1802","targetHints":{"allow":["GET"]}}],"collection":[{"href":"https:\/\/apmprint.com\/tr\/wp-json\/wp\/v2\/product"}],"about":[{"href":"https:\/\/apmprint.com\/tr\/wp-json\/wp\/v2\/types\/product"}],"wp:featuredmedia":[{"embeddable":true,"href":"https:\/\/apmprint.com\/tr\/wp-json\/wp\/v2\/media\/1804"}],"wp:attachment":[{"href":"https:\/\/apmprint.com\/tr\/wp-json\/wp\/v2\/media?parent=1802"}],"wp:term":[{"taxonomy":"product_brand","embeddable":true,"href":"https:\/\/apmprint.com\/tr\/wp-json\/wp\/v2\/product_brand?post=1802"},{"taxonomy":"product_cat","embeddable":true,"href":"https:\/\/apmprint.com\/tr\/wp-json\/wp\/v2\/product_cat?post=1802"},{"taxonomy":"product_tag","embeddable":true,"href":"https:\/\/apmprint.com\/tr\/wp-json\/wp\/v2\/product_tag?post=1802"}],"curies":[{"name":"wp","href":"https:\/\/api.w.org\/{rel}","templated":true}]}}