{"id":1813,"date":"2023-12-21T08:36:59","date_gmt":"2023-12-21T08:36:59","guid":{"rendered":"https:\/\/apmprint.com\/?post_type=product&#038;p=1813"},"modified":"2023-12-25T09:41:29","modified_gmt":"2023-12-25T09:41:29","slug":"auto-screen-printer-apm-s102c","status":"publish","type":"product","link":"https:\/\/apmprint.com\/tr\/urun\/auto-screen-printer-apm-s102c\/","title":{"rendered":"Tam otomatik plastik bardak serigrafi bask\u0131 makinesi S102C"},"content":{"rendered":"<p>Shenzhen Hejia Otomatik Bask\u0131 Makinesi Co, Ltd, yenilik\u00e7i bir y\u00fcksek teknoloji kurulu\u015fu olarak, \u00fcr\u00fcn yenili\u011fine odaklanm\u0131\u015ft\u0131r. S102 En \u0130yi Se\u00e7im D\u00fcz Yuvarlak Oval \u015ei\u015feleri ba\u015far\u0131yla \u00e7al\u0131\u015ft\u0131k\u00a0<a class=\"keyword_link font-color\" title=\"Otomatik Serigrafi Bask\u0131 Makinesi\" href=\"https:\/\/www.apmprinter.com\/products-66975\" target=\"_blank\" rel=\"noopener\">Otomatik Serigrafi Bask\u0131 Makinesi<\/a>ry, k\u00fcresel pazarlara satmay\u0131 planl\u0131yor. Di\u011fer \u00fcr\u00fcnlerden farkl\u0131 olarak, S102 En \u0130yi Se\u00e7im D\u00fcz Yuvarlak Oval \u015ei\u015feler Otomatik Serigrafi Bask\u0131 Makineleri m\u00fc\u015fterilerin ac\u0131 noktalar\u0131n\u0131 ger\u00e7ekten \u00e7\u00f6z\u00fcyor, bu nedenle piyasaya s\u00fcr\u00fcl\u00fcr s\u00fcr\u00fclmez bir\u00e7ok iyi geri bildirim ald\u0131lar. \u015eirketimizin b\u00fcy\u00fcmesi ve geli\u015fmesi i\u00e7in Shenzhen Hejia Otomatik Bask\u0131 Makinesi Co, Ltd, temel rekabet g\u00fcc\u00fcm\u00fcz\u00fc art\u0131rmak i\u00e7in teknolojileri y\u00fckseltmeyi ve geli\u015ftirmeyi asla b\u0131rakmayacakt\u0131r. Vizyonumuz, k\u00fcresel pazarda \u00fcnl\u00fc bir kurulu\u015f olmakt\u0131r.<\/p>\n<div class=\"rich-text-table\">\n<table>\n<tbody>\n<tr class=\"firstRow\">\n<td>Plaka Tipi:<\/td>\n<td>Ekran Yaz\u0131c\u0131s\u0131<\/td>\n<td>Uygulanabilir End\u00fcstriler:<\/td>\n<td>\u00dcretim Tesisi, Yiyecek ve \u0130\u00e7ecek Fabrikas\u0131, Matbaalar, Reklam \u015eirketi, \u015fi\u015fe yap\u0131m \u015firketi, ambalaj \u015firketi<\/td>\n<\/tr>\n<tr>\n<td>Durum:<\/td>\n<td>Yeni<\/td>\n<td>Men\u015fe Yeri:<\/td>\n<td>Guangdong, \u00c7in<\/td>\n<\/tr>\n<tr>\n<td>Marka ad\u0131:<\/td>\n<td>APM<\/td>\n<td>Kullan\u0131m:<\/td>\n<td>T\u00fcp Yaz\u0131c\u0131, \u015fi\u015fe yaz\u0131c\u0131, bardak yaz\u0131c\u0131<\/td>\n<\/tr>\n<tr>\n<td>Otomatik S\u0131n\u0131f:<\/td>\n<td>Otomatik<\/td>\n<td>Renk ve Sayfa:<\/td>\n<td>\u00c7ok renkli<\/td>\n<\/tr>\n<tr>\n<td>Voltaj:<\/td>\n<td>380V, 50\/60HZ<\/td>\n<td>Boyutlar (L*W*H):<\/td>\n<td>2500x1420x1700mm<\/td>\n<\/tr>\n<tr>\n<td>A\u011f\u0131rl\u0131k:<\/td>\n<td>2200 KG<\/td>\n<td>Sertifika:<\/td>\n<td>CE Sertifikas\u0131<\/td>\n<\/tr>\n<tr>\n<td>Garanti:<\/td>\n<td>1 Y\u0131l<\/td>\n<td>Sat\u0131\u015f Sonras\u0131 Hizmet Sa\u011flan\u0131r:<\/td>\n<td>\u00c7evrimi\u00e7i destek, \u00dccretsiz yedek par\u00e7a, Saha kurulumu, devreye alma ve e\u011fitim, Saha bak\u0131m ve onar\u0131m hizmeti, G\u00f6r\u00fcnt\u00fcl\u00fc teknik destek, Yurtd\u0131\u015f\u0131ndaki makinelere servis verebilecek m\u00fchendisler<\/td>\n<\/tr>\n<tr>\n<td>Anahtar Sat\u0131\u015f Noktalar\u0131:<\/td>\n<td>\u00c7ok Renkli<\/td>\n<td>Makine Test Raporu:<\/td>\n<td>Sa\u011fland\u0131<\/td>\n<\/tr>\n<tr>\n<td>Video \u00e7\u0131k\u0131\u015f denetimi:<\/td>\n<td>Sa\u011fland\u0131<\/td>\n<td>Temel bile\u015fenlerin garantisi:<\/td>\n<td>1 Y\u0131l<\/td>\n<\/tr>\n<tr>\n<td>Temel Bile\u015fenler:<\/td>\n<td>Rulman, Motor, PLC, Motor<\/td>\n<td>Uygulama:<\/td>\n<td>Bask\u0131 \u015ei\u015fesi<\/td>\n<\/tr>\n<tr>\n<td>Bask\u0131 rengi:<\/td>\n<td>1~8 renk<\/td>\n<td>Bask\u0131 uzunlu\u011fu:<\/td>\n<td>25-300mm<\/td>\n<\/tr>\n<tr>\n<td>Bask\u0131 h\u0131z\u0131:<\/td>\n<td>4000 adet\/H<\/td>\n<td>Maksimum bask\u0131 boyutu:<\/td>\n<td>\u00e7ap.100mm<\/td>\n<\/tr>\n<tr>\n<td>Kurutucu:<\/td>\n<td>UV Kurutucu\/LED kurutucu<\/td>\n<td>Hava beslemesi:<\/td>\n<td>5-7bar<\/td>\n<\/tr>\n<tr>\n<td>Garanti Sonras\u0131 Servis:<\/td>\n<td>G\u00f6r\u00fcnt\u00fcl\u00fc teknik destek, \u00c7evrimi\u00e7i destek, Yedek par\u00e7alar, Saha bak\u0131m ve onar\u0131m hizmeti<\/td>\n<td>Yerel Hizmet Yeri:<\/td>\n<td>Amerika Birle\u015fik Devletleri, \u0130spanya<\/td>\n<\/tr>\n<tr>\n<td>Showroom Yeri:<\/td>\n<td>Amerika Birle\u015fik Devletleri, \u0130spanya<\/td>\n<td>Pazarlama T\u00fcr\u00fc:<\/td>\n<td>S\u0131radan \u00dcr\u00fcn<\/td>\n<\/tr>\n<\/tbody>\n<\/table>\n<\/div>\n<p>&nbsp;<\/p>\n<p>Genel Tan\u0131m:<br \/>\n1. Otomatik y\u00fckleme band\u0131<br \/>\n2. Otomatik alev i\u015flemi<br \/>\n3. M\u00fckemmel iletim sistemi. Bardaklar\u0131n \u00fczerinden h\u0131zl\u0131 ve p\u00fcr\u00fczs\u00fcz ge\u00e7er.<br \/>\n4. Bir \u00fcr\u00fcnden di\u011ferine h\u0131zl\u0131 ve kolay ge\u00e7i\u015f.<br \/>\n5. Otomatik elektrikli UV kurutma veya LED UV kurutma.<br \/>\n6. Dokunmatik ekranl\u0131 g\u00fcvenilir PLC kontrol\u00fc<br \/>\n7. Otomatik bo\u015faltma<br \/>\n8. CE standard\u0131<\/p>\n<p>&nbsp;<\/p>\n<p><strong><b>Uygulama:<\/b><\/strong><\/p>\n<p>Plastik bardaklar<\/p>\n<p>&nbsp;<\/p>\n<p><strong><b>Prosed\u00fcr:<\/b><\/strong><\/p>\n<p>Bant \u00fczerine otomatik y\u00fckleme - alev i\u015fleme - bask\u0131 - LED UV kurutma veya Elektrikli UV kurutma - Otomatik bo\u015faltma<\/p>\n<p>&nbsp;<\/p>\n<p><strong>Tech-data<\/strong><\/p>\n<table>\n<tbody>\n<tr>\n<td>Parametre \\ \u00d6\u011fe<\/td>\n<td>S102 1-8 renkli otomatik ekran yaz\u0131c\u0131s\u0131<\/td>\n<\/tr>\n<tr>\n<td><strong><b>Makine Boyutu:<\/b><\/strong><\/td>\n<td><\/td>\n<\/tr>\n<tr>\n<td>Bask\u0131 \u00fcnitesi:<\/td>\n<td>1900x1200x1600mm<\/td>\n<\/tr>\n<tr>\n<td>Besleme \u00fcnitesi (iste\u011fe ba\u011fl\u0131):<\/td>\n<td>3050x1300x1500mm<\/td>\n<\/tr>\n<tr>\n<td>Bo\u015faltma \u00fcnitesi (iste\u011fe ba\u011fl\u0131):<\/td>\n<td>1800x450x750mm<\/td>\n<\/tr>\n<tr>\n<td>G\u00fc\u00e7:<\/td>\n<td>380V 3 faz 50\/60Hz 6.5kw<\/td>\n<\/tr>\n<tr>\n<td>Hava t\u00fcketimi<\/td>\n<td>5-7 bar<\/td>\n<\/tr>\n<tr>\n<td><\/td>\n<td><strong>Bardaklar<\/strong><\/td>\n<\/tr>\n<tr>\n<td>Bask\u0131 \u00c7ap\u0131:<\/td>\n<td>25-100mm<\/td>\n<\/tr>\n<tr>\n<td>Bask\u0131 Uzunlu\u011fu:<\/td>\n<td>50-280mm<\/td>\n<\/tr>\n<tr>\n<td>Bask\u0131 h\u0131z\u0131<\/td>\n<td>2100-2700 adet\/saat (normal h\u0131z: 2400 adet\/saat)<\/td>\n<\/tr>\n<\/tbody>\n<\/table>\n<p>&nbsp;<\/p>\n<p><strong>S102 i\u00e7in ana bile\u015fenler:<\/strong><\/p>\n<table>\n<tbody>\n<tr>\n<td width=\"209\"><strong>PLC<\/strong><\/td>\n<td width=\"177\"><strong>Delta<\/strong><\/td>\n<td width=\"144\">anahtar par\u00e7alar<\/td>\n<\/tr>\n<tr>\n<td width=\"209\"><strong>Dokunmatik Ekran<\/strong><\/td>\n<td width=\"177\"><strong>Delta<\/strong><\/td>\n<td width=\"144\">anahtar par\u00e7alar<\/td>\n<\/tr>\n<tr>\n<td width=\"209\"><strong>UV lambas\u0131<\/strong><\/td>\n<td width=\"177\"><strong>\u00c7in veya \u0130ngiltere<\/strong><\/td>\n<td width=\"144\">anahtar par\u00e7alar<\/td>\n<\/tr>\n<tr>\n<td width=\"209\"><strong>\u0130nvert\u00f6r<\/strong><\/td>\n<td width=\"177\"><strong>Panasonic\u00a0<\/strong><\/td>\n<td width=\"144\">anahtar par\u00e7alar<\/td>\n<\/tr>\n<tr>\n<td width=\"209\">Anahtarlamal\u0131 g\u00fc\u00e7 kayna\u011f\u0131<\/td>\n<td width=\"177\">Schneider<\/td>\n<td width=\"144\"><\/td>\n<\/tr>\n<tr>\n<td width=\"209\">G\u00fc\u00e7 Anahtar\u0131<\/td>\n<td width=\"177\">Mitsubishi<\/td>\n<td width=\"144\"><\/td>\n<\/tr>\n<tr>\n<td width=\"209\">yard\u0131mc\u0131 r\u00f6le<\/td>\n<td width=\"177\">Schneider<\/td>\n<td width=\"144\"><\/td>\n<\/tr>\n<tr>\n<td width=\"209\">R\u00f6le soketi<\/td>\n<td width=\"177\">Schneider<\/td>\n<td width=\"144\"><\/td>\n<\/tr>\n<tr>\n<td width=\"209\">Termal r\u00f6le<\/td>\n<td width=\"177\">Schneider<\/td>\n<td width=\"144\"><\/td>\n<\/tr>\n<tr>\n<td width=\"209\">Kontakt\u00f6r<\/td>\n<td width=\"177\">Schneider<\/td>\n<td width=\"144\"><\/td>\n<\/tr>\n<tr>\n<td width=\"209\">M\u0131knat\u0131sl\u0131 valf<\/td>\n<td width=\"177\">SMC<\/td>\n<td width=\"144\"><\/td>\n<\/tr>\n<tr>\n<td width=\"209\">Hava bas\u0131n\u00e7 g\u00f6stergesi<\/td>\n<td width=\"177\">SMC<\/td>\n<td width=\"144\"><\/td>\n<\/tr>\n<tr>\n<td width=\"209\">Gaz bas\u0131n\u00e7 g\u00f6stergesi<\/td>\n<td width=\"177\">SMC<\/td>\n<td width=\"144\"><\/td>\n<\/tr>\n<tr>\n<td width=\"209\">Gaz Kelebe\u011fi<\/td>\n<td width=\"177\">SMC\/\u00c7in<\/td>\n<td width=\"144\"><\/td>\n<\/tr>\n<tr>\n<td width=\"209\">Vakum valfi<\/td>\n<td width=\"177\">SMC<\/td>\n<td width=\"144\"><\/td>\n<\/tr>\n<tr>\n<td width=\"209\">Bas\u0131n\u00e7 tahliye valfi<\/td>\n<td width=\"177\">SMC<\/td>\n<td width=\"144\"><\/td>\n<\/tr>\n<tr>\n<td width=\"209\">Manuel valf<\/td>\n<td width=\"177\">AirTAC<\/td>\n<td width=\"144\"><\/td>\n<\/tr>\n<tr>\n<td width=\"209\">Anahtarlar<\/td>\n<td width=\"177\">Schneider<\/td>\n<td width=\"144\"><\/td>\n<\/tr>\n<tr>\n<td width=\"209\">Filtre<\/td>\n<td width=\"177\">SMC<\/td>\n<td width=\"144\"><\/td>\n<\/tr>\n<tr>\n<td width=\"209\">Ana motor<\/td>\n<td width=\"177\">\u0130talya SITI\/\u00c7in<\/td>\n<td width=\"144\"><\/td>\n<\/tr>\n<tr>\n<td width=\"209\">Silindir<\/td>\n<td width=\"177\">SMC, AirTAC<\/td>\n<td width=\"144\"><\/td>\n<\/tr>\n<\/tbody>\n<\/table>\n<p>&nbsp;<\/p>\n<p><strong><b>FI\u0307YAT TEKLI\u0307FI\u0307: APM-S102 \u00a0<\/b><\/strong> <strong><b>\u00a0<\/b><\/strong> <strong><b>24.000 USD\/renk<\/b><\/strong><\/p>\n<p><strong><b>Not: <\/b><\/strong>\u00e7ok renkli makine olmak i\u00e7in daha fazla \u00fcnite ba\u011flayabilir veya \u00e7ok renkli olmak i\u00e7in tekrar bask\u0131 yapmak \u00fczere tek renkli makine kullanabilirsiniz.<\/p>\n<p>Bardaklar\u0131n \u00fcst\u00fcnde ve alt\u0131nda 0,8 ~ 1 cm bo\u015f alan b\u0131rakman\u0131z gerekir.<\/p>\n<p><strong><b>\u0130ste\u011fe ba\u011fl\u0131:<\/b><\/strong><\/p>\n<p>Otomatik y\u00fckleme sistemi: USD9000<\/p>\n<p>Otomatik bo\u015faltma istifleme sistemi: USD1350<\/p>\n<p>Ekstra UV lambas\u0131: USD180\/adet<\/p>\n<p>Ekstra LED lamba: USD1800\/set<\/p>\n<p>Armat\u00fcrler: 1000 USD\/set\/renk<\/p>\n<p>Sarf malzemeleri: \u00f6rg\u00fc \u00e7er\u00e7eve, silecek, m\u00fcrekkep<\/p>\n<p>&nbsp;<\/p>\n<p><strong><b>Teslimat: <\/b><\/strong>Depozitodan ve \u015fi\u015fe \u00f6rneklerinin al\u0131nmas\u0131ndan sonra yakla\u015f\u0131k 30 i\u015f g\u00fcn\u00fc<\/p>\n<p><strong><b>Garanti: <\/b><\/strong>bir y\u0131l. APM t\u00fcm garanti par\u00e7alar\u0131n\u0131 ilk sevkiyatla birlikte tedarik edecektir<\/p>\n<p><strong><b>Kurulum ve e\u011fitim:<\/b><\/strong><\/p>\n<p>Al\u0131c\u0131 taraf\u0131ndan talep edilmesi halinde APM, makine montaj\u0131, kurulumu ve e\u011fitimi i\u00e7in al\u0131c\u0131n\u0131n fabrikas\u0131na 10 g\u00fcnl\u00fck bir s\u00fcre i\u00e7in (yoldaki s\u00fcre dahil) m\u00fchendisler g\u00f6nderecektir. U\u00e7u\u015f, vize ba\u015fvurusu, otel, yemek dahil t\u00fcm seyahat masraflar\u0131 al\u0131c\u0131 taraf\u0131ndan \u00f6denecektir. \u0130\u015f\u00e7ilik \u00fccretleri: 180 USD\/g\u00fcn.<\/p>\n<p>\u00d6DEME KO\u015eULLARI: 30% depozito; Sevkiyat \u00f6ncesi 70% T \/ T<\/p>\n<p>\u00c7OK ZOR \u015eARTLAR: FOB Shenzhen, \u00c7in<\/p>\n<p>&nbsp;<\/p>\n<p><strong>\u00d6rnekler:<\/strong><\/p>\n<p><img loading=\"lazy\" decoding=\"async\" class=\"size-full wp-image-1814\" src=\"http:\/\/apmprint.com\/wp-content\/uploads\/2023\/12\/s-24.jpg\" alt=\"auto screen printer apm s102c\" width=\"800\" height=\"660\" srcset=\"https:\/\/apmprint.com\/wp-content\/uploads\/2023\/12\/s-24.jpg 800w, https:\/\/apmprint.com\/wp-content\/uploads\/2023\/12\/s-24-300x248.jpg 300w, https:\/\/apmprint.com\/wp-content\/uploads\/2023\/12\/s-24-768x634.jpg 768w, https:\/\/apmprint.com\/wp-content\/uploads\/2023\/12\/s-24-15x12.jpg 15w, https:\/\/apmprint.com\/wp-content\/uploads\/2023\/12\/s-24-600x495.jpg 600w\" sizes=\"auto, (max-width: 800px) 100vw, 800px\" \/><\/p>\n<p><img loading=\"lazy\" decoding=\"async\" class=\"size-full wp-image-1967\" src=\"http:\/\/apmprint.com\/wp-content\/uploads\/2023\/12\/\u4ecb\u7ecd1.jpg\" alt=\"ss106 2 color automatic printing machine\" width=\"750\" height=\"1500\" srcset=\"https:\/\/apmprint.com\/wp-content\/uploads\/2023\/12\/\u4ecb\u7ecd1.jpg 750w, https:\/\/apmprint.com\/wp-content\/uploads\/2023\/12\/\u4ecb\u7ecd1-150x300.jpg 150w, https:\/\/apmprint.com\/wp-content\/uploads\/2023\/12\/\u4ecb\u7ecd1-512x1024.jpg 512w, https:\/\/apmprint.com\/wp-content\/uploads\/2023\/12\/\u4ecb\u7ecd1-6x12.jpg 6w, https:\/\/apmprint.com\/wp-content\/uploads\/2023\/12\/\u4ecb\u7ecd1-600x1200.jpg 600w\" sizes=\"auto, (max-width: 750px) 100vw, 750px\" \/><\/p>\n<p><img loading=\"lazy\" decoding=\"async\" class=\"size-full wp-image-1968\" src=\"http:\/\/apmprint.com\/wp-content\/uploads\/2023\/12\/\u4ecb\u7ecd2.jpg\" alt=\"ss106 2 color automatic printing machine\" width=\"750\" height=\"1020\" srcset=\"https:\/\/apmprint.com\/wp-content\/uploads\/2023\/12\/\u4ecb\u7ecd2.jpg 750w, https:\/\/apmprint.com\/wp-content\/uploads\/2023\/12\/\u4ecb\u7ecd2-221x300.jpg 221w, https:\/\/apmprint.com\/wp-content\/uploads\/2023\/12\/\u4ecb\u7ecd2-9x12.jpg 9w, https:\/\/apmprint.com\/wp-content\/uploads\/2023\/12\/\u4ecb\u7ecd2-600x816.jpg 600w\" sizes=\"auto, (max-width: 750px) 100vw, 750px\" \/><\/p>\n<p><img loading=\"lazy\" decoding=\"async\" class=\"size-full wp-image-1969\" src=\"http:\/\/apmprint.com\/wp-content\/uploads\/2023\/12\/\u4ecb\u7ecd3.jpg\" alt=\"ss106 2 color automatic printing machine\" width=\"750\" height=\"1072\" srcset=\"https:\/\/apmprint.com\/wp-content\/uploads\/2023\/12\/\u4ecb\u7ecd3.jpg 750w, https:\/\/apmprint.com\/wp-content\/uploads\/2023\/12\/\u4ecb\u7ecd3-210x300.jpg 210w, https:\/\/apmprint.com\/wp-content\/uploads\/2023\/12\/\u4ecb\u7ecd3-716x1024.jpg 716w, https:\/\/apmprint.com\/wp-content\/uploads\/2023\/12\/\u4ecb\u7ecd3-8x12.jpg 8w, https:\/\/apmprint.com\/wp-content\/uploads\/2023\/12\/\u4ecb\u7ecd3-600x858.jpg 600w\" sizes=\"auto, (max-width: 750px) 100vw, 750px\" \/><\/p>","protected":false},"excerpt":{"rendered":"<p>Teknik personelimiz kendini teknolojinin iyile\u015ftirilmesine ve y\u00fckseltilmesine adam\u0131\u015ft\u0131r. \u015eu anda, teknikleri kullanma ve bunlar\u0131 S102 En \u0130yi Se\u00e7im D\u00fcz Yuvarlak Oval \u015ei\u015feler Otomatik Serigrafi Bask\u0131 Makinelerinin \u00fcretim s\u00fcrecine uygulama konusunda yetenekliyiz. avantajlar\u0131 bulunmaya devam ettik\u00e7e uygulama kapsamlar\u0131 \u00e7ok geni\u015fletildi. \u015eu anda, Serigrafi Yaz\u0131c\u0131lar\u0131 alanlar\u0131nda yayg\u0131n olarak kullan\u0131lmaktad\u0131r.<\/p>\n<p>&nbsp;<\/p>\n<p><strong><b>Model Numaras\u0131<\/b><\/strong>: S102-2<\/p>\n<p><strong><b>Br\u00fct G\u00fc\u00e7<\/b><\/strong>: 7.78KW<\/p>\n<p><strong><b>nakliye<\/b><\/strong>: Ekspres Deniz ta\u015f\u0131mac\u0131l\u0131\u011f\u0131 \/ Kara ta\u015f\u0131mac\u0131l\u0131\u011f\u0131 \/ Hava ta\u015f\u0131mac\u0131l\u0131\u011f\u0131<\/p>\n<p><strong><b>\u00d6zelle\u015ftirme<\/b><\/strong>: \u00d6zelle\u015ftirilmi\u015f logo (Min. Sipari\u015f: 5 set), \u00d6zelle\u015ftirilmi\u015f ambalaj (Min. Sipari\u015f: 5 set), Grafik \u00f6zelle\u015ftirme (Min. Sipari\u015f: 5 set)<\/p>","protected":false},"featured_media":1815,"template":"","meta":{"_acf_changed":false,"_seopress_robots_primary_cat":"none","_seopress_titles_title":"","_seopress_titles_desc":"","_seopress_robots_index":""},"product_brand":[],"product_cat":[31],"product_tag":[75,78],"class_list":{"0":"post-1813","1":"product","2":"type-product","3":"status-publish","4":"has-post-thumbnail","6":"product_cat-auto-screen-printer","7":"product_tag-automatic","8":"product_tag-screen-printer","10":"first","11":"instock","12":"shipping-taxable","13":"product-type-simple"},"acf":[],"_links":{"self":[{"href":"https:\/\/apmprint.com\/tr\/wp-json\/wp\/v2\/product\/1813","targetHints":{"allow":["GET"]}}],"collection":[{"href":"https:\/\/apmprint.com\/tr\/wp-json\/wp\/v2\/product"}],"about":[{"href":"https:\/\/apmprint.com\/tr\/wp-json\/wp\/v2\/types\/product"}],"wp:featuredmedia":[{"embeddable":true,"href":"https:\/\/apmprint.com\/tr\/wp-json\/wp\/v2\/media\/1815"}],"wp:attachment":[{"href":"https:\/\/apmprint.com\/tr\/wp-json\/wp\/v2\/media?parent=1813"}],"wp:term":[{"taxonomy":"product_brand","embeddable":true,"href":"https:\/\/apmprint.com\/tr\/wp-json\/wp\/v2\/product_brand?post=1813"},{"taxonomy":"product_cat","embeddable":true,"href":"https:\/\/apmprint.com\/tr\/wp-json\/wp\/v2\/product_cat?post=1813"},{"taxonomy":"product_tag","embeddable":true,"href":"https:\/\/apmprint.com\/tr\/wp-json\/wp\/v2\/product_tag?post=1813"}],"curies":[{"name":"wp","href":"https:\/\/api.w.org\/{rel}","templated":true}]}}