{"id":1819,"date":"2023-12-21T08:49:07","date_gmt":"2023-12-21T08:49:07","guid":{"rendered":"https:\/\/apmprint.com\/?post_type=product&#038;p=1819"},"modified":"2023-12-27T06:17:14","modified_gmt":"2023-12-27T06:17:14","slug":"s103-automatic-cylindrical-screen-printer-with-servo-control","status":"publish","type":"product","link":"https:\/\/apmprint.com\/tr\/urun\/s103-automatic-cylindrical-screen-printer-with-servo-control\/","title":{"rendered":"\u015ei\u015feler i\u00e7in tek renkli otomatik serigrafi bask\u0131 makinesi S103"},"content":{"rendered":"<p>Yarat\u0131c\u0131 tasar\u0131mc\u0131lar\u0131m\u0131z, deneyimli Ar-Ge uzmanlar\u0131m\u0131z, yetenekli teknisyenlerimiz vb. taraf\u0131ndan desteklenmektedir. Shenzhen Hejia Otomatik Bask\u0131 Makinesi Co, Ltd ba\u011f\u0131ms\u0131z olarak \u015farap \u015fi\u015fesi kapa\u011f\u0131 \u00f6zel serigraf bask\u0131 i\u00e7in S103 otomatik alt\u0131n al\u00fcminyum serigrafi bask\u0131 makinesi geli\u015ftirdi. S\u0131k\u0131 \u00e7al\u0131\u015fman\u0131n ve yarat\u0131c\u0131 \u00e7abalar\u0131n sonucudur ve kullan\u0131c\u0131lar\u0131n beklentilerini kar\u015f\u0131layacakt\u0131r S\u00fcrekli teknolojik yenilik sayesinde, sekt\u00f6rdeki temel ve en ileri teknolojiye hakim olduk ve \u015farap \u015fi\u015fesi kapa\u011f\u0131 i\u00e7in S103 otomatik alt\u0131n al\u00fcminyum serigrafi bask\u0131 makinesi \u00fcretmek i\u00e7in ileri teknolojiyi kullanaca\u011f\u0131z. \u00f6zel serigrafi bask\u0131, sekt\u00f6r\u00fc her zaman rahats\u0131z eden ac\u0131 noktalar\u0131 etkili bir \u015fekilde \u00e7\u00f6z\u00fcyor. 'Uluslararas\u0131 pazarda en profesyonel \u00fcretici ve en g\u00fcvenilir ihracat\u00e7\u0131 olma' kurumsal vizyonuyla hareket eden Shenzhen Hejia Otomatik Bask\u0131 Makinesi Co, Ltd, Ar-Ge g\u00fcc\u00fcn\u00fc art\u0131rmaya, teknolojileri s\u00fcrekli olarak y\u00fckseltmeye ve organizasyon yap\u0131s\u0131n\u0131 optimize etmeye daha fazla \u00f6nem verecektir. \u015eirket i\u00e7in daha iyi bir gelecek yaratmak amac\u0131yla t\u00fcm personeli bu s\u00fcre\u00e7te bir araya gelmeye te\u015fvik ediyoruz.<\/p>\n<div class=\"rich-text-table\">\n<table>\n<tbody>\n<tr>\n<td>Plaka Tipi:<\/td>\n<td>Ekran Yaz\u0131c\u0131s\u0131<\/td>\n<td>Uygulanabilir End\u00fcstriler:<\/td>\n<td>\u00dcretim Tesisi, Yiyecek ve \u0130\u00e7ecek Fabrikas\u0131, Matbaalar, Reklam \u015eirketi, \u015fi\u015fe yap\u0131m \u015firketi, ambalaj \u015firketi<\/td>\n<\/tr>\n<tr>\n<td>Durum:<\/td>\n<td>Yeni<\/td>\n<td>Men\u015fe Yeri:<\/td>\n<td>Guangdong, \u00c7in<\/td>\n<\/tr>\n<tr>\n<td>Marka ad\u0131:<\/td>\n<td>APM<\/td>\n<td>Kullan\u0131m:<\/td>\n<td>\u015ei\u015fe Yaz\u0131c\u0131s\u0131<\/td>\n<\/tr>\n<tr>\n<td>Otomatik S\u0131n\u0131f:<\/td>\n<td>Otomatik<\/td>\n<td>Renk ve Sayfa:<\/td>\n<td>tek renk<\/td>\n<\/tr>\n<tr>\n<td>Voltaj:<\/td>\n<td>380V, 50\/60HZ<\/td>\n<td>Boyutlar (L*W*H):<\/td>\n<td>1908x1000x1500mm<\/td>\n<\/tr>\n<tr>\n<td>A\u011f\u0131rl\u0131k:<\/td>\n<td>1500 KG<\/td>\n<td>Sertifika:<\/td>\n<td>CE<\/td>\n<\/tr>\n<tr>\n<td>Garanti:<\/td>\n<td>1 Y\u0131l<\/td>\n<td>Sat\u0131\u015f Sonras\u0131 Hizmet Sa\u011flan\u0131r:<\/td>\n<td>\u00c7evrimi\u00e7i destek, \u00dccretsiz yedek par\u00e7a, Saha kurulumu, devreye alma ve e\u011fitim, Saha bak\u0131m ve onar\u0131m hizmeti, Video teknik destek<\/td>\n<\/tr>\n<tr>\n<td>Anahtar Sat\u0131\u015f Noktalar\u0131:<\/td>\n<td>Otomatik<\/td>\n<td>Makine Test Raporu:<\/td>\n<td>Sa\u011fland\u0131<\/td>\n<\/tr>\n<tr>\n<td>Video \u00e7\u0131k\u0131\u015f denetimi:<\/td>\n<td>Sa\u011fland\u0131<\/td>\n<td>Temel bile\u015fenlerin garantisi:<\/td>\n<td>1 Y\u0131l<\/td>\n<\/tr>\n<tr>\n<td>Temel Bile\u015fenler:<\/td>\n<td>Motor, PLC, Motor<\/td>\n<td>H\u0131z:<\/td>\n<td>4000 adet\/H<\/td>\n<\/tr>\n<tr>\n<td>\u00dcr\u00fcn boyutu:<\/td>\n<td>\u00e7ap: 10-75mm, Y: 35-150mm<\/td>\n<td>Bask\u0131 alan\u0131:<\/td>\n<td>\u00e7ap: 10-75mm, Y: 35-130mm<\/td>\n<\/tr>\n<tr>\n<td>Garanti Sonras\u0131 Servis:<\/td>\n<td>\u00c7evrimi\u00e7i destek<\/td>\n<td>Pazarlama T\u00fcr\u00fc:<\/td>\n<td>S\u0131cak \u00dcr\u00fcn 2022<\/td>\n<\/tr>\n<\/tbody>\n<\/table>\n<\/div>\n<p>&nbsp;<\/p>\n<p><strong>Genel A\u00e7\u0131klama<\/strong>:<br \/>\n1. Y\u00fckleme band\u0131 ve vakum robotu ile otomatik y\u00fckleme (iste\u011fe ba\u011fl\u0131 tam otomatik y\u00fckleme sistemi)<br \/>\n2. Otomatik alev i\u015flemi veya otomatik toz \u00f6nleyici temizleme<br \/>\n3. Serigrafi bask\u0131 sonras\u0131 LED\/UV kurutma<br \/>\n4. Otomatik servo kontrol \u00fcr\u00fcn\u00fc d\u00f6nd\u00fcr\u00fcr, \u00fcr\u00fcn de\u011fi\u015ftirirken vites de\u011fi\u015ftirmeye gerek yoktur.<br \/>\n5. Otomatik bo\u015faltma<br \/>\n6. PLC kontrol ve dokunmatik ekran.<br \/>\n7. CE ile iyi in\u015fa edilmi\u015f makine evi<br \/>\n8. \u0130ste\u011fe ba\u011fl\u0131 kesilmi\u015f ipliklerle otomatik \u00f6n kay\u0131t<\/p>\n<p>&nbsp;<\/p>\n<p><strong><b>Uygulama<\/b><\/strong><br \/>\nCam\/plastik silindirik t\u00fcpler, \u015fi\u015feler, kapaklar, dudak boyalar\u0131, vb.<\/p>\n<p>&nbsp;<\/p>\n<p><strong>Tech-data<\/strong><strong>\u00a0<\/strong><\/p>\n<table>\n<tbody>\n<tr>\n<td colspan=\"2\" width=\"100.0000%\"><strong>S103<\/strong><\/td>\n<\/tr>\n<tr>\n<td width=\"43.9400%\">H\u0131z<\/td>\n<td width=\"56.0400%\">40-50 adet\/dak<\/td>\n<\/tr>\n<tr>\n<td width=\"43.9400%\">\u00dcr\u00fcn boyutu<\/td>\n<td width=\"56.0400%\">\u00d810-50 mm, H: 35-150 mm<\/td>\n<\/tr>\n<tr>\n<td width=\"43.9400%\">Bask\u0131 alan\u0131<\/td>\n<td width=\"56.0400%\">\u00d810-50 mm, H: 35-150 mm<\/td>\n<\/tr>\n<tr>\n<td width=\"43.9400%\">Hava bas\u0131nc\u0131<\/td>\n<td width=\"56.0400%\">6-7bar<\/td>\n<\/tr>\n<tr>\n<td width=\"43.9400%\">Gaz bas\u0131nc\u0131<\/td>\n<td width=\"56.0400%\">1.5bar<\/td>\n<\/tr>\n<tr>\n<td width=\"43.9400%\">G\u00fc\u00e7 kayna\u011f\u0131<\/td>\n<td width=\"56.0400%\">380V, 3 fazl\u0131<\/td>\n<\/tr>\n<tr>\n<td width=\"43.9400%\">\u00d6l\u00e7\u00fcm<\/td>\n<td width=\"56.0400%\">1200x1300x1800mm<\/td>\n<\/tr>\n<tr>\n<td width=\"43.9400%\">A\u011f\u0131rl\u0131k<\/td>\n<td width=\"56.0400%\">600kgs<\/td>\n<\/tr>\n<\/tbody>\n<\/table>\n<p>&nbsp;<\/p>\n<p><strong>Prosed\u00fcr:<\/strong><\/p>\n<p>Bant \u00fczerine otomatik y\u00fckleme - alevle i\u015fleme - bask\u0131 - UV kurutma - otomatik bo\u015faltma<\/p>\n<p><strong>Fiyat: FOB Shenzhen USD26800<\/strong><\/p>\n<p><strong>\u0130ste\u011fe ba\u011fl\u0131: otomatik y\u00fckleyici: USD5000<\/strong><\/p>\n<p><img loading=\"lazy\" decoding=\"async\" class=\"size-full wp-image-1820\" src=\"http:\/\/apmprint.com\/wp-content\/uploads\/2023\/12\/x3-18.jpg\" alt=\"s103 automatic cylindrical screen printer with servo control\" width=\"800\" height=\"800\" srcset=\"https:\/\/apmprint.com\/wp-content\/uploads\/2023\/12\/x3-18.jpg 800w, https:\/\/apmprint.com\/wp-content\/uploads\/2023\/12\/x3-18-300x300.jpg 300w, https:\/\/apmprint.com\/wp-content\/uploads\/2023\/12\/x3-18-150x150.jpg 150w, https:\/\/apmprint.com\/wp-content\/uploads\/2023\/12\/x3-18-768x768.jpg 768w, https:\/\/apmprint.com\/wp-content\/uploads\/2023\/12\/x3-18-12x12.jpg 12w, https:\/\/apmprint.com\/wp-content\/uploads\/2023\/12\/x3-18-600x600.jpg 600w, https:\/\/apmprint.com\/wp-content\/uploads\/2023\/12\/x3-18-100x100.jpg 100w\" sizes=\"auto, (max-width: 800px) 100vw, 800px\" \/><\/p>\n<p><strong>Teslimat<\/strong>: Depozito al\u0131nd\u0131ktan sonra 30 i\u015f g\u00fcn\u00fc<\/p>\n<p><strong><b>Garanti:<\/b><\/strong>\u00a0Bir y\u0131l. APM t\u00fcm garanti par\u00e7alar\u0131n\u0131 ilk sevkiyatla birlikte tedarik edecektir.<\/p>\n<p>&nbsp;<\/p>\n<p><strong><b>Kurulum ve e\u011fitim: <\/b><\/strong>Al\u0131c\u0131 taraf\u0131ndan talep edilmesi halinde APM, 5~7 g\u00fcnl\u00fck bir s\u00fcre i\u00e7in makine montaj\u0131, kurulumu ve e\u011fitimi i\u00e7in m\u00fchendisleri al\u0131c\u0131n\u0131n fabrikas\u0131na g\u00f6nderecektir. U\u00e7u\u015f, vize ba\u015fvurusu, otel ve yemek dahil t\u00fcm seyahat masraflar\u0131 ve 180 USD\/g\u00fcn i\u015f\u00e7ilik \u00fccreti al\u0131c\u0131 taraf\u0131ndan \u00f6denecektir.<strong><b>\u00a0<\/b><\/strong><\/p>\n<p><strong><b>\u00d6DEME KO\u015eULLARI<\/b><\/strong>: 30% depozito; Sevkiyat \u00f6ncesi 70% T \/ T<\/p>\n<p><strong>TERIMLER SILINIR:<\/strong>\u00a0FOB Shenzhen<\/p>\n<p>&nbsp;<\/p>\n<p><strong>\u00d6rnekler:<\/strong><\/p>\n<p><img loading=\"lazy\" decoding=\"async\" class=\"size-full wp-image-1821\" src=\"http:\/\/apmprint.com\/wp-content\/uploads\/2023\/12\/s-25.jpg\" alt=\"s103 automatic cylindrical screen printer with servo control\" width=\"800\" height=\"800\" srcset=\"https:\/\/apmprint.com\/wp-content\/uploads\/2023\/12\/s-25.jpg 800w, https:\/\/apmprint.com\/wp-content\/uploads\/2023\/12\/s-25-300x300.jpg 300w, https:\/\/apmprint.com\/wp-content\/uploads\/2023\/12\/s-25-150x150.jpg 150w, https:\/\/apmprint.com\/wp-content\/uploads\/2023\/12\/s-25-768x768.jpg 768w, https:\/\/apmprint.com\/wp-content\/uploads\/2023\/12\/s-25-12x12.jpg 12w, https:\/\/apmprint.com\/wp-content\/uploads\/2023\/12\/s-25-600x600.jpg 600w, https:\/\/apmprint.com\/wp-content\/uploads\/2023\/12\/s-25-100x100.jpg 100w\" sizes=\"auto, (max-width: 800px) 100vw, 800px\" \/><\/p>\n<p><img loading=\"lazy\" decoding=\"async\" class=\"size-full wp-image-1822\" src=\"http:\/\/apmprint.com\/wp-content\/uploads\/2023\/12\/s2-3.jpg\" alt=\"s103 automatic cylindrical screen printer with servo control\" width=\"800\" height=\"800\" srcset=\"https:\/\/apmprint.com\/wp-content\/uploads\/2023\/12\/s2-3.jpg 800w, https:\/\/apmprint.com\/wp-content\/uploads\/2023\/12\/s2-3-300x300.jpg 300w, https:\/\/apmprint.com\/wp-content\/uploads\/2023\/12\/s2-3-150x150.jpg 150w, https:\/\/apmprint.com\/wp-content\/uploads\/2023\/12\/s2-3-768x768.jpg 768w, https:\/\/apmprint.com\/wp-content\/uploads\/2023\/12\/s2-3-12x12.jpg 12w, https:\/\/apmprint.com\/wp-content\/uploads\/2023\/12\/s2-3-600x600.jpg 600w, https:\/\/apmprint.com\/wp-content\/uploads\/2023\/12\/s2-3-100x100.jpg 100w\" sizes=\"auto, (max-width: 800px) 100vw, 800px\" \/><\/p>\n<p><img loading=\"lazy\" decoding=\"async\" class=\"size-full wp-image-1967\" src=\"http:\/\/apmprint.com\/wp-content\/uploads\/2023\/12\/\u4ecb\u7ecd1.jpg\" alt=\"ss106 2 color automatic printing machine\" width=\"750\" height=\"1500\" srcset=\"https:\/\/apmprint.com\/wp-content\/uploads\/2023\/12\/\u4ecb\u7ecd1.jpg 750w, https:\/\/apmprint.com\/wp-content\/uploads\/2023\/12\/\u4ecb\u7ecd1-150x300.jpg 150w, https:\/\/apmprint.com\/wp-content\/uploads\/2023\/12\/\u4ecb\u7ecd1-512x1024.jpg 512w, https:\/\/apmprint.com\/wp-content\/uploads\/2023\/12\/\u4ecb\u7ecd1-6x12.jpg 6w, https:\/\/apmprint.com\/wp-content\/uploads\/2023\/12\/\u4ecb\u7ecd1-600x1200.jpg 600w\" sizes=\"auto, (max-width: 750px) 100vw, 750px\" \/><\/p>\n<p><img loading=\"lazy\" decoding=\"async\" class=\"size-full wp-image-1968\" src=\"http:\/\/apmprint.com\/wp-content\/uploads\/2023\/12\/\u4ecb\u7ecd2.jpg\" alt=\"ss106 2 color automatic printing machine\" width=\"750\" height=\"1020\" srcset=\"https:\/\/apmprint.com\/wp-content\/uploads\/2023\/12\/\u4ecb\u7ecd2.jpg 750w, https:\/\/apmprint.com\/wp-content\/uploads\/2023\/12\/\u4ecb\u7ecd2-221x300.jpg 221w, https:\/\/apmprint.com\/wp-content\/uploads\/2023\/12\/\u4ecb\u7ecd2-9x12.jpg 9w, https:\/\/apmprint.com\/wp-content\/uploads\/2023\/12\/\u4ecb\u7ecd2-600x816.jpg 600w\" sizes=\"auto, (max-width: 750px) 100vw, 750px\" \/><\/p>\n<p><img loading=\"lazy\" decoding=\"async\" class=\"size-full wp-image-1969\" src=\"http:\/\/apmprint.com\/wp-content\/uploads\/2023\/12\/\u4ecb\u7ecd3.jpg\" alt=\"ss106 2 color automatic printing machine\" width=\"750\" height=\"1072\" srcset=\"https:\/\/apmprint.com\/wp-content\/uploads\/2023\/12\/\u4ecb\u7ecd3.jpg 750w, https:\/\/apmprint.com\/wp-content\/uploads\/2023\/12\/\u4ecb\u7ecd3-210x300.jpg 210w, https:\/\/apmprint.com\/wp-content\/uploads\/2023\/12\/\u4ecb\u7ecd3-716x1024.jpg 716w, https:\/\/apmprint.com\/wp-content\/uploads\/2023\/12\/\u4ecb\u7ecd3-8x12.jpg 8w, https:\/\/apmprint.com\/wp-content\/uploads\/2023\/12\/\u4ecb\u7ecd3-600x858.jpg 600w\" sizes=\"auto, (max-width: 750px) 100vw, 750px\" \/><\/p>","protected":false},"excerpt":{"rendered":"<p>En son teknolojinin benimsenmesi \u00fcr\u00fcn kalitesini art\u0131r\u0131r ve \u015farap \u015fi\u015fesi kapa\u011f\u0131 \u00f6zel serigraf bask\u0131 i\u00e7in S103 otomatik alt\u0131n al\u00fcminyum serigrafi bask\u0131 makinesinin Ekran Yaz\u0131c\u0131lar\u0131nda yayg\u0131n kullan\u0131m\u0131, pazarda \u00e7ok fazla ilgi g\u00f6rmesine yard\u0131mc\u0131 olur. farkl\u0131 talep tercihlerini kar\u015f\u0131lamak i\u00e7in tasarlanm\u0131\u015ft\u0131r.<\/p>\n<p><strong><b>Model Numaras\u0131<\/b><\/strong>: S103<\/p>\n<p><strong><b>Br\u00fct G\u00fc\u00e7<\/b><\/strong>: 3.5KW<\/p>\n<p><strong><b>nakliye<\/b><\/strong>: Ekspres Deniz ta\u015f\u0131mac\u0131l\u0131\u011f\u0131 \/ Kara ta\u015f\u0131mac\u0131l\u0131\u011f\u0131 \/ Hava ta\u015f\u0131mac\u0131l\u0131\u011f\u0131<\/p>\n<p><strong><b>\u00d6zelle\u015ftirme<\/b><\/strong>: \u00d6zelle\u015ftirilmi\u015f logo (Min. Sipari\u015f: 5 set), \u00d6zelle\u015ftirilmi\u015f ambalaj (Min. Sipari\u015f: 5 set), Grafik \u00f6zelle\u015ftirme (Min. Sipari\u015f: 5 set)<\/p>","protected":false},"featured_media":1823,"template":"","meta":{"_acf_changed":false,"_seopress_robots_primary_cat":"none","_seopress_titles_title":"","_seopress_titles_desc":"","_seopress_robots_index":""},"product_brand":[],"product_cat":[31],"product_tag":[75,24,57,78,58],"class_list":{"0":"post-1819","1":"product","2":"type-product","3":"status-publish","4":"has-post-thumbnail","6":"product_cat-auto-screen-printer","7":"product_tag-automatic","8":"product_tag-caps-and-closures","9":"product_tag-plastic-bottles","10":"product_tag-screen-printer","11":"product_tag-tubes","13":"first","14":"instock","15":"shipping-taxable","16":"product-type-simple"},"acf":[],"_links":{"self":[{"href":"https:\/\/apmprint.com\/tr\/wp-json\/wp\/v2\/product\/1819","targetHints":{"allow":["GET"]}}],"collection":[{"href":"https:\/\/apmprint.com\/tr\/wp-json\/wp\/v2\/product"}],"about":[{"href":"https:\/\/apmprint.com\/tr\/wp-json\/wp\/v2\/types\/product"}],"wp:featuredmedia":[{"embeddable":true,"href":"https:\/\/apmprint.com\/tr\/wp-json\/wp\/v2\/media\/1823"}],"wp:attachment":[{"href":"https:\/\/apmprint.com\/tr\/wp-json\/wp\/v2\/media?parent=1819"}],"wp:term":[{"taxonomy":"product_brand","embeddable":true,"href":"https:\/\/apmprint.com\/tr\/wp-json\/wp\/v2\/product_brand?post=1819"},{"taxonomy":"product_cat","embeddable":true,"href":"https:\/\/apmprint.com\/tr\/wp-json\/wp\/v2\/product_cat?post=1819"},{"taxonomy":"product_tag","embeddable":true,"href":"https:\/\/apmprint.com\/tr\/wp-json\/wp\/v2\/product_tag?post=1819"}],"curies":[{"name":"wp","href":"https:\/\/api.w.org\/{rel}","templated":true}]}}