{"id":1827,"date":"2023-12-21T08:58:00","date_gmt":"2023-12-21T08:58:00","guid":{"rendered":"https:\/\/apmprint.com\/?post_type=product&#038;p=1827"},"modified":"2023-12-21T09:09:25","modified_gmt":"2023-12-21T09:09:25","slug":"auto-screen-printer-apm-s103t","status":"publish","type":"product","link":"https:\/\/apmprint.com\/tr\/urun\/auto-screen-printer-apm-s103t\/","title":{"rendered":"Otomatik Ekran yaz\u0131c\u0131 APM-S103T"},"content":{"rendered":"<p><strong>Uygulama:<\/strong><\/p>\n<p>Yumu\u015fak t\u00fcpler<\/p>\n<p>&nbsp;<\/p>\n<p>Uygulama:<br \/>\nYumu\u015fak t\u00fcpler<br \/>\nGenel Tan\u0131m:<br \/>\n1. Y\u00fckleme band\u0131 ile otomatik y\u00fckleme.<\/p>\n<p><img loading=\"lazy\" decoding=\"async\" class=\"wp-image-1828\" src=\"http:\/\/apmprint.com\/wp-content\/uploads\/2023\/12\/1-1.jpg\" alt=\"auto screen printer apm s103t\" width=\"448\" height=\"236\" srcset=\"https:\/\/apmprint.com\/wp-content\/uploads\/2023\/12\/1-1.jpg 800w, https:\/\/apmprint.com\/wp-content\/uploads\/2023\/12\/1-1-300x158.jpg 300w, https:\/\/apmprint.com\/wp-content\/uploads\/2023\/12\/1-1-768x404.jpg 768w, https:\/\/apmprint.com\/wp-content\/uploads\/2023\/12\/1-1-18x9.jpg 18w, https:\/\/apmprint.com\/wp-content\/uploads\/2023\/12\/1-1-600x316.jpg 600w\" sizes=\"auto, (max-width: 448px) 100vw, 448px\" \/><\/p>\n<p>2. Otomatik alev i\u015flemi.<\/p>\n<p><img loading=\"lazy\" decoding=\"async\" class=\"wp-image-1829\" src=\"http:\/\/apmprint.com\/wp-content\/uploads\/2023\/12\/2-1.jpg\" alt=\"auto screen printer apm s103t\" width=\"410\" height=\"319\" srcset=\"https:\/\/apmprint.com\/wp-content\/uploads\/2023\/12\/2-1.jpg 800w, https:\/\/apmprint.com\/wp-content\/uploads\/2023\/12\/2-1-300x234.jpg 300w, https:\/\/apmprint.com\/wp-content\/uploads\/2023\/12\/2-1-768x598.jpg 768w, https:\/\/apmprint.com\/wp-content\/uploads\/2023\/12\/2-1-15x12.jpg 15w, https:\/\/apmprint.com\/wp-content\/uploads\/2023\/12\/2-1-600x467.jpg 600w\" sizes=\"auto, (max-width: 410px) 100vw, 410px\" \/><\/p>\n<p>3. Foto\u011fraf sens\u00f6r\u00fc ile servo kay\u0131t. \u00c7oklu renkler i\u00e7in tekrarl\u0131 bask\u0131.<\/p>\n<p><img loading=\"lazy\" decoding=\"async\" class=\"wp-image-1830\" src=\"http:\/\/apmprint.com\/wp-content\/uploads\/2023\/12\/3-1.jpg\" alt=\"auto screen printer apm s103t\" width=\"426\" height=\"280\" srcset=\"https:\/\/apmprint.com\/wp-content\/uploads\/2023\/12\/3-1.jpg 800w, https:\/\/apmprint.com\/wp-content\/uploads\/2023\/12\/3-1-300x197.jpg 300w, https:\/\/apmprint.com\/wp-content\/uploads\/2023\/12\/3-1-768x504.jpg 768w, https:\/\/apmprint.com\/wp-content\/uploads\/2023\/12\/3-1-18x12.jpg 18w, https:\/\/apmprint.com\/wp-content\/uploads\/2023\/12\/3-1-600x394.jpg 600w\" sizes=\"auto, (max-width: 426px) 100vw, 426px\" \/><\/p>\n<p>4. \u00dcr\u00fcn yok, yazd\u0131rma i\u015flevi yok<br \/>\n5. Otomatik UV kurutma<\/p>\n<p><img loading=\"lazy\" decoding=\"async\" class=\"wp-image-1832\" src=\"http:\/\/apmprint.com\/wp-content\/uploads\/2023\/12\/4.jpg\" alt=\"auto screen printer apm s103t\" width=\"428\" height=\"320\" srcset=\"https:\/\/apmprint.com\/wp-content\/uploads\/2023\/12\/4.jpg 800w, https:\/\/apmprint.com\/wp-content\/uploads\/2023\/12\/4-300x224.jpg 300w, https:\/\/apmprint.com\/wp-content\/uploads\/2023\/12\/4-768x573.jpg 768w, https:\/\/apmprint.com\/wp-content\/uploads\/2023\/12\/4-16x12.jpg 16w, https:\/\/apmprint.com\/wp-content\/uploads\/2023\/12\/4-600x448.jpg 600w\" sizes=\"auto, (max-width: 428px) 100vw, 428px\" \/><\/p>\n<p>6. Otomatik bo\u015faltma<br \/>\n7. PLC kontrol ve dokunmatik ekran.<br \/>\n8. CE ile iyi in\u015fa edilmi\u015f makine evi<\/p>\n<p>&nbsp;<\/p>\n<p><strong>Tech-data<\/strong><\/p>\n<table>\n<tbody>\n<tr>\n<td width=\"154\">&nbsp;<\/td>\n<td width=\"252\">S103T<\/td>\n<\/tr>\n<tr>\n<td width=\"154\">H\u0131z (adet\/dak)<\/td>\n<td width=\"252\">40-60<\/td>\n<\/tr>\n<tr>\n<td width=\"154\">\u00dcr\u00fcn boyutu (mm)<\/td>\n<td width=\"252\">\u00d810-50 H: 35-150<\/td>\n<\/tr>\n<tr>\n<td width=\"154\">Bask\u0131 alan\u0131 (mm)<\/td>\n<td width=\"252\">\u00d810-50 H: 35-145<\/td>\n<\/tr>\n<tr>\n<td width=\"154\">UV g\u00fcc\u00fc<\/td>\n<td width=\"252\">4Kw<\/td>\n<\/tr>\n<tr>\n<td width=\"154\">Hava bas\u0131nc\u0131<\/td>\n<td width=\"252\">6-7Bar<\/td>\n<\/tr>\n<tr>\n<td width=\"154\">Gaz bas\u0131nc\u0131<\/td>\n<td width=\"252\">1.5Bar<\/td>\n<\/tr>\n<tr>\n<td width=\"154\">G\u00fc\u00e7 kayna\u011f\u0131<\/td>\n<td width=\"252\">380V, 3 fazl\u0131<\/td>\n<\/tr>\n<tr>\n<td width=\"154\">\u00d6l\u00e7\u00fcm<\/td>\n<td width=\"252\">1100x1300x1700mm<\/td>\n<\/tr>\n<tr>\n<td width=\"154\">A\u011f\u0131rl\u0131k<\/td>\n<td width=\"252\">600kgs<\/td>\n<\/tr>\n<\/tbody>\n<\/table>\n<p>&nbsp;<\/p>\n<p><strong>\u00a0BASKI \u00dcRETIM SIRASI<\/strong><\/p>\n<ul>\n<li>Bant \u00fczerine manuel y\u00fckleme (otomatik besleyici opsiyonel)<\/li>\n<li>\u00f6n i\u015flem (iste\u011fe ba\u011fl\u0131 alev i\u015flemi veya Elektrostatik toz temizleme)<\/li>\n<li>Otomatik Bask\u0131<\/li>\n<li>Otomatik UV K\u00fcrleme<\/li>\n<li>2. renkli bask\u0131y\u0131 yapmak i\u00e7in tekrarlay\u0131n<\/li>\n<\/ul>\n<p>&nbsp;<\/p>\n<p><strong>\u00d6rnekler:<\/strong><\/p>\n<p><img loading=\"lazy\" decoding=\"async\" class=\"size-full wp-image-1833\" src=\"http:\/\/apmprint.com\/wp-content\/uploads\/2023\/12\/s-27.jpg\" alt=\"auto screen printer apm s103t\" width=\"800\" height=\"584\" srcset=\"https:\/\/apmprint.com\/wp-content\/uploads\/2023\/12\/s-27.jpg 800w, https:\/\/apmprint.com\/wp-content\/uploads\/2023\/12\/s-27-300x219.jpg 300w, https:\/\/apmprint.com\/wp-content\/uploads\/2023\/12\/s-27-768x561.jpg 768w, https:\/\/apmprint.com\/wp-content\/uploads\/2023\/12\/s-27-16x12.jpg 16w, https:\/\/apmprint.com\/wp-content\/uploads\/2023\/12\/s-27-600x438.jpg 600w\" sizes=\"auto, (max-width: 800px) 100vw, 800px\" \/><\/p>\n<p>&nbsp;<\/p>\n<p>&nbsp;<\/p>","protected":false},"excerpt":{"rendered":"<p>Genel Tan\u0131m:<br \/>\n1. Y\u00fckleme band\u0131 ve vakum robotu ile otomatik y\u00fckleme (iste\u011fe ba\u011fl\u0131 tam otomatik y\u00fckleme sistemi)<br \/>\n2. Otomatik alev i\u015flemi veya otomatik toz \u00f6nleyici temizleme<br \/>\n3. Serigrafi bask\u0131 sonras\u0131 LED\/UV kurutma<br \/>\n4. Otomatik servo kontrol \u00fcr\u00fcn\u00fc d\u00f6nd\u00fcr\u00fcr, \u00fcr\u00fcn de\u011fi\u015ftirirken vites de\u011fi\u015ftirmeye gerek yoktur.<br \/>\n5. Otomatik bo\u015faltma<br \/>\n6. PLC kontrol ve dokunmatik ekran.<br \/>\n7. CE ile iyi in\u015fa edilmi\u015f makine evi<br \/>\n8. \u0130ste\u011fe ba\u011fl\u0131 kesilmi\u015f ipliklerle otomatik \u00f6n kay\u0131t<\/p>","protected":false},"featured_media":1834,"template":"","meta":{"_acf_changed":false,"_seopress_robots_primary_cat":"none","_seopress_titles_title":"","_seopress_titles_desc":"","_seopress_robots_index":""},"product_brand":[],"product_cat":[31],"product_tag":[75,78],"class_list":{"0":"post-1827","1":"product","2":"type-product","3":"status-publish","4":"has-post-thumbnail","6":"product_cat-auto-screen-printer","7":"product_tag-automatic","8":"product_tag-screen-printer","10":"first","11":"instock","12":"shipping-taxable","13":"product-type-simple"},"acf":[],"_links":{"self":[{"href":"https:\/\/apmprint.com\/tr\/wp-json\/wp\/v2\/product\/1827","targetHints":{"allow":["GET"]}}],"collection":[{"href":"https:\/\/apmprint.com\/tr\/wp-json\/wp\/v2\/product"}],"about":[{"href":"https:\/\/apmprint.com\/tr\/wp-json\/wp\/v2\/types\/product"}],"wp:featuredmedia":[{"embeddable":true,"href":"https:\/\/apmprint.com\/tr\/wp-json\/wp\/v2\/media\/1834"}],"wp:attachment":[{"href":"https:\/\/apmprint.com\/tr\/wp-json\/wp\/v2\/media?parent=1827"}],"wp:term":[{"taxonomy":"product_brand","embeddable":true,"href":"https:\/\/apmprint.com\/tr\/wp-json\/wp\/v2\/product_brand?post=1827"},{"taxonomy":"product_cat","embeddable":true,"href":"https:\/\/apmprint.com\/tr\/wp-json\/wp\/v2\/product_cat?post=1827"},{"taxonomy":"product_tag","embeddable":true,"href":"https:\/\/apmprint.com\/tr\/wp-json\/wp\/v2\/product_tag?post=1827"}],"curies":[{"name":"wp","href":"https:\/\/api.w.org\/{rel}","templated":true}]}}