{"id":1835,"date":"2023-12-21T09:32:12","date_gmt":"2023-12-21T09:32:12","guid":{"rendered":"https:\/\/apmprint.com\/?post_type=product&#038;p=1835"},"modified":"2024-01-03T01:23:33","modified_gmt":"2024-01-03T01:23:33","slug":"apm-s104m-automatic-multi-color-screen-printer-with-led-and-uv-drying","status":"publish","type":"product","link":"https:\/\/apmprint.com\/tr\/urun\/apm-s104m-automatic-multi-color-screen-printer-with-led-and-uv-drying\/","title":{"rendered":"3 renkli otomatik CNC ekran yaz\u0131c\u0131s\u0131 S104M"},"content":{"rendered":"<p>Bize kat\u0131lmak i\u00e7in en iyi ve en parlak olan\u0131 emen Shenzhen Hejia Otomatik Bask\u0131 Makinesi Co, Ltd, d\u00fczenli olarak \u00fcr\u00fcn geli\u015ftirmeyi daha kolay ve daha verimli buluyor.S104M 3 renk otomatik \u015fi\u015fe serigrafi bask\u0131 bir istasyon \u015ei\u015fe ve Bardak Bask\u0131 i\u00e7in Mekik Serigrafi Bask\u0131 Makinesi, \u00e7al\u0131\u015fanlar\u0131m\u0131z\u0131n t\u00fcm \u00e7abalar\u0131n\u0131 ve bilgeli\u011fini birle\u015ftiren en yeni sonu\u00e7tur. S104M 3 renk otomatik \u015fi\u015fe serigrafi bask\u0131 bir istasyon \u015ei\u015fe ve Bardak Bask\u0131 i\u00e7in Mekik Serigrafi Bask\u0131 Makinesi, \u015firketin daha fazla pazar pay\u0131na, daha g\u00fc\u00e7l\u00fc rekabet g\u00fcc\u00fcne ve daha y\u00fcksek g\u00f6r\u00fcn\u00fcrl\u00fc\u011fe sahip olmas\u0131n\u0131 sa\u011flar. Gelecekte, Shenzhen Hejia Otomatik Bask\u0131 Makinesi Co, Ltd yetenekleri tan\u0131tmak i\u00e7in kanallar a\u00e7acak ve daha iyi ve daha h\u0131zl\u0131 geli\u015fme elde etmek i\u00e7in entelekt\u00fcel destek olarak daha se\u00e7kin yetenekleri tan\u0131tarak teknolojik yenilik yeteneklerini geli\u015ftirecektir.<\/p>\n<div class=\"rich-text-table\">\n<table>\n<tbody>\n<tr>\n<td>Plaka Tipi:<\/td>\n<td>Ekran Yaz\u0131c\u0131s\u0131<\/td>\n<td>Uygulanabilir End\u00fcstriler:<\/td>\n<td>\u00dcretim Tesisi, Yiyecek ve \u0130\u00e7ecek Fabrikas\u0131, Matbaalar, Reklam \u015eirketi, \u015fi\u015fe yap\u0131m \u015firketi, ambalaj \u015firketi<\/td>\n<\/tr>\n<tr>\n<td>Durum:<\/td>\n<td>Yeni<\/td>\n<td>Men\u015fe Yeri:<\/td>\n<td>Guangdong, \u00c7in<\/td>\n<\/tr>\n<tr>\n<td>Marka ad\u0131:<\/td>\n<td>APM<\/td>\n<td>Kullan\u0131m:<\/td>\n<td>silindirik cam\/plastik\/metal \u015fi\u015fe ve bardak bask\u0131s\u0131<\/td>\n<\/tr>\n<tr>\n<td>Otomatik S\u0131n\u0131f:<\/td>\n<td>Otomatik<\/td>\n<td>Renk ve Sayfa:<\/td>\n<td>tek renk<\/td>\n<\/tr>\n<tr>\n<td>Voltaj:<\/td>\n<td>380V, 50\/60HZ<\/td>\n<td>Boyutlar (L*W*H):<\/td>\n<td>1908x1000x1500mm<\/td>\n<\/tr>\n<tr>\n<td>A\u011f\u0131rl\u0131k:<\/td>\n<td>1500 KG<\/td>\n<td>Sertifika:<\/td>\n<td>CE Sertifikas\u0131<\/td>\n<\/tr>\n<tr>\n<td>Garanti:<\/td>\n<td>1 Y\u0131l<\/td>\n<td>Sat\u0131\u015f Sonras\u0131 Hizmet Sa\u011flan\u0131r:<\/td>\n<td>\u00c7evrimi\u00e7i destek, \u00dccretsiz yedek par\u00e7a, Saha kurulumu, devreye alma ve e\u011fitim, Saha bak\u0131m ve onar\u0131m hizmeti, G\u00f6r\u00fcnt\u00fcl\u00fc teknik destek, Yurtd\u0131\u015f\u0131ndaki makinelere servis verebilecek m\u00fchendisler<\/td>\n<\/tr>\n<tr>\n<td>Anahtar Sat\u0131\u015f Noktalar\u0131:<\/td>\n<td>Kullan\u0131m\u0131 Kolay<\/td>\n<td>Makine Test Raporu:<\/td>\n<td>Sa\u011fland\u0131<\/td>\n<\/tr>\n<tr>\n<td>Video \u00e7\u0131k\u0131\u015f denetimi:<\/td>\n<td>Sa\u011fland\u0131<\/td>\n<td>Temel bile\u015fenlerin garantisi:<\/td>\n<td>1 Y\u0131l<\/td>\n<\/tr>\n<tr>\n<td>Temel Bile\u015fenler:<\/td>\n<td>Motor, PLC<\/td>\n<td>\u00dcr\u00fcn ad\u0131:<\/td>\n<td><a class=\"keyword_link font-color\" title=\"Otomatik Serigrafi Bask\u0131 Makinesi\" href=\"https:\/\/www.apmprinter.com\/products-66975\" target=\"_blank\" rel=\"noopener\">Otomatik Serigrafi Bask\u0131 Makinesi<\/a>\u00a0Metal \u015ei\u015feler ve Bardaklar i\u00e7in<\/td>\n<\/tr>\n<tr>\n<td>Uygulama:<\/td>\n<td>\u015fi\u015fe yaz\u0131c\u0131, bardak yaz\u0131c\u0131<\/td>\n<td>Bask\u0131 rengi:<\/td>\n<td>\u00c7ok renkli<\/td>\n<\/tr>\n<tr>\n<td>Bask\u0131 h\u0131z\u0131:<\/td>\n<td>400-600 adet\/H<\/td>\n<td>Maksimum bask\u0131 boyutu:<\/td>\n<td>\u00e7ap.100mm<\/td>\n<\/tr>\n<tr>\n<td>Kurutucu:<\/td>\n<td>UV Kurutucu<\/td>\n<td>Tip:<\/td>\n<td>Serigrafi Bask\u0131 Makinesi<\/td>\n<\/tr>\n<tr>\n<td>Bask\u0131 t\u00fcr\u00fc:<\/td>\n<td>Otomatik Serigrafi Bask\u0131 Makinesi<\/td>\n<td>Operasyon:<\/td>\n<td>Kolay Kullan\u0131m<\/td>\n<\/tr>\n<\/tbody>\n<\/table>\n<\/div>\n<p>&nbsp;<\/p>\n<p>Genel Tan\u0131m:<\/p>\n<p>1. Servo motor kayd\u0131.<br \/>\n2. Otomatik y\u00fckleme band\u0131 (ekstra \u00fccret kar\u015f\u0131l\u0131\u011f\u0131nda iste\u011fe ba\u011fl\u0131 b\u00fcy\u00fck kase besleyici)<br \/>\n3. Otomatik alev i\u015flemi<br \/>\n4. Otomatik bo\u015faltma.<br \/>\n5. \u00dcr\u00fcn\u00fc de\u011fi\u015ftirmek kolayd\u0131r.<br \/>\n6. Renk kay\u0131t noktas\u0131 olmadan silindirik \u015fi\u015felere \u00e7ok renkli bask\u0131 yapabilir.<br \/>\n7. LED ve UV kurutma<br \/>\n8. CE standard\u0131 ile g\u00fcvenlik se\u00e7ene\u011fi.<br \/>\n9. S\u0131cak damgalama iste\u011fe ba\u011fl\u0131<\/p>\n<p>&nbsp;<\/p>\n<p><strong>Uygulama:<\/strong><\/p>\n<p>Farkl\u0131 \u015fekillerde \u00fcr\u00fcnler. (\u00c7o\u011funlukla yuvarlak, di\u011fer \u015fekiller iste\u011fe ba\u011fl\u0131)<\/p>\n<p>Renk kay\u0131t noktas\u0131 olmayan kaplara \u00e7ok renkli bask\u0131 yapabilir.<\/p>\n<p>&nbsp;<\/p>\n<p><strong>Tech-data<\/strong><\/p>\n<table>\n<tbody>\n<tr>\n<td>\u00dcr\u00fcn \u015fekli<\/td>\n<td>Yuvarlak, di\u011fer \u015fekiller iste\u011fe ba\u011fl\u0131<\/td>\n<\/tr>\n<tr>\n<td>Bask\u0131 boyutu<\/td>\n<td>Maksimum \u00e7ap 100mm<\/td>\n<\/tr>\n<tr>\n<td>Bask\u0131 uzunlu\u011fu<\/td>\n<td>Maksimum uzunluk 300mm<\/td>\n<\/tr>\n<tr>\n<td>Bask\u0131 h\u0131z\u0131<\/td>\n<td>200-900 adet \/ saat<\/td>\n<\/tr>\n<tr>\n<td>G\u00fc\u00e7 kayna\u011f\u0131<\/td>\n<td>380V 3 faz 50Hz 7kw<\/td>\n<\/tr>\n<tr>\n<td>Hava t\u00fcketimi<\/td>\n<td>5-7bar<\/td>\n<\/tr>\n<\/tbody>\n<\/table>\n<p>&nbsp;<\/p>\n<p><strong>S104M i\u00e7in ana bile\u015fenler:<\/strong><\/p>\n<table>\n<tbody>\n<tr>\n<td width=\"158\">KONTROL SI\u0307STEMLERI\u0307<\/td>\n<td width=\"172\">YASKAMA PLC<\/td>\n<td width=\"196\">JAPONYA<\/td>\n<\/tr>\n<tr>\n<td width=\"158\">DOKUNMAT\u0130K EKRAN<\/td>\n<td width=\"172\">WEINVIEW<\/td>\n<td width=\"196\">TAYVAN<\/td>\n<\/tr>\n<tr>\n<td width=\"158\">SERVO S\u0130STEMLER\u0130<\/td>\n<td width=\"172\">YASKAMA<\/td>\n<td width=\"196\">JAPONYA<\/td>\n<\/tr>\n<tr>\n<td width=\"158\">\u0130NVERTER<\/td>\n<td width=\"172\">PANASON\u0130K<\/td>\n<td width=\"196\">JAPONYA<\/td>\n<\/tr>\n<tr>\n<td width=\"158\">ELEKTRI\u0307K PAR\u00c7ALARI<\/td>\n<td width=\"172\">OMRON\/SCHNEIDER\/SICK<\/td>\n<td width=\"196\">JAPONYA\/FRANSA\/ALMANYA<\/td>\n<\/tr>\n<tr>\n<td width=\"158\">PN\u00d6MATI\u0307K PAR\u00c7ALAR<\/td>\n<td width=\"172\">SMC\/AIRTAC<\/td>\n<td width=\"196\">JAPONYA\/Tayvan<\/td>\n<\/tr>\n<\/tbody>\n<\/table>\n<p>&nbsp;<\/p>\n<p>&nbsp;<\/p>\n<p><img loading=\"lazy\" decoding=\"async\" class=\"wp-image-1836\" src=\"http:\/\/apmprint.com\/wp-content\/uploads\/2023\/12\/xx.jpg\" alt=\"apm s104m automatic multi color screen printer with led and uv drying\" width=\"1018\" height=\"461\" srcset=\"https:\/\/apmprint.com\/wp-content\/uploads\/2023\/12\/xx.jpg 800w, https:\/\/apmprint.com\/wp-content\/uploads\/2023\/12\/xx-300x136.jpg 300w, https:\/\/apmprint.com\/wp-content\/uploads\/2023\/12\/xx-768x348.jpg 768w, https:\/\/apmprint.com\/wp-content\/uploads\/2023\/12\/xx-18x8.jpg 18w, https:\/\/apmprint.com\/wp-content\/uploads\/2023\/12\/xx-600x272.jpg 600w\" sizes=\"auto, (max-width: 1018px) 100vw, 1018px\" \/><\/p>\n<p><strong>Fiyat<\/strong>: FOB Shenzhen Alevli ve LED'li 3 renk \u00a0\u00a0<strong>USD56<\/strong><strong>000<\/strong><\/p>\n<p>FOB Shenzhen Alev ve UV kurutma ile 3 renk \u00a0\u00a0\u00a0<strong>USD62<\/strong><strong>000<\/strong><\/p>\n<p><strong>\u0130ste\u011fe ba\u011fl\u0131: <\/strong><\/p>\n<p>1\/2 renkli bask\u0131y\u0131 h\u0131zland\u0131rmak i\u00e7in makinenin i\u00e7ine yerle\u015ftirilmi\u015f otomatik uzun bo\u015faltma band\u0131, g\u00fcncelleme program\u0131 ve mekanik kurulum, bask\u0131 kalitesini kontrol etmek i\u00e7in otomatik bo\u015faltma masas\u0131: USD2000<\/p>\n<figure id=\"attachment_1837\" aria-describedby=\"caption-attachment-1837\" style=\"width: 800px\" class=\"wp-caption alignnone\"><img loading=\"lazy\" decoding=\"async\" class=\"size-full wp-image-1837\" src=\"http:\/\/apmprint.com\/wp-content\/uploads\/2023\/12\/1-2.jpg\" alt=\"apm s104m automatic multi color screen printer with led and uv drying\" width=\"800\" height=\"236\" srcset=\"https:\/\/apmprint.com\/wp-content\/uploads\/2023\/12\/1-2.jpg 800w, https:\/\/apmprint.com\/wp-content\/uploads\/2023\/12\/1-2-300x89.jpg 300w, https:\/\/apmprint.com\/wp-content\/uploads\/2023\/12\/1-2-768x227.jpg 768w, https:\/\/apmprint.com\/wp-content\/uploads\/2023\/12\/1-2-18x5.jpg 18w, https:\/\/apmprint.com\/wp-content\/uploads\/2023\/12\/1-2-600x177.jpg 600w\" sizes=\"auto, (max-width: 800px) 100vw, 800px\" \/><figcaption id=\"caption-attachment-1837\" class=\"wp-caption-text\">Ekstra demirba\u015flar: USD500\/set<br \/>Sarf malzemeleri ve ekstra yedek par\u00e7alar: makine tesliminden \u00f6nce teklif verilecektir<br \/><strong>Teslimat:<\/strong>\u00a0Numuneler ve depozito al\u0131nd\u0131ktan sonra 50 i\u015f g\u00fcn\u00fc<br \/><strong>\u00d6deme ko\u015fullar\u0131: <\/strong>30% depozito, sevkiyat \u00f6ncesi 70% T \/ T<br \/><strong>Garanti:<\/strong>\u00a0bir y\u0131l<br \/><strong>Montaj ve e\u011fitim:<\/strong>\u00a0Gerekirse, \u00fcretici makineyi kurmak ve operat\u00f6rleri e\u011fitmek i\u00e7in al\u0131c\u0131n\u0131n fabrikas\u0131na m\u00fchendis g\u00f6nderecektir. Al\u0131c\u0131 u\u00e7ak biletlerini, yemek ve otel ve i\u015f\u00e7ilik \u00fccretlerini USD160\/g\u00fcn olarak \u00f6der.<\/figcaption><\/figure>\n<p>&nbsp;<\/p>\n<p><strong>\u00d6rnekler:<\/strong><\/p>\n<p><img loading=\"lazy\" decoding=\"async\" class=\"size-full wp-image-1838\" src=\"http:\/\/apmprint.com\/wp-content\/uploads\/2023\/12\/s-28.jpg\" alt=\"apm s104m automatic multi color screen printer with led and uv drying\" width=\"800\" height=\"800\" srcset=\"https:\/\/apmprint.com\/wp-content\/uploads\/2023\/12\/s-28.jpg 800w, https:\/\/apmprint.com\/wp-content\/uploads\/2023\/12\/s-28-300x300.jpg 300w, https:\/\/apmprint.com\/wp-content\/uploads\/2023\/12\/s-28-150x150.jpg 150w, https:\/\/apmprint.com\/wp-content\/uploads\/2023\/12\/s-28-768x768.jpg 768w, https:\/\/apmprint.com\/wp-content\/uploads\/2023\/12\/s-28-12x12.jpg 12w, https:\/\/apmprint.com\/wp-content\/uploads\/2023\/12\/s-28-600x600.jpg 600w, https:\/\/apmprint.com\/wp-content\/uploads\/2023\/12\/s-28-100x100.jpg 100w\" sizes=\"auto, (max-width: 800px) 100vw, 800px\" \/><\/p>\n<p><img loading=\"lazy\" decoding=\"async\" class=\"size-full wp-image-1967\" src=\"http:\/\/apmprint.com\/wp-content\/uploads\/2023\/12\/\u4ecb\u7ecd1.jpg\" alt=\"ss106 2 color automatic printing machine\" width=\"750\" height=\"1500\" srcset=\"https:\/\/apmprint.com\/wp-content\/uploads\/2023\/12\/\u4ecb\u7ecd1.jpg 750w, https:\/\/apmprint.com\/wp-content\/uploads\/2023\/12\/\u4ecb\u7ecd1-150x300.jpg 150w, https:\/\/apmprint.com\/wp-content\/uploads\/2023\/12\/\u4ecb\u7ecd1-512x1024.jpg 512w, https:\/\/apmprint.com\/wp-content\/uploads\/2023\/12\/\u4ecb\u7ecd1-6x12.jpg 6w, https:\/\/apmprint.com\/wp-content\/uploads\/2023\/12\/\u4ecb\u7ecd1-600x1200.jpg 600w\" sizes=\"auto, (max-width: 750px) 100vw, 750px\" \/><\/p>\n<p><img loading=\"lazy\" decoding=\"async\" class=\"size-full wp-image-1968\" src=\"http:\/\/apmprint.com\/wp-content\/uploads\/2023\/12\/\u4ecb\u7ecd2.jpg\" alt=\"ss106 2 color automatic printing machine\" width=\"750\" height=\"1020\" srcset=\"https:\/\/apmprint.com\/wp-content\/uploads\/2023\/12\/\u4ecb\u7ecd2.jpg 750w, https:\/\/apmprint.com\/wp-content\/uploads\/2023\/12\/\u4ecb\u7ecd2-221x300.jpg 221w, https:\/\/apmprint.com\/wp-content\/uploads\/2023\/12\/\u4ecb\u7ecd2-9x12.jpg 9w, https:\/\/apmprint.com\/wp-content\/uploads\/2023\/12\/\u4ecb\u7ecd2-600x816.jpg 600w\" sizes=\"auto, (max-width: 750px) 100vw, 750px\" \/><\/p>\n<figure id=\"attachment_1969\" aria-describedby=\"caption-attachment-1969\" style=\"width: 750px\" class=\"wp-caption alignnone\"><img loading=\"lazy\" decoding=\"async\" class=\"size-full wp-image-1969\" src=\"http:\/\/apmprint.com\/wp-content\/uploads\/2023\/12\/\u4ecb\u7ecd3.jpg\" alt=\"ss106 2 color automatic printing machine\" width=\"750\" height=\"1072\" srcset=\"https:\/\/apmprint.com\/wp-content\/uploads\/2023\/12\/\u4ecb\u7ecd3.jpg 750w, https:\/\/apmprint.com\/wp-content\/uploads\/2023\/12\/\u4ecb\u7ecd3-210x300.jpg 210w, https:\/\/apmprint.com\/wp-content\/uploads\/2023\/12\/\u4ecb\u7ecd3-716x1024.jpg 716w, https:\/\/apmprint.com\/wp-content\/uploads\/2023\/12\/\u4ecb\u7ecd3-8x12.jpg 8w, https:\/\/apmprint.com\/wp-content\/uploads\/2023\/12\/\u4ecb\u7ecd3-600x858.jpg 600w\" sizes=\"auto, (max-width: 750px) 100vw, 750px\" \/><figcaption id=\"caption-attachment-1969\" class=\"wp-caption-text\">ss106 2 renkli otomatik bask\u0131 makinesi<\/figcaption><\/figure>\n<p>&nbsp;<\/p>","protected":false},"excerpt":{"rendered":"<p>S104M 3 renkli otomatik \u015fi\u015fe serigrafi bask\u0131 tek istasyonlu \u015ei\u015fe ve Bardaklar i\u00e7in Mekik Serigrafi Bask\u0131 Makinesi Bask\u0131, \u015firketin rekabet g\u00fcc\u00fcn\u00fc art\u0131rabilir ve \u015firketin g\u00fcn\u00fcm\u00fcz\u00fcn son derece rekabet\u00e7i ortam\u0131nda sa\u011flam bir yer edinmesine ve istikrarl\u0131 ve y\u00fcksek bir h\u0131zda geli\u015fmesine yard\u0131mc\u0131 olabilir. \u00fcretimde \u00e7e\u015fitli teknolojiler \u00dcr\u00fcn, pazardan oybirli\u011fiyle olumlu yorumlar ald\u0131.<\/p>\n<p><strong><b>Model Numaras\u0131<\/b><\/strong>: S104M-3<\/p>\n<p><strong><b>Br\u00fct G\u00fc\u00e7<\/b><\/strong>: 3.5KW<\/p>\n<p><strong><b>nakliye<\/b><\/strong>: Ekspres Deniz ta\u015f\u0131mac\u0131l\u0131\u011f\u0131 \/ Kara ta\u015f\u0131mac\u0131l\u0131\u011f\u0131 \/ Hava ta\u015f\u0131mac\u0131l\u0131\u011f\u0131<\/p>\n<p><strong><b>\u00d6zelle\u015ftirme<\/b><\/strong>: \u00d6zelle\u015ftirilmi\u015f logo (Min. Sipari\u015f: 5 set), \u00d6zelle\u015ftirilmi\u015f ambalaj (Min. Sipari\u015f: 5 set), Grafik \u00f6zelle\u015ftirme (Min. Sipari\u015f: 5 set)<\/p>","protected":false},"featured_media":1840,"template":"","meta":{"_acf_changed":false,"_seopress_robots_primary_cat":"none","_seopress_titles_title":"","_seopress_titles_desc":"","_seopress_robots_index":""},"product_brand":[],"product_cat":[29,31],"product_tag":[75,84,57,78,69],"class_list":{"0":"post-1835","1":"product","2":"type-product","3":"status-publish","4":"has-post-thumbnail","6":"product_cat-all-servo-printing-machine-cnc","7":"product_cat-auto-screen-printer","8":"product_tag-automatic","9":"product_tag-jar","10":"product_tag-plastic-bottles","11":"product_tag-screen-printer","12":"product_tag-servo","14":"first","15":"instock","16":"shipping-taxable","17":"product-type-simple"},"acf":[],"_links":{"self":[{"href":"https:\/\/apmprint.com\/tr\/wp-json\/wp\/v2\/product\/1835","targetHints":{"allow":["GET"]}}],"collection":[{"href":"https:\/\/apmprint.com\/tr\/wp-json\/wp\/v2\/product"}],"about":[{"href":"https:\/\/apmprint.com\/tr\/wp-json\/wp\/v2\/types\/product"}],"wp:featuredmedia":[{"embeddable":true,"href":"https:\/\/apmprint.com\/tr\/wp-json\/wp\/v2\/media\/1840"}],"wp:attachment":[{"href":"https:\/\/apmprint.com\/tr\/wp-json\/wp\/v2\/media?parent=1835"}],"wp:term":[{"taxonomy":"product_brand","embeddable":true,"href":"https:\/\/apmprint.com\/tr\/wp-json\/wp\/v2\/product_brand?post=1835"},{"taxonomy":"product_cat","embeddable":true,"href":"https:\/\/apmprint.com\/tr\/wp-json\/wp\/v2\/product_cat?post=1835"},{"taxonomy":"product_tag","embeddable":true,"href":"https:\/\/apmprint.com\/tr\/wp-json\/wp\/v2\/product_tag?post=1835"}],"curies":[{"name":"wp","href":"https:\/\/api.w.org\/{rel}","templated":true}]}}