{"id":1844,"date":"2023-12-21T09:43:32","date_gmt":"2023-12-21T09:43:32","guid":{"rendered":"https:\/\/apmprint.com\/?post_type=product&#038;p=1844"},"modified":"2024-01-03T01:30:30","modified_gmt":"2024-01-03T01:30:30","slug":"s106-multi-color-automatic-screen-printing-machine-for-round-bottles","status":"publish","type":"product","link":"https:\/\/apmprint.com\/tr\/urun\/s106-multi-color-automatic-screen-printing-machine-for-round-bottles\/","title":{"rendered":"S106 Yuvarlak \u015ei\u015feler i\u00e7in \u00c7ok Renkli Otomatik Serigrafi Bask\u0131 Makinesi"},"content":{"rendered":"<p><strong>Uygulama:<\/strong><br \/>\n\u00c7ok renkli dekorasyon i\u00e7in tasarlanm\u0131\u015ft\u0131r <strong>silindirik <\/strong><strong>cam\/plastik \u015fi\u015feler<\/strong><strong>\u00a0<\/strong>y\u00fcksek \u00fcretim h\u0131zlar\u0131nda. \u00c7o\u011funlukla \u015farap \u015fi\u015fesi bask\u0131s\u0131 i\u00e7in kullan\u0131l\u0131r. \u015eunlar i\u00e7in uygundur <strong>cam <\/strong>ile bask\u0131 yapan konteynerler <strong>termoplastik m\u00fcrekkep veya UV m\u00fcrekkepli plastik \u015fi\u015fe<\/strong>.<\/p>\n<p><strong>A\u00e7\u0131klama:<\/strong><\/p>\n<p>Otomatik y\u00fckleme band\u0131.<\/p>\n<p>\u0130ste\u011fe ba\u011fl\u0131 otomatik alev i\u015flemi<\/p>\n<p><strong>Altta kay\u0131t noktas\u0131 oldu\u011funda otomatik mekanik \u00f6n kay\u0131t ... (l\u00fctfen sipari\u015fi onaylamadan \u00f6nce bizi bilgilendirin)<\/strong><\/p>\n<p>1 i\u015flemde 3 renkli bask\u0131<\/p>\n<p>Mekanik tahrikli sistem<\/p>\n<p>\u00dcr\u00fcn yok, yazd\u0131rma i\u015flevi yok<\/p>\n<p>Otomatik bo\u015faltma<\/p>\n<p>Dokunmatik ekranl\u0131 PLC kontrol\u00fc<\/p>\n<p>&nbsp;<\/p>\n<p><strong>A\u00e7\u0131klamalar:<\/strong><\/p>\n<p>Dil \u00c7ince, \u0130ngilizce<\/p>\n<p>&nbsp;<\/p>\n<p><strong>Tech-data<\/strong><\/p>\n<table>\n<tbody>\n<tr>\n<td width=\"43.1200%\">Parametre \\ \u00d6\u011fe<\/td>\n<td width=\"56.8600%\">S106<\/td>\n<\/tr>\n<tr>\n<td width=\"43.1200%\">G\u00fc\u00e7<\/td>\n<td width=\"56.8600%\">380VAC 3Faz 50\/60Hz<\/td>\n<\/tr>\n<tr>\n<td width=\"43.1200%\">Hava t\u00fcketimi<\/td>\n<td width=\"56.8600%\">5-7 bar<\/td>\n<\/tr>\n<tr>\n<td width=\"43.1200%\">Bask\u0131 h\u0131z\u0131<\/td>\n<td width=\"56.8600%\">Yakla\u015f\u0131k 30 adet\/dakika<\/td>\n<\/tr>\n<tr>\n<td width=\"43.1200%\">Bask\u0131 \u00c7ap\u0131<\/td>\n<td width=\"56.8600%\">25-100mm<\/td>\n<\/tr>\n<tr>\n<td width=\"43.1200%\">Bask\u0131 Uzunlu\u011fu<\/td>\n<td width=\"56.8600%\">50-300mm<\/td>\n<\/tr>\n<\/tbody>\n<\/table>\n<p>&nbsp;<\/p>\n<p><strong>\u00d6rnekler:<\/strong><\/p>\n<p><img loading=\"lazy\" decoding=\"async\" class=\"size-full wp-image-1845\" src=\"http:\/\/apmprint.com\/wp-content\/uploads\/2023\/12\/s-29.jpg\" alt=\"s106 multi color automatic screen printing machine for round bottles\" width=\"800\" height=\"800\" srcset=\"https:\/\/apmprint.com\/wp-content\/uploads\/2023\/12\/s-29.jpg 800w, https:\/\/apmprint.com\/wp-content\/uploads\/2023\/12\/s-29-300x300.jpg 300w, https:\/\/apmprint.com\/wp-content\/uploads\/2023\/12\/s-29-150x150.jpg 150w, https:\/\/apmprint.com\/wp-content\/uploads\/2023\/12\/s-29-768x768.jpg 768w, https:\/\/apmprint.com\/wp-content\/uploads\/2023\/12\/s-29-12x12.jpg 12w, https:\/\/apmprint.com\/wp-content\/uploads\/2023\/12\/s-29-600x600.jpg 600w, https:\/\/apmprint.com\/wp-content\/uploads\/2023\/12\/s-29-100x100.jpg 100w\" sizes=\"auto, (max-width: 800px) 100vw, 800px\" \/><\/p>\n<p>&nbsp;<\/p>","protected":false},"excerpt":{"rendered":"<p>Application: Designed for multi colours decoration of cylindrical glass\/plastic bottles\u00a0at high production speeds. Mostly used for wine bottles printing. It is suitable for glass containers printing with thermoplastic ink or plastic bottle with UV ink. Description: Automatic loading belt. Auto flame treatment optional Auto mechanical pre-registration when there is registration point in the bottom..(please inform [&hellip;]<\/p>","protected":false},"featured_media":1846,"template":"","meta":{"_acf_changed":false,"_seopress_robots_primary_cat":"none","_seopress_titles_title":"","_seopress_titles_desc":"","_seopress_robots_index":""},"product_brand":[],"product_cat":[31,33],"product_tag":[75,78],"class_list":{"0":"post-1844","1":"product","2":"type-product","3":"status-publish","4":"has-post-thumbnail","6":"product_cat-auto-screen-printer","7":"product_cat-glass-bottle-printer","8":"product_tag-automatic","9":"product_tag-screen-printer","11":"first","12":"instock","13":"shipping-taxable","14":"product-type-simple"},"acf":[],"_links":{"self":[{"href":"https:\/\/apmprint.com\/tr\/wp-json\/wp\/v2\/product\/1844","targetHints":{"allow":["GET"]}}],"collection":[{"href":"https:\/\/apmprint.com\/tr\/wp-json\/wp\/v2\/product"}],"about":[{"href":"https:\/\/apmprint.com\/tr\/wp-json\/wp\/v2\/types\/product"}],"wp:featuredmedia":[{"embeddable":true,"href":"https:\/\/apmprint.com\/tr\/wp-json\/wp\/v2\/media\/1846"}],"wp:attachment":[{"href":"https:\/\/apmprint.com\/tr\/wp-json\/wp\/v2\/media?parent=1844"}],"wp:term":[{"taxonomy":"product_brand","embeddable":true,"href":"https:\/\/apmprint.com\/tr\/wp-json\/wp\/v2\/product_brand?post=1844"},{"taxonomy":"product_cat","embeddable":true,"href":"https:\/\/apmprint.com\/tr\/wp-json\/wp\/v2\/product_cat?post=1844"},{"taxonomy":"product_tag","embeddable":true,"href":"https:\/\/apmprint.com\/tr\/wp-json\/wp\/v2\/product_tag?post=1844"}],"curies":[{"name":"wp","href":"https:\/\/api.w.org\/{rel}","templated":true}]}}