{"id":1847,"date":"2023-12-21T09:52:01","date_gmt":"2023-12-21T09:52:01","guid":{"rendered":"https:\/\/apmprint.com\/?post_type=product&#038;p=1847"},"modified":"2023-12-21T09:54:29","modified_gmt":"2023-12-21T09:54:29","slug":"s107-automatic-screen-printing-machine","status":"publish","type":"product","link":"https:\/\/apmprint.com\/tr\/urun\/s107-automatic-screen-printing-machine\/","title":{"rendered":"S107 Otomatik serigrafi bask\u0131 makinesi"},"content":{"rendered":"<p><strong>Uygulama<\/strong><strong>:<\/strong><\/p>\n<p>S107 silindirik kapaklar\u0131n, rujlar\u0131n veya kalem k\u0131l\u0131flar\u0131n\u0131n serigrafi bask\u0131s\u0131 i\u00e7in tasarlanm\u0131\u015ft\u0131r.<\/p>\n<p>Renk kay\u0131t noktas\u0131 olmadan \u00e7ok renkli bask\u0131 yapabilir.<\/p>\n<p>&nbsp;<\/p>\n<p><strong>Teknik veriler:<\/strong><\/p>\n<table>\n<tbody>\n<tr>\n<td width=\"284\">Maks. H\u0131z<\/td>\n<td width=\"284\">3000 adet\/saat<\/td>\n<\/tr>\n<tr>\n<td width=\"284\">kapak \u00e7ap\u0131<\/td>\n<td width=\"284\">\u03a615-34mm<\/td>\n<\/tr>\n<tr>\n<td width=\"284\">Kapak uzunlu\u011fu<\/td>\n<td width=\"284\">25-60mm<\/td>\n<\/tr>\n<tr>\n<td width=\"284\">\u015ei\u015fe \u00e7ap\u0131<\/td>\n<td width=\"284\">\u03a620-65 mm<\/td>\n<\/tr>\n<tr>\n<td width=\"284\">\u015ei\u015fe y\u00fcksekli\u011fi<\/td>\n<td width=\"284\">25-150 mm<\/td>\n<\/tr>\n<\/tbody>\n<\/table>\n<p>&nbsp;<\/p>\n<p><strong>Not:<\/strong><\/p>\n<p>Serigrafi bask\u0131 kafas\u0131, s\u0131cak damgalama makinesi veya ekran ve s\u0131cak damgalama makinesi olmak i\u00e7in s\u0131cak damgalama kafas\u0131na de\u011fi\u015ftirilebilir.<\/p>\n<p>S107 ekran yaz\u0131c\u0131s\u0131<\/p>\n<p>H107 s\u0131cak damgalama makinesi<\/p>\n<p>SH107 elek ve s\u0131cak damgalama makinesi<\/p>\n<p>&nbsp;<\/p>\n<p><strong>\u00d6rnekler:<\/strong><\/p>\n<p><img loading=\"lazy\" decoding=\"async\" class=\"size-full wp-image-1848\" src=\"http:\/\/apmprint.com\/wp-content\/uploads\/2023\/12\/s-30.jpg\" alt=\"s107 automatic screen printing machine\" width=\"800\" height=\"253\" srcset=\"https:\/\/apmprint.com\/wp-content\/uploads\/2023\/12\/s-30.jpg 800w, https:\/\/apmprint.com\/wp-content\/uploads\/2023\/12\/s-30-300x95.jpg 300w, https:\/\/apmprint.com\/wp-content\/uploads\/2023\/12\/s-30-768x243.jpg 768w, https:\/\/apmprint.com\/wp-content\/uploads\/2023\/12\/s-30-18x6.jpg 18w, https:\/\/apmprint.com\/wp-content\/uploads\/2023\/12\/s-30-600x190.jpg 600w\" sizes=\"auto, (max-width: 800px) 100vw, 800px\" \/><\/p>","protected":false},"excerpt":{"rendered":"<p>A\u00e7\u0131klama:<br \/>\n1. Otomatik y\u00fckleme band\u0131<br \/>\n2. Otomatik alev i\u015flemi<br \/>\n3. Zincir aktar\u0131m\u0131<br \/>\n4. \u00dcr\u00fcn yok, yazd\u0131rma i\u015flevi yok<br \/>\n5. Daha uzun \u00f6m\u00fcrl\u00fc ve enerji tasarruflu LED UV k\u00fcrleme sistemi, iste\u011fe ba\u011fl\u0131 elektrikli UV sistemi.<br \/>\n6. Dokunmatik ekranl\u0131 g\u00fcvenilir PLC kontrol\u00fc<br \/>\n7. Otomatik bo\u015faltma.<br \/>\n8. CE standard\u0131 ile g\u00fcvenli \u00e7al\u0131\u015fma.<\/p>","protected":false},"featured_media":1849,"template":"","meta":{"_acf_changed":false,"_seopress_robots_primary_cat":"none","_seopress_titles_title":"","_seopress_titles_desc":"","_seopress_robots_index":""},"product_brand":[],"product_cat":[31],"product_tag":[75,78],"class_list":{"0":"post-1847","1":"product","2":"type-product","3":"status-publish","4":"has-post-thumbnail","6":"product_cat-auto-screen-printer","7":"product_tag-automatic","8":"product_tag-screen-printer","10":"first","11":"instock","12":"shipping-taxable","13":"product-type-simple"},"acf":[],"_links":{"self":[{"href":"https:\/\/apmprint.com\/tr\/wp-json\/wp\/v2\/product\/1847","targetHints":{"allow":["GET"]}}],"collection":[{"href":"https:\/\/apmprint.com\/tr\/wp-json\/wp\/v2\/product"}],"about":[{"href":"https:\/\/apmprint.com\/tr\/wp-json\/wp\/v2\/types\/product"}],"wp:featuredmedia":[{"embeddable":true,"href":"https:\/\/apmprint.com\/tr\/wp-json\/wp\/v2\/media\/1849"}],"wp:attachment":[{"href":"https:\/\/apmprint.com\/tr\/wp-json\/wp\/v2\/media?parent=1847"}],"wp:term":[{"taxonomy":"product_brand","embeddable":true,"href":"https:\/\/apmprint.com\/tr\/wp-json\/wp\/v2\/product_brand?post=1847"},{"taxonomy":"product_cat","embeddable":true,"href":"https:\/\/apmprint.com\/tr\/wp-json\/wp\/v2\/product_cat?post=1847"},{"taxonomy":"product_tag","embeddable":true,"href":"https:\/\/apmprint.com\/tr\/wp-json\/wp\/v2\/product_tag?post=1847"}],"curies":[{"name":"wp","href":"https:\/\/api.w.org\/{rel}","templated":true}]}}