{"id":1850,"date":"2023-12-21T09:55:28","date_gmt":"2023-12-21T09:55:28","guid":{"rendered":"https:\/\/apmprint.com\/?post_type=product&#038;p=1850"},"modified":"2023-12-21T09:58:12","modified_gmt":"2023-12-21T09:58:12","slug":"auto-screen-printer-s275","status":"publish","type":"product","link":"https:\/\/apmprint.com\/tr\/urun\/auto-screen-printer-s275\/","title":{"rendered":"Otomatik Ekran yaz\u0131c\u0131s\u0131 S275"},"content":{"rendered":"<p><strong>Uygulama:<\/strong><\/p>\n<p>Kare konteynerler i\u00e7in otomatik \u00e7ok renkli serigrafi bask\u0131 hatt\u0131<\/p>\n<p>&nbsp;<\/p>\n<p><strong>Tech-Data:<\/strong><\/p>\n<p><strong>H\u0131z:<\/strong><strong>\u00a0<\/strong>25~35 adet\/dak.<\/p>\n<p>&nbsp;<\/p>\n<p><strong>D\u00fcz\/Kare: S275F<\/strong><\/p>\n<p>Maksimum \u00fcr\u00fcn boyutu: 240(G)x 300(Y) mm<br \/>\nMaksimum bask\u0131 alan\u0131: 120(G)x200(Y) mm<\/p>\n<p>&nbsp;<\/p>\n<p><strong>Yuvarlak:<\/strong><\/p>\n<p>Maksimum yuvarlak \u00fcr\u00fcn boyutu: 200(\u03a6)x 300(H) mm<br \/>\nMaksimum bask\u0131 alan\u0131: 600(L)x230(H) mm<\/p>\n<p>&nbsp;<\/p>\n<p><strong>Prosed\u00fcr:<\/strong><\/p>\n<p>Bant \u00fczerine otomatik y\u00fckleme - alevle i\u015fleme - bask\u0131 - Elektrikli UV kurutma - Otomatik bo\u015faltma<\/p>\n<p>&nbsp;<\/p>\n<p><strong>\u00d6rnekler:<\/strong><\/p>\n<p><img loading=\"lazy\" decoding=\"async\" class=\"size-full wp-image-1848\" src=\"http:\/\/apmprint.com\/wp-content\/uploads\/2023\/12\/s-30.jpg\" alt=\"s107 automatic screen printing machine\" width=\"800\" height=\"253\" srcset=\"https:\/\/apmprint.com\/wp-content\/uploads\/2023\/12\/s-30.jpg 800w, https:\/\/apmprint.com\/wp-content\/uploads\/2023\/12\/s-30-300x95.jpg 300w, https:\/\/apmprint.com\/wp-content\/uploads\/2023\/12\/s-30-768x243.jpg 768w, https:\/\/apmprint.com\/wp-content\/uploads\/2023\/12\/s-30-18x6.jpg 18w, https:\/\/apmprint.com\/wp-content\/uploads\/2023\/12\/s-30-600x190.jpg 600w\" sizes=\"auto, (max-width: 800px) 100vw, 800px\" \/><\/p>","protected":false},"excerpt":{"rendered":"<p>Genel Tan\u0131m:<br \/>\n1. Kay\u0131\u015fl\u0131 otomatik y\u00fckleme sistemi<br \/>\n2. Otomatik alev i\u015flemi<br \/>\n3. M\u00fckemmel iletim sistemi. \u015ei\u015felerin \u00fczerinden h\u0131zl\u0131 ve p\u00fcr\u00fczs\u00fcz ge\u00e7er.<br \/>\n4. Kare \u015fi\u015feler i\u00e7in otomatik 180 derece d\u00f6nd\u00fcrme<br \/>\n5. Bir \u00fcr\u00fcnden di\u011ferine h\u0131zl\u0131 ve kolay ge\u00e7i\u015f.<br \/>\n6. Otomatik y\u00fcksek verimli elektrikli UV kurutma, iste\u011fe ba\u011fl\u0131 LED kurutma<br \/>\n7. Dokunmatik ekranl\u0131 g\u00fcvenilir PLC kontrol\u00fc<br \/>\n8. Otomatik bo\u015faltma<br \/>\n9. CE standard\u0131<\/p>","protected":false},"featured_media":1851,"template":"","meta":{"_acf_changed":false,"_seopress_robots_primary_cat":"none","_seopress_titles_title":"","_seopress_titles_desc":"","_seopress_robots_index":""},"product_brand":[],"product_cat":[31],"product_tag":[75,78],"class_list":{"0":"post-1850","1":"product","2":"type-product","3":"status-publish","4":"has-post-thumbnail","6":"product_cat-auto-screen-printer","7":"product_tag-automatic","8":"product_tag-screen-printer","10":"first","11":"instock","12":"shipping-taxable","13":"product-type-simple"},"acf":[],"_links":{"self":[{"href":"https:\/\/apmprint.com\/tr\/wp-json\/wp\/v2\/product\/1850","targetHints":{"allow":["GET"]}}],"collection":[{"href":"https:\/\/apmprint.com\/tr\/wp-json\/wp\/v2\/product"}],"about":[{"href":"https:\/\/apmprint.com\/tr\/wp-json\/wp\/v2\/types\/product"}],"wp:featuredmedia":[{"embeddable":true,"href":"https:\/\/apmprint.com\/tr\/wp-json\/wp\/v2\/media\/1851"}],"wp:attachment":[{"href":"https:\/\/apmprint.com\/tr\/wp-json\/wp\/v2\/media?parent=1850"}],"wp:term":[{"taxonomy":"product_brand","embeddable":true,"href":"https:\/\/apmprint.com\/tr\/wp-json\/wp\/v2\/product_brand?post=1850"},{"taxonomy":"product_cat","embeddable":true,"href":"https:\/\/apmprint.com\/tr\/wp-json\/wp\/v2\/product_cat?post=1850"},{"taxonomy":"product_tag","embeddable":true,"href":"https:\/\/apmprint.com\/tr\/wp-json\/wp\/v2\/product_tag?post=1850"}],"curies":[{"name":"wp","href":"https:\/\/api.w.org\/{rel}","templated":true}]}}