{"id":1852,"date":"2023-12-21T10:00:16","date_gmt":"2023-12-21T10:00:16","guid":{"rendered":"https:\/\/apmprint.com\/?post_type=product&#038;p=1852"},"modified":"2023-12-21T10:01:34","modified_gmt":"2023-12-21T10:01:34","slug":"auto-screen-printer-apm-s350","status":"publish","type":"product","link":"https:\/\/apmprint.com\/tr\/urun\/auto-screen-printer-apm-s350\/","title":{"rendered":"Otomatik ekran yaz\u0131c\u0131s\u0131 APM-S350"},"content":{"rendered":"<p><strong>Uygulama:<\/strong><\/p>\n<p>Yuvarlak kova i\u00e7in otomatik \u00e7ok renkli serigrafi bask\u0131 hatt\u0131<\/p>\n<p>&nbsp;<\/p>\n<p><strong>Genel Tan\u0131m:<\/strong><\/p>\n<p>1. Yuvarlak kova i\u00e7in otomatik \u00e7ok renkli serigrafi bask\u0131 hatt\u0131.<\/p>\n<p>2. Kay\u0131\u015fl\u0131 otomatik y\u00fckleme sistemi<\/p>\n<p>3. Egzoz gaz\u0131 ve \u0131s\u0131 bo\u015falt\u0131c\u0131 ile donat\u0131lm\u0131\u015f otomatik alev i\u015fleme<\/p>\n<p>4. Tamamen mekanik iletim sistemi. \u015ei\u015felerin \u00fczerinden h\u0131zl\u0131 ve p\u00fcr\u00fczs\u00fcz ge\u00e7er.<\/p>\n<p>5. Otomatik y\u00fcksek verimli UV k\u00fcrleme sistemi<\/p>\n<p>6. Dokunmatik ekranl\u0131 g\u00fcvenilir PLC kontrol\u00fc<\/p>\n<p>7. Otomatik bo\u015faltma<\/p>\n<p>&nbsp;<\/p>\n<p>Maksimum \u00fcr\u00fcn \u00e7ap\u0131: 320mm<\/p>\n<p>Maksimum \u00fcr\u00fcn y\u00fcksekli\u011fi: 380mm<\/p>\n<p>Bask\u0131 h\u0131z\u0131: 500-1200 adet\/saat<\/p>\n<p><strong>Tech-data<\/strong><\/p>\n<table>\n<tbody>\n<tr>\n<td colspan=\"2\" width=\"100.0000%\">S350<\/td>\n<\/tr>\n<tr>\n<td width=\"52.6400%\">Maksimum \u00fcr\u00fcn \u00e7ap\u0131<\/td>\n<td width=\"47.3400%\">320mm<\/td>\n<\/tr>\n<tr>\n<td width=\"52.6400%\">Maksimum \u00fcr\u00fcn y\u00fcksekli\u011fi:<\/td>\n<td width=\"47.3400%\">380 mm<\/td>\n<\/tr>\n<tr>\n<td width=\"52.6400%\">Bask\u0131 h\u0131z\u0131<\/td>\n<td width=\"47.3400%\">500-1200 adet\/saat<\/td>\n<\/tr>\n<\/tbody>\n<\/table>\n<p>&nbsp;<\/p>\n<p>&nbsp;<\/p>\n<p><strong>\u00d6rnekler:<\/strong><\/p>\n<p><img loading=\"lazy\" decoding=\"async\" class=\"size-full wp-image-1848\" src=\"http:\/\/apmprint.com\/wp-content\/uploads\/2023\/12\/s-30.jpg\" alt=\"s107 automatic screen printing machine\" width=\"800\" height=\"253\" srcset=\"https:\/\/apmprint.com\/wp-content\/uploads\/2023\/12\/s-30.jpg 800w, https:\/\/apmprint.com\/wp-content\/uploads\/2023\/12\/s-30-300x95.jpg 300w, https:\/\/apmprint.com\/wp-content\/uploads\/2023\/12\/s-30-768x243.jpg 768w, https:\/\/apmprint.com\/wp-content\/uploads\/2023\/12\/s-30-18x6.jpg 18w, https:\/\/apmprint.com\/wp-content\/uploads\/2023\/12\/s-30-600x190.jpg 600w\" sizes=\"auto, (max-width: 800px) 100vw, 800px\" \/><\/p>","protected":false},"excerpt":{"rendered":"<p>Application: Automatic multi-color screen printing line for round bucket &nbsp; General Description: 1.Automatic multi-color screen printing line for round bucket. 2.Automatic loading system with belt 3.Auto flame treatment equipped with exhaust gas and heat discharger 4.Fully mechanical transmission system. It passes over the bottles fast and smooth. 5.Auto high efficiency UV curing system 6.Reliable PLC [&hellip;]<\/p>","protected":false},"featured_media":1853,"template":"","meta":{"_acf_changed":false,"_seopress_robots_primary_cat":"none","_seopress_titles_title":"","_seopress_titles_desc":"","_seopress_robots_index":""},"product_brand":[],"product_cat":[31],"product_tag":[75,78],"class_list":{"0":"post-1852","1":"product","2":"type-product","3":"status-publish","4":"has-post-thumbnail","6":"product_cat-auto-screen-printer","7":"product_tag-automatic","8":"product_tag-screen-printer","10":"first","11":"instock","12":"shipping-taxable","13":"product-type-simple"},"acf":[],"_links":{"self":[{"href":"https:\/\/apmprint.com\/tr\/wp-json\/wp\/v2\/product\/1852","targetHints":{"allow":["GET"]}}],"collection":[{"href":"https:\/\/apmprint.com\/tr\/wp-json\/wp\/v2\/product"}],"about":[{"href":"https:\/\/apmprint.com\/tr\/wp-json\/wp\/v2\/types\/product"}],"wp:featuredmedia":[{"embeddable":true,"href":"https:\/\/apmprint.com\/tr\/wp-json\/wp\/v2\/media\/1853"}],"wp:attachment":[{"href":"https:\/\/apmprint.com\/tr\/wp-json\/wp\/v2\/media?parent=1852"}],"wp:term":[{"taxonomy":"product_brand","embeddable":true,"href":"https:\/\/apmprint.com\/tr\/wp-json\/wp\/v2\/product_brand?post=1852"},{"taxonomy":"product_cat","embeddable":true,"href":"https:\/\/apmprint.com\/tr\/wp-json\/wp\/v2\/product_cat?post=1852"},{"taxonomy":"product_tag","embeddable":true,"href":"https:\/\/apmprint.com\/tr\/wp-json\/wp\/v2\/product_tag?post=1852"}],"curies":[{"name":"wp","href":"https:\/\/api.w.org\/{rel}","templated":true}]}}