{"id":1854,"date":"2023-12-21T10:05:09","date_gmt":"2023-12-21T10:05:09","guid":{"rendered":"https:\/\/apmprint.com\/?post_type=product&#038;p=1854"},"modified":"2023-12-27T06:28:19","modified_gmt":"2023-12-27T06:28:19","slug":"ss106-2-color-automatic-printing-machine","status":"publish","type":"product","link":"https:\/\/apmprint.com\/tr\/urun\/ss106-2-color-automatic-printing-machine\/","title":{"rendered":"UV kurutmal\u0131 2-6 Renkli D\u00f6ner Plastik Servo Ekranl\u0131 Yaz\u0131c\u0131 SS106"},"content":{"rendered":"<p>\u00dcr\u00fcn, baz\u0131lar\u0131 kendi ba\u015f\u0131m\u0131za geli\u015ftirilen, di\u011ferleri ise di\u011fer \u00fcnl\u00fc markalardan \u00f6\u011frenilen teknolojilerle \u00fcretilmi\u015ftir. \u00e7ok y\u00f6nl\u00fcl\u00fc\u011f\u00fc ve garantili kalitesi i\u00e7in yayg\u0131n olarak kullan\u0131lmaktad\u0131r. Serigrafi + S\u0131cak Bask\u0131 S\u00fcrekli giri\u015fimci yenilik s\u00fcrecinde, Shenzhen Hejia Otomatik Bask\u0131 Makinesi Co, Ltd her zaman 'kalite \u00f6nce gelir' i\u015f felsefesine ba\u011fl\u0131 kalmaktad\u0131r. Zaman\u0131n f\u0131rsatlar\u0131n\u0131 kavrayacak ve her zaman end\u00fcstri trendlerine ayak uyduraca\u011f\u0131z. Bir g\u00fcn k\u00fcresel pazar\u0131n \u00f6nde gelen kurulu\u015flar\u0131ndan biri olaca\u011f\u0131m\u0131za inan\u0131yoruz.<\/p>\n<div class=\"rich-text-table\">\n<table>\n<tbody>\n<tr class=\"firstRow\">\n<td>Plaka Tipi:<\/td>\n<td>Ekran Yaz\u0131c\u0131s\u0131<\/td>\n<td>Uygulanabilir End\u00fcstriler:<\/td>\n<td>\u00dcretim Tesisi, Matbaalar<\/td>\n<\/tr>\n<tr>\n<td>Durum:<\/td>\n<td>Yeni<\/td>\n<td>Men\u015fe Yeri:<\/td>\n<td>Guangdong, \u00c7in<\/td>\n<\/tr>\n<tr>\n<td>Marka ad\u0131:<\/td>\n<td>APM<\/td>\n<td>Kullan\u0131m:<\/td>\n<td>\u015ei\u015fe Yaz\u0131c\u0131s\u0131<\/td>\n<\/tr>\n<tr>\n<td>Otomatik S\u0131n\u0131f:<\/td>\n<td>Otomatik<\/td>\n<td>Renk ve Sayfa:<\/td>\n<td>\u00c7ok renkli<\/td>\n<\/tr>\n<tr>\n<td>Voltaj:<\/td>\n<td>380V, 50\/60Hz<\/td>\n<td>Boyutlar (L*W*H):<\/td>\n<td>2*2*2.2m<\/td>\n<\/tr>\n<tr>\n<td>A\u011f\u0131rl\u0131k:<\/td>\n<td>5500 KG<\/td>\n<td>Sertifika:<\/td>\n<td>CE sertifikas\u0131<\/td>\n<\/tr>\n<tr>\n<td>Garanti:<\/td>\n<td>1 Y\u0131l<\/td>\n<td>Sat\u0131\u015f Sonras\u0131 Hizmet Sa\u011flan\u0131r:<\/td>\n<td>\u00c7evrimi\u00e7i destek, G\u00f6r\u00fcnt\u00fcl\u00fc teknik destek<\/td>\n<\/tr>\n<tr>\n<td>Anahtar Sat\u0131\u015f Noktalar\u0131:<\/td>\n<td>t\u00fcm servo tahrikli \u00e7ok renkli bask\u0131<\/td>\n<td>Makine Test Raporu:<\/td>\n<td>Sa\u011fland\u0131<\/td>\n<\/tr>\n<tr>\n<td>Video \u00e7\u0131k\u0131\u015f denetimi:<\/td>\n<td>Sa\u011fland\u0131<\/td>\n<td>Temel bile\u015fenlerin garantisi:<\/td>\n<td>1 Y\u0131l<\/td>\n<\/tr>\n<tr>\n<td>Temel Bile\u015fenler:<\/td>\n<td>Motor, PLC<\/td>\n<td>\u00dcr\u00fcn ad\u0131:<\/td>\n<td>SS106 otomatik servo ekran yaz\u0131c\u0131s\u0131<\/td>\n<\/tr>\n<tr>\n<td>Maksimum bask\u0131 \u00e7ap\u0131:<\/td>\n<td>40mm<\/td>\n<td>Maksimum bask\u0131 uzunlu\u011fu:<\/td>\n<td>120 mm<\/td>\n<\/tr>\n<tr>\n<td>Maksimum bask\u0131 h\u0131z\u0131:<\/td>\n<td>30~45 adet\/dk<\/td>\n<td>UV g\u00fcc\u00fc:<\/td>\n<td>3000 watt<\/td>\n<\/tr>\n<tr>\n<td>Garanti Sonras\u0131 Servis:<\/td>\n<td>Video teknik deste\u011fi<\/td>\n<td>Yerel Hizmet Yeri:<\/td>\n<td>Birle\u015fik Devletler<\/td>\n<\/tr>\n<\/tbody>\n<\/table>\n<\/div>\n<p><img loading=\"lazy\" decoding=\"async\" class=\"size-full wp-image-1856\" src=\"http:\/\/apmprint.com\/wp-content\/uploads\/2023\/12\/xx-1.jpg\" alt=\"ss106 2 color automatic printing machine\" width=\"800\" height=\"352\" srcset=\"https:\/\/apmprint.com\/wp-content\/uploads\/2023\/12\/xx-1.jpg 800w, https:\/\/apmprint.com\/wp-content\/uploads\/2023\/12\/xx-1-300x132.jpg 300w, https:\/\/apmprint.com\/wp-content\/uploads\/2023\/12\/xx-1-768x338.jpg 768w, https:\/\/apmprint.com\/wp-content\/uploads\/2023\/12\/xx-1-18x8.jpg 18w, https:\/\/apmprint.com\/wp-content\/uploads\/2023\/12\/xx-1-600x264.jpg 600w\" sizes=\"auto, (max-width: 800px) 100vw, 800px\" \/><\/p>\n<p><strong>Teknik veriler:<\/strong><\/p>\n<table border=\"1\">\n<tbody>\n<tr class=\"firstRow\">\n<td>Maksimum bask\u0131 \u00e7ap\u0131<br \/>\n(ekstra \u00fccret kar\u015f\u0131l\u0131\u011f\u0131nda daha b\u00fcy\u00fck \u00e7apl\u0131 makine mevcuttur)<\/td>\n<td>40mm<\/td>\n<\/tr>\n<tr>\n<td>Maksimum bask\u0131 uzunlu\u011fu<\/td>\n<td>120 mm<\/td>\n<\/tr>\n<tr>\n<td>Maksimum bask\u0131 h\u0131z\u0131<\/td>\n<td>30-45 adet\/dk<\/td>\n<\/tr>\n<tr>\n<td>UV g\u00fcc\u00fc<\/td>\n<td>3000watt<\/td>\n<\/tr>\n<\/tbody>\n<\/table>\n<p><strong>A\u00e7\u0131klama:<\/strong><\/p>\n<p>Otomatik y\u00fckleme band\u0131<\/p>\n<p>Otomatik alev i\u015flemi<\/p>\n<p><img loading=\"lazy\" decoding=\"async\" class=\"size-full wp-image-1858\" src=\"http:\/\/apmprint.com\/wp-content\/uploads\/2023\/12\/xxxxx.jpg\" alt=\"ss106 2 color automatic printing machine\" width=\"800\" height=\"533\" srcset=\"https:\/\/apmprint.com\/wp-content\/uploads\/2023\/12\/xxxxx.jpg 800w, https:\/\/apmprint.com\/wp-content\/uploads\/2023\/12\/xxxxx-300x200.jpg 300w, https:\/\/apmprint.com\/wp-content\/uploads\/2023\/12\/xxxxx-768x512.jpg 768w, https:\/\/apmprint.com\/wp-content\/uploads\/2023\/12\/xxxxx-18x12.jpg 18w, https:\/\/apmprint.com\/wp-content\/uploads\/2023\/12\/xxxxx-600x400.jpg 600w\" sizes=\"auto, (max-width: 800px) 100vw, 800px\" \/><\/p>\n<p>Kal\u0131plama hatt\u0131ndan ka\u00e7an \u00fcr\u00fcnleri basmak i\u00e7in otomatik kay\u0131t<\/p>\n<p>1 i\u015flemde 2 renkli serigrafi bask\u0131<\/p>\n<p>En iyi hassasiyete sahip t\u00fcm servo tahrikli ekran yaz\u0131c\u0131 \/ s\u0131cak damgalama:<\/p>\n<p>*Servo motorlar taraf\u0131ndan tahrik edilen \u00f6rg\u00fc \u00e7er\u00e7eveler<\/p>\n<p>*D\u00f6nd\u00fcrme i\u00e7in servo motorlarla donat\u0131lm\u0131\u015f t\u00fcm aparatlar (di\u015flilere gerek yok, kolay ve h\u0131zl\u0131 \u00fcr\u00fcn de\u011fi\u015fimi)<\/p>\n<p>Otomatik UV kurutma veya LED kurutma<\/p>\n<p><img loading=\"lazy\" decoding=\"async\" class=\"size-full wp-image-1859\" src=\"http:\/\/apmprint.com\/wp-content\/uploads\/2023\/12\/xxx.jpg\" alt=\"ss106 2 color automatic printing machine\" width=\"800\" height=\"274\" srcset=\"https:\/\/apmprint.com\/wp-content\/uploads\/2023\/12\/xxx.jpg 800w, https:\/\/apmprint.com\/wp-content\/uploads\/2023\/12\/xxx-300x103.jpg 300w, https:\/\/apmprint.com\/wp-content\/uploads\/2023\/12\/xxx-768x263.jpg 768w, https:\/\/apmprint.com\/wp-content\/uploads\/2023\/12\/xxx-18x6.jpg 18w, https:\/\/apmprint.com\/wp-content\/uploads\/2023\/12\/xxx-600x206.jpg 600w\" sizes=\"auto, (max-width: 800px) 100vw, 800px\" \/><\/p>\n<p>\u00dcr\u00fcn yok, yazd\u0131rma i\u015flevi yok<\/p>\n<p>Y\u00fcksek hassasiyetli indeksleyici<\/p>\n<p>Otomatik bo\u015faltma band\u0131<\/p>\n<p>CE standartlar\u0131nda g\u00fcvenlik tasar\u0131m\u0131na sahip iyi in\u015fa edilmi\u015f makine dairesi<\/p>\n<p>Dokunmatik ekranl\u0131 PLC kontrol\u00fc<\/p>\n<p>&nbsp;<\/p>\n<p><strong>\u00d6rnekler:<\/strong><\/p>\n<p><img loading=\"lazy\" decoding=\"async\" class=\"size-full wp-image-1860\" src=\"http:\/\/apmprint.com\/wp-content\/uploads\/2023\/12\/s-31.jpg\" alt=\"ss106 2 color automatic printing machine\" width=\"800\" height=\"800\" srcset=\"https:\/\/apmprint.com\/wp-content\/uploads\/2023\/12\/s-31.jpg 800w, https:\/\/apmprint.com\/wp-content\/uploads\/2023\/12\/s-31-300x300.jpg 300w, https:\/\/apmprint.com\/wp-content\/uploads\/2023\/12\/s-31-150x150.jpg 150w, https:\/\/apmprint.com\/wp-content\/uploads\/2023\/12\/s-31-768x768.jpg 768w, https:\/\/apmprint.com\/wp-content\/uploads\/2023\/12\/s-31-12x12.jpg 12w, https:\/\/apmprint.com\/wp-content\/uploads\/2023\/12\/s-31-600x600.jpg 600w, https:\/\/apmprint.com\/wp-content\/uploads\/2023\/12\/s-31-100x100.jpg 100w\" sizes=\"auto, (max-width: 800px) 100vw, 800px\" \/><\/p>\n<p><img loading=\"lazy\" decoding=\"async\" class=\"size-full wp-image-1967\" src=\"http:\/\/apmprint.com\/wp-content\/uploads\/2023\/12\/\u4ecb\u7ecd1.jpg\" alt=\"ss106 2 color automatic printing machine\" width=\"750\" height=\"1500\" srcset=\"https:\/\/apmprint.com\/wp-content\/uploads\/2023\/12\/\u4ecb\u7ecd1.jpg 750w, https:\/\/apmprint.com\/wp-content\/uploads\/2023\/12\/\u4ecb\u7ecd1-150x300.jpg 150w, https:\/\/apmprint.com\/wp-content\/uploads\/2023\/12\/\u4ecb\u7ecd1-512x1024.jpg 512w, https:\/\/apmprint.com\/wp-content\/uploads\/2023\/12\/\u4ecb\u7ecd1-6x12.jpg 6w, https:\/\/apmprint.com\/wp-content\/uploads\/2023\/12\/\u4ecb\u7ecd1-600x1200.jpg 600w\" sizes=\"auto, (max-width: 750px) 100vw, 750px\" \/><\/p>\n<p><img loading=\"lazy\" decoding=\"async\" class=\"size-full wp-image-1968\" src=\"http:\/\/apmprint.com\/wp-content\/uploads\/2023\/12\/\u4ecb\u7ecd2.jpg\" alt=\"ss106 2 color automatic printing machine\" width=\"750\" height=\"1020\" srcset=\"https:\/\/apmprint.com\/wp-content\/uploads\/2023\/12\/\u4ecb\u7ecd2.jpg 750w, https:\/\/apmprint.com\/wp-content\/uploads\/2023\/12\/\u4ecb\u7ecd2-221x300.jpg 221w, https:\/\/apmprint.com\/wp-content\/uploads\/2023\/12\/\u4ecb\u7ecd2-9x12.jpg 9w, https:\/\/apmprint.com\/wp-content\/uploads\/2023\/12\/\u4ecb\u7ecd2-600x816.jpg 600w\" sizes=\"auto, (max-width: 750px) 100vw, 750px\" \/><\/p>\n<p><img loading=\"lazy\" decoding=\"async\" class=\"size-full wp-image-1969\" src=\"http:\/\/apmprint.com\/wp-content\/uploads\/2023\/12\/\u4ecb\u7ecd3.jpg\" alt=\"ss106 2 color automatic printing machine\" width=\"750\" height=\"1072\" srcset=\"https:\/\/apmprint.com\/wp-content\/uploads\/2023\/12\/\u4ecb\u7ecd3.jpg 750w, https:\/\/apmprint.com\/wp-content\/uploads\/2023\/12\/\u4ecb\u7ecd3-210x300.jpg 210w, https:\/\/apmprint.com\/wp-content\/uploads\/2023\/12\/\u4ecb\u7ecd3-716x1024.jpg 716w, https:\/\/apmprint.com\/wp-content\/uploads\/2023\/12\/\u4ecb\u7ecd3-8x12.jpg 8w, https:\/\/apmprint.com\/wp-content\/uploads\/2023\/12\/\u4ecb\u7ecd3-600x858.jpg 600w\" sizes=\"auto, (max-width: 750px) 100vw, 750px\" \/><\/p>","protected":false},"excerpt":{"rendered":"<p>SS106 otomatik servo \u00fc\u00e7 renkli serigrafi bask\u0131 ve \u015fi\u015fe i\u00e7in tek renkli s\u0131cak damgalama makinesini geli\u015ftirmek ve \u00fcretmek i\u00e7in en son teknolojiler kullan\u0131lm\u0131\u015ft\u0131r. Bir\u00e7ok kez test edilmi\u015f olan APM PRINT, Serigrafi Yaz\u0131c\u0131lar\u0131 alanlar\u0131nda en iyi etkisini verebilmektedir.<\/p>\n<p><strong><b>Model Numaras\u0131<\/b><\/strong>: SS106<\/p>\n<p><strong><b>nakliye<\/b><\/strong>: Ekspres Deniz ta\u015f\u0131mac\u0131l\u0131\u011f\u0131 \/ Kara ta\u015f\u0131mac\u0131l\u0131\u011f\u0131 \/ Hava ta\u015f\u0131mac\u0131l\u0131\u011f\u0131<\/p>\n<p><strong><b>\u00d6zelle\u015ftirme<\/b><\/strong>: \u00d6zelle\u015ftirilmi\u015f logo (Min. Sipari\u015f: 5 set), \u00d6zelle\u015ftirilmi\u015f ambalaj (Min. Sipari\u015f: 5 set), Grafik \u00f6zelle\u015ftirme (Min. Sipari\u015f: 5 set)<\/p>","protected":false},"featured_media":1781,"template":"","meta":{"_acf_changed":false,"_seopress_robots_primary_cat":"none","_seopress_titles_title":"","_seopress_titles_desc":"","_seopress_robots_index":""},"product_brand":[],"product_cat":[31],"product_tag":[75,55,56,84,57,78],"class_list":{"0":"post-1854","1":"product","2":"type-product","3":"status-publish","4":"has-post-thumbnail","6":"product_cat-auto-screen-printer","7":"product_tag-automatic","8":"product_tag-cups","9":"product_tag-glass-bottles","10":"product_tag-jar","11":"product_tag-plastic-bottles","12":"product_tag-screen-printer","14":"first","15":"instock","16":"shipping-taxable","17":"product-type-simple"},"acf":[],"_links":{"self":[{"href":"https:\/\/apmprint.com\/tr\/wp-json\/wp\/v2\/product\/1854","targetHints":{"allow":["GET"]}}],"collection":[{"href":"https:\/\/apmprint.com\/tr\/wp-json\/wp\/v2\/product"}],"about":[{"href":"https:\/\/apmprint.com\/tr\/wp-json\/wp\/v2\/types\/product"}],"wp:featuredmedia":[{"embeddable":true,"href":"https:\/\/apmprint.com\/tr\/wp-json\/wp\/v2\/media\/1781"}],"wp:attachment":[{"href":"https:\/\/apmprint.com\/tr\/wp-json\/wp\/v2\/media?parent=1854"}],"wp:term":[{"taxonomy":"product_brand","embeddable":true,"href":"https:\/\/apmprint.com\/tr\/wp-json\/wp\/v2\/product_brand?post=1854"},{"taxonomy":"product_cat","embeddable":true,"href":"https:\/\/apmprint.com\/tr\/wp-json\/wp\/v2\/product_cat?post=1854"},{"taxonomy":"product_tag","embeddable":true,"href":"https:\/\/apmprint.com\/tr\/wp-json\/wp\/v2\/product_tag?post=1854"}],"curies":[{"name":"wp","href":"https:\/\/api.w.org\/{rel}","templated":true}]}}