{"id":1866,"date":"2023-12-22T01:13:54","date_gmt":"2023-12-22T01:13:54","guid":{"rendered":"https:\/\/apmprint.com\/?post_type=product&#038;p=1866"},"modified":"2023-12-27T06:35:02","modified_gmt":"2023-12-27T06:35:02","slug":"s250-350-650-1000-semi-auto-screen-printer","status":"publish","type":"product","link":"https:\/\/apmprint.com\/tr\/urun\/s250-350-650-1000-semi-auto-screen-printer\/","title":{"rendered":"S250\/350\/650\/1000 Yar\u0131 Otomatik Ekranl\u0131 Yaz\u0131c\u0131"},"content":{"rendered":"<p><strong><b>A<\/b><\/strong><strong><b>Uygulama: <\/b><\/strong><\/p>\n<p><strong>Silindirik\/oval\/kare<\/strong>\u00a0UV m\u00fcrekkep veya solvent m\u00fcrekkep bask\u0131l\u0131 plastik \/ cam \u015fi\u015feler.<\/p>\n<p>\u015ei\u015feler, bardaklar, kutular, banyo \u015fi\u015feleri, \u015fampuan \u015fi\u015feleri, kozmetik \u015fi\u015feleri vb. gibi nesnelerin bas\u0131lmas\u0131.<\/p>\n<p>&nbsp;<\/p>\n<p><strong><b>Genel Tan\u0131m:<\/b><\/strong><\/p>\n<ol>\n<li>Kolay kullan\u0131m ve programlanabilir panel<\/li>\n<li>XYR \u00e7al\u0131\u015fma masas\u0131 ayarlanabilir<\/li>\n<li>T yuval\u0131, vakumlu d\u00fcz, yuvarlak ve oval fonksiyonlar mevcuttur ve kolay d\u00f6n\u00fc\u015ft\u00fcr\u00fclebilir.<br \/>\n4. Bask\u0131 stroku ve h\u0131z\u0131 ayarlanabilir.<\/li>\n<li>Konik bask\u0131 i\u00e7in kolay fikst\u00fcr ayar\u0131<\/li>\n<li>CE standart makineler<\/li>\n<\/ol>\n<p>&nbsp;<\/p>\n<p><strong><b>Fiyat<\/b><\/strong><strong>: FOB Shenzhen <\/strong><\/p>\n<p><strong><b>Teslimat<\/b><\/strong>: Sipari\u015f onayland\u0131ktan 10~20 g\u00fcn sonra<\/p>\n<p><strong><b>\u00d6deme ko\u015fullar\u0131:<\/b><\/strong>\u00a0Sevkiyat \u00f6ncesi T \/ T<\/p>\n<p><strong><b>Garanti:<\/b><\/strong>\u00a0bir y\u0131l<\/p>\n<p>&nbsp;<\/p>\n<p><strong>Tech-data<\/strong><\/p>\n<table>\n<tbody>\n<tr>\n<td width=\"107\">Makine modeli<\/td>\n<td width=\"141\">S250<\/td>\n<td width=\"147\">S350<\/td>\n<td width=\"147\">S650 (yuvarlak, oval)<\/td>\n<td width=\"147\">S1000 (yuvarlak, oval)<\/td>\n<\/tr>\n<tr>\n<td>Maks. bask\u0131 boyutu<\/td>\n<td>150*220mm (\u03a675mm)<\/td>\n<td width=\"147\">250*320mm (\u03a6110mm)<\/td>\n<td width=\"147\">200*630mm (\u03a6200mm)<\/td>\n<td>300*1000mm (\u03a6300mm)<\/td>\n<\/tr>\n<tr>\n<td>H\u0131z (adet\/saat)<\/td>\n<td>1200<\/td>\n<td width=\"147\">1100<\/td>\n<td width=\"147\">900<\/td>\n<td>700<\/td>\n<\/tr>\n<tr>\n<td>A\u011f\u0131rl\u0131k<\/td>\n<td>135kg<\/td>\n<td width=\"147\">150kgs<\/td>\n<td width=\"147\">170kgs<\/td>\n<td>260kgs<\/td>\n<\/tr>\n<tr>\n<td>Makine boyutu<\/td>\n<td>950*800*1250mm<\/td>\n<td width=\"147\">1030*850*1280mm<\/td>\n<td width=\"147\">1150*880*1350mm<\/td>\n<td>1650*1300*1400mm<\/td>\n<\/tr>\n<tr>\n<td>G\u00fc\u00e7 kayna\u011f\u0131<\/td>\n<td>110\/220V, 50\/60hz, 40W<\/td>\n<td width=\"147\">110\/220V, 50\/60HZ, 40W<\/td>\n<td width=\"147\">110\/220V, 50\/60HZ, 50W<\/td>\n<td>110\/220V, 50\/60HZ, 50W<\/td>\n<\/tr>\n<\/tbody>\n<\/table>\n<p>&nbsp;<\/p>\n<p><strong>\u00d6rnekler:<\/strong><\/p>\n<p><img loading=\"lazy\" decoding=\"async\" class=\"size-full wp-image-1867\" src=\"http:\/\/apmprint.com\/wp-content\/uploads\/2023\/12\/s-32.jpg\" alt=\"s250\/350\/650\/1000 semi auto screen printer\" width=\"800\" height=\"456\" srcset=\"https:\/\/apmprint.com\/wp-content\/uploads\/2023\/12\/s-32.jpg 800w, https:\/\/apmprint.com\/wp-content\/uploads\/2023\/12\/s-32-300x171.jpg 300w, https:\/\/apmprint.com\/wp-content\/uploads\/2023\/12\/s-32-768x438.jpg 768w, https:\/\/apmprint.com\/wp-content\/uploads\/2023\/12\/s-32-18x10.jpg 18w, https:\/\/apmprint.com\/wp-content\/uploads\/2023\/12\/s-32-600x342.jpg 600w\" sizes=\"auto, (max-width: 800px) 100vw, 800px\" \/><\/p>\n<p>&nbsp;<\/p>","protected":false},"excerpt":{"rendered":"<p>Application: Cylindrical\/oval\/square\u00a0plastic\/glass bottles\u00a0with UV ink or solvent ink printing. Printing objects such as bottles, cups, cans, bath bottles, shampoo bottles, cosmetic bottles, etc. &nbsp; General Description: Easy operation and programmable panel XYR\u00a0worktable\u00a0adjustable T-slot,\u00a0flat\u00a0with\u00a0vacuum,\u00a0round\u00a0and\u00a0oval\u00a0functions available and easy conversion. 4.\u00a0Printing\u00a0stroke\u00a0and\u00a0speed\u00a0adjustable. Easy fixture adjustment for conical printing CE standard machines &nbsp; Price: FOB Shenzhen Delivery: 10~20 days after [&hellip;]<\/p>","protected":false},"featured_media":1868,"template":"","meta":{"_acf_changed":false,"_seopress_robots_primary_cat":"none","_seopress_titles_title":"","_seopress_titles_desc":"","_seopress_robots_index":""},"product_brand":[],"product_cat":[38],"product_tag":[55,84,57,78,70],"class_list":{"0":"post-1866","1":"product","2":"type-product","3":"status-publish","4":"has-post-thumbnail","6":"product_cat-semi-auto-screen-printer","7":"product_tag-cups","8":"product_tag-jar","9":"product_tag-plastic-bottles","10":"product_tag-screen-printer","11":"product_tag-semi-auto","13":"first","14":"instock","15":"shipping-taxable","16":"product-type-simple"},"acf":[],"_links":{"self":[{"href":"https:\/\/apmprint.com\/tr\/wp-json\/wp\/v2\/product\/1866","targetHints":{"allow":["GET"]}}],"collection":[{"href":"https:\/\/apmprint.com\/tr\/wp-json\/wp\/v2\/product"}],"about":[{"href":"https:\/\/apmprint.com\/tr\/wp-json\/wp\/v2\/types\/product"}],"wp:featuredmedia":[{"embeddable":true,"href":"https:\/\/apmprint.com\/tr\/wp-json\/wp\/v2\/media\/1868"}],"wp:attachment":[{"href":"https:\/\/apmprint.com\/tr\/wp-json\/wp\/v2\/media?parent=1866"}],"wp:term":[{"taxonomy":"product_brand","embeddable":true,"href":"https:\/\/apmprint.com\/tr\/wp-json\/wp\/v2\/product_brand?post=1866"},{"taxonomy":"product_cat","embeddable":true,"href":"https:\/\/apmprint.com\/tr\/wp-json\/wp\/v2\/product_cat?post=1866"},{"taxonomy":"product_tag","embeddable":true,"href":"https:\/\/apmprint.com\/tr\/wp-json\/wp\/v2\/product_tag?post=1866"}],"curies":[{"name":"wp","href":"https:\/\/api.w.org\/{rel}","templated":true}]}}