{"id":1877,"date":"2023-12-22T01:45:03","date_gmt":"2023-12-22T01:45:03","guid":{"rendered":"https:\/\/apmprint.com\/?post_type=product&#038;p=1877"},"modified":"2023-12-22T02:21:13","modified_gmt":"2023-12-22T02:21:13","slug":"s500m-servo-screen-printer","status":"publish","type":"product","link":"https:\/\/apmprint.com\/tr\/urun\/s500m-servo-screen-printer\/","title":{"rendered":"S500M Servo Ekran yaz\u0131c\u0131s\u0131"},"content":{"rendered":"<p><strong>Uygulama:<\/strong><\/p>\n<p>\u015fi\u015feler, kavanozlar, t\u00fcpler<\/p>\n<p>&nbsp;<\/p>\n<p><strong><b>Genel Tan\u0131m:<\/b><\/strong><\/p>\n<ol>\n<li>Servo motor tahrikli kafes \u00e7er\u00e7eve sola\/sa\u011fa ve servo tahrikli fikst\u00fcr d\u00f6nd\u00fcrme<\/li>\n<li>PLC kontrol ve Dokunmatik Ekran<\/li>\n<li>Kolay kullan\u0131m, dokunmatik ekranda \u00fcr\u00fcn \u00e7ap\u0131n\u0131, h\u0131z\u0131n\u0131, bask\u0131 konumunu ayarlayabilir<\/li>\n<li>Di\u015fliye gerek yok, kolay \u00fcr\u00fcn de\u011fi\u015fimi<\/li>\n<\/ol>\n<p>&nbsp;<\/p>\n<p><strong><b>Optik sens\u00f6r kayd\u0131<\/b><\/strong><\/p>\n<p><img loading=\"lazy\" decoding=\"async\" class=\"size-full wp-image-1878\" src=\"http:\/\/apmprint.com\/wp-content\/uploads\/2023\/12\/xx-2.jpg\" alt=\"s500m servo screen printer\" width=\"800\" height=\"539\" srcset=\"https:\/\/apmprint.com\/wp-content\/uploads\/2023\/12\/xx-2.jpg 800w, https:\/\/apmprint.com\/wp-content\/uploads\/2023\/12\/xx-2-300x202.jpg 300w, https:\/\/apmprint.com\/wp-content\/uploads\/2023\/12\/xx-2-768x517.jpg 768w, https:\/\/apmprint.com\/wp-content\/uploads\/2023\/12\/xx-2-18x12.jpg 18w, https:\/\/apmprint.com\/wp-content\/uploads\/2023\/12\/xx-2-600x404.jpg 600w\" sizes=\"auto, (max-width: 800px) 100vw, 800px\" \/><\/p>\n<p>&nbsp;<\/p>\n<p><strong>Tech-data<\/strong><strong>\uff1a<\/strong><\/p>\n<table>\n<tbody>\n<tr>\n<td width=\"178\">Maks. bask\u0131 boyutu<\/td>\n<td width=\"242\">250(W)*500(L)mm<\/td>\n<\/tr>\n<tr>\n<td width=\"178\">Maks. \u00fcr\u00fcn y\u00fcksekli\u011fi<\/td>\n<td width=\"242\">330mm<\/td>\n<\/tr>\n<tr>\n<td width=\"178\">Maks. \u00fcr\u00fcn \u00e7ap\u0131<\/td>\n<td width=\"242\">110 mm<\/td>\n<\/tr>\n<tr>\n<td width=\"178\">Maks. a\u011f \u00e7er\u00e7eve boyutu<\/td>\n<td width=\"242\">600*500mm<\/td>\n<\/tr>\n<tr>\n<td width=\"178\">Hava beslemesi<\/td>\n<td width=\"242\">0,6Mpa (6bar)<\/td>\n<\/tr>\n<tr>\n<td width=\"178\">G\u00fc\u00e7 kayna\u011f\u0131<\/td>\n<td width=\"242\">220V\/110V 50Hz\/60Hz 2.7KW<\/td>\n<\/tr>\n<tr>\n<td width=\"178\">Makine boyutu<\/td>\n<td width=\"242\">1000mm*1300mm*1600mm<\/td>\n<\/tr>\n<\/tbody>\n<\/table>\n<p>&nbsp;<\/p>\n<p><strong>\u00d6rnekler:<\/strong><\/p>\n<p><img loading=\"lazy\" decoding=\"async\" class=\"size-full wp-image-1867\" src=\"http:\/\/apmprint.com\/wp-content\/uploads\/2023\/12\/s-32.jpg\" alt=\"s250\/350\/650\/1000 semi auto screen printer\" width=\"800\" height=\"456\" srcset=\"https:\/\/apmprint.com\/wp-content\/uploads\/2023\/12\/s-32.jpg 800w, https:\/\/apmprint.com\/wp-content\/uploads\/2023\/12\/s-32-300x171.jpg 300w, https:\/\/apmprint.com\/wp-content\/uploads\/2023\/12\/s-32-768x438.jpg 768w, https:\/\/apmprint.com\/wp-content\/uploads\/2023\/12\/s-32-18x10.jpg 18w, https:\/\/apmprint.com\/wp-content\/uploads\/2023\/12\/s-32-600x342.jpg 600w\" sizes=\"auto, (max-width: 800px) 100vw, 800px\" \/><\/p>\n<p>&nbsp;<\/p>","protected":false},"excerpt":{"rendered":"<p>Application: bottles, jars, tubes &nbsp; General Description: Servo motor driven mesh frame left\/right and servo driven fixture rotate PLC control and Touch Screen display Easy operation, can set the product diameter, speed, printing position in touch screen No need gear, easy change products &nbsp; Optical sensor registration &nbsp; Tech-data\uff1a Max. printing size 250(W)*500(L)mm Max. product [&hellip;]<\/p>","protected":false},"featured_media":1879,"template":"","meta":{"_acf_changed":false,"_seopress_robots_primary_cat":"none","_seopress_titles_title":"","_seopress_titles_desc":"","_seopress_robots_index":""},"product_brand":[],"product_cat":[38],"product_tag":[78,70],"class_list":{"0":"post-1877","1":"product","2":"type-product","3":"status-publish","4":"has-post-thumbnail","6":"product_cat-semi-auto-screen-printer","7":"product_tag-screen-printer","8":"product_tag-semi-auto","10":"first","11":"instock","12":"shipping-taxable","13":"product-type-simple"},"acf":[],"_links":{"self":[{"href":"https:\/\/apmprint.com\/tr\/wp-json\/wp\/v2\/product\/1877","targetHints":{"allow":["GET"]}}],"collection":[{"href":"https:\/\/apmprint.com\/tr\/wp-json\/wp\/v2\/product"}],"about":[{"href":"https:\/\/apmprint.com\/tr\/wp-json\/wp\/v2\/types\/product"}],"wp:featuredmedia":[{"embeddable":true,"href":"https:\/\/apmprint.com\/tr\/wp-json\/wp\/v2\/media\/1879"}],"wp:attachment":[{"href":"https:\/\/apmprint.com\/tr\/wp-json\/wp\/v2\/media?parent=1877"}],"wp:term":[{"taxonomy":"product_brand","embeddable":true,"href":"https:\/\/apmprint.com\/tr\/wp-json\/wp\/v2\/product_brand?post=1877"},{"taxonomy":"product_cat","embeddable":true,"href":"https:\/\/apmprint.com\/tr\/wp-json\/wp\/v2\/product_cat?post=1877"},{"taxonomy":"product_tag","embeddable":true,"href":"https:\/\/apmprint.com\/tr\/wp-json\/wp\/v2\/product_tag?post=1877"}],"curies":[{"name":"wp","href":"https:\/\/api.w.org\/{rel}","templated":true}]}}