{"id":1894,"date":"2023-12-22T02:34:56","date_gmt":"2023-12-22T02:34:56","guid":{"rendered":"https:\/\/apmprint.com\/?post_type=product&#038;p=1894"},"modified":"2023-12-22T02:37:27","modified_gmt":"2023-12-22T02:37:27","slug":"s3040t-s4060t-s5070t-flat-screen-printer-with-t-slot","status":"publish","type":"product","link":"https:\/\/apmprint.com\/tr\/urun\/s3040t-s4060t-s5070t-flat-screen-printer-with-t-slot\/","title":{"rendered":"S3040T\/S4060T\/S5070T T yuval\u0131 d\u00fcz ekran yaz\u0131c\u0131"},"content":{"rendered":"<p><strong>Se\u00e7enekler:<\/strong><\/p>\n<ol>\n<li>Lineer ray<\/li>\n<li>Motor taraf\u0131ndan tahrik edilen bask\u0131 kafas\u0131<\/li>\n<li>PLC kontrol, dokunmatik ekran<\/li>\n<li>Otomatik a\u011f kapal\u0131 kontak sistemi<\/li>\n<li>Kayar giri\u015f\/\u00e7\u0131k\u0131\u015f masas\u0131<\/li>\n<\/ol>\n<p><strong>\u00a0<\/strong><\/p>\n<p><strong>Tech-data<\/strong><\/p>\n<table>\n<tbody>\n<tr>\n<td width=\"51.9600%\">Parametre \\ \u00d6\u011fe<\/td>\n<td width=\"16.9400%\"><strong><b>S3040<\/b><\/strong><strong><b>T<\/b><\/strong><\/td>\n<td width=\"15.6000%\"><strong><b>S<\/b><\/strong><strong><b>4<\/b><\/strong><strong><b>0<\/b><\/strong><strong><b>6<\/b><\/strong><strong><b>0<\/b><\/strong><strong><b>T<\/b><\/strong><\/td>\n<td width=\"15.5000%\"><strong><b>S<\/b><\/strong><strong><b>5<\/b><\/strong><strong><b>0<\/b><\/strong><strong><b>7<\/b><\/strong><strong><b>0<\/b><\/strong><strong><b>T<\/b><\/strong><\/td>\n<\/tr>\n<tr>\n<td width=\"51.9600%\">Maks. a\u011f \u00e7er\u00e7eve boyutu (mm)<\/td>\n<td width=\"16.9400%\">600*800<\/td>\n<td width=\"15.6000%\">700*1000<\/td>\n<td width=\"15.5000%\">800*1100<\/td>\n<\/tr>\n<tr>\n<td width=\"51.9600%\">Maks. bask\u0131 alan\u0131 (geni\u015flik*uzunluk\/ark)mm<\/td>\n<td width=\"16.9400%\">300*400<\/td>\n<td width=\"15.6000%\">400*600<\/td>\n<td width=\"15.5000%\">500*700<\/td>\n<\/tr>\n<tr>\n<td width=\"51.9600%\">\u00c7al\u0131\u015fma masas\u0131 boyutu (mm)<\/td>\n<td width=\"16.9400%\">400*550<\/td>\n<td width=\"15.6000%\">500*800<\/td>\n<td width=\"15.5000%\">600*900<\/td>\n<\/tr>\n<tr>\n<td width=\"51.9600%\">Maks. alt tabaka \u00e7ap\u0131\/y\u00fcksekli\u011fi (mm)<\/td>\n<td width=\"16.9400%\">150<\/td>\n<td width=\"15.6000%\">150<\/td>\n<td width=\"15.5000%\">150<\/td>\n<\/tr>\n<tr>\n<td width=\"51.9600%\">Bask\u0131 h\u0131z\u0131: adet\/saat<\/td>\n<td width=\"16.9400%\">1300<\/td>\n<td width=\"15.6000%\">1200<\/td>\n<td width=\"15.5000%\">1100<\/td>\n<\/tr>\n<tr>\n<td width=\"51.9600%\">Net. a\u011f\u0131rl\u0131k (kg)<\/td>\n<td width=\"16.9400%\">300<\/td>\n<td width=\"15.6000%\">350<\/td>\n<td width=\"15.5000%\">400<\/td>\n<\/tr>\n<tr>\n<td width=\"51.9600%\">G\u00fc\u00e7<\/td>\n<td colspan=\"3\" width=\"48.0400%\">110\/220V 50\/60HZ 40W<\/td>\n<\/tr>\n<\/tbody>\n<\/table>\n<p>&nbsp;<\/p>\n<p><strong>\u00d6rnekler:<\/strong><\/p>\n<p><img loading=\"lazy\" decoding=\"async\" class=\"size-full wp-image-1892\" src=\"http:\/\/apmprint.com\/wp-content\/uploads\/2023\/12\/s-35.jpg\" alt=\"s3040\/s4060\/s5070 flat screen printer with vacuum\" width=\"800\" height=\"800\" srcset=\"https:\/\/apmprint.com\/wp-content\/uploads\/2023\/12\/s-35.jpg 800w, https:\/\/apmprint.com\/wp-content\/uploads\/2023\/12\/s-35-300x300.jpg 300w, https:\/\/apmprint.com\/wp-content\/uploads\/2023\/12\/s-35-150x150.jpg 150w, https:\/\/apmprint.com\/wp-content\/uploads\/2023\/12\/s-35-768x768.jpg 768w, https:\/\/apmprint.com\/wp-content\/uploads\/2023\/12\/s-35-12x12.jpg 12w, https:\/\/apmprint.com\/wp-content\/uploads\/2023\/12\/s-35-600x600.jpg 600w, https:\/\/apmprint.com\/wp-content\/uploads\/2023\/12\/s-35-100x100.jpg 100w\" sizes=\"auto, (max-width: 800px) 100vw, 800px\" \/><\/p>","protected":false},"excerpt":{"rendered":"<p><strong>A\u00e7\u0131klama:<\/strong><\/p>\n<ol>\n<li>SMC\/Festo pn\u00f6matik<\/li>\n<li>XYR ayarlama tablosu<\/li>\n<li>Pn\u00f6matik bask\u0131 kafas\u0131 kald\u0131rma sistemi<\/li>\n<li>Kolay kullan\u0131m ve iyi programlanm\u0131\u015f panel<\/li>\n<li>CE ile iyi g\u00fcvenlik korumas\u0131.<\/li>\n<\/ol>","protected":false},"featured_media":1895,"template":"","meta":{"_acf_changed":false,"_seopress_robots_primary_cat":"none","_seopress_titles_title":"","_seopress_titles_desc":"","_seopress_robots_index":""},"product_brand":[],"product_cat":[38],"product_tag":[78,70],"class_list":{"0":"post-1894","1":"product","2":"type-product","3":"status-publish","4":"has-post-thumbnail","6":"product_cat-semi-auto-screen-printer","7":"product_tag-screen-printer","8":"product_tag-semi-auto","10":"first","11":"instock","12":"shipping-taxable","13":"product-type-simple"},"acf":[],"_links":{"self":[{"href":"https:\/\/apmprint.com\/tr\/wp-json\/wp\/v2\/product\/1894","targetHints":{"allow":["GET"]}}],"collection":[{"href":"https:\/\/apmprint.com\/tr\/wp-json\/wp\/v2\/product"}],"about":[{"href":"https:\/\/apmprint.com\/tr\/wp-json\/wp\/v2\/types\/product"}],"wp:featuredmedia":[{"embeddable":true,"href":"https:\/\/apmprint.com\/tr\/wp-json\/wp\/v2\/media\/1895"}],"wp:attachment":[{"href":"https:\/\/apmprint.com\/tr\/wp-json\/wp\/v2\/media?parent=1894"}],"wp:term":[{"taxonomy":"product_brand","embeddable":true,"href":"https:\/\/apmprint.com\/tr\/wp-json\/wp\/v2\/product_brand?post=1894"},{"taxonomy":"product_cat","embeddable":true,"href":"https:\/\/apmprint.com\/tr\/wp-json\/wp\/v2\/product_cat?post=1894"},{"taxonomy":"product_tag","embeddable":true,"href":"https:\/\/apmprint.com\/tr\/wp-json\/wp\/v2\/product_tag?post=1894"}],"curies":[{"name":"wp","href":"https:\/\/api.w.org\/{rel}","templated":true}]}}