{"id":1896,"date":"2023-12-22T02:38:12","date_gmt":"2023-12-22T02:38:12","guid":{"rendered":"https:\/\/apmprint.com\/?post_type=product&#038;p=1896"},"modified":"2023-12-22T02:40:26","modified_gmt":"2023-12-22T02:40:26","slug":"s4060h-flat-screen-printer-with-vacuum","status":"publish","type":"product","link":"https:\/\/apmprint.com\/tr\/urun\/s4060h-flat-screen-printer-with-vacuum\/","title":{"rendered":"S4060H Vakumlu d\u00fcz ekran yaz\u0131c\u0131"},"content":{"rendered":"<p><strong>Opsiyonel: <\/strong><\/p>\n<ul>\n<li>Vakumsuz T yuvas\u0131<\/li>\n<li>Pn\u00f6matik tahrikli kafa (S3040 i\u00e7in standart)<\/li>\n<li>Lineer k\u0131lavuzlarla motor taraf\u0131ndan tahrik edilen kayar tabla<\/li>\n<li>PLC kontrol, dokunmatik ekran<\/li>\n<\/ul>\n<p>&nbsp;<\/p>\n<p><strong>Tech-data<\/strong><\/p>\n<table>\n<tbody>\n<tr>\n<td width=\"64.8000%\">Parametre \\ \u00d6\u011fe<\/td>\n<td width=\"35.2000%\"><strong><b>S4060H<\/b><\/strong><\/td>\n<\/tr>\n<tr>\n<td width=\"64.8000%\">Maks. a\u011f \u00e7er\u00e7eve boyutu (mm)<\/td>\n<td width=\"35.2000%\">550*800<\/td>\n<\/tr>\n<tr>\n<td width=\"64.8000%\">Maks. bask\u0131 alan\u0131 (geni\u015flik*uzunluk)mm<\/td>\n<td width=\"35.2000%\">350*500<\/td>\n<\/tr>\n<tr>\n<td width=\"64.8000%\">\u00c7al\u0131\u015fma masas\u0131 boyutu (mm)<\/td>\n<td width=\"35.2000%\">400*600<\/td>\n<\/tr>\n<tr>\n<td width=\"64.8000%\"><strong>Maks. alt tabaka y\u00fcksekli\u011fi (mm)<\/strong><\/td>\n<td width=\"35.2000%\"><strong>200<\/strong><\/td>\n<\/tr>\n<tr>\n<td width=\"64.8000%\">Bask\u0131 h\u0131z\u0131: adet\/saat<\/td>\n<td width=\"35.2000%\">900<\/td>\n<\/tr>\n<tr>\n<td width=\"64.8000%\">Net. a\u011f\u0131rl\u0131k (kg)<\/td>\n<td width=\"35.2000%\">450<\/td>\n<\/tr>\n<tr>\n<td width=\"64.8000%\">G\u00fc\u00e7<\/td>\n<td width=\"35.2000%\">220V 50\/60HZ 2.5KW<\/td>\n<\/tr>\n<\/tbody>\n<\/table>\n<p>&nbsp;<\/p>\n<p><strong>\u00d6rnekler:<\/strong><\/p>\n<p><img loading=\"lazy\" decoding=\"async\" class=\"size-full wp-image-1892\" src=\"http:\/\/apmprint.com\/wp-content\/uploads\/2023\/12\/s-35.jpg\" alt=\"s3040\/s4060\/s5070 flat screen printer with vacuum\" width=\"800\" height=\"800\" srcset=\"https:\/\/apmprint.com\/wp-content\/uploads\/2023\/12\/s-35.jpg 800w, https:\/\/apmprint.com\/wp-content\/uploads\/2023\/12\/s-35-300x300.jpg 300w, https:\/\/apmprint.com\/wp-content\/uploads\/2023\/12\/s-35-150x150.jpg 150w, https:\/\/apmprint.com\/wp-content\/uploads\/2023\/12\/s-35-768x768.jpg 768w, https:\/\/apmprint.com\/wp-content\/uploads\/2023\/12\/s-35-12x12.jpg 12w, https:\/\/apmprint.com\/wp-content\/uploads\/2023\/12\/s-35-600x600.jpg 600w, https:\/\/apmprint.com\/wp-content\/uploads\/2023\/12\/s-35-100x100.jpg 100w\" sizes=\"auto, (max-width: 800px) 100vw, 800px\" \/><\/p>","protected":false},"excerpt":{"rendered":"<p><strong>A\u00e7\u0131klama:<\/strong><\/p>\n<ol>\n<li>XYR ayarlama tablosu<\/li>\n<li>Motor tahrikli bask\u0131 kafas\u0131 yukar\u0131-a\u015fa\u011f\u0131<\/li>\n<li>Lineer k\u0131lavuzlu motor taraf\u0131ndan tahrik edilen bask\u0131 kafas\u0131<\/li>\n<li>Kolay kullan\u0131m ve iyi programlanm\u0131\u015f panel<\/li>\n<li>CE ile iyi g\u00fcvenlik korumas\u0131.<\/li>\n<\/ol>","protected":false},"featured_media":1897,"template":"","meta":{"_acf_changed":false,"_seopress_robots_primary_cat":"none","_seopress_titles_title":"","_seopress_titles_desc":"","_seopress_robots_index":""},"product_brand":[],"product_cat":[38],"product_tag":[78,70],"class_list":{"0":"post-1896","1":"product","2":"type-product","3":"status-publish","4":"has-post-thumbnail","6":"product_cat-semi-auto-screen-printer","7":"product_tag-screen-printer","8":"product_tag-semi-auto","10":"first","11":"instock","12":"shipping-taxable","13":"product-type-simple"},"acf":[],"_links":{"self":[{"href":"https:\/\/apmprint.com\/tr\/wp-json\/wp\/v2\/product\/1896","targetHints":{"allow":["GET"]}}],"collection":[{"href":"https:\/\/apmprint.com\/tr\/wp-json\/wp\/v2\/product"}],"about":[{"href":"https:\/\/apmprint.com\/tr\/wp-json\/wp\/v2\/types\/product"}],"wp:featuredmedia":[{"embeddable":true,"href":"https:\/\/apmprint.com\/tr\/wp-json\/wp\/v2\/media\/1897"}],"wp:attachment":[{"href":"https:\/\/apmprint.com\/tr\/wp-json\/wp\/v2\/media?parent=1896"}],"wp:term":[{"taxonomy":"product_brand","embeddable":true,"href":"https:\/\/apmprint.com\/tr\/wp-json\/wp\/v2\/product_brand?post=1896"},{"taxonomy":"product_cat","embeddable":true,"href":"https:\/\/apmprint.com\/tr\/wp-json\/wp\/v2\/product_cat?post=1896"},{"taxonomy":"product_tag","embeddable":true,"href":"https:\/\/apmprint.com\/tr\/wp-json\/wp\/v2\/product_tag?post=1896"}],"curies":[{"name":"wp","href":"https:\/\/api.w.org\/{rel}","templated":true}]}}