{"id":1900,"date":"2023-12-22T02:44:04","date_gmt":"2023-12-22T02:44:04","guid":{"rendered":"https:\/\/apmprint.com\/?post_type=product&#038;p=1900"},"modified":"2023-12-22T02:45:38","modified_gmt":"2023-12-22T02:45:38","slug":"s6080s-s70100s-s90120s-flat-screen-printer-with-sliding-table","status":"publish","type":"product","link":"https:\/\/apmprint.com\/tr\/urun\/s6080s-s70100s-s90120s-flat-screen-printer-with-sliding-table\/","title":{"rendered":"S6080S \/S70100S\/S90120S Kayar tablal\u0131 d\u00fcz ekran yaz\u0131c\u0131"},"content":{"rendered":"<p><strong>Opsiyonel: <\/strong><\/p>\n<ul>\n<li>Robot ve bant transfer sistemi ile otomatik bo\u015faltma<\/li>\n<li>PLC kontrol, dokunmatik ekran<\/li>\n<\/ul>\n<p>&nbsp;<\/p>\n<p><strong>Tech-data<\/strong><\/p>\n<table>\n<tbody>\n<tr>\n<td width=\"243\">Parametre \\ \u00d6\u011fe<\/td>\n<td width=\"106\"><strong><b>S6080S \u00a0<\/b><\/strong><\/td>\n<td width=\"106\"><strong><b>S70100S<\/b><\/strong><\/td>\n<td width=\"106\"><strong><b>S90120S<\/b><\/strong><\/td>\n<\/tr>\n<tr>\n<td width=\"243\">Maksimum a\u011f \u00e7er\u00e7eve boyutu (mm)<\/td>\n<td width=\"106\">900*1200<\/td>\n<td width=\"106\">1000*1400<\/td>\n<td width=\"106\">1200*1600<\/td>\n<\/tr>\n<tr>\n<td width=\"243\">Maksimum bask\u0131 alan\u0131 (geni\u015flik*uzunluk\/ark) mm<\/td>\n<td width=\"106\">600*800<\/td>\n<td width=\"106\">700*1000<\/td>\n<td width=\"106\">900*1200<\/td>\n<\/tr>\n<tr>\n<td width=\"243\">\u00c7al\u0131\u015fma masas\u0131 boyutu (mm)<\/td>\n<td width=\"106\">700*1000<\/td>\n<td width=\"106\">800*1200<\/td>\n<td width=\"106\">1000*1400<\/td>\n<\/tr>\n<tr>\n<td width=\"243\">Tabla kayma stroku (S6080S i\u00e7in)<\/td>\n<td width=\"106\">700mm<\/td>\n<td width=\"106\">800mm<\/td>\n<td width=\"106\">1000mm<\/td>\n<\/tr>\n<tr>\n<td width=\"243\">Maks. alt tabaka \u00e7ap\u0131\/y\u00fcksekli\u011fi (mm)<\/td>\n<td width=\"106\">150<\/td>\n<td width=\"106\">150<\/td>\n<td width=\"106\">150<\/td>\n<\/tr>\n<tr>\n<td width=\"243\">Bask\u0131 h\u0131z\u0131: adet\/saat<\/td>\n<td width=\"106\">800<\/td>\n<td width=\"106\">700<\/td>\n<td width=\"106\">500<\/td>\n<\/tr>\n<tr>\n<td width=\"243\">Net a\u011f\u0131rl\u0131k (kg)<\/td>\n<td width=\"106\">450<\/td>\n<td width=\"106\">550<\/td>\n<td width=\"106\">800<\/td>\n<\/tr>\n<tr>\n<td width=\"243\">G\u00fc\u00e7<\/td>\n<td colspan=\"3\" width=\"318\">110\/220V 50\/60HZ 40W<\/td>\n<\/tr>\n<\/tbody>\n<\/table>\n<p>&nbsp;<\/p>\n<p><strong>\u00d6rnekler:<\/strong><\/p>\n<p><img loading=\"lazy\" decoding=\"async\" class=\"size-full wp-image-1892\" src=\"http:\/\/apmprint.com\/wp-content\/uploads\/2023\/12\/s-35.jpg\" alt=\"s3040\/s4060\/s5070 flat screen printer with vacuum\" width=\"800\" height=\"800\" srcset=\"https:\/\/apmprint.com\/wp-content\/uploads\/2023\/12\/s-35.jpg 800w, https:\/\/apmprint.com\/wp-content\/uploads\/2023\/12\/s-35-300x300.jpg 300w, https:\/\/apmprint.com\/wp-content\/uploads\/2023\/12\/s-35-150x150.jpg 150w, https:\/\/apmprint.com\/wp-content\/uploads\/2023\/12\/s-35-768x768.jpg 768w, https:\/\/apmprint.com\/wp-content\/uploads\/2023\/12\/s-35-12x12.jpg 12w, https:\/\/apmprint.com\/wp-content\/uploads\/2023\/12\/s-35-600x600.jpg 600w, https:\/\/apmprint.com\/wp-content\/uploads\/2023\/12\/s-35-100x100.jpg 100w\" sizes=\"auto, (max-width: 800px) 100vw, 800px\" \/><\/p>","protected":false},"excerpt":{"rendered":"<p>A\u00e7\u0131klama:<br \/>\n1. SMC\/Festo pn\u00f6matik<br \/>\n2. XYR ayarlama tablosu<br \/>\n3. Pn\u00f6matik bask\u0131 kafas\u0131 kald\u0131rma sistemi<br \/>\n4. Lineer k\u0131lavuzlarla motor taraf\u0131ndan tahrik edilen bask\u0131 kafas\u0131<br \/>\n5. Motor taraf\u0131ndan tahrik edilen bask\u0131 kafas\u0131 yukar\u0131\/a\u015fa\u011f\u0131<br \/>\n6. Mesh soyulmu\u015f sistem<br \/>\n7. Kolay kullan\u0131m ve iyi programlanm\u0131\u015f panel<br \/>\n8. CE ile iyi g\u00fcvenlik korumas\u0131.<\/p>","protected":false},"featured_media":1899,"template":"","meta":{"_acf_changed":false,"_seopress_robots_primary_cat":"none","_seopress_titles_title":"","_seopress_titles_desc":"","_seopress_robots_index":""},"product_brand":[],"product_cat":[38],"product_tag":[78,70],"class_list":{"0":"post-1900","1":"product","2":"type-product","3":"status-publish","4":"has-post-thumbnail","6":"product_cat-semi-auto-screen-printer","7":"product_tag-screen-printer","8":"product_tag-semi-auto","10":"first","11":"instock","12":"shipping-taxable","13":"product-type-simple"},"acf":[],"_links":{"self":[{"href":"https:\/\/apmprint.com\/tr\/wp-json\/wp\/v2\/product\/1900","targetHints":{"allow":["GET"]}}],"collection":[{"href":"https:\/\/apmprint.com\/tr\/wp-json\/wp\/v2\/product"}],"about":[{"href":"https:\/\/apmprint.com\/tr\/wp-json\/wp\/v2\/types\/product"}],"wp:featuredmedia":[{"embeddable":true,"href":"https:\/\/apmprint.com\/tr\/wp-json\/wp\/v2\/media\/1899"}],"wp:attachment":[{"href":"https:\/\/apmprint.com\/tr\/wp-json\/wp\/v2\/media?parent=1900"}],"wp:term":[{"taxonomy":"product_brand","embeddable":true,"href":"https:\/\/apmprint.com\/tr\/wp-json\/wp\/v2\/product_brand?post=1900"},{"taxonomy":"product_cat","embeddable":true,"href":"https:\/\/apmprint.com\/tr\/wp-json\/wp\/v2\/product_cat?post=1900"},{"taxonomy":"product_tag","embeddable":true,"href":"https:\/\/apmprint.com\/tr\/wp-json\/wp\/v2\/product_tag?post=1900"}],"curies":[{"name":"wp","href":"https:\/\/api.w.org\/{rel}","templated":true}]}}