{"id":1901,"date":"2023-12-22T02:46:04","date_gmt":"2023-12-22T02:46:04","guid":{"rendered":"https:\/\/apmprint.com\/?post_type=product&#038;p=1901"},"modified":"2023-12-22T02:47:20","modified_gmt":"2023-12-22T02:47:20","slug":"s6080t-70100t-90120t-flat-screen-printer-with-t-slot","status":"publish","type":"product","link":"https:\/\/apmprint.com\/tr\/urun\/s6080t-70100t-90120t-flat-screen-printer-with-t-slot\/","title":{"rendered":"S6080T\/70100T\/90120T T yuval\u0131 d\u00fcz ekran yaz\u0131c\u0131"},"content":{"rendered":"<p><strong>Teknik veriler:<\/strong><\/p>\n<table>\n<tbody>\n<tr>\n<td width=\"247\">Paramete \/ltem<\/td>\n<td width=\"108\">S6080T<\/td>\n<td width=\"108\">S70100T<\/td>\n<td width=\"104\">S90120T<\/td>\n<\/tr>\n<tr>\n<td width=\"247\">Maksimum a\u011f \u00e7er\u00e7eve e\u011fimi (mm<\/td>\n<td width=\"108\">900*1200<\/td>\n<td width=\"108\">1000*1400<\/td>\n<td width=\"104\">1200*1600<\/td>\n<\/tr>\n<tr>\n<td width=\"247\">Maksimum bask\u0131 alan\u0131 (geni\u015flik uzunluk\/ark) mm<\/td>\n<td width=\"108\">600*800<\/td>\n<td width=\"108\">700*1000<\/td>\n<td width=\"104\">900*1200<\/td>\n<\/tr>\n<tr>\n<td width=\"247\">\u00c7al\u0131\u015fma masas\u0131 boyutu (mm)<\/td>\n<td width=\"108\">700*1000<\/td>\n<td width=\"108\">800*1200<\/td>\n<td width=\"104\">1000*1400<\/td>\n<\/tr>\n<tr>\n<td width=\"247\">Tabla kayma stroku (s6080'ler i\u00e7in)<\/td>\n<td width=\"108\">700mm<\/td>\n<td width=\"108\">800mm<\/td>\n<td width=\"104\">1000mm<\/td>\n<\/tr>\n<tr>\n<td width=\"247\">Maksimum alt tabaka \u00e7ap\u0131\/y\u00fcksekli\u011fi (mm)<\/td>\n<td width=\"108\">150<\/td>\n<td width=\"108\">150<\/td>\n<td width=\"104\">150<\/td>\n<\/tr>\n<tr>\n<td width=\"247\">Bask\u0131 h\u0131z\u0131: adet\/saat<\/td>\n<td width=\"108\">800<\/td>\n<td width=\"108\">700<\/td>\n<td width=\"104\">500<\/td>\n<\/tr>\n<tr>\n<td width=\"247\">Net a\u011f\u0131rl\u0131k (kg)<\/td>\n<td width=\"108\">450<\/td>\n<td width=\"108\">550<\/td>\n<td width=\"104\">800<\/td>\n<\/tr>\n<tr>\n<td width=\"247\">G\u00fc\u00e7<\/td>\n<td width=\"108\">100\/220v 50\/60HZ 40W<\/td>\n<td width=\"108\">100\/220V 50\/60HZ 40W<\/td>\n<td width=\"104\">110\/220V 50\/60HZ 40W<\/td>\n<\/tr>\n<\/tbody>\n<\/table>\n<p>&nbsp;<\/p>\n<p><strong>\u00d6rnekler:<\/strong><\/p>\n<p><img loading=\"lazy\" decoding=\"async\" class=\"size-full wp-image-1892\" src=\"http:\/\/apmprint.com\/wp-content\/uploads\/2023\/12\/s-35.jpg\" alt=\"s3040\/s4060\/s5070 flat screen printer with vacuum\" width=\"800\" height=\"800\" srcset=\"https:\/\/apmprint.com\/wp-content\/uploads\/2023\/12\/s-35.jpg 800w, https:\/\/apmprint.com\/wp-content\/uploads\/2023\/12\/s-35-300x300.jpg 300w, https:\/\/apmprint.com\/wp-content\/uploads\/2023\/12\/s-35-150x150.jpg 150w, https:\/\/apmprint.com\/wp-content\/uploads\/2023\/12\/s-35-768x768.jpg 768w, https:\/\/apmprint.com\/wp-content\/uploads\/2023\/12\/s-35-12x12.jpg 12w, https:\/\/apmprint.com\/wp-content\/uploads\/2023\/12\/s-35-600x600.jpg 600w, https:\/\/apmprint.com\/wp-content\/uploads\/2023\/12\/s-35-100x100.jpg 100w\" sizes=\"auto, (max-width: 800px) 100vw, 800px\" \/><\/p>","protected":false},"excerpt":{"rendered":"<p>A\u00e7\u0131klama:<br \/>\n1. SMC\/Festo pn\u00f6matik<br \/>\n2. XYR ayarlama tablosu<br \/>\n3. Pn\u00f6matik bask\u0131 kafas\u0131 kald\u0131rma sistemi<br \/>\n4. Lineer k\u0131lavuzlarla motor taraf\u0131ndan tahrik edilen bask\u0131 kafas\u0131<br \/>\n5. Motor taraf\u0131ndan tahrik edilen bask\u0131 kafas\u0131 yukar\u0131\/a\u015fa\u011f\u0131<br \/>\n6. Mesh soyulmu\u015f sistem<br \/>\n7. Kolay kullan\u0131m ve iyi programlanm\u0131\u015f panel<br \/>\n8. CE ile iyi g\u00fcvenlik korumas\u0131.<\/p>","protected":false},"featured_media":1902,"template":"","meta":{"_acf_changed":false,"_seopress_robots_primary_cat":"none","_seopress_titles_title":"","_seopress_titles_desc":"","_seopress_robots_index":""},"product_brand":[],"product_cat":[38],"product_tag":[78,70],"class_list":{"0":"post-1901","1":"product","2":"type-product","3":"status-publish","4":"has-post-thumbnail","6":"product_cat-semi-auto-screen-printer","7":"product_tag-screen-printer","8":"product_tag-semi-auto","10":"first","11":"instock","12":"shipping-taxable","13":"product-type-simple"},"acf":[],"_links":{"self":[{"href":"https:\/\/apmprint.com\/tr\/wp-json\/wp\/v2\/product\/1901","targetHints":{"allow":["GET"]}}],"collection":[{"href":"https:\/\/apmprint.com\/tr\/wp-json\/wp\/v2\/product"}],"about":[{"href":"https:\/\/apmprint.com\/tr\/wp-json\/wp\/v2\/types\/product"}],"wp:featuredmedia":[{"embeddable":true,"href":"https:\/\/apmprint.com\/tr\/wp-json\/wp\/v2\/media\/1902"}],"wp:attachment":[{"href":"https:\/\/apmprint.com\/tr\/wp-json\/wp\/v2\/media?parent=1901"}],"wp:term":[{"taxonomy":"product_brand","embeddable":true,"href":"https:\/\/apmprint.com\/tr\/wp-json\/wp\/v2\/product_brand?post=1901"},{"taxonomy":"product_cat","embeddable":true,"href":"https:\/\/apmprint.com\/tr\/wp-json\/wp\/v2\/product_cat?post=1901"},{"taxonomy":"product_tag","embeddable":true,"href":"https:\/\/apmprint.com\/tr\/wp-json\/wp\/v2\/product_tag?post=1901"}],"curies":[{"name":"wp","href":"https:\/\/api.w.org\/{rel}","templated":true}]}}