{"id":1906,"date":"2023-12-22T03:01:36","date_gmt":"2023-12-22T03:01:36","guid":{"rendered":"https:\/\/apmprint.com\/?post_type=product&#038;p=1906"},"modified":"2023-12-28T07:07:59","modified_gmt":"2023-12-28T07:07:59","slug":"ss90120-slanting-arms-screen-printer","status":"publish","type":"product","link":"https:\/\/apmprint.com\/tr\/urun\/ss90120-slanting-arms-screen-printer\/","title":{"rendered":"SS90120 E\u011fik kollu ekranl\u0131 yaz\u0131c\u0131"},"content":{"rendered":"<p><strong>A\u00e7\u0131klama:<\/strong><\/p>\n<ol>\n<li>SMC\/Festo pn\u00f6matik<\/li>\n<li>XYR ayarlama tablosu<\/li>\n<li>Lineer k\u0131lavuzlu motor taraf\u0131ndan tahrik edilen bask\u0131 kafas\u0131<\/li>\n<li>Mesh soyulmu\u015f sistem<\/li>\n<li>Kolay kullan\u0131m ve iyi programlanm\u0131\u015f panel<\/li>\n<li>CE ile iyi g\u00fcvenlik korumas\u0131.<\/li>\n<li>PLC kontrol, iste\u011fe ba\u011fl\u0131 dokunmatik ekran<\/li>\n<\/ol>\n<p>&nbsp;<\/p>\n<p><strong>Tech-data<\/strong><\/p>\n<table>\n<tbody>\n<tr>\n<td width=\"51.9600%\">Parametre \\ \u00d6\u011fe<\/td>\n<td width=\"48.0400%\">SS90120<\/td>\n<\/tr>\n<tr>\n<td width=\"51.9600%\">Maks. a\u011f \u00e7er\u00e7eve boyutu (mm)<\/td>\n<td width=\"48.0400%\">1200*1600<\/td>\n<\/tr>\n<tr>\n<td width=\"51.9600%\">Maks. bask\u0131 alan\u0131 (geni\u015flik*uzunluk\/ark) mm<\/td>\n<td width=\"48.0400%\">900*1200<\/td>\n<\/tr>\n<tr>\n<td width=\"51.9600%\">\u00c7al\u0131\u015fma masas\u0131 boyutu (mm)<\/td>\n<td width=\"48.0400%\">1000*1400<\/td>\n<\/tr>\n<tr>\n<td width=\"51.9600%\">Maks. alt tabaka \u00e7ap\u0131\/y\u00fcksekli\u011fi (mm)<\/td>\n<td width=\"48.0400%\">30<\/td>\n<\/tr>\n<tr>\n<td width=\"51.9600%\">Maks. h\u0131z: adet\/saat<\/td>\n<td width=\"48.0400%\">800<\/td>\n<\/tr>\n<tr>\n<td width=\"51.9600%\">Net. a\u011f\u0131rl\u0131k (kg)<\/td>\n<td width=\"48.0400%\">600<\/td>\n<\/tr>\n<tr>\n<td width=\"51.9600%\">\u00d6l\u00e7\u00fcm (mm)<\/td>\n<td width=\"48.0400%\">1400x1900x1300<\/td>\n<\/tr>\n<tr>\n<td width=\"51.9600%\">G\u00fc\u00e7<\/td>\n<td width=\"48.0400%\">380V, 50\/60HZ<\/td>\n<\/tr>\n<\/tbody>\n<\/table>\n<p>&nbsp;<\/p>\n<p><strong>\u00d6rnekler:<\/strong><\/p>\n<p><img loading=\"lazy\" decoding=\"async\" class=\"size-full wp-image-1904\" src=\"http:\/\/apmprint.com\/wp-content\/uploads\/2023\/12\/s-36.jpg\" alt=\"ss6090 flat screen printer with slanting arms\" width=\"800\" height=\"800\" srcset=\"https:\/\/apmprint.com\/wp-content\/uploads\/2023\/12\/s-36.jpg 800w, https:\/\/apmprint.com\/wp-content\/uploads\/2023\/12\/s-36-300x300.jpg 300w, https:\/\/apmprint.com\/wp-content\/uploads\/2023\/12\/s-36-150x150.jpg 150w, https:\/\/apmprint.com\/wp-content\/uploads\/2023\/12\/s-36-768x768.jpg 768w, https:\/\/apmprint.com\/wp-content\/uploads\/2023\/12\/s-36-12x12.jpg 12w, https:\/\/apmprint.com\/wp-content\/uploads\/2023\/12\/s-36-600x600.jpg 600w, https:\/\/apmprint.com\/wp-content\/uploads\/2023\/12\/s-36-100x100.jpg 100w\" sizes=\"auto, (max-width: 800px) 100vw, 800px\" \/><\/p>","protected":false},"excerpt":{"rendered":"<p>Description: SMC\/Festo pneumatics XYR adjusting table Printing head driven by motor with linear guides Mesh peeled off system Easy operation and well programmed panel Well safety guarding with CE. PLC control, touch screen display optional &nbsp; Tech-data Parameter \\ Item SS90120 Max.\u00a0mesh\u00a0frame\u00a0size(mm) 1200*1600 Max.\u00a0printing\u00a0area(width*length\/arc)mm 900*1200 Worktable size (mm) 1000*1400 Max.\u00a0substrate\u00a0diameter\/height(mm) 30 Max.\u00a0speed:\u00a0pcs\/hr 800 Net.\u00a0weight (kgs) [&hellip;]<\/p>","protected":false},"featured_media":1907,"template":"","meta":{"_acf_changed":false,"_seopress_robots_primary_cat":"none","_seopress_titles_title":"","_seopress_titles_desc":"","_seopress_robots_index":""},"product_brand":[],"product_cat":[38],"product_tag":[78,70],"class_list":{"0":"post-1906","1":"product","2":"type-product","3":"status-publish","4":"has-post-thumbnail","6":"product_cat-semi-auto-screen-printer","7":"product_tag-screen-printer","8":"product_tag-semi-auto","10":"first","11":"instock","12":"shipping-taxable","13":"product-type-simple"},"acf":[],"_links":{"self":[{"href":"https:\/\/apmprint.com\/tr\/wp-json\/wp\/v2\/product\/1906","targetHints":{"allow":["GET"]}}],"collection":[{"href":"https:\/\/apmprint.com\/tr\/wp-json\/wp\/v2\/product"}],"about":[{"href":"https:\/\/apmprint.com\/tr\/wp-json\/wp\/v2\/types\/product"}],"wp:featuredmedia":[{"embeddable":true,"href":"https:\/\/apmprint.com\/tr\/wp-json\/wp\/v2\/media\/1907"}],"wp:attachment":[{"href":"https:\/\/apmprint.com\/tr\/wp-json\/wp\/v2\/media?parent=1906"}],"wp:term":[{"taxonomy":"product_brand","embeddable":true,"href":"https:\/\/apmprint.com\/tr\/wp-json\/wp\/v2\/product_brand?post=1906"},{"taxonomy":"product_cat","embeddable":true,"href":"https:\/\/apmprint.com\/tr\/wp-json\/wp\/v2\/product_cat?post=1906"},{"taxonomy":"product_tag","embeddable":true,"href":"https:\/\/apmprint.com\/tr\/wp-json\/wp\/v2\/product_tag?post=1906"}],"curies":[{"name":"wp","href":"https:\/\/api.w.org\/{rel}","templated":true}]}}