{"id":579,"date":"2023-09-16T09:17:13","date_gmt":"2023-09-16T08:17:13","guid":{"rendered":"https:\/\/apmprint.com\/?post_type=product&#038;p=579"},"modified":"2023-12-27T06:23:54","modified_gmt":"2023-12-27T06:23:54","slug":"s102","status":"publish","type":"product","link":"https:\/\/apmprint.com\/tr\/urun\/s102\/","title":{"rendered":"S102 hatt\u0131nda 5 renkli otomatik ekran yaz\u0131c\u0131"},"content":{"rendered":"<p>Uzun s\u00fcreli ke\u015fif ve s\u0131k\u0131 \u00e7al\u0131\u015fman\u0131n ard\u0131ndan Shenzhen Hejia Otomatik Bask\u0131 Makinesi Co, Ltd, sekt\u00f6re \u00f6nc\u00fcl\u00fck eden S102 Otomatik 1-8 Renkli \u015ei\u015fe Serigrafi Bask\u0131 Makinesi'ni piyasaya s\u00fcrd\u00fc. \u00c7al\u0131\u015fanlar\u0131m\u0131z, S102 Otomatik 1-8 Renkli \u015ei\u015fe Serigrafi Bask\u0131 Makinesi \u00fcretmek i\u00e7in ara\u00e7 ve teknolojiyi kullanma konusunda yeteneklidir. muazzam bir uygulama aral\u0131\u011f\u0131na sahiptir ve \u015fimdi Ekran \u015fi\u015fesi ekran yaz\u0131c\u0131lar\u0131 alanlar\u0131nda yayg\u0131n olarak kullan\u0131lmaktad\u0131r. Eski g\u00fczel g\u00fcnlere bakt\u0131\u011f\u0131m\u0131zda, Shenzhen Hejia Otomatik Bask\u0131 Makinesi Co, Ltd en kaliteli \u00fcr\u00fcn ve hizmetler ile m\u00fc\u015fterilerine hizmet hedefimize ula\u015fmak i\u00e7in elimizden geleni yapt\u0131k. Gelecekte, m\u00fc\u015fterilerin artan ihtiya\u00e7lar\u0131n\u0131 kar\u015f\u0131lamak i\u00e7in daha fazla ve daha iyi \u00fcr\u00fcnler sunmak i\u00e7in yeteneklerimizi geli\u015ftirmeye ve teknolojileri y\u00fckseltmeye devam edece\u011fiz.<\/p>\n<div class=\"rich-text-table\">\n<table>\n<tbody>\n<tr class=\"firstRow\">\n<td>Plaka Tipi:<\/td>\n<td>Ekran Yaz\u0131c\u0131s\u0131<\/td>\n<td>Uygulanabilir End\u00fcstriler:<\/td>\n<td>\u00dcretim Tesisi, Matbaalar<\/td>\n<\/tr>\n<tr>\n<td>Durum:<\/td>\n<td>Yeni<\/td>\n<td>Men\u015fe Yeri:<\/td>\n<td>Guangdong, \u00c7in<\/td>\n<\/tr>\n<tr>\n<td>Marka ad\u0131:<\/td>\n<td>APM<\/td>\n<td>Kullan\u0131m:<\/td>\n<td>T\u00fcp Yaz\u0131c\u0131, \u015fi\u015fe yaz\u0131c\u0131, bardak yaz\u0131c\u0131<\/td>\n<\/tr>\n<tr>\n<td>Otomatik S\u0131n\u0131f:<\/td>\n<td>Otomatik<\/td>\n<td>Renk ve Sayfa:<\/td>\n<td>\u00c7ok renkli<\/td>\n<\/tr>\n<tr>\n<td>Voltaj:<\/td>\n<td>380V, 50\/60HZ<\/td>\n<td>Boyutlar (L*W*H):<\/td>\n<td>2500x1420x1700mm<\/td>\n<\/tr>\n<tr>\n<td>A\u011f\u0131rl\u0131k:<\/td>\n<td>2200 KG<\/td>\n<td>Sertifika:<\/td>\n<td>CE Sertifikas\u0131<\/td>\n<\/tr>\n<tr>\n<td>Garanti:<\/td>\n<td>1 Y\u0131l<\/td>\n<td>Sat\u0131\u015f Sonras\u0131 Hizmet Sa\u011flan\u0131r:<\/td>\n<td>\u00c7evrimi\u00e7i destek, Saha kurulumu, devreye alma ve e\u011fitim, Saha bak\u0131m ve onar\u0131m hizmeti, G\u00f6r\u00fcnt\u00fcl\u00fc teknik destek, Yurtd\u0131\u015f\u0131ndaki makinelere servis verebilecek m\u00fchendisler<\/td>\n<\/tr>\n<tr>\n<td>Anahtar Sat\u0131\u015f Noktalar\u0131:<\/td>\n<td>Otomatik<\/td>\n<td>\u015ei\u015fe Bask\u0131 Makineleri Test Raporu:<\/td>\n<td>Sa\u011fland\u0131<\/td>\n<\/tr>\n<tr>\n<td>Video \u00e7\u0131k\u0131\u015f denetimi:<\/td>\n<td>Sa\u011fland\u0131<\/td>\n<td>Temel bile\u015fenlerin garantisi:<\/td>\n<td>1 Y\u0131l<\/td>\n<\/tr>\n<tr>\n<td>Temel Bile\u015fenler:<\/td>\n<td>Motor, PLC<\/td>\n<td>\u00dcr\u00fcn ad\u0131:<\/td>\n<td>S102 En \u0130yi Se\u00e7im Otomatik 1-8 Renkli \u015ei\u015fe Serigrafi Bask\u0131 Makinesi<\/td>\n<\/tr>\n<tr>\n<td>Uygulama:<\/td>\n<td>Bask\u0131 \u015ei\u015fesi<\/td>\n<td>Bask\u0131 rengi:<\/td>\n<td>1~8 renk<\/td>\n<\/tr>\n<tr>\n<td>Bask\u0131 h\u0131z\u0131:<\/td>\n<td>4000 adet\/H<\/td>\n<td>Maksimum bask\u0131 boyutu:<\/td>\n<td>\u00e7ap.100mm<\/td>\n<\/tr>\n<tr>\n<td>Kurutucu:<\/td>\n<td>UV Kurutucu\/LED kurutucu<\/td>\n<td>Garanti Sonras\u0131 Servis:<\/td>\n<td>G\u00f6r\u00fcnt\u00fcl\u00fc teknik destek, \u00c7evrimi\u00e7i destek, Yedek par\u00e7alar, Saha bak\u0131m ve onar\u0131m hizmeti<\/td>\n<\/tr>\n<tr>\n<td>Yerel Hizmet Yeri:<\/td>\n<td>Amerika Birle\u015fik Devletleri, \u0130spanya<\/td>\n<td>Showroom Yeri:<\/td>\n<td>Amerika Birle\u015fik Devletleri, \u0130spanya<\/td>\n<\/tr>\n<tr>\n<td>Pazarlama T\u00fcr\u00fc:<\/td>\n<td>S\u0131cak \u00dcr\u00fcn 2019<\/td>\n<td><\/td>\n<td><\/td>\n<\/tr>\n<\/tbody>\n<\/table>\n<\/div>\n<p>&nbsp;<\/p>\n<p><strong>Uygulama:<\/strong><\/p>\n<p><strong>Silindirik\/oval\/kare<\/strong>\u00a0UV m\u00fcrekkepli plastik\/cam \u015fi\u015feler.<\/p>\n<p>\u015ei\u015fenin \u00fczerinde kay\u0131t noktas\u0131 bulunmal\u0131d\u0131r.<\/p>\n<p>&nbsp;<\/p>\n<p><strong>Genel Tan\u0131m:<\/strong><\/p>\n<ol>\n<li>Bantl\u0131 otomatik y\u00fckleme sistemi (hazne besleyici ve hazne opsiyonel)<\/li>\n<li>Otomatik alev i\u015flemi<\/li>\n<li>M\u00fckemmel iletim sistemi. \u015ei\u015felerin \u00fczerinden h\u0131zl\u0131 ve p\u00fcr\u00fczs\u00fcz ge\u00e7er.<\/li>\n<li>Oval ve kare \u015fi\u015feler i\u00e7in otomatik 180 derece d\u00f6nd\u00fcrme<\/li>\n<li>Bir \u00fcr\u00fcnden di\u011ferine h\u0131zl\u0131 ve kolay ge\u00e7i\u015f.<\/li>\n<li>Y\u00fcksek verimli otomatik elektrikli UV kurutma veya LED UV kurutma.<\/li>\n<li>Dokunmatik ekranl\u0131 g\u00fcvenilir PLC kontrol\u00fc<\/li>\n<li>Otomatik bo\u015faltma<\/li>\n<li>CE standard\u0131<\/li>\n<\/ol>\n<p>&nbsp;<\/p>\n<p><strong>Tech-data<\/strong><\/p>\n<table>\n<tbody>\n<tr>\n<td>Parametre \\ \u00d6\u011fe<\/td>\n<td>S102 1-8 renkli otomatik ekran yaz\u0131c\u0131s\u0131<\/td>\n<\/tr>\n<tr>\n<td><strong>Makine Boyutu:<\/strong><\/td>\n<td><\/td>\n<\/tr>\n<tr>\n<td>Bask\u0131 \u00fcnitesi:<\/td>\n<td>1900x1200x1600mm<\/td>\n<\/tr>\n<tr>\n<td>Besleme \u00fcnitesi (iste\u011fe ba\u011fl\u0131):<\/td>\n<td>3050x1300x1500mm<\/td>\n<\/tr>\n<tr>\n<td>Bo\u015faltma \u00fcnitesi (iste\u011fe ba\u011fl\u0131):<\/td>\n<td>1800x450x750mm<\/td>\n<\/tr>\n<tr>\n<td>G\u00fc\u00e7:<\/td>\n<td>380V 3 faz 50\/60Hz 6.5kw<\/td>\n<\/tr>\n<tr>\n<td>Hava t\u00fcketimi<\/td>\n<td>5-7 bar<\/td>\n<\/tr>\n<tr>\n<td><\/td>\n<td><strong>Yuvarlak konteyner<\/strong><\/td>\n<\/tr>\n<tr>\n<td>Bask\u0131 \u00c7ap\u0131:<\/td>\n<td>25-100mm<\/td>\n<\/tr>\n<tr>\n<td>Bask\u0131 Uzunlu\u011fu:<\/td>\n<td>50-280mm<\/td>\n<\/tr>\n<tr>\n<td>Maksimum bask\u0131 h\u0131z\u0131<\/td>\n<td>3000~4000 adet\/saat<\/td>\n<\/tr>\n<tr>\n<td><\/td>\n<td>\u00a0\u00a0\u00a0\u00a0\u00a0\u00a0\u00a0\u00a0\u00a0\u00a0<strong>oval kap<\/strong><\/td>\n<\/tr>\n<tr>\n<td>Bask\u0131 Yar\u0131\u00e7ap\u0131:<\/td>\n<td>R20-R250mm<\/td>\n<\/tr>\n<tr>\n<td>Bask\u0131 Geni\u015fli\u011fi<\/td>\n<td>40-100mm<\/td>\n<\/tr>\n<tr>\n<td>Bask\u0131 Uzunlu\u011fu:<\/td>\n<td>30-280mm<\/td>\n<\/tr>\n<tr>\n<td>Maksimum bask\u0131 h\u0131z\u0131:<\/td>\n<td>3000~5000 adet\/saat<\/td>\n<\/tr>\n<tr>\n<td><\/td>\n<td>\u00a0\u00a0\u00a0\u00a0\u00a0\u00a0\u00a0\u00a0\u00a0\u00a0\u00a0<strong>Kare konteyner<\/strong><\/td>\n<\/tr>\n<tr>\n<td>Maksimum bask\u0131 uzunlu\u011fu<\/td>\n<td>100-200 mm<\/td>\n<\/tr>\n<tr>\n<td>Maksimum bask\u0131 geni\u015fli\u011fi<\/td>\n<td>40-100mm<\/td>\n<\/tr>\n<tr>\n<td>Maksimum bask\u0131 h\u0131z\u0131:<\/td>\n<td>3000~4000 adet\/saat<\/td>\n<\/tr>\n<\/tbody>\n<\/table>\n<p>&nbsp;<\/p>\n<p><strong>S102 i\u00e7in ana bile\u015fenler:<\/strong><\/p>\n<table>\n<tbody>\n<tr>\n<td width=\"505\"><strong>PLC<\/strong><\/td>\n<td width=\"378\"><strong>Delta<\/strong><\/td>\n<td width=\"264\">anahtar par\u00e7alar<\/td>\n<\/tr>\n<tr>\n<td width=\"505\"><strong>Dokunmatik Ekran<\/strong><\/td>\n<td width=\"378\"><strong>Delta<\/strong><\/td>\n<td width=\"264\">anahtar par\u00e7alar<\/td>\n<\/tr>\n<tr>\n<td width=\"505\"><strong>UV lambas\u0131<\/strong><\/td>\n<td width=\"378\"><strong>\u00c7in veya \u0130ngiltere<\/strong><\/td>\n<td width=\"264\">anahtar par\u00e7alar<\/td>\n<\/tr>\n<tr>\n<td width=\"505\"><strong>\u0130nvert\u00f6r<\/strong><\/td>\n<td width=\"378\"><strong>Panasonic\u00a0<\/strong><\/td>\n<td width=\"264\">anahtar par\u00e7alar<\/td>\n<\/tr>\n<tr>\n<td width=\"505\">Anahtarlamal\u0131 g\u00fc\u00e7 kayna\u011f\u0131<\/td>\n<td width=\"378\">Schneider<\/td>\n<td width=\"264\"><\/td>\n<\/tr>\n<tr>\n<td width=\"505\">G\u00fc\u00e7 Anahtar\u0131<\/td>\n<td width=\"378\">Mitsubishi<\/td>\n<td width=\"264\"><\/td>\n<\/tr>\n<tr>\n<td width=\"505\">yard\u0131mc\u0131 r\u00f6le<\/td>\n<td width=\"378\">Schneider<\/td>\n<td width=\"264\"><\/td>\n<\/tr>\n<tr>\n<td width=\"505\">R\u00f6le soketi<\/td>\n<td width=\"378\">Schneider<\/td>\n<td width=\"264\"><\/td>\n<\/tr>\n<tr>\n<td width=\"505\">Termal r\u00f6le<\/td>\n<td width=\"378\">Schneider<\/td>\n<td width=\"264\"><\/td>\n<\/tr>\n<tr>\n<td width=\"505\">Kontakt\u00f6r<\/td>\n<td width=\"378\">Schneider<\/td>\n<td width=\"264\"><\/td>\n<\/tr>\n<tr>\n<td width=\"505\">M\u0131knat\u0131sl\u0131 valf<\/td>\n<td width=\"378\">SMC<\/td>\n<td width=\"264\"><\/td>\n<\/tr>\n<tr>\n<td width=\"505\">Hava bas\u0131n\u00e7 g\u00f6stergesi<\/td>\n<td width=\"378\">SMC<\/td>\n<td width=\"264\"><\/td>\n<\/tr>\n<tr>\n<td width=\"505\">Gaz bas\u0131n\u00e7 g\u00f6stergesi<\/td>\n<td width=\"378\">SMC<\/td>\n<td width=\"264\"><\/td>\n<\/tr>\n<tr>\n<td width=\"505\">Gaz Kelebe\u011fi<\/td>\n<td width=\"378\">SMC\/\u00c7in<\/td>\n<td width=\"264\"><\/td>\n<\/tr>\n<tr>\n<td width=\"505\">Vakum valfi<\/td>\n<td width=\"378\">SMC<\/td>\n<td width=\"264\"><\/td>\n<\/tr>\n<tr>\n<td width=\"505\">Bas\u0131n\u00e7 tahliye valfi<\/td>\n<td width=\"378\">SMC<\/td>\n<td width=\"264\"><\/td>\n<\/tr>\n<tr>\n<td width=\"505\">Manuel valf<\/td>\n<td width=\"378\">AirTAC<\/td>\n<td width=\"264\"><\/td>\n<\/tr>\n<tr>\n<td width=\"505\">Anahtarlar<\/td>\n<td width=\"378\">Schneider<\/td>\n<td width=\"264\"><\/td>\n<\/tr>\n<tr>\n<td width=\"505\">Filtre<\/td>\n<td width=\"378\">SMC<\/td>\n<td width=\"264\"><\/td>\n<\/tr>\n<tr>\n<td width=\"505\">Ana motor<\/td>\n<td width=\"378\">\u0130talya SITI\/\u00c7in<\/td>\n<td width=\"264\"><\/td>\n<\/tr>\n<tr>\n<td width=\"505\">Silindir<\/td>\n<td width=\"378\">SMC, AirTAC<\/td>\n<td width=\"264\"><\/td>\n<\/tr>\n<\/tbody>\n<\/table>\n<p><strong>\u00a0<\/strong><\/p>\n<p><strong>Prosed\u00fcr:<\/strong><\/p>\n<p>Bant \u00fczerine otomatik y\u00fckleme - alev i\u015fleme - bask\u0131 - LED UV kurutma veya Elektrikli UV kurutma - Otomatik bo\u015faltma<\/p>\n<p>&nbsp;<\/p>\n<p><strong>\u00d6rnekler<\/strong><\/p>\n<p><img loading=\"lazy\" decoding=\"async\" class=\"size-full wp-image-1860\" src=\"http:\/\/apmprint.com\/wp-content\/uploads\/2023\/12\/s-31.jpg\" alt=\"ss106 2 color automatic printing machine\" width=\"800\" height=\"800\" srcset=\"https:\/\/apmprint.com\/wp-content\/uploads\/2023\/12\/s-31.jpg 800w, https:\/\/apmprint.com\/wp-content\/uploads\/2023\/12\/s-31-300x300.jpg 300w, https:\/\/apmprint.com\/wp-content\/uploads\/2023\/12\/s-31-150x150.jpg 150w, https:\/\/apmprint.com\/wp-content\/uploads\/2023\/12\/s-31-768x768.jpg 768w, https:\/\/apmprint.com\/wp-content\/uploads\/2023\/12\/s-31-12x12.jpg 12w, https:\/\/apmprint.com\/wp-content\/uploads\/2023\/12\/s-31-600x600.jpg 600w, https:\/\/apmprint.com\/wp-content\/uploads\/2023\/12\/s-31-100x100.jpg 100w\" sizes=\"auto, (max-width: 800px) 100vw, 800px\" \/><\/p>\n<p><img loading=\"lazy\" decoding=\"async\" class=\"size-full wp-image-1967\" src=\"http:\/\/apmprint.com\/wp-content\/uploads\/2023\/12\/\u4ecb\u7ecd1.jpg\" alt=\"ss106 2 color automatic printing machine\" width=\"750\" height=\"1500\" srcset=\"https:\/\/apmprint.com\/wp-content\/uploads\/2023\/12\/\u4ecb\u7ecd1.jpg 750w, https:\/\/apmprint.com\/wp-content\/uploads\/2023\/12\/\u4ecb\u7ecd1-150x300.jpg 150w, https:\/\/apmprint.com\/wp-content\/uploads\/2023\/12\/\u4ecb\u7ecd1-512x1024.jpg 512w, https:\/\/apmprint.com\/wp-content\/uploads\/2023\/12\/\u4ecb\u7ecd1-6x12.jpg 6w, https:\/\/apmprint.com\/wp-content\/uploads\/2023\/12\/\u4ecb\u7ecd1-600x1200.jpg 600w\" sizes=\"auto, (max-width: 750px) 100vw, 750px\" \/><\/p>\n<p><img loading=\"lazy\" decoding=\"async\" class=\"size-full wp-image-1968\" src=\"http:\/\/apmprint.com\/wp-content\/uploads\/2023\/12\/\u4ecb\u7ecd2.jpg\" alt=\"ss106 2 color automatic printing machine\" width=\"750\" height=\"1020\" srcset=\"https:\/\/apmprint.com\/wp-content\/uploads\/2023\/12\/\u4ecb\u7ecd2.jpg 750w, https:\/\/apmprint.com\/wp-content\/uploads\/2023\/12\/\u4ecb\u7ecd2-221x300.jpg 221w, https:\/\/apmprint.com\/wp-content\/uploads\/2023\/12\/\u4ecb\u7ecd2-9x12.jpg 9w, https:\/\/apmprint.com\/wp-content\/uploads\/2023\/12\/\u4ecb\u7ecd2-600x816.jpg 600w\" sizes=\"auto, (max-width: 750px) 100vw, 750px\" \/><\/p>\n<p><img loading=\"lazy\" decoding=\"async\" class=\"size-full wp-image-1969\" src=\"http:\/\/apmprint.com\/wp-content\/uploads\/2023\/12\/\u4ecb\u7ecd3.jpg\" alt=\"ss106 2 color automatic printing machine\" width=\"750\" height=\"1072\" srcset=\"https:\/\/apmprint.com\/wp-content\/uploads\/2023\/12\/\u4ecb\u7ecd3.jpg 750w, https:\/\/apmprint.com\/wp-content\/uploads\/2023\/12\/\u4ecb\u7ecd3-210x300.jpg 210w, https:\/\/apmprint.com\/wp-content\/uploads\/2023\/12\/\u4ecb\u7ecd3-716x1024.jpg 716w, https:\/\/apmprint.com\/wp-content\/uploads\/2023\/12\/\u4ecb\u7ecd3-8x12.jpg 8w, https:\/\/apmprint.com\/wp-content\/uploads\/2023\/12\/\u4ecb\u7ecd3-600x858.jpg 600w\" sizes=\"auto, (max-width: 750px) 100vw, 750px\" \/><\/p>","protected":false},"excerpt":{"rendered":"<p>Kuruldu\u011fumuzdan bu yana S102 Otomatik 1-8 Renkli \u015ei\u015fe Serigrafi Bask\u0131 Makinesi \u00fcretiminde teknik yetenekleri s\u00fcrekli geli\u015ftiriyoruz. \u00dcr\u00fcn, Serigrafi Yaz\u0131c\u0131lar\u0131nda farkl\u0131 kullan\u0131mlara uygundur.<\/p>\n<p>&nbsp;<\/p>\n<p><strong><b>Model Numaras\u0131<\/b><\/strong>: S102-2<\/p>\n<p><strong><b>Br\u00fct G\u00fc\u00e7<\/b><\/strong>: 7.78KW<\/p>\n<p><strong><b>nakliye<\/b><\/strong>: Ekspres Deniz ta\u015f\u0131mac\u0131l\u0131\u011f\u0131 \/ Kara ta\u015f\u0131mac\u0131l\u0131\u011f\u0131 \/ Hava ta\u015f\u0131mac\u0131l\u0131\u011f\u0131<\/p>\n<p><strong><b>\u00d6zelle\u015ftirme<\/b><\/strong>: \u00d6zelle\u015ftirilmi\u015f logo (Min. Sipari\u015f: 5 set), \u00d6zelle\u015ftirilmi\u015f ambalaj (Min. Sipari\u015f: 5 set), Grafik \u00f6zelle\u015ftirme (Min. Sipari\u015f: 5 set)<\/p>","protected":false},"featured_media":582,"template":"","meta":{"_acf_changed":false,"_seopress_robots_primary_cat":"none","_seopress_titles_title":"","_seopress_titles_desc":"","_seopress_robots_index":""},"product_brand":[],"product_cat":[29,31],"product_tag":[75,55,84,57],"class_list":{"0":"post-579","1":"product","2":"type-product","3":"status-publish","4":"has-post-thumbnail","6":"product_cat-all-servo-printing-machine-cnc","7":"product_cat-auto-screen-printer","8":"product_tag-automatic","9":"product_tag-cups","10":"product_tag-jar","11":"product_tag-plastic-bottles","13":"first","14":"instock","15":"shipping-taxable","16":"product-type-simple"},"acf":[],"_links":{"self":[{"href":"https:\/\/apmprint.com\/tr\/wp-json\/wp\/v2\/product\/579","targetHints":{"allow":["GET"]}}],"collection":[{"href":"https:\/\/apmprint.com\/tr\/wp-json\/wp\/v2\/product"}],"about":[{"href":"https:\/\/apmprint.com\/tr\/wp-json\/wp\/v2\/types\/product"}],"wp:featuredmedia":[{"embeddable":true,"href":"https:\/\/apmprint.com\/tr\/wp-json\/wp\/v2\/media\/582"}],"wp:attachment":[{"href":"https:\/\/apmprint.com\/tr\/wp-json\/wp\/v2\/media?parent=579"}],"wp:term":[{"taxonomy":"product_brand","embeddable":true,"href":"https:\/\/apmprint.com\/tr\/wp-json\/wp\/v2\/product_brand?post=579"},{"taxonomy":"product_cat","embeddable":true,"href":"https:\/\/apmprint.com\/tr\/wp-json\/wp\/v2\/product_cat?post=579"},{"taxonomy":"product_tag","embeddable":true,"href":"https:\/\/apmprint.com\/tr\/wp-json\/wp\/v2\/product_tag?post=579"}],"curies":[{"name":"wp","href":"https:\/\/api.w.org\/{rel}","templated":true}]}}